{"id":33361,"date":"2019-10-05T19:40:43","date_gmt":"2019-10-05T19:40:43","guid":{"rendered":"https:\/\/www.sisinternational.com\/?page_id=33361"},"modified":"2026-01-25T17:03:53","modified_gmt":"2026-01-25T22:03:53","slug":"investigacion-de-mercado-en-illinois","status":"publish","type":"page","link":"https:\/\/www.sisinternational.com\/es\/cobertura\/north-america\/cobertura-de-estados-unidos\/investigacion-de-mercado-en-illinois\/","title":{"rendered":"Investigaci\u00f3n de mercado en Illinois"},"content":{"rendered":"<h1 class=\"wp-block-heading\"><span class=\"s1\">Investigaci\u00f3n de mercado en Illinois<\/span><\/h1>\n\n\n\n<figure class=\"gb-block-image gb-block-image-b874140b\"><img loading=\"lazy\" decoding=\"async\" width=\"1456\" height=\"816\" class=\"gb-image gb-image-b874140b\" src=\"https:\/\/www.sisinternational.com\/wp-content\/uploads\/2025\/09\/Chicago-1.jpg\" alt=\"Investigaci\u00f3n y estrategia de mercado internacional de SIS\" title=\"Chicago (1)\" srcset=\"https:\/\/www.sisinternational.com\/wp-content\/uploads\/2025\/09\/Chicago-1.jpg 1456w, https:\/\/www.sisinternational.com\/wp-content\/uploads\/2025\/09\/Chicago-1-300x168.jpg 300w, https:\/\/www.sisinternational.com\/wp-content\/uploads\/2025\/09\/Chicago-1-1024x574.jpg 1024w, https:\/\/www.sisinternational.com\/wp-content\/uploads\/2025\/09\/Chicago-1-768x430.jpg 768w, https:\/\/www.sisinternational.com\/wp-content\/uploads\/2025\/09\/Chicago-1-18x10.jpg 18w\" sizes=\"auto, (max-width: 1456px) 100vw, 1456px\"><\/figure>\n\n\n\n<p><\/p>\n\n\n\n<h2 class=\"wp-block-heading p2\"><span class=\"s1\">En 1818, el estado de las praderas de Illinois se convirti\u00f3 en el 21.<\/span><span class=\"s2\"><sup>calle<\/sup><\/span><span class=\"s1\"> estado de los EE.UU. <\/span><\/h2>\n\n\n\n<p class=\"p2\"><span class=\"s1\">Limita con los estados de Indiana al este y Wisconsin al norte. El gran r\u00edo Mississippi se encuentra al oeste, separ\u00e1ndolo de Iowa y Missouri. El paisaje de Illinois tiene vastas \u00e1reas de bosques, tierras de cultivo, colinas y humedales. Es el hogar de una de las ciudades m\u00e1s grandes de Estados Unidos: The Windy City, Chicago, que se encuentra a orillas del lago Michigan.<\/span><\/p>\n\n\n\n<h2 class=\"wp-block-heading\">\u00c1reas Econ\u00f3micas<\/h2>\n\n\n\n<p class=\"p2\"><span class=\"s1\">Chicago is the largest city in Illinois. Its population is around two million. Situated in the center of Illinois, Chicago is the third-largest metropolitan area in the USA. Thus, there is an extensive customer base for a business. It also means that there are a large job <a href=\"https:\/\/www.sisinternational.com\/es\/pericia\/industrias\/investigacion-del-mercado-laboral\/\" title=\"Investigaci\u00f3n del mercado laboral\"  data-wpil-monitor-id=\"10926\">market and skilled labor<\/a> pool.&nbsp; <\/span><\/p>\n\n\n\n<p class=\"p2\"><span class=\"s1\">Algunas de las otras ciudades importantes son Aurora, Rockford, Joliet, Naperville y la capital, Springfield. En conjunto, estas ciudades albergan a m\u00e1s de 756.000 personas. El estado tiene una poblaci\u00f3n de m\u00e1s de doce millones en total.<\/span><\/p>\n\n\n\n<h2 class=\"wp-block-heading\">Atracciones<\/h2>\n\n\n\n<p class=\"p2\">Peoria (pictured) is home to over 110,000 people, and is on the Illinois River.&nbsp; The Peoria Riverfront museum is an important attraction.<\/p>\n\n\n\n<p class=\"p2\">Adem\u00e1s, <span class=\"s1\">Springfield es el orgulloso lugar de nacimiento del presidente Abraham Lincoln, y esa ciudad tiene varias atracciones dedicadas a su vida y obra. Estas atracciones incluyen la Biblioteca y Museo Presidencial de Abraham Lincoln y la Tumba de Lincoln en el Cementerio de Oak Ridge en el norte del estado. Illinois tiene muchos otros sitios hist\u00f3ricos para ver. Los visitantes pueden elegir entre muchos parques, como el hermoso Parque Estatal Starved Rock. Tambi\u00e9n es de inter\u00e9s la Feria Estatal celebrada en Harvey.<\/span><\/p>\n\n\n\n<p><span class=\"s1\">Illinois alberga algunos de los museos mejor clasificados del mundo, la mayor\u00eda de los cuales tienen su sede en Chicago. Entre ellas se incluyen instituciones tan estimadas como el Museo de Ciencia e Industria, el Museo Field de Historia Natural y el Instituto de Arte de Chicago.<span class=\"Apple-converted-space\">&nbsp; <\/span>Las \u00e1reas al aire libre de inter\u00e9s incluyen Millennium Park y Wrigley Field. <\/span><\/p>\n\n\n\n<h2 class=\"wp-block-heading\">Oportunidades de negocio<\/h2>\n\n\n\n<p class=\"p2\"><span class=\"s1\">Illinois is home to thriving manufacturing, agriculture, exports, and mining industries. There are also significant economic growth <a href=\"https:\/\/www.sisinternational.com\/es\/soluciones\/consultoria-blockchain\/oportunidades-de-blockchain-mas-alla-de-los-servicios-financieros\/\" title=\"Oportunidades de Blockchain m\u00e1s all\u00e1 de los servicios financieros\"  data-wpil-monitor-id=\"10929\">opportunities in the services<\/a> sector, mainly in the areas of finance, technology, government, and transportation.<\/span><\/p>\n\n\n\n<h2 class=\"wp-block-heading\">Industrias de servicio<\/h2>\n\n\n\n<p class=\"p2\"><span class=\"s1\">Las industrias de servicios en todo Illinois est\u00e1n creciendo r\u00e1pidamente. Los expertos esperan que se conviertan en sus mayores generadores de ingresos. Los servicios personales, como atenci\u00f3n m\u00e9dica, hoteles, abogados y firmas de contabilidad, est\u00e1n a la cabeza. Los servicios financieros ocupan un cercano segundo lugar. Mucha gente considera a Chicago como la capital financiera del Medio Oeste estadounidense. Los servicios mayoristas y minoristas tambi\u00e9n contribuyen significativamente al resultado final.<\/span><\/p>\n\n\n\n<h2 class=\"wp-block-heading\">Agricultura<\/h2>\n\n\n\n<p class=\"p2\"><span class=\"s1\">La industria agr\u00edcola es uno de los pilares de la econom\u00eda de Illinois debido a su suelo f\u00e9rtil. El ma\u00edz, la soja, el trigo y las calabazas se encuentran entre los cultivos m\u00e1s cultivados en el estado.<\/span><\/p>\n\n\n\n<h2 class=\"wp-block-heading\">Fabricaci\u00f3n<\/h2>\n\n\n\n<p class=\"p2\"><span class=\"s1\">Illinois is also well known for the manufacturing of large machines. These include farm machinery and construction equipment. There are also quite a few companies processing food items. Some of these <a href=\"https:\/\/www.sisinternational.com\/es\/soluciones\/prueba-de-sabor\/food-product-tests-in-ny\/\" title=\"Food Product Tests In NY\"  data-wpil-monitor-id=\"10927\">foods are dairy products<\/a>, cereals, baked goods, and candy.<\/span><\/p>\n\n\n\n<h2 class=\"wp-block-heading\">Miner\u00eda y Energ\u00eda<\/h2>\n\n\n\n<p class=\"p2\"><span class=\"s1\">La industria minera se concentra en el carb\u00f3n, pero el petr\u00f3leo tambi\u00e9n aporta una contribuci\u00f3n significativa a la industria. Illinois produce piedra triturada, arena, grava e incluso productos minerales como arcillas.<\/span><\/p>\n\n\n\n<h2 class=\"wp-block-heading p2\">Acerca de la investigaci\u00f3n de mercado en Illinois<\/h2>\n\n\n\n<p class=\"p2\"><span class=\"s1\">Market Research in Illinois provides essential data. Newcomers can learn about the many businesses already operating in the state. It also aids <a href=\"https:\/\/www.sisinternational.com\/es\/cobertura\/las-americas\/investigacion-de-mercado-en-el-caribe\/empresa-de-consultoria-estrategica-del-caribe\/\" title=\"Empresa de consultor\u00eda estrat\u00e9gica caribe\u00f1a\"  data-wpil-monitor-id=\"10932\">companies<\/a> in coming up with the best strategies to ensure longevity. <a href=\"https:\/\/www.sisinternational.com\/es\/soluciones\/investigacion-de-mercado-de-ia-y-consultoria-estrategica\/investigacion-de-mercado-de-ia-con-procesamiento-de-lenguaje-natural\/\" title=\"Investigaci\u00f3n de mercado de IA de procesamiento de lenguaje natural\"  data-wpil-monitor-id=\"10931\">Research is crucial to the decision-making process<\/a> by increasing its efficiency. It also shows the impact a company can have in the area.<\/span><\/p>\n\n\n\n<p class=\"p2\"><span class=\"s1\">SIS International Research is a <a href=\"https:\/\/www.sisinternational.com\/es\/cobertura\/investigacion-de-mercado-africa\/investigacion-de-mercado-en-tanzania\/\" title=\"Investigaci\u00f3n de mercado en Tanzania\"  data-wpil-monitor-id=\"3937\">Mercado<\/a> Research and Strategy Consulting provider for the B2B, Consumer, Healthcare, and other industries. SIS provides Customer Interviews, Surveys, Focus Groups, Ethnography, Competitive Analysis, and Product Testing. We can help you stay competitive by giving you full insight. You can learn about the business landscape through <a href=\"https:\/\/www.sisinternational.com\/es\/cobertura\/investigacion-de-mercado-asia\/investigacion-de-mercado-micronesia\/\" title=\"Investigaci\u00f3n de mercado en Micronesia\"  data-wpil-monitor-id=\"3954\">investigaci\u00f3n de oportunidades de mercado<\/a>. We also offer competitor analysis, market intelligence, and other services.<\/span><\/p>\n\n\n\n<h2 class=\"wp-block-heading\">&nbsp;<\/h2>","protected":false},"excerpt":{"rendered":"<p>Descubra nuevas oportunidades comerciales con investigaci\u00f3n de mercado en Illinois.<\/p>","protected":false},"author":1,"featured_media":66514,"parent":19303,"menu_order":50,"comment_status":"closed","ping_status":"closed","template":"","meta":{"footnotes":""},"class_list":["post-33361","page","type-page","status-publish","has-post-thumbnail"],"_links":{"self":[{"href":"https:\/\/www.sisinternational.com\/es\/wp-json\/wp\/v2\/pages\/33361","targetHints":{"allow":["GET"]}}],"collection":[{"href":"https:\/\/www.sisinternational.com\/es\/wp-json\/wp\/v2\/pages"}],"about":[{"href":"https:\/\/www.sisinternational.com\/es\/wp-json\/wp\/v2\/types\/page"}],"author":[{"embeddable":true,"href":"https:\/\/www.sisinternational.com\/es\/wp-json\/wp\/v2\/users\/1"}],"replies":[{"embeddable":true,"href":"https:\/\/www.sisinternational.com\/es\/wp-json\/wp\/v2\/comments?post=33361"}],"version-history":[{"count":8,"href":"https:\/\/www.sisinternational.com\/es\/wp-json\/wp\/v2\/pages\/33361\/revisions"}],"predecessor-version":[{"id":81788,"href":"https:\/\/www.sisinternational.com\/es\/wp-json\/wp\/v2\/pages\/33361\/revisions\/81788"}],"up":[{"embeddable":true,"href":"https:\/\/www.sisinternational.com\/es\/wp-json\/wp\/v2\/pages\/19303"}],"wp:featuredmedia":[{"embeddable":true,"href":"https:\/\/www.sisinternational.com\/es\/wp-json\/wp\/v2\/media\/66514"}],"wp:attachment":[{"href":"https:\/\/www.sisinternational.com\/es\/wp-json\/wp\/v2\/media?parent=33361"}],"curies":[{"name":"wp","href":"https:\/\/api.w.org\/{rel}","templated":true}]}}