{"id":33199,"date":"2019-09-21T19:02:42","date_gmt":"2019-09-21T19:02:42","guid":{"rendered":"https:\/\/www.sisinternational.com\/?page_id=33199"},"modified":"2026-03-13T00:44:15","modified_gmt":"2026-03-13T04:44:15","slug":"investigacion-de-mercado-en-australia","status":"publish","type":"page","link":"https:\/\/www.sisinternational.com\/es\/cobertura\/investigacion-de-mercado-oceania\/investigacion-de-mercado-en-australia\/","title":{"rendered":"Investigaci\u00f3n de mercado en Australia"},"content":{"rendered":"<h1 class=\"wp-block-heading\"><span style=\"font-weight: 400;\"><strong>Investigaci\u00f3n de mercado en Australia<\/strong><\/span><\/h1>\n\n\n\n<figure class=\"gb-block-image gb-block-image-e53cf86c\"><img loading=\"lazy\" decoding=\"async\" width=\"1456\" height=\"816\" class=\"gb-image gb-image-e53cf86c\" src=\"https:\/\/www.sisinternational.com\/wp-content\/uploads\/2025\/09\/Australia-1.jpg\" alt=\"Investigaci\u00f3n y estrategia de mercado internacional de SIS\" title=\"Australia (1)\" srcset=\"https:\/\/www.sisinternational.com\/wp-content\/uploads\/2025\/09\/Australia-1.jpg 1456w, https:\/\/www.sisinternational.com\/wp-content\/uploads\/2025\/09\/Australia-1-300x168.jpg 300w, https:\/\/www.sisinternational.com\/wp-content\/uploads\/2025\/09\/Australia-1-1024x574.jpg 1024w, https:\/\/www.sisinternational.com\/wp-content\/uploads\/2025\/09\/Australia-1-768x430.jpg 768w, https:\/\/www.sisinternational.com\/wp-content\/uploads\/2025\/09\/Australia-1-18x10.jpg 18w\" sizes=\"auto, (max-width: 1456px) 100vw, 1456px\"><\/figure>\n\n\n\n<p><\/p>\n\n\n\n<hr class=\"wp-block-separator has-alpha-channel-opacity is-style-dots\"\/>\n\n\n\n<p><span style=\"font-weight: 400;\">Australia cuenta con una econom\u00eda estable y pr\u00f3spera caracterizada por la innovaci\u00f3n y una s\u00f3lida base de consumidores, y con la investigaci\u00f3n de mercado en Australia, las empresas, los empresarios y los inversores pueden desbloquear un tesoro de ideas y datos, arrojando luz sobre las preferencias, comportamientos y expectativas de consumidores en este mercado din\u00e1mico.<\/span><\/p>\n\n\n\n<h2 class=\"wp-block-heading\"><span style=\"font-weight: 400;\"><strong>Australia comprende su territorio continental y muchas islas m\u00e1s peque\u00f1as. <\/strong><\/span><\/h2>\n\n\n\n<p><span style=\"font-weight: 400;\">Es el pa\u00eds m\u00e1s grande de Ocean\u00eda. Su capital es Canberra y su ciudad m\u00e1s grande es Sydney. Australia tiene una poblaci\u00f3n de alrededor de 26 millones de personas. Es un pa\u00eds urbanizado, con una alta calidad de vida, educaci\u00f3n y salud.<\/span><\/p>\n\n\n\n<p><span style=\"font-weight: 400;\">Australia est\u00e1 en la lista de lugares a los que viajar de muchas personas. Tiene hermosas costas y hermosos terrenos. Tambi\u00e9n cuenta con monumentos de renombre mundial como la \u00d3pera de S\u00eddney. La \u201cTierra de Australia\u201d, como la llama mucha gente, tiene un clima templado. Experimentar\u00e1s diversas fluctuaciones seg\u00fan tu ubicaci\u00f3n. Las partes del sur de Australia tienen un clima m\u00e1s fr\u00edo que el norte. Esa parte del pa\u00eds tiene veranos suaves e inviernos lluviosos ocasionales. El clima de tipo tropical es t\u00edpico en la zona norte. Esa regi\u00f3n tiene veranos h\u00famedos e inviernos secos.&nbsp;<\/span><\/p>\n\n\n\n<h2 class=\"wp-block-heading\"><span style=\"font-weight: 400;\"><strong>Importancia de la investigaci\u00f3n de mercado en Australia<\/strong><\/span><\/h2>\n\n\n\n<p><span style=\"font-weight: 400;\">Navegar por el panorama pr\u00f3spero pero competitivo de Australia exige una comprensi\u00f3n profunda de la mec\u00e1nica de su mercado porque los australianos poseen un conjunto \u00fanico de preferencias y expectativas, y la investigaci\u00f3n de mercado en Australia facilita la comprensi\u00f3n del comportamiento, las tendencias y las demandas de los consumidores, lo que sirve como base para el desarrollo. productos y estrategias que resuenan en la audiencia local.<\/span><\/p>\n\n\n\n<p><span style=\"font-weight: 400;\">En cualquier caso, estos son algunos de los beneficios m\u00e1s importantes que pueden obtener las empresas al realizar una investigaci\u00f3n de mercado en Australia:<\/span><\/p>\n\n\n\n<p><b>\u2022 Identificaci\u00f3n y an\u00e1lisis de tendencias: <\/b><span style=\"font-weight: 400;\">Las tendencias del mercado australiano son din\u00e1micas y multifac\u00e9ticas. La investigaci\u00f3n de mercado permite a las empresas identificar y analizar estas tendencias, facilitando el desarrollo de productos y servicios que est\u00e9n en l\u00ednea con las demandas actuales y futuras del mercado.&nbsp;<\/span><\/p>\n\n\n\n<p><b>\u2022 Posicionamiento de marca mejorado: <\/b><span style=\"font-weight: 400;\">Comprender el panorama competitivo es vital para un posicionamiento eficaz de la marca. La investigaci\u00f3n de mercado proporciona informaci\u00f3n sobre las estrategias de la competencia y las preferencias de los consumidores, lo que permite a las empresas posicionar sus marcas de una manera que resuene con el p\u00fablico objetivo y al mismo tiempo se diferencien de la competencia.<\/span><\/p>\n\n\n\n<p><b>\u2022 Mayor satisfacci\u00f3n del cliente: <\/b><span style=\"font-weight: 400;\">Al comprender las necesidades y expectativas de los clientes, las empresas pueden mejorar sus ofertas, lo que lleva a una mayor satisfacci\u00f3n y lealtad del cliente.&nbsp;<\/span><\/p>\n\n\n\n<h2 class=\"wp-block-heading\"><span style=\"font-weight: 400;\"><strong>\u00bfCu\u00e1les son las principales atracciones tur\u00edsticas y ciudades?&nbsp;<\/strong><\/span><\/h2>\n\n\n\n<p><span style=\"font-weight: 400;\">Para las empresas que operan en los sectores del turismo, la hoteler\u00eda o los viajes, la investigaci\u00f3n de mercado en Australia ofrece una ventana a los principales destinos del pa\u00eds que atraen continuamente a turistas de todo el mundo:<\/span><\/p>\n\n\n\n<p><b>\u2022 Gran Barrera de Coral: <\/b><span style=\"font-weight: 400;\">Como una de las Siete Maravillas Naturales del Mundo, la Gran Barrera de Coral atrae a millones de visitantes cada a\u00f1o.&nbsp;<\/span><\/p>\n\n\n\n<p><b>\u2022 S\u00eddney: <\/b><span style=\"font-weight: 400;\">Hogar de lugares emblem\u00e1ticos como la \u00d3pera de S\u00eddney y el Puente del Puerto, S\u00eddney es un im\u00e1n para turistas nacionales e internacionales por igual. La investigaci\u00f3n de mercado en Australia basada en el turismo de Sydney puede ayudar a las empresas a comprender la din\u00e1mica del turismo urbano y la demanda de diversos servicios de viajes y hoteler\u00eda.<\/span><\/p>\n\n\n\n<p><b>\u2022Melbourne: <\/b><span style=\"font-weight: 400;\">Melbourne, conocida por su vibrante escena art\u00edstica, festivales culturales y eventos deportivos, es un destino privilegiado. Participar en investigaciones de mercado ofrece datos valiosos sobre el turismo cultural y el potencial para patrocinios y asociaciones de eventos.<\/span><\/p>\n\n\n\n<p><b>\u2022 Costa Dorada: <\/b><span style=\"font-weight: 400;\">Famosa por sus hermosas playas y emocionantes parques tem\u00e1ticos, Gold Coast atrae a una amplia gama de turistas. La investigaci\u00f3n de mercado en esta ciudad ayuda a las empresas a aprovechar los mercados de turismo de ocio y aventura, comprender la demograf\u00eda de los visitantes y crear ofertas personalizadas.<\/span><\/p>\n\n\n\n<h2 class=\"wp-block-heading\"><span style=\"font-weight: 400;\"><strong>Industrias clave en el mercado australiano<\/strong><\/span><\/h2>\n\n\n\n<figure class=\"gb-block-image gb-block-image-c07f409b\"><img loading=\"lazy\" decoding=\"async\" width=\"1456\" height=\"816\" class=\"gb-image gb-image-c07f409b\" src=\"https:\/\/www.sisinternational.com\/wp-content\/uploads\/2025\/09\/Australia-4.jpg\" alt=\"Investigaci\u00f3n y estrategia de mercado internacional de SIS\" title=\"Australia (4)\" srcset=\"https:\/\/www.sisinternational.com\/wp-content\/uploads\/2025\/09\/Australia-4.jpg 1456w, https:\/\/www.sisinternational.com\/wp-content\/uploads\/2025\/09\/Australia-4-300x168.jpg 300w, https:\/\/www.sisinternational.com\/wp-content\/uploads\/2025\/09\/Australia-4-1024x574.jpg 1024w, https:\/\/www.sisinternational.com\/wp-content\/uploads\/2025\/09\/Australia-4-768x430.jpg 768w, https:\/\/www.sisinternational.com\/wp-content\/uploads\/2025\/09\/Australia-4-18x10.jpg 18w\" sizes=\"auto, (max-width: 1456px) 100vw, 1456px\"><\/figure>\n\n\n\n<p><\/p>\n\n\n\n<p><span style=\"font-weight: 400;\">Una inmersi\u00f3n profunda en la investigaci\u00f3n de mercado revela industrias clave que impulsan la econom\u00eda del pa\u00eds, cada una de las cuales presenta oportunidades y desaf\u00edos \u00fanicos para las empresas:<\/span><\/p>\n\n\n\n<p><b>\u2022 Miner\u00eda y Recursos: <\/b><span style=\"font-weight: 400;\">Australia es rica en minerales y recursos, y empresas como BHP Group y Rio Tinto desempe\u00f1an papeles fundamentales en el sector minero mundial. Realizar una investigaci\u00f3n de mercado en Australia dentro de esta industria ofrece informaci\u00f3n sobre la demanda de diversos minerales, las oportunidades de inversi\u00f3n y la salud general del sector.<\/span><\/p>\n\n\n\n<p><b>\u2022 Servicios financieros: <\/b><span style=\"font-weight: 400;\">With major firms like Commonwealth Bank, Westpac, and ANZ, Australia\u2019s financial services sector is robust and innovative. In-depth market research helps businesses understand consumer financial behavior, emerging <a class=\"wpil_keyword_link\" href=\"https:\/\/www.sisinternational.com\/es\/fintech-trends-2025\/\" title=\"FinTech Trends\" data-wpil-keyword-link=\"linked\" data-wpil-monitor-id=\"446\">tendencias fintech<\/a>, and the competitive landscape in this sector.<\/span><\/p>\n\n\n\n<p><b>\u2022 Educaci\u00f3n y entrenamiento: <\/b><span style=\"font-weight: 400;\">Con instituciones de renombre como la Universidad de Sydney y la Universidad Nacional de Australia, el sector educativo contribuye significativamente a la econom\u00eda. Un estudio de mercado puede proporcionar informaci\u00f3n sobre la demograf\u00eda de los estudiantes, las preferencias de cursos y las colaboraciones internacionales.<\/span><\/p>\n\n\n\n<p><b>\u2022 Agricultura: <\/b><span style=\"font-weight: 400;\">Con empresas l\u00edderes como GrainCorp y Elders, la agricultura sigue siendo una industria fundamental. Participar en investigaciones de mercado en Australia proporciona informaci\u00f3n vital sobre el rendimiento de los cultivos, las tendencias de la ganader\u00eda y la demanda de diversos productos agr\u00edcolas a nivel nacional e internacional.<\/span><\/p>\n\n\n\n<p><b>\u2022 Turismo: <\/b><span style=\"font-weight: 400;\">With attractions like the Great Barrier Reef and Sydney Opera House, tourism is a significant industry. Therefore, having comprehensive insights allows businesses to understand traveler behaviors, popular destinations, and potential areas for investment in hospitality and travel services.<\/span><\/p>\n\n\n\n<h2 class=\"wp-block-heading\"><span style=\"font-weight: 400;\"><strong>Oportunidades en Australia<\/strong><\/span><\/h2>\n\n\n\n<p><span style=\"font-weight: 400;\">La ubicaci\u00f3n del pa\u00eds en Asia Pac\u00edfico ofrece diversas oportunidades a los nuevos inversores. El mercado australiano le permite construir o hacer crecer su negocio.&nbsp;<\/span><\/p>\n\n\n\n<h2 class=\"wp-block-heading\"><span style=\"font-weight: 400;\">Miner\u00eda&nbsp;<\/span><\/h2>\n\n\n\n<p><span style=\"font-weight: 400;\">Australia tiene un vasto espacio terrestre y abundantes recursos naturales. Estos factores han permitido que la miner\u00eda sea la base de la econom\u00eda de Australia. Algunos de sus recursos incluyen hierro, bauxita, cobre, oro, uranio y plata. Esta lista no es exhaustiva.&nbsp;<\/span><\/p>\n\n\n\n<h2 class=\"wp-block-heading\"><span style=\"font-weight: 400;\">Fabricaci\u00f3n<\/span><\/h2>\n\n\n\n<p><span style=\"font-weight: 400;\">La industria manufacturera tambi\u00e9n desempe\u00f1a un papel importante en la floreciente econom\u00eda de Australia. Australia tiene m\u00e1s aviones per c\u00e1pita que cualquier otro pa\u00eds. Por lo tanto, no sorprende que GE Aviation y Boeing encabecen la industria manufacturera. Australia es uno de los principales pa\u00edses fabricantes del mundo. Tambi\u00e9n produce ropa, textiles y calzado. La fabricaci\u00f3n de alimentos y bebidas contribuye significativamente a la econom\u00eda y el pa\u00eds exporta productos l\u00e1cteos y c\u00e1rnicos, az\u00facar y confiter\u00eda. Tambi\u00e9n procesa mariscos.<\/span><\/p>\n\n\n\n<h2 class=\"wp-block-heading\"><span style=\"font-weight: 400;\">Sanidad<\/span><\/h2>\n\n\n\n<p><span style=\"font-weight: 400;\">La Commonwealth ha clasificado el sistema de salud como el segundo mejor del mundo. Australia tiene un sistema avanzado. Es adecuado no s\u00f3lo para investigaciones m\u00e9dicas sino tambi\u00e9n para ensayos cl\u00ednicos. La infraestructura sanitaria es de primer nivel y contribuye considerablemente a su PIB.&nbsp;<\/span><\/p>\n\n\n\n<h2 class=\"wp-block-heading\"><span style=\"font-weight: 400;\">Industria financiera<\/span><\/h2>\n\n\n\n<p><span style=\"font-weight: 400;\">Australia es uno de los pa\u00edses m\u00e1s estables del mundo de las finanzas. Se sabe que todos sus bancos dominantes forman parte del c\u00edrculo de los bancos m\u00e1s seguros del mundo. Disfruta de acceso a financiaci\u00f3n y de la capacidad de hacer negocios en todo el mundo con seguridad y facilidad. Estos factores aseguran la continuidad del sector financiero como motor econ\u00f3mico cr\u00edtico.<\/span><\/p>\n\n\n\n<h2 class=\"wp-block-heading\"><span style=\"font-weight: 400;\">Turismo<\/span><\/h2>\n\n\n\n<p><\/p>\n\n\n\n<p><span style=\"font-weight: 400;\">La tierra de los canguros es un destino tur\u00edstico envidiado porque la belleza esc\u00e9nica de Australia atrae a muchos visitantes a sus vastos territorios. La mayor\u00eda de los visitantes provienen de Jap\u00f3n, el Reino Unido, Estados Unidos y China. Ofrece exquisitas experiencias gastron\u00f3micas y una incre\u00edble flora y fauna. El aura m\u00e1gica asegura que siga estando en lo m\u00e1s alto de la lista de destinos tur\u00edsticos.<\/span><\/p>\n\n\n\n<h2 class=\"wp-block-heading\"><span style=\"font-weight: 400;\"><strong>Desaf\u00edos para las empresas<\/strong><\/span><\/h2>\n\n\n\n<figure class=\"gb-block-image gb-block-image-bfe89eea\"><img loading=\"lazy\" decoding=\"async\" width=\"1456\" height=\"816\" class=\"gb-image gb-image-bfe89eea\" src=\"https:\/\/www.sisinternational.com\/wp-content\/uploads\/2025\/09\/Australia-2.jpg\" alt=\"Investigaci\u00f3n y estrategia de mercado internacional de SIS\" title=\"Australia (2)\" srcset=\"https:\/\/www.sisinternational.com\/wp-content\/uploads\/2025\/09\/Australia-2.jpg 1456w, https:\/\/www.sisinternational.com\/wp-content\/uploads\/2025\/09\/Australia-2-300x168.jpg 300w, https:\/\/www.sisinternational.com\/wp-content\/uploads\/2025\/09\/Australia-2-1024x574.jpg 1024w, https:\/\/www.sisinternational.com\/wp-content\/uploads\/2025\/09\/Australia-2-768x430.jpg 768w, https:\/\/www.sisinternational.com\/wp-content\/uploads\/2025\/09\/Australia-2-18x10.jpg 18w\" sizes=\"auto, (max-width: 1456px) 100vw, 1456px\"><\/figure>\n\n\n\n<p><\/p>\n\n\n\n<p><span style=\"font-weight: 400;\">Si bien Australia ofrece una gran cantidad de oportunidades de inversi\u00f3n, realizar una investigaci\u00f3n de mercado eficaz en Australia tambi\u00e9n conlleva una serie de desaf\u00edos que las empresas deben afrontar para tener \u00e9xito en este mercado maduro. Estos son algunos de los desaf\u00edos m\u00e1s importantes a superar:<\/span><\/p>\n\n\n\n<p><b>\u2022 Amplia diversidad geogr\u00e1fica: <\/b><span style=\"font-weight: 400;\">La vasta superficie de Australia y sus diversas regiones geogr\u00e1ficas significan que los comportamientos, las preferencias y la din\u00e1mica del mercado de los consumidores pueden variar significativamente de una regi\u00f3n a otra. La investigaci\u00f3n de mercado debe tener en cuenta estas diferencias regionales para proporcionar informaci\u00f3n precisa.<\/span><\/p>\n\n\n\n<p><b>\u2022 Mercado competitivo: <\/b><span style=\"font-weight: 400;\">El entorno empresarial de Australia es altamente competitivo, con actores tanto locales como internacionales. Esto intensifica el desaf\u00edo de destacarse en el mercado.&nbsp;<\/span><\/p>\n\n\n\n<p><b>\u2022 Altos costos operativos: <\/b><span style=\"font-weight: 400;\">Australia is known for its high operational costs, including labor and real estate. <a href=\"https:\/\/www.sisinternational.com\/es\/pericia\/industrias\/estudio-de-mercado-de-cableado-estructurado\/\" title=\"Investigaci\u00f3n de mercado de cableado estructurado\" data-wpil-monitor-id=\"5759\">Market research in Australia<\/a> should include insights into cost structures and efficiency strategies.<\/span><\/p>\n\n\n\n<p><b>\u2022 Sensibilidad cultural: <\/b><span style=\"font-weight: 400;\">Las empresas deben ser culturalmente sensibles al comercializar y operar en Australia, dada su poblaci\u00f3n diversa.&nbsp;<\/span><\/p>\n\n\n\n<p><b>\u2022 Privacidad de datos:<\/b><span style=\"font-weight: 400;\"> Las regulaciones de privacidad de datos son estrictas en Australia. La investigaci\u00f3n de mercado debe realizarse con un fuerte enfoque en la protecci\u00f3n de datos para garantizar el cumplimiento.<\/span><\/p>\n\n\n\n<p><b>\u2022 Saturaci\u00f3n de mercado: <\/b><span style=\"font-weight: 400;\">In some sectors, the market may be saturated, making it challenging for new entrants to gain a foothold. For this reason, <a href=\"https:\/\/www.sisinternational.com\/es\/cobertura\/investigacion-de-mercado-africa\/investigacion-de-mercado-en-tanzania\/\" title=\"Investigaci\u00f3n de mercado en Tanzania\" data-wpil-monitor-id=\"3950\">researchers must identify niche markets<\/a> or innovative approaches to overcome saturation.<\/span><\/p>\n\n\n\n<h2 class=\"wp-block-heading\"><span style=\"font-weight: 400;\"><strong>Hacer negocios en Australia<\/strong><\/span><\/h2>\n\n\n\n<p><span style=\"font-weight: 400;\">Australia tiene una fuerza laboral sana, educada y motivada. Poner en marcha un negocio puede ser tan simple como 1-2-3.&nbsp; <\/span><span style=\"font-weight: 400;\">Algunos de los beneficios de hacer negocios en Australia son los siguientes:<\/span><\/p>\n\n\n\n<ul class=\"wp-block-list\">\n<li><span style=\"font-weight: 400;\">Los costos sostenidos en el desarrollo y las iniciativas de investigaci\u00f3n pueden generar una compensaci\u00f3n fiscal de 43,5%<\/span><\/li>\n\n\n\n<li><span style=\"font-weight: 400;\">Concesiones de franquicia arancelaria para algunas importaciones de materias primas. Estas concesiones se aplican s\u00f3lo a las empresas australianas.&nbsp;<\/span><\/li>\n\n\n\n<li><span style=\"font-weight: 400;\">Los empresarios pueden solicitar subvenciones para ayudar a que su negocio crezca. Estas inyecciones de capital les permiten competir en mercados nuevos o innovadores.&nbsp;<\/span><\/li>\n\n\n\n<li><span style=\"font-weight: 400;\">Los inversores extranjeros pueden disfrutar de cr\u00e9ditos fiscales y descuentos para las empresas. Los inversores que financian proyectos de investigaci\u00f3n y desarrollo en Australia tambi\u00e9n pueden acceder a estos beneficios.<\/span><\/li>\n<\/ul>\n\n\n\n<h2 class=\"wp-block-heading\"><span style=\"font-weight: 400;\">Acerca de la investigaci\u00f3n de mercado en Australia<\/span><\/h2>\n\n\n\n<p><span style=\"font-weight: 400;\">La investigaci\u00f3n de mercado brinda a las empresas una idea de c\u00f3mo responder\u00e1n los clientes a un nuevo producto. Tambi\u00e9n les muestra problemas potenciales que pueden afectar las decisiones comerciales. SIS ofrece investigaci\u00f3n cuantitativa, cualitativa y estrat\u00e9gica. Le ayudamos a garantizar que tome las mejores decisiones comerciales posibles. As\u00ed, te ayudamos a mejorar la eficiencia, la rentabilidad y la cuota de mercado.&nbsp;<\/span><\/p>\n\n\n\n<p><\/p>\n\n\n\n<p><\/p>","protected":false},"excerpt":{"rendered":"<p>Descubra nuevas oportunidades de negocio con Market Research en Australia.<\/p>","protected":false},"author":1,"featured_media":66627,"parent":42665,"menu_order":4,"comment_status":"closed","ping_status":"closed","template":"","meta":{"footnotes":""},"class_list":["post-33199","page","type-page","status-publish","has-post-thumbnail"],"_links":{"self":[{"href":"https:\/\/www.sisinternational.com\/es\/wp-json\/wp\/v2\/pages\/33199","targetHints":{"allow":["GET"]}}],"collection":[{"href":"https:\/\/www.sisinternational.com\/es\/wp-json\/wp\/v2\/pages"}],"about":[{"href":"https:\/\/www.sisinternational.com\/es\/wp-json\/wp\/v2\/types\/page"}],"author":[{"embeddable":true,"href":"https:\/\/www.sisinternational.com\/es\/wp-json\/wp\/v2\/users\/1"}],"replies":[{"embeddable":true,"href":"https:\/\/www.sisinternational.com\/es\/wp-json\/wp\/v2\/comments?post=33199"}],"version-history":[{"count":9,"href":"https:\/\/www.sisinternational.com\/es\/wp-json\/wp\/v2\/pages\/33199\/revisions"}],"predecessor-version":[{"id":84115,"href":"https:\/\/www.sisinternational.com\/es\/wp-json\/wp\/v2\/pages\/33199\/revisions\/84115"}],"up":[{"embeddable":true,"href":"https:\/\/www.sisinternational.com\/es\/wp-json\/wp\/v2\/pages\/42665"}],"wp:featuredmedia":[{"embeddable":true,"href":"https:\/\/www.sisinternational.com\/es\/wp-json\/wp\/v2\/media\/66627"}],"wp:attachment":[{"href":"https:\/\/www.sisinternational.com\/es\/wp-json\/wp\/v2\/media?parent=33199"}],"curies":[{"name":"wp","href":"https:\/\/api.w.org\/{rel}","templated":true}]}}