{"id":33182,"date":"2019-09-21T18:25:53","date_gmt":"2019-09-21T18:25:53","guid":{"rendered":"https:\/\/www.sisinternational.com\/?page_id=33182"},"modified":"2026-01-24T14:16:50","modified_gmt":"2026-01-24T19:16:50","slug":"investigacion-de-mercado-en-hawai","status":"publish","type":"page","link":"https:\/\/www.sisinternational.com\/es\/cobertura\/north-america\/cobertura-de-estados-unidos\/investigacion-de-mercado-en-hawai\/","title":{"rendered":"Investigaci\u00f3n de mercado en Haw\u00e1i"},"content":{"rendered":"<h1 class=\"wp-block-heading\">Investigaci\u00f3n de mercado en Haw\u00e1i<\/h1>\n\n\n\n<figure class=\"gb-block-image gb-block-image-a501de4c\"><img loading=\"lazy\" decoding=\"async\" width=\"1456\" height=\"816\" class=\"gb-image gb-image-a501de4c\" src=\"https:\/\/www.sisinternational.com\/wp-content\/uploads\/2025\/09\/Hawai-4-1.jpg\" alt=\"Investigaci\u00f3n y estrategia de mercado internacional de SIS\" title=\"Hawai (4)\" srcset=\"https:\/\/www.sisinternational.com\/wp-content\/uploads\/2025\/09\/Hawai-4-1.jpg 1456w, https:\/\/www.sisinternational.com\/wp-content\/uploads\/2025\/09\/Hawai-4-1-300x168.jpg 300w, https:\/\/www.sisinternational.com\/wp-content\/uploads\/2025\/09\/Hawai-4-1-1024x574.jpg 1024w, https:\/\/www.sisinternational.com\/wp-content\/uploads\/2025\/09\/Hawai-4-1-768x430.jpg 768w, https:\/\/www.sisinternational.com\/wp-content\/uploads\/2025\/09\/Hawai-4-1-18x10.jpg 18w\" sizes=\"auto, (max-width: 1456px) 100vw, 1456px\"><\/figure>\n\n\n\n<p><\/p>\n\n\n\n<h2 class=\"wp-block-heading\"><span style=\"font-weight: 400;\">Haw\u00e1i es un estado insular de EE. UU. ubicado en el Oc\u00e9ano Pac\u00edfico, a 3.758 millas al oeste del territorio continental de EE. UU.<\/span><\/h2>\n\n\n\n<p><span style=\"font-weight: 400;\">Este estado es un grupo de peque\u00f1as islas, islotes, rocas, arrecifes de coral y atolones. Hawaii tiene un archipi\u00e9lago de ocho islas principales que albergan a casi 1,5 millones de estadounidenses. Todos los hawaianos nacen ciudadanos americanos ya que Hawaii es uno de los cincuenta estados de EE.UU.&nbsp;<\/span><\/p>\n\n\n\n<p><span style=\"font-weight: 400;\">Los isle\u00f1os se ganan la vida de muchas maneras. Muchos aprovechan los recursos naturales que ofrecen las islas. Generan ingresos a trav\u00e9s de los mismos medios primarios que cualquier otro estado. Estos medios incluyen la agricultura, la pesca, la manufactura y la industria de servicios. Por supuesto, los detalles difieren entre regiones. Haw\u00e1i produce productos agr\u00edcolas diferentes en comparaci\u00f3n con, por ejemplo, Alaska o Colorado.<\/span><\/p>\n\n\n\n<h2 class=\"wp-block-heading\"><span style=\"font-weight: 400;\">Alimentaci\u00f3n, Agricultura y Pesca<\/span><\/h2>\n\n\n\n<p><span style=\"font-weight: 400;\">Farmers on the islands rear animals and cultivate crops to harvest and sell to customers. In this way, they earn revenue, which they use to support their livelihood. Chickens, cattle, and hogs are the most common livestock reared and sold on the islands. Farmers also sell their by-products, such as dairy and eggs.\u00a0<\/span><\/p>\n\n\n\n<p><span style=\"font-weight: 400;\">\u00bfAlguna vez has o\u00eddo hablar de la pizza hawaiana? No es un invento de ninguna de las islas. Sin embargo, los aderezos \u00fanicos de esta pizza son el jam\u00f3n y la pi\u00f1a. Las pi\u00f1as han sido, durante mucho tiempo, un s\u00edmbolo de Haw\u00e1i. Por eso mucha gente asocia las pi\u00f1as con las islas hawaianas. Las pi\u00f1as, junto con la ca\u00f1a de az\u00facar, son los cultivos m\u00e1s valiosos de Haw\u00e1i. Las nueces de macadamia son tambi\u00e9n una de las principales exportaciones. Sin embargo, los agricultores no est\u00e1n limitados en lo m\u00e1s m\u00ednimo a la hora de seleccionar qu\u00e9 productos agr\u00edcolas cultivar. Tambi\u00e9n encontrar\u00e1s aguacates, pl\u00e1tanos, frijoles, caf\u00e9 y ma\u00edz. Guayabas, lechugas, patatas y tomates son algunos de los otros cultivos que se cultivan en las islas.<\/span><\/p>\n\n\n\n<p><span style=\"font-weight: 400;\">Estar rodeado por el Oc\u00e9ano Pac\u00edfico brinda a los pescadores una oportunidad sin obst\u00e1culos. Muchos practican la pesca comercial. Entre los productos pesqueros del archipi\u00e9lago se encuentran langostinos, camarones, pez espada y at\u00fan. Los isle\u00f1os tambi\u00e9n cazan ballenas.<\/span><\/p>\n\n\n\n<h2 class=\"wp-block-heading\"><span style=\"font-weight: 400;\">Fabricaci\u00f3n<\/span><\/h2>\n\n\n\n<p><span style=\"font-weight: 400;\">Los productos derivados del petr\u00f3leo dominan las exportaciones del estado, y este sector gener\u00f3 casi $300 millones de d\u00f3lares en el a\u00f1o 2018. Los hawaianos a\u00f1aden valor a muchos tipos de materias primas a trav\u00e9s del proceso de fabricaci\u00f3n. Por ejemplo, fabrican piezas de motores de avi\u00f3n e imprimen peri\u00f3dicos. Los hawaianos tambi\u00e9n fabrican pan, dulces, refrescos, az\u00facar refinada y algunos jugos, art\u00edculos de piedra, vidrio y arcilla, y algunas prendas de vestir. El estado tambi\u00e9n tiene una industria vibrante, que enlata pi\u00f1as para conservar este manjar.&nbsp;<\/span><\/p>\n\n\n\n<h2 class=\"wp-block-heading\"><span style=\"font-weight: 400;\">Oportunidades de servicios<\/span><\/h2>\n\n\n\n<figure class=\"gb-block-image gb-block-image-e7f7a202\"><img loading=\"lazy\" decoding=\"async\" width=\"1456\" height=\"816\" class=\"gb-image gb-image-e7f7a202\" src=\"https:\/\/www.sisinternational.com\/wp-content\/uploads\/2025\/09\/Hawai-4.jpg\" alt=\"Investigaci\u00f3n y estrategia de mercado internacional de SIS\" title=\"Hawai (4)\" srcset=\"https:\/\/www.sisinternational.com\/wp-content\/uploads\/2025\/09\/Hawai-4.jpg 1456w, https:\/\/www.sisinternational.com\/wp-content\/uploads\/2025\/09\/Hawai-4-300x168.jpg 300w, https:\/\/www.sisinternational.com\/wp-content\/uploads\/2025\/09\/Hawai-4-1024x574.jpg 1024w, https:\/\/www.sisinternational.com\/wp-content\/uploads\/2025\/09\/Hawai-4-768x430.jpg 768w, https:\/\/www.sisinternational.com\/wp-content\/uploads\/2025\/09\/Hawai-4-18x10.jpg 18w\" sizes=\"auto, (max-width: 1456px) 100vw, 1456px\"><\/figure>\n\n\n\n<p><\/p>\n\n\n\n<p><span style=\"font-weight: 400;\">The service sector is where Hawaiians generate most of the state\u2019s revenue. This sector makes up 9 percent of the state\u2019s gross product, with services ranging from a plethora of options. The intangible money-makers of Hawaii do include community, business, and personal services. Health care is a service; the law is one as well. Accounting, engineering, and car rentals are all service-based. Also falling in the service category are finance, insurance, and real estate. The islands also have military services like the Army, Air Force, Navy, and Marines.\u00a0<\/span><\/p>\n\n\n\n<h2 class=\"wp-block-heading\"><span style=\"font-weight: 400;\">Viajes y turismo<\/span><\/h2>\n\n\n\n<p><span style=\"font-weight: 400;\">Uno de los servicios generadores de ingresos m\u00e1s importantes en Haw\u00e1i es la industria del turismo. El turismo ha desempe\u00f1ado uno de los papeles m\u00e1s destacados en la generaci\u00f3n de ingresos. Turistas viajan de todas partes del mundo a este \u201crefugio\u201d tan publicitado. Las islas ofrecen alojamiento de primer nivel. Los hu\u00e9spedes tambi\u00e9n pueden disfrutar de la excelente cocina hawaiana.<\/span><\/p>\n\n\n\n<h2 class=\"wp-block-heading\"><span style=\"font-weight: 400;\">Acerca de la investigaci\u00f3n de mercado en Haw\u00e1i<\/span><\/h2>\n\n\n\n<p><span style=\"font-weight: 400;\">For the state of Hawaii, market research aids investors. It assists them in understanding how the most prominent businesses and industries came to be. <a href=\"https:\/\/www.sisinternational.com\/es\/soluciones\/soluciones-de-investigacion-cualitativa-cuantitativa\/discrete-choice-in-market-research\/\" title=\"Discrete Choice in Market Research\"  data-wpil-monitor-id=\"933\">Investigaci\u00f3n de mercado<\/a> tells prospective investors why these continue to be the industries of choice for Hawaiians. It aids their understanding of the problems a sector may have. Our analysis also assists them in finding solutions to these problems. <\/span><\/p>\n\n\n\n<p><span style=\"font-weight: 400;\"><a href=\"https:\/\/www.sisinternational.com\/es\/qualitative-research-to-enhance-customer-experience\/\" title=\"Qualitative Research to Enhance Customer Experience\"  data-wpil-monitor-id=\"9136\">Qualitative Research informs companies why customers<\/a> buy products.\u00a0 Key Qualitative methods include Focus Groups, Customer Interviews, and Online Communities.\u00a0 Quantitative <a href=\"https:\/\/www.sisinternational.com\/es\/how-to-conduct-effective-quantitative-market-research\/\" title=\"How to Conduct Effective Quantitative Market Research\"  data-wpil-monitor-id=\"9137\">Investigaci\u00f3n<\/a> measures the extent of certain buying phenomena and is often conducted by Online, Mobile, and App surveys.\u00a0 They can see the statistics and exactly how well the industry is doing. <a href=\"https:\/\/www.sisinternational.com\/es\/la-necesidad-de-inteligencia-competitiva-en-esta-recesion\/\" title=\"La necesidad de inteligencia competitiva en una recesi\u00f3n\"  data-wpil-monitor-id=\"9135\">Strategy Research informs companies about competition<\/a>, innovation, industries, and Go-To-Market Strategy.\u00a0 Armed with these insights, they can understand the customers\u2019 reasons for supporting that industry. They can also see precisely how they can fit themselves in and make a profit.<\/span><\/p>\n\n\n\n<p><\/p>\n\n\n\n<h2 class=\"wp-block-heading\">&nbsp;<\/h2>","protected":false},"excerpt":{"rendered":"<p>Descubra nuevas oportunidades de negocio con Market Research en Hawaii.<\/p>","protected":false},"author":1,"featured_media":68287,"parent":19303,"menu_order":41,"comment_status":"closed","ping_status":"closed","template":"","meta":{"footnotes":""},"class_list":["post-33182","page","type-page","status-publish","has-post-thumbnail"],"_links":{"self":[{"href":"https:\/\/www.sisinternational.com\/es\/wp-json\/wp\/v2\/pages\/33182","targetHints":{"allow":["GET"]}}],"collection":[{"href":"https:\/\/www.sisinternational.com\/es\/wp-json\/wp\/v2\/pages"}],"about":[{"href":"https:\/\/www.sisinternational.com\/es\/wp-json\/wp\/v2\/types\/page"}],"author":[{"embeddable":true,"href":"https:\/\/www.sisinternational.com\/es\/wp-json\/wp\/v2\/users\/1"}],"replies":[{"embeddable":true,"href":"https:\/\/www.sisinternational.com\/es\/wp-json\/wp\/v2\/comments?post=33182"}],"version-history":[{"count":5,"href":"https:\/\/www.sisinternational.com\/es\/wp-json\/wp\/v2\/pages\/33182\/revisions"}],"predecessor-version":[{"id":81527,"href":"https:\/\/www.sisinternational.com\/es\/wp-json\/wp\/v2\/pages\/33182\/revisions\/81527"}],"up":[{"embeddable":true,"href":"https:\/\/www.sisinternational.com\/es\/wp-json\/wp\/v2\/pages\/19303"}],"wp:featuredmedia":[{"embeddable":true,"href":"https:\/\/www.sisinternational.com\/es\/wp-json\/wp\/v2\/media\/68287"}],"wp:attachment":[{"href":"https:\/\/www.sisinternational.com\/es\/wp-json\/wp\/v2\/media?parent=33182"}],"curies":[{"name":"wp","href":"https:\/\/api.w.org\/{rel}","templated":true}]}}