{"id":33113,"date":"2019-09-14T20:45:33","date_gmt":"2019-09-14T20:45:33","guid":{"rendered":"https:\/\/www.sisinternational.com\/?page_id=33113"},"modified":"2025-09-13T19:03:59","modified_gmt":"2025-09-13T23:03:59","slug":"investigacion-de-mercado-en-delaware","status":"publish","type":"page","link":"https:\/\/www.sisinternational.com\/es\/cobertura\/north-america\/cobertura-de-estados-unidos\/investigacion-de-mercado-en-delaware\/","title":{"rendered":"Investigaci\u00f3n de mercado en Delaware"},"content":{"rendered":"<h1 class=\"wp-block-heading\"><span class=\"s1\">Investigaci\u00f3n de mercado en Delaware<\/span><\/h1>\n\n\n\n<figure class=\"gb-block-image gb-block-image-90aa7e7d\"><img loading=\"lazy\" decoding=\"async\" width=\"1456\" height=\"816\" class=\"gb-image gb-image-90aa7e7d\" src=\"https:\/\/www.sisinternational.com\/wp-content\/uploads\/2025\/09\/Delaware-2.jpg\" alt=\"Investigaci\u00f3n y estrategia de mercado internacional de SIS\" title=\"Delaware (2)\" srcset=\"https:\/\/www.sisinternational.com\/wp-content\/uploads\/2025\/09\/Delaware-2.jpg 1456w, https:\/\/www.sisinternational.com\/wp-content\/uploads\/2025\/09\/Delaware-2-300x168.jpg 300w, https:\/\/www.sisinternational.com\/wp-content\/uploads\/2025\/09\/Delaware-2-1024x574.jpg 1024w, https:\/\/www.sisinternational.com\/wp-content\/uploads\/2025\/09\/Delaware-2-768x430.jpg 768w, https:\/\/www.sisinternational.com\/wp-content\/uploads\/2025\/09\/Delaware-2-18x10.jpg 18w\" sizes=\"auto, (max-width: 1456px) 100vw, 1456px\"><\/figure>\n\n\n\n<p><\/p>\n\n\n\n<h2 class=\"wp-block-heading p3\"><span class=\"s1\">Delaware es uno de los 50 estados de EE. UU. con una poblaci\u00f3n de alrededor de 1 mill\u00f3n de personas. <\/span><\/h2>\n\n\n\n<p class=\"p3\"><span class=\"s1\">It is the second smallest state by area. Delaware has three counties: Sussex, Castle, and Kent, and over 50 cities, including Wilmington, Hartly, and the capital, Dover.\u00a0 Its location is beneficially located in the North East Corridor with proximity to major cities of NYC, Philadelphia, Baltimore and Washington DC. The unemployment rate in Delaware is relatively low, and its GDP is over $75 billion.<\/span><\/p>\n\n\n\n<h2 class=\"wp-block-heading p5\"><span class=\"s1\">Vitalidad econ\u00f3mica<\/span><\/h2>\n\n\n\n<p class=\"p3\"><span class=\"s1\">\u00bfPor qu\u00e9 Delaware es excepcional?&nbsp;<\/span><span class=\"s1\">Delaware tiene la industria qu\u00edmica m\u00e1s destacada de Estados Unidos. La sede de DuPont est\u00e1 en Delaware. DuPont es el principal fabricante de productos qu\u00edmicos del mundo.<\/span><\/p>\n\n\n\n<p class=\"p3\"><span class=\"s1\">El estado exporta una gran variedad de productos qu\u00edmicos a todo el mundo, incluidos tefl\u00f3n, nailon, alfombras Stainmaster y materiales impresos. La industria qu\u00edmica fortalece la econom\u00eda de Delaware.<\/span><\/p>\n\n\n\n<h2 class=\"wp-block-heading\">Industria agr\u00edcola<\/h2>\n\n\n\n<p class=\"p3\"><span class=\"s1\">La industria agr\u00edcola tambi\u00e9n representa una parte importante de la econom\u00eda de Delaware. El estado es el principal productor de pollos de engorde.&nbsp;<\/span><span class=\"s1\">Aparte de eso, la econom\u00eda se basa en los productos l\u00e1cteos, las patatas, la soja y el ma\u00edz. Con la proximidad al Oc\u00e9ano Atl\u00e1ntico, la industria pesquera tambi\u00e9n est\u00e1 en su apogeo. <\/span><\/p>\n\n\n\n<h2 class=\"wp-block-heading p3\"><span class=\"s1\">Industrias en crecimiento<\/span><\/h2>\n\n\n\n<p class=\"p3\"><span class=\"s1\">Las industrias sanitaria, financiera, aeron\u00e1utica y tur\u00edstica tambi\u00e9n contribuyen a la econom\u00eda.<\/span><\/p>\n\n\n\n<h2 class=\"wp-block-heading p5\"><span class=\"s1\">Iniciar un negocio en Delaware<\/span><\/h2>\n\n\n\n<p class=\"p3\"><span class=\"s1\">Delaware has one of the most favorable systems of new business formation.&nbsp; Many corporations decide to incorporate their businesses in Delaware due to its business-friendly laws and incentives.&nbsp; Delaware also provides support for startups. New businesses can get full technical assistance for the structuring of a corporation. Hence, the state offers greater privacy and provides tax advantages. These benefits include investor opportunities for your corporation.<\/span><\/p>\n\n\n\n<h2 class=\"wp-block-heading p5\"><span class=\"s1\">Acerca de la investigaci\u00f3n de mercado en Delaware<\/span><\/h2>\n\n\n\n<p class=\"p5\"><span class=\"s1\">Para cualquier negocio, la Investigaci\u00f3n de Mercado es imprescindible.&nbsp;&nbsp;<\/span><span class=\"s1\">\u00bfPor qu\u00e9? <\/span><\/p>\n\n\n\n<p class=\"p3\"><span class=\"s1\">People should understand the needs of the customer base. These needs are social, cultural, and economic, and they influence your business. Your team will have to engage with communities. You&#8217;ll also need in-depth interviews about the possible opportunities for business.<\/span><\/p>\n\n\n\n<p class=\"p3\"><span class=\"s1\">You also <a href=\"https:\/\/www.sisinternational.com\/es\/analysis-b2b\/\" title=\"What Business Leaders Need to Know Right Now\"  data-wpil-monitor-id=\"8083\">need to know<\/a> about your competitors. At SIS International, when we do <strong>Investigaci\u00f3n estrat\u00e9gica<\/strong>, it includes complete customer and competitor analysis. We identify the potential strengths and weaknesses of your competitors. This knowledge will help you to build up a successful business.<\/span><\/p>\n\n\n\n<p class=\"p3\"><span class=\"s1\">Getting help from native Delaware is <a href=\"https:\/\/www.sisinternational.com\/es\/pericia\/industrias\/investigacion-de-mercado-de-productos-basicos-de-cocina\/\" title=\"Investigaci\u00f3n de mercado de elementos esenciales de cocina\"  data-wpil-monitor-id=\"8079\">essential when doing proper Qualitative Research<\/a>. Want to know how the people of Delaware are likely to respond to your <a href=\"https:\/\/www.sisinternational.com\/es\/soluciones\/prueba-de-sabor\/servicios-de-prueba-de-productos-en-nueva-york\/\" title=\"Servicios de prueba de productos en Nueva York\"  data-wpil-monitor-id=\"8082\">product or service<\/a>? <strong>Investigaci\u00f3n cualitativa<\/strong> provides a rich, detailed picture. It shows you why people act the way they do. It also tells you their feelings about these actions.\u00a0 Key methods includes Customer Interviews, Focus Groups, and Ethnography.\u00a0 Qualitative <a href=\"https:\/\/www.sisinternational.com\/es\/soluciones\/soluciones-de-investigacion-cualitativa-cuantitativa\/entrevistas-telefonicas-investigacion-de-mercado\/\" title=\"Investigaci\u00f3n de mercado de entrevistas telef\u00f3nicas en profundidad\"  data-wpil-monitor-id=\"8087\">Investigaci\u00f3n<\/a> records attitudes and feelings and provides depth and detail to your data. It creates openness by encouraging people to open up in their responses. This type of research can explore new topics not considered by your <a href=\"https:\/\/www.sisinternational.com\/es\/pericia\/curriculums-de-experiencia\/investigacion-de-marca\/\" title=\"Empresa de investigaci\u00f3n de marca\"  data-wpil-monitor-id=\"8085\">company<\/a>.<\/span><\/p>\n\n\n\n<p class=\"p3\"><span class=\"s1\"><strong>Investigaci\u00f3n cuantitativa<\/strong> allows you to do a broader study involving more subjects. With this type of Research, it&#8217;s easier to show overall results. Quantitative <a href=\"https:\/\/www.sisinternational.com\/es\/sampling-techniques-in-qualitative-research-the-complete-guide-to-choosing-the-right-method\/\" title=\"Sampling Techniques in Qualitative Research: The Complete Guide to Choosing the Right Method\"  data-wpil-monitor-id=\"8080\">Research provides for greater impartiality and completeness<\/a> of results. It uses standards, which means that we can replicate your study, analyze it, and compare it to similar ones. <a href=\"https:\/\/www.sisinternational.com\/es\/pericia\/curriculums-de-experiencia\/estudio-de-mercado-de-productos-de-cuidado-personal\/\" title=\"Investigaci\u00f3n de mercado de productos de cuidado personal\"  data-wpil-monitor-id=\"8078\">Researchers can avoid personal<\/a> bias by keeping their distance from participating subjects. They can also use persons unknown to them.<\/span><\/p>\n\n\n\n<p class=\"p3\"><span class=\"s1\">Comprehensive <a href=\"https:\/\/www.sisinternational.com\/es\/publicaciones\/investigacion-de-mercado-empresarial-escalable-7-formas-de-construir-un-negocio-escalable\/\" title=\"Investigaci\u00f3n de mercado empresarial escalable: 7 formas de construir un negocio escalable\"  data-wpil-monitor-id=\"8076\">Market Research helps to grow your business<\/a>. It optimizes your performance, reduces risk, and helps you to beat out the competitors.<\/span><\/p>\n\n\n\n<h2 class=\"wp-block-heading\">&nbsp;<\/h2>","protected":false},"excerpt":{"rendered":"<p>Descubra nuevas oportunidades de negocio con Market Research en Delaware.<\/p>","protected":false},"author":1,"featured_media":66527,"parent":19303,"menu_order":39,"comment_status":"closed","ping_status":"closed","template":"","meta":{"footnotes":""},"class_list":["post-33113","page","type-page","status-publish","has-post-thumbnail"],"_links":{"self":[{"href":"https:\/\/www.sisinternational.com\/es\/wp-json\/wp\/v2\/pages\/33113","targetHints":{"allow":["GET"]}}],"collection":[{"href":"https:\/\/www.sisinternational.com\/es\/wp-json\/wp\/v2\/pages"}],"about":[{"href":"https:\/\/www.sisinternational.com\/es\/wp-json\/wp\/v2\/types\/page"}],"author":[{"embeddable":true,"href":"https:\/\/www.sisinternational.com\/es\/wp-json\/wp\/v2\/users\/1"}],"replies":[{"embeddable":true,"href":"https:\/\/www.sisinternational.com\/es\/wp-json\/wp\/v2\/comments?post=33113"}],"version-history":[{"count":4,"href":"https:\/\/www.sisinternational.com\/es\/wp-json\/wp\/v2\/pages\/33113\/revisions"}],"predecessor-version":[{"id":81362,"href":"https:\/\/www.sisinternational.com\/es\/wp-json\/wp\/v2\/pages\/33113\/revisions\/81362"}],"up":[{"embeddable":true,"href":"https:\/\/www.sisinternational.com\/es\/wp-json\/wp\/v2\/pages\/19303"}],"wp:featuredmedia":[{"embeddable":true,"href":"https:\/\/www.sisinternational.com\/es\/wp-json\/wp\/v2\/media\/66527"}],"wp:attachment":[{"href":"https:\/\/www.sisinternational.com\/es\/wp-json\/wp\/v2\/media?parent=33113"}],"curies":[{"name":"wp","href":"https:\/\/api.w.org\/{rel}","templated":true}]}}