{"id":32723,"date":"2019-08-24T19:33:59","date_gmt":"2019-08-24T19:33:59","guid":{"rendered":"https:\/\/www.sisinternational.com\/?page_id=32723"},"modified":"2026-01-26T15:13:29","modified_gmt":"2026-01-26T20:13:29","slug":"investigacion-de-mercado-en-iowa","status":"publish","type":"page","link":"https:\/\/www.sisinternational.com\/es\/cobertura\/north-america\/cobertura-de-estados-unidos\/investigacion-de-mercado-en-iowa\/","title":{"rendered":"Investigaci\u00f3n de mercado en Iowa"},"content":{"rendered":"<h1 class=\"wp-block-heading\">Investigaci\u00f3n de mercado en Iowa<\/h1>\n\n\n\n<figure class=\"gb-block-image gb-block-image-90d95785\"><img loading=\"lazy\" decoding=\"async\" width=\"1456\" height=\"816\" class=\"gb-image gb-image-90d95785\" src=\"https:\/\/www.sisinternational.com\/wp-content\/uploads\/2025\/09\/Iowa-3.jpg\" alt=\"Investigaci\u00f3n y estrategia de mercado internacional de SIS\" title=\"Iowa (3)\" srcset=\"https:\/\/www.sisinternational.com\/wp-content\/uploads\/2025\/09\/Iowa-3.jpg 1456w, https:\/\/www.sisinternational.com\/wp-content\/uploads\/2025\/09\/Iowa-3-300x168.jpg 300w, https:\/\/www.sisinternational.com\/wp-content\/uploads\/2025\/09\/Iowa-3-1024x574.jpg 1024w, https:\/\/www.sisinternational.com\/wp-content\/uploads\/2025\/09\/Iowa-3-768x430.jpg 768w, https:\/\/www.sisinternational.com\/wp-content\/uploads\/2025\/09\/Iowa-3-18x10.jpg 18w\" sizes=\"auto, (max-width: 1456px) 100vw, 1456px\"><\/figure>\n\n\n\n<p><\/p>\n\n\n\n<h2 class=\"wp-block-heading\"><span style=\"font-weight: 400;\">Conocido como el \u201cEstado Ojo de Halc\u00f3n\u201d, Iowa se encuentra en el medio oeste de Estados Unidos.<\/span><\/h2>\n\n\n\n<p><span style=\"font-weight: 400;\">Iowa boasts of being one of the safest places to live.\u00a0It is the 30th-largest state with a population of 3,123,899 (30th Largest State, 2015) and a land area of 55,869 sq. mi. (144,701 sq. km). The state capital is Des Moines. Large cities include Cedar Rapids, Davenport, and Sioux City. The Mississippi River forms its east border, and the Missouri and Big Sioux Rivers its west. Minnesota is to the north, Illinois to the East, Missouri to the South, and Nebraska to the West.<\/span><\/p>\n\n\n\n<h2 class=\"wp-block-heading\"><span style=\"font-weight: 400;\">Agricultura<\/span><\/h2>\n\n\n\n<p><span style=\"font-weight: 400;\">La principal fuente de ingresos de Iowa es la agricultura y la producci\u00f3n de alimentos. Este estado produce m\u00e1s del 7 por ciento del suministro de alimentos de Estados Unidos. Sus agricultores suministran carne de cerdo, soja, huevos y ma\u00edz. Tambi\u00e9n son bien conocidos por sus industrias l\u00e1ctea y de pavo. Iowa tambi\u00e9n tiene un pr\u00f3spero sector de productos de base biol\u00f3gica. Los expertos atribuyen el aumento de la producci\u00f3n animal a la alta calidad de los piensos.<\/span><\/p>\n\n\n\n<h2 class=\"wp-block-heading\"><span style=\"font-weight: 400;\">Energ\u00eda renovable<\/span><\/h2>\n\n\n\n<p><span style=\"font-weight: 400;\">El cambio clim\u00e1tico es un tema de considerable preocupaci\u00f3n no s\u00f3lo en Estados Unidos sino en el mundo. Iowa es l\u00edder en energ\u00eda renovable y concentra sus esfuerzos en la producci\u00f3n de generaci\u00f3n e\u00f3lica. Tambi\u00e9n es l\u00edder en producci\u00f3n de biodiesel y etanol. El Consejo Americano de Energ\u00edas Renovables ha clasificado a Iowa como l\u00edder en esta industria.<\/span><\/p>\n\n\n\n<h2 class=\"wp-block-heading\"><span style=\"font-weight: 400;\">Industria de las Telecomunicaciones<\/span><\/h2>\n\n\n\n<p><span style=\"font-weight: 400;\">Este estado alberga un sector de telecomunicaciones en constante crecimiento. Tiene una red de fibra \u00f3ptica a nivel estatal, que brinda conectividad incluso a las zonas rurales m\u00e1s remotas. Los centros de datos de Microsoft y Google tienen su sede en este estado.<\/span><\/p>\n\n\n\n<h2 class=\"wp-block-heading\"><span style=\"font-weight: 400;\">Ubicaci\u00f3n estrat\u00e9gica<\/span><\/h2>\n\n\n\n<p><span style=\"font-weight: 400;\">Debido a su ubicaci\u00f3n, Iowa ofrece una ventaja \u00fanica a las empresas. Es excelente para empresas que tratan con proveedores nacionales e internacionales. Las instituciones de transporte, distribuci\u00f3n y almacenamiento representan una gran parte del PIB estatal.<\/span><\/p>\n\n\n\n<h2 class=\"wp-block-heading\"><span style=\"font-weight: 400;\">La facilidad de hacer negocios<\/span><\/h2>\n\n\n\n<p><span style=\"font-weight: 400;\">En 2018, US News reconoci\u00f3 a Iowa como el &quot;Mejor estado para vivir&quot;. Obtuvo esa clasificaci\u00f3n debido a su atenci\u00f3n m\u00e9dica, infraestructura, educaci\u00f3n y oportunidades. Iowa ofrece ventajas comerciales de la siguiente manera:<\/span><\/p>\n\n\n\n<h2 class=\"wp-block-heading\"><span style=\"font-weight: 400;\">Incentivos fiscales<\/span><\/h2>\n\n\n\n<figure class=\"gb-block-image gb-block-image-0efeabb5\"><img loading=\"lazy\" decoding=\"async\" width=\"1456\" height=\"816\" class=\"gb-image gb-image-0efeabb5\" src=\"https:\/\/www.sisinternational.com\/wp-content\/uploads\/2025\/09\/Iowa-1.jpg\" alt=\"Investigaci\u00f3n y estrategia de mercado internacional de SIS\" title=\"Iowa (1)\" srcset=\"https:\/\/www.sisinternational.com\/wp-content\/uploads\/2025\/09\/Iowa-1.jpg 1456w, https:\/\/www.sisinternational.com\/wp-content\/uploads\/2025\/09\/Iowa-1-300x168.jpg 300w, https:\/\/www.sisinternational.com\/wp-content\/uploads\/2025\/09\/Iowa-1-1024x574.jpg 1024w, https:\/\/www.sisinternational.com\/wp-content\/uploads\/2025\/09\/Iowa-1-768x430.jpg 768w, https:\/\/www.sisinternational.com\/wp-content\/uploads\/2025\/09\/Iowa-1-18x10.jpg 18w\" sizes=\"auto, (max-width: 1456px) 100vw, 1456px\"><\/figure>\n\n\n\n<p><\/p>\n\n\n\n<p><span style=\"font-weight: 400;\">Comparable a otros estados de EE. UU., IOWA ofrece beneficios tales como:<\/span><span style=\"font-weight: 400;\">&nbsp;<\/span><\/p>\n\n\n\n<ul class=\"wp-block-list\">\n<li><span style=\"font-weight: 400;\">Una deducci\u00f3n del cincuenta por ciento del Impuesto sobre Sociedades.<\/span><\/li>\n\n\n\n<li><span style=\"font-weight: 400;\">Impuesto no unitario y unifactorial. Iowa recauda impuestos \u00fanicamente sobre la porci\u00f3n del ingreso total por ventas dentro del estado.<\/span><\/li>\n<\/ul>\n\n\n\n<p>Iowa ofrece incentivos fiscales en la siguiente lista, aunque no exhaustiva, a continuaci\u00f3n:<\/p>\n\n\n\n<ul class=\"wp-block-list\">\n<li><span style=\"font-weight: 400;\">impuesto a la propiedad personal. Los due\u00f1os de negocios no tienen que pagar impuestos sobre las materias primas, sus inventarios de bienes en proceso o bienes comerciales.&nbsp;<\/span><\/li>\n\n\n\n<li><span style=\"font-weight: 400;\">on equipment, industrial machinery, or computers, or purchases of same. The beneficiaries of this break are insurance companies and financial institutions. It also applies to some commercial enterprises. These entities must use the equipment for manufacturing or processing data.<\/span><\/li>\n\n\n\n<li><span style=\"font-weight: 400;\">sobre los materiales utilizados en el proceso de fabricaci\u00f3n. Tambi\u00e9n hay una reducci\u00f3n de impuestos sobre la compra de electricidad o gas natural, propano o agua. La empresa debe utilizar estas materias primas para la fabricaci\u00f3n.&nbsp;<\/span><\/li>\n<\/ul>\n\n\n\n<h2 class=\"wp-block-heading\"><span style=\"font-weight: 400;\">Estado de derecho al trabajo<\/span><\/h2>\n\n\n\n<p><span style=\"font-weight: 400;\">La ley de Iowa estipula que nadie puede obligar a un empleado a registrarse en un sindicato. Los empleados no tienen que pagar cuotas ni honorarios a ning\u00fan sindicato, organizaci\u00f3n o asociaci\u00f3n.<\/span><\/p>\n\n\n\n<p>Iowa provides Regulatory Assistance through a special program. Businesses and regulators can communicate with ease. This communication facilitates the fulfillment of the necessary processes in an expedited manner. It makes it easy to <a href=\"https:\/\/www.sisinternational.com\/es\/establecer-una-empresa-en-turquia\/\" title=\"Establecer una empresa en Turqu\u00eda\"  data-wpil-monitor-id=\"9310\">set up a business<\/a> in the Hawkeye State.<\/p>\n\n\n\n<p><span style=\"font-weight: 400;\">The people of Iowa are productive, skilled, well-educated, and known for their work ethic. Education is a valued commodity in Iowa, a state that continues to invest in its people.<\/span><\/p>\n\n\n\n<h2 class=\"wp-block-heading\">Importancia pol\u00edtica<\/h2>\n\n\n\n<p>Iowa is the location of the &#8220;Iowa Caucus&#8221; during the autumn and early winter of every fourth year as a result of the American elections.&nbsp; Political candidates come to Iowa to campaign.&nbsp; While other states have primaries, Iowa is one of the first to hold its caucus before other states hold theirs.&nbsp; As a result, the state receives a disproportionate amount of national and global attention.&nbsp; Iowa is important because it shows the opinions of an important cross-section of American voters located in the middle of the country.&nbsp; Politicians use the findings and results as a barometer to assess broader national opinion on political issues and candidates.&nbsp; Naturally, the fundraising efforts and tourism by candidates from all over the country boost the local economy.<\/p>\n\n\n\n<h2 class=\"wp-block-heading\">Acerca de la investigaci\u00f3n de mercado en Iowa<\/h2>\n\n\n\n<p>We conduct Qualitative, Quantitative and Strategy Market Research in Iowa.&nbsp; Key <a href=\"https:\/\/www.sisinternational.com\/es\/sampling-techniques-in-qualitative-research-the-complete-guide-to-choosing-the-right-method\/\" title=\"Sampling Techniques in Qualitative Research: The Complete Guide to Choosing the Right Method\"  data-wpil-monitor-id=\"9306\">Qualitative Research methods<\/a> include Focus Groups, Online Communities, Customer In-Depth Interviews, and Telephone Interviews.&nbsp; Our <a href=\"https:\/\/www.sisinternational.com\/es\/quantitative-market-research-methods-and-techniques\/\" title=\"Quantitative Market Research Methods and Techniques\"  data-wpil-monitor-id=\"9307\">Quantitative Research methods<\/a> include CATI Telephone Surveys, Online Surveys and Mobile Quantitative surveys.&nbsp; Our Strategy <a href=\"https:\/\/www.sisinternational.com\/es\/cobertura\/investigacion-de-mercado-asia\/investigacion-de-mercado-micronesia\/\" title=\"Investigaci\u00f3n de mercado en Micronesia\" data-wpil-monitor-id=\"3972\">Research Group provides Market<\/a> Opportunity &amp; Entry research, Channel Intelligence, Innovation Research and Competitive Analysis.<\/p>\n\n\n\n<h2 class=\"wp-block-heading\">&nbsp;<\/h2>","protected":false},"excerpt":{"rendered":"<p>Descubra nuevas oportunidades comerciales con investigaci\u00f3n de mercado en Iowa.<\/p>","protected":false},"author":1,"featured_media":66569,"parent":19303,"menu_order":34,"comment_status":"closed","ping_status":"closed","template":"","meta":{"footnotes":""},"class_list":["post-32723","page","type-page","status-publish","has-post-thumbnail"],"_links":{"self":[{"href":"https:\/\/www.sisinternational.com\/es\/wp-json\/wp\/v2\/pages\/32723","targetHints":{"allow":["GET"]}}],"collection":[{"href":"https:\/\/www.sisinternational.com\/es\/wp-json\/wp\/v2\/pages"}],"about":[{"href":"https:\/\/www.sisinternational.com\/es\/wp-json\/wp\/v2\/types\/page"}],"author":[{"embeddable":true,"href":"https:\/\/www.sisinternational.com\/es\/wp-json\/wp\/v2\/users\/1"}],"replies":[{"embeddable":true,"href":"https:\/\/www.sisinternational.com\/es\/wp-json\/wp\/v2\/comments?post=32723"}],"version-history":[{"count":6,"href":"https:\/\/www.sisinternational.com\/es\/wp-json\/wp\/v2\/pages\/32723\/revisions"}],"predecessor-version":[{"id":81558,"href":"https:\/\/www.sisinternational.com\/es\/wp-json\/wp\/v2\/pages\/32723\/revisions\/81558"}],"up":[{"embeddable":true,"href":"https:\/\/www.sisinternational.com\/es\/wp-json\/wp\/v2\/pages\/19303"}],"wp:featuredmedia":[{"embeddable":true,"href":"https:\/\/www.sisinternational.com\/es\/wp-json\/wp\/v2\/media\/66569"}],"wp:attachment":[{"href":"https:\/\/www.sisinternational.com\/es\/wp-json\/wp\/v2\/media?parent=32723"}],"curies":[{"name":"wp","href":"https:\/\/api.w.org\/{rel}","templated":true}]}}