{"id":32488,"date":"2019-08-10T19:15:43","date_gmt":"2019-08-10T19:15:43","guid":{"rendered":"https:\/\/www.sisinternational.com\/?page_id=32488"},"modified":"2025-09-13T20:28:03","modified_gmt":"2025-09-14T00:28:03","slug":"investigacion-de-mercado-en-kansas","status":"publish","type":"page","link":"https:\/\/www.sisinternational.com\/es\/cobertura\/north-america\/cobertura-de-estados-unidos\/investigacion-de-mercado-en-kansas\/","title":{"rendered":"Investigaci\u00f3n de mercado en Kansas"},"content":{"rendered":"<h1 class=\"wp-block-heading\"><span style=\"font-weight: 400;\">Investigaci\u00f3n de mercado en Kansas<\/span><span style=\"font-weight: 400;\">&nbsp;<\/span><\/h1>\n\n\n\n<figure class=\"gb-block-image gb-block-image-ad412887\"><img loading=\"lazy\" decoding=\"async\" width=\"1456\" height=\"816\" class=\"gb-image gb-image-ad412887\" src=\"https:\/\/www.sisinternational.com\/wp-content\/uploads\/2025\/09\/Kansas-1.jpg\" alt=\"Investigaci\u00f3n y estrategia de mercado internacional de SIS\" title=\"Kansas (1)\" srcset=\"https:\/\/www.sisinternational.com\/wp-content\/uploads\/2025\/09\/Kansas-1.jpg 1456w, https:\/\/www.sisinternational.com\/wp-content\/uploads\/2025\/09\/Kansas-1-300x168.jpg 300w, https:\/\/www.sisinternational.com\/wp-content\/uploads\/2025\/09\/Kansas-1-1024x574.jpg 1024w, https:\/\/www.sisinternational.com\/wp-content\/uploads\/2025\/09\/Kansas-1-768x430.jpg 768w, https:\/\/www.sisinternational.com\/wp-content\/uploads\/2025\/09\/Kansas-1-18x10.jpg 18w\" sizes=\"auto, (max-width: 1456px) 100vw, 1456px\"><\/figure>\n\n\n\n<p><\/p>\n\n\n\n<h2 class=\"wp-block-heading\"><span style=\"font-weight: 400;\">El estado de Kansas, situado en el medio oeste de Estados Unidos, alberga varias ciudades notables. <\/span><\/h2>\n\n\n\n<p><span style=\"font-weight: 400;\">Los m\u00e1s poblados son Wichita, Overland Park, Kansas City, Topeka y Olathe. Otras grandes \u00e1reas metropolitanas son Lawrence, Shawnee, Manhattan, Lenexa y Salina. La agricultura, la producci\u00f3n ganadera, la energ\u00eda, la aviaci\u00f3n y los minerales industriales no combustibles son las principales industrias, y Kansas es el principal productor de trigo del pa\u00eds.<\/span><span style=\"font-weight: 400;\">&nbsp;<\/span><\/p>\n\n\n\n<p><span style=\"font-weight: 400;\">There has been a regular increase in the number of startup companies in Kansas over the years. This state provides business owners with a robust expansion foundation. It&#8217;s easy to grow an enterprise here. <a href=\"https:\/\/www.sisinternational.com\/es\/soluciones\/investigacion-de-mercado-de-consumo\/\" title=\"Consumer Market Research Services for Smarter Business Decisions\"  data-wpil-monitor-id=\"8074\">Business cost and taxes don&#8217;t consume<\/a> the profits of the company. Today, Kansas has a broad <a href=\"https:\/\/www.sisinternational.com\/es\/pericia\/industrias\/investigacion-de-mercados-industriales\/\" title=\"Investigaci\u00f3n y estrategia de mercados industriales\"  data-wpil-monitor-id=\"8069\">industry base since it offers excellent marketing<\/a> advantages.<\/span><\/p>\n\n\n\n<p><span style=\"font-weight: 400;\">For Kansas, we recommend both quantitative and <a href=\"https:\/\/www.sisinternational.com\/es\/tools-and-resources-for-qualitative-market-research\/\" title=\"Tools and Resources for Qualitative Market Research\"  data-wpil-monitor-id=\"8068\">investigaci\u00f3n de mercado cualitativa<\/a>. Both types would be beneficial for people looking to establish a business here. Some of the primary advantages that companies in Kansas can leverage include:<\/span><\/p>\n\n\n\n<h2 class=\"wp-block-heading\">Transporte<\/h2>\n\n\n\n<p><span style=\"font-weight: 400;\">Kansas offers excellent transportation advantages for business owners, and its rail, air, and highway networks are well-established. The state has a central location with quality infrastructure. It provides access to interstate rail, truck services, and air corridors. The strategic location of Kansas places it at the crossroads of the US. As a result, it is cheaper to ship to and from its cities.<\/span><\/p>\n\n\n\n<p><span style=\"font-weight: 400;\">Kansas alberga varias instalaciones de producci\u00f3n, almacenes y \u00e1reas de distribuci\u00f3n, que han obtenido grandes ganancias en el transporte tanto de materias primas como terminadas. Tiene una primera parada conveniente para todos los lugares de marketing importantes. El estado ocupa el segundo lugar en los EE.UU. en cuanto a la prestaci\u00f3n de servicios ferroviarios.<\/span><\/p>\n\n\n\n<h2 class=\"wp-block-heading\">Incentivos comerciales<\/h2>\n\n\n\n<p><span style=\"font-weight: 400;\">\u00bfQuiere registrar una nueva organizaci\u00f3n en Kansas? Existen varios incentivos y programas que su empresa puede obtener. Algunos de los esquemas m\u00e1s comunes incluyen:<\/span><\/p>\n\n\n\n<ul class=\"wp-block-list\">\n<li><b>Incentivos de desarrollo econ\u00f3mico:<\/b><span style=\"font-weight: 400;\"> Grants are available for eligible business owners. These concessions aim to give financing to private enterprises. They, in turn, will be able to keep and create more jobs within the state. Grants can vary in price depending on the size of the business.<\/span><\/li>\n\n\n\n<li><b>Zonas de comercio exterior:<\/b><span style=\"font-weight: 400;\"> El objetivo de este programa es proporcionar un punto de entrada libre de impuestos ilimitado. Las empresas son elegibles para este beneficio al registrarse.<\/span><\/li>\n\n\n\n<li><b>Iniciativa para peque\u00f1as empresas:<\/b><span style=\"font-weight: 400;\"> El Tesoro de Estados Unidos ofrece subsidios a nuevas empresas. La Iniciativa Estatal de Cr\u00e9dito para Peque\u00f1as Empresas tambi\u00e9n tiene incentivos. Las empresas son elegibles para este beneficio al registrarse. El monto de la financiaci\u00f3n puede variar seg\u00fan el tipo de programa.<\/span><\/li>\n<\/ul>\n\n\n\n<h2 class=\"wp-block-heading\">Mano de obra educada y calificada<\/h2>\n\n\n\n<p><span style=\"font-weight: 400;\">Uno <a href=\"https:\/\/www.sisinternational.com\/es\/top-5-benefits-of-qualitative-market-research-for-businesses\/\" title=\"Top 5 Benefits of Qualitative Market Research for Businesses\"  data-wpil-monitor-id=\"8073\">benefit of doing business<\/a> in Kansas is the presence of an educated workforce. Most of the citizens live in metropolitan areas. Still, companies located in any region will find a quality workforce. The education system of Kansas is one of the best in the US, and it has produced well-skilled and trainable individuals. It is a substantial contributing <a href=\"https:\/\/www.sisinternational.com\/es\/factores-clave-de-exito-en-la-investigacion-del-mercado-automotriz\/\" title=\"Factores clave de \u00e9xito en la investigaci\u00f3n de mercado automotriz\"  data-wpil-monitor-id=\"8070\">factor to the success<\/a> of various businesses. This state is a right-to-work one. As a result, the labor cost is below the average of the nation. Additionally, there are various workforce training programs. These programs are for businesses new to Kansas with the goal of expansion.<\/span><\/p>\n\n\n\n<h2 class=\"wp-block-heading\">Asequibilidad de la energ\u00eda<\/h2>\n\n\n\n<p><span style=\"font-weight: 400;\">Kansas has a significant advantage over other states when it comes to supplying enough <a href=\"https:\/\/www.sisinternational.com\/es\/pericia\/curriculums-de-experiencia\/curriculum-de-experiencia-en-industrias-quimicas-y-energeticas\/\" title=\"Empresa de Investigaci\u00f3n de Mercados Qu\u00edmicos y Energ\u00e9ticos\"  data-wpil-monitor-id=\"8071\">energy to meet the needs of companies<\/a>. Kansas has one of the largest natural gas fields in the world, and it is among the leading producers of natural gas in the nation. Additionally, the statewide power costs in Kansas are competitive with the natural average. State authorities try their best to lower the <a href=\"https:\/\/www.sisinternational.com\/es\/ser-ecologico-mejora-el-desempeno-en-recesion\/\" title=\"C\u00f3mo reducir costos en su negocio\"  data-wpil-monitor-id=\"8075\">cost of residing and doing business<\/a> in Kansas. Lawmakers are always finding <a href=\"https:\/\/www.sisinternational.com\/es\/publicaciones\/investigacion-de-mercado-empresarial-escalable-7-formas-de-construir-un-negocio-escalable\/\" title=\"Investigaci\u00f3n de mercado empresarial escalable: 7 formas de construir un negocio escalable\"  data-wpil-monitor-id=\"8072\">ways to improve their business<\/a> climate.<\/span><\/p>\n\n\n\n<h2 class=\"wp-block-heading\">&nbsp;<\/h2>","protected":false},"excerpt":{"rendered":"<p>Descubra nuevas oportunidades con Market Research en Kansas.<\/p>","protected":false},"author":1,"featured_media":66580,"parent":19303,"menu_order":30,"comment_status":"closed","ping_status":"closed","template":"","meta":{"footnotes":""},"class_list":["post-32488","page","type-page","status-publish","has-post-thumbnail"],"_links":{"self":[{"href":"https:\/\/www.sisinternational.com\/es\/wp-json\/wp\/v2\/pages\/32488","targetHints":{"allow":["GET"]}}],"collection":[{"href":"https:\/\/www.sisinternational.com\/es\/wp-json\/wp\/v2\/pages"}],"about":[{"href":"https:\/\/www.sisinternational.com\/es\/wp-json\/wp\/v2\/types\/page"}],"author":[{"embeddable":true,"href":"https:\/\/www.sisinternational.com\/es\/wp-json\/wp\/v2\/users\/1"}],"replies":[{"embeddable":true,"href":"https:\/\/www.sisinternational.com\/es\/wp-json\/wp\/v2\/comments?post=32488"}],"version-history":[{"count":5,"href":"https:\/\/www.sisinternational.com\/es\/wp-json\/wp\/v2\/pages\/32488\/revisions"}],"predecessor-version":[{"id":81360,"href":"https:\/\/www.sisinternational.com\/es\/wp-json\/wp\/v2\/pages\/32488\/revisions\/81360"}],"up":[{"embeddable":true,"href":"https:\/\/www.sisinternational.com\/es\/wp-json\/wp\/v2\/pages\/19303"}],"wp:featuredmedia":[{"embeddable":true,"href":"https:\/\/www.sisinternational.com\/es\/wp-json\/wp\/v2\/media\/66580"}],"wp:attachment":[{"href":"https:\/\/www.sisinternational.com\/es\/wp-json\/wp\/v2\/media?parent=32488"}],"curies":[{"name":"wp","href":"https:\/\/api.w.org\/{rel}","templated":true}]}}