{"id":32477,"date":"2019-08-10T18:51:58","date_gmt":"2019-08-10T18:51:58","guid":{"rendered":"https:\/\/www.sisinternational.com\/?page_id=32477"},"modified":"2025-09-13T19:37:47","modified_gmt":"2025-09-13T23:37:47","slug":"investigacion-de-mercado-en-utah","status":"publish","type":"page","link":"https:\/\/www.sisinternational.com\/es\/cobertura\/north-america\/cobertura-de-estados-unidos\/investigacion-de-mercado-en-utah\/","title":{"rendered":"Investigaci\u00f3n de mercado en Utah"},"content":{"rendered":"<h1 class=\"wp-block-heading\">Investigaci\u00f3n de mercado en Utah<\/h1>\n\n\n\n<figure class=\"gb-block-image gb-block-image-adbb8ca9\"><img loading=\"lazy\" decoding=\"async\" width=\"1456\" height=\"816\" class=\"gb-image gb-image-adbb8ca9\" src=\"https:\/\/www.sisinternational.com\/wp-content\/uploads\/2025\/09\/Utah-3.jpg\" alt=\"Investigaci\u00f3n y estrategia de mercado internacional de SIS\" title=\"Utah (3)\" srcset=\"https:\/\/www.sisinternational.com\/wp-content\/uploads\/2025\/09\/Utah-3.jpg 1456w, https:\/\/www.sisinternational.com\/wp-content\/uploads\/2025\/09\/Utah-3-300x168.jpg 300w, https:\/\/www.sisinternational.com\/wp-content\/uploads\/2025\/09\/Utah-3-1024x574.jpg 1024w, https:\/\/www.sisinternational.com\/wp-content\/uploads\/2025\/09\/Utah-3-768x430.jpg 768w, https:\/\/www.sisinternational.com\/wp-content\/uploads\/2025\/09\/Utah-3-18x10.jpg 18w\" sizes=\"auto, (max-width: 1456px) 100vw, 1456px\"><\/figure>\n\n\n\n<p><\/p>\n\n\n\n<h2 class=\"wp-block-heading\"><span style=\"font-weight: 400;\">Utah is an ideal state for new organizations and is home to many successful companies. <\/span><\/h2>\n\n\n\n<p><span style=\"font-weight: 400;\">Its nickname is the Beehive State due to the industrious nature of the population. The economy of Utah has expanded in 2006 at a yearly rate of 2.3 percent, against the national rate of 0.5 percent.<\/span><\/p>\n\n\n\n<p><span style=\"font-weight: 400;\">Salt Lake es la ciudad m\u00e1s grande con una poblaci\u00f3n de 200.000 habitantes, seguida de West Valley City, que alberga a 136.000 personas. Le siguen Provo, West Jordan y Orem, seguidos de Sandy, Ogden y St. George. Layton y el sur de Jordania tambi\u00e9n son ciudades importantes.<\/span><\/p>\n\n\n\n<h2 class=\"wp-block-heading\">Oportunidades de negocio<\/h2>\n\n\n\n<p><span style=\"font-weight: 400;\">Los compuestos avanzados constituyen la principal industria y el estado produce ruedas de bicicleta de fibra de carbono, componentes aeroespaciales y mucho m\u00e1s. Emplea a m\u00e1s de 10.000 personas. Otros sectores importantes son el aeroespacial, los centros de datos, los medios digitales y la distribuci\u00f3n.<\/span><\/p>\n\n\n\n<p><span style=\"font-weight: 400;\">Los empresarios y empresas consideran a este estado como un entorno f\u00e9rtil para el crecimiento: el resultado de d\u00e9cadas de arduo trabajo por parte de sus residentes. Utah tiene muchas empresas innovadoras en crecimiento y una fuerza laboral calificada. Tambi\u00e9n ha mostrado un aumento en el n\u00famero de empresas, tanto grandes como peque\u00f1as, y muchas organizaciones emblem\u00e1ticas han establecido bases en este estado. Varios factores atraen a estas empresas, por ejemplo, la poblaci\u00f3n educada y las exenciones fiscales. Otros atractivos son el fiable sistema de transporte p\u00fablico y los asequibles inmuebles.<\/span><\/p>\n\n\n\n<h2 class=\"wp-block-heading\">Ventajas de montar un negocio en Utah<\/h2>\n\n\n\n<h3 class=\"wp-block-heading\">Exenciones de impuestos<\/h3>\n\n\n\n<p><span style=\"font-weight: 400;\">La Oficina de Desarrollo Econ\u00f3mico del Gobernador administra un programa de cr\u00e9dito fiscal conocido como Financiamiento Incremental de la Zona de Desarrollo Econ\u00f3mico. Es tanto para organizaciones nuevas como en crecimiento y otorga cr\u00e9ditos fiscales posteriores al desempe\u00f1o de hasta el 30 por ciento de los ingresos estatales. Este cr\u00e9dito es aplicable durante toda la existencia de cualquier nuevo proyecto comercial. Tiene una vigencia de 20 a\u00f1os. Adem\u00e1s, una empresa registrada como corporaci\u00f3n S en Utah no tiene que pagar impuestos sobre la renta. En cambio, los ingresos o p\u00e9rdidas de la empresa pasan a los accionistas. Las corporaciones S en Utah disfrutan de una vida independiente. La incapacidad de un accionista no afecta las operaciones comerciales.<\/span><\/p>\n\n\n\n<h3 class=\"wp-block-heading\">Fuerza laboral joven<\/h3>\n\n\n\n<p><span style=\"font-weight: 400;\">Utah tiene una edad promedio de 29 a\u00f1os. Un tercio de la poblaci\u00f3n es biling\u00fce, resultado de la gran poblaci\u00f3n, la mayor\u00eda de la cual pasa tiempo viajando al extranjero. Las empresas disfrutan de la capacidad ling\u00fc\u00edstica. Ha atra\u00eddo a organizaciones internacionales como Goldman Sachs y eBay.<\/span><\/p>\n\n\n\n<h3 class=\"wp-block-heading\">Incentivos comerciales<\/h3>\n\n\n\n<p><span style=\"font-weight: 400;\">Hay varios incentivos comerciales. Estos incluyen programas de financiaci\u00f3n e incentivos a la innovaci\u00f3n disponibles para las empresas. Algunos de los mejores programas incluyen:<\/span><\/p>\n\n\n\n<ul class=\"wp-block-list\">\n<li><b>Recycle <\/b><a href=\"https:\/\/www.sisinternational.com\/es\/publicaciones\/investigacion-de-mercado-empresarial-escalable-7-formas-de-construir-un-negocio-escalable\/\" title=\"Investigaci\u00f3n de mercado empresarial escalable: 7 formas de construir un negocio escalable\"  data-wpil-monitor-id=\"8047\">market development zone: This is for businesses<\/a> that deal with recycling. It gives them an opportunity for expansion. The program helps enterprises deal with the collection of recycled materials. It also helps with the processing and distribution of these materials.<\/span><\/li>\n\n\n\n<li><b>Programa de zona empresarial (EZ):<\/b><span style=\"font-weight: 400;\"> El estado cre\u00f3 este programa para fomentar el desarrollo. Su objetivo es estimular el crecimiento econ\u00f3mico en lugares espec\u00edficos en dificultades. Despu\u00e9s de registrarse, las nuevas empresas son elegibles para este programa. Reciben cr\u00e9ditos fiscales que pueden conservar durante unos tres a\u00f1os.<\/span><\/li>\n<\/ul>\n\n\n\n<h2 class=\"wp-block-heading\">Turismo<\/h2>\n\n\n\n<p><span style=\"font-weight: 400;\">Este estado comprende ciudades hist\u00f3ricas y vibrantes. Los paisajes naturales de Utah contienen monumentos nacionales, parques estatales y bosques. Estas atracciones atraen a visitantes de todo el mundo.<\/span><\/p>\n\n\n\n<p><span style=\"font-weight: 400;\">Los condados de Garfield, Grand y Rich muestran el mayor crecimiento en empleo anualmente. Daggett, Kane y Wayne tambi\u00e9n han demostrado altas tasas de crecimiento. El condado de Rich tiene una diferencia promedio en el pico anual de trabajo del 77 por ciento entre 2001 y 2018. El condado de Kane es un \u00e1rea menos estacional, pero los niveles de empleo all\u00ed fluct\u00faan en un promedio del 35 por ciento. Los condados de Utah tienen m\u00e1s cosas en com\u00fan que su estacionalidad. Las suaves condiciones clim\u00e1ticas del estado lo hacen ideal para el turismo, y las econom\u00edas de varios condados dependen de ese sector.<\/span><\/p>\n\n\n\n<h2 class=\"wp-block-heading\">Oportunidades tecnol\u00f3gicas<\/h2>\n\n\n\n<p><span style=\"font-weight: 400;\">An essential <a href=\"https:\/\/www.sisinternational.com\/es\/factores-clave-de-exito-en-la-investigacion-del-mercado-automotriz\/\" title=\"Factores clave de \u00e9xito en la investigaci\u00f3n de mercado automotriz\"  data-wpil-monitor-id=\"8048\">factor in the success<\/a> of Utah is its enormous technology sector. This sector resides in a location called Silicon Slopes. It aims to make Utah tech companies share information and resources. In this way, it will attract other businesses to the state.<\/span><\/p>\n\n\n\n<h2 class=\"wp-block-heading\">&nbsp;<\/h2>","protected":false},"excerpt":{"rendered":"<p>Descubra nuevas oportunidades de negocio con Market Research en Utah.<\/p>","protected":false},"author":1,"featured_media":66732,"parent":19303,"menu_order":28,"comment_status":"closed","ping_status":"closed","template":"","meta":{"footnotes":""},"class_list":["post-32477","page","type-page","status-publish","has-post-thumbnail"],"_links":{"self":[{"href":"https:\/\/www.sisinternational.com\/es\/wp-json\/wp\/v2\/pages\/32477","targetHints":{"allow":["GET"]}}],"collection":[{"href":"https:\/\/www.sisinternational.com\/es\/wp-json\/wp\/v2\/pages"}],"about":[{"href":"https:\/\/www.sisinternational.com\/es\/wp-json\/wp\/v2\/types\/page"}],"author":[{"embeddable":true,"href":"https:\/\/www.sisinternational.com\/es\/wp-json\/wp\/v2\/users\/1"}],"replies":[{"embeddable":true,"href":"https:\/\/www.sisinternational.com\/es\/wp-json\/wp\/v2\/comments?post=32477"}],"version-history":[{"count":3,"href":"https:\/\/www.sisinternational.com\/es\/wp-json\/wp\/v2\/pages\/32477\/revisions"}],"predecessor-version":[{"id":81355,"href":"https:\/\/www.sisinternational.com\/es\/wp-json\/wp\/v2\/pages\/32477\/revisions\/81355"}],"up":[{"embeddable":true,"href":"https:\/\/www.sisinternational.com\/es\/wp-json\/wp\/v2\/pages\/19303"}],"wp:featuredmedia":[{"embeddable":true,"href":"https:\/\/www.sisinternational.com\/es\/wp-json\/wp\/v2\/media\/66732"}],"wp:attachment":[{"href":"https:\/\/www.sisinternational.com\/es\/wp-json\/wp\/v2\/media?parent=32477"}],"curies":[{"name":"wp","href":"https:\/\/api.w.org\/{rel}","templated":true}]}}