{"id":32299,"date":"2019-07-07T02:51:21","date_gmt":"2019-07-07T02:51:21","guid":{"rendered":"https:\/\/www.sisinternational.com\/?page_id=32299"},"modified":"2026-01-26T18:20:01","modified_gmt":"2026-01-26T23:20:01","slug":"notificacion-de-estafa-de-compras-misteriosas","status":"publish","type":"page","link":"https:\/\/www.sisinternational.com\/es\/notificacion-de-estafa-de-compras-misteriosas\/","title":{"rendered":"Avoiding Scams"},"content":{"rendered":"<h1>Avoiding Scams<\/h1>\n<p>Our company, SIS International Research, is a reputable and legitimate company that has been in business for over 40 years. We post valid Focus Groups, and other research opportunities on our website <a href=\"https:\/\/www.sisinternational.com\/es\/soluciones\/grupos-de-enfoque\/unirse-a-grupos-focales\/\">www.sisinternational.com<\/a>.<\/p>\n<p>Tenga en cuenta que SIS International Research est\u00e1 <strong><span style=\"text-decoration: underline;\">no<\/span><\/strong> reclutar a cualquier persona para participar en un estudio de \u201cCompras Misteriosas\u201d o \u201cCompradores Secretos\u201d en los Estados Unidos, Canad\u00e1, Europa, Asia o cualquier otro lugar.<\/p>\n<ul>\n<li><strong>No exigimos que las personas cobren cheques para pasar a otra fase de un proyecto de investigaci\u00f3n.\u00a0 <\/strong><\/li>\n<li><strong>No pedimos a las personas que compren productos para recibir un gran pago en el futuro.\u00a0<\/strong><\/li>\n<li><strong>No utilizamos cheques de caja.<\/strong><\/li>\n<li><strong>No le pedimos a la gente que compre tarjetas de regalo de Walmart.<\/strong><\/li>\n<li><strong>We do not hire employees using text messages, social media or online forms.<\/strong><\/li>\n<li><strong>No organizamos sorteos.<\/strong><\/li>\n<li><strong>We do not hire by Whatsapp, Telegram or YouTube.<\/strong><\/li>\n<li><strong>We do not hire people to participate in Youtube activities.<\/strong><\/li>\n<li><strong>We do not require upfront money to participate in our studies.<\/strong><\/li>\n<li><strong>No requerimos dinero por adelantado de los encuestados para participar en uno de nuestros estudios u oportunidades.<\/strong><\/li>\n<li><strong>We do not recruit consumers to participate in studies or <a href=\"https:\/\/www.sisinternational.com\/es\/cobertura\/investigacion-de-mercado-africa\/investigacion-de-mercado-en-sudafrica\/\" title=\"Investigaci\u00f3n de mercado en Sud\u00e1frica\"  data-wpil-monitor-id=\"6838\">marketing activities in Malaysia and South<\/a> East Asia using WhatsApp.<\/strong><\/li>\n<li><strong>We do not have a Human Resources department that contacts respondents to participate in studies.\u00a0<\/strong><\/li>\n<li><strong>We do not have an HR Department that uses Whatsapp, Telegram or YouTube to hire people for tasks.<\/strong><\/li>\n<li><strong>No contactamos a los encuestados desde n\u00fameros de tel\u00e9fono de Malasia o del Sudeste Asi\u00e1tico.<\/strong><\/li>\n<li><strong>No pagamos compensaci\u00f3n en la moneda ringgit malaya.<\/strong><\/li>\n<\/ul>\n<p>If you receive any correspondence promising an incentive or monetary payout to conduct activities related to <span style=\"text-decoration: underline;\">YouTube, Telegram, Whatsapp, Mystery Shopping, a Sweepstakes or Secret Shopping<\/span>, esta no es una oferta v\u00e1lida de SIS International Research.<\/p>\n<h2>Si tiene alguna pregunta o desea verificar la autenticidad de un estudio de investigaci\u00f3n, env\u00edenos un correo electr\u00f3nico con capturas de pantalla de la correspondencia a <a href=\"mailto:research@sisinternational.com\" target=\"_blank\" rel=\"noopener noreferrer\">research@sisinternational.com<\/a><\/h2>","protected":false},"excerpt":{"rendered":"<p>Avoiding Scams Our company, SIS International Research, is a reputable and legitimate company that has been in business for over 40 years. We post valid Focus Groups, and other research opportunities on our website www.sisinternational.com. Please note that SIS International Research is not recruiting anyone to take part in a &#8220;Mystery Shopping&#8221; or &#8220;Secret Shopper&#8221; &#8230; <a title=\"Avoiding Scams\" class=\"read-more\" href=\"https:\/\/www.sisinternational.com\/es\/notificacion-de-estafa-de-compras-misteriosas\/\" aria-label=\"Leer m\u00e1s sobre Avoiding Scams\">Leer m\u00e1s<\/a><\/p>","protected":false},"author":1,"featured_media":0,"parent":0,"menu_order":40,"comment_status":"closed","ping_status":"closed","template":"","meta":{"footnotes":""},"class_list":["post-32299","page","type-page","status-publish"],"_links":{"self":[{"href":"https:\/\/www.sisinternational.com\/es\/wp-json\/wp\/v2\/pages\/32299","targetHints":{"allow":["GET"]}}],"collection":[{"href":"https:\/\/www.sisinternational.com\/es\/wp-json\/wp\/v2\/pages"}],"about":[{"href":"https:\/\/www.sisinternational.com\/es\/wp-json\/wp\/v2\/types\/page"}],"author":[{"embeddable":true,"href":"https:\/\/www.sisinternational.com\/es\/wp-json\/wp\/v2\/users\/1"}],"replies":[{"embeddable":true,"href":"https:\/\/www.sisinternational.com\/es\/wp-json\/wp\/v2\/comments?post=32299"}],"version-history":[{"count":4,"href":"https:\/\/www.sisinternational.com\/es\/wp-json\/wp\/v2\/pages\/32299\/revisions"}],"predecessor-version":[{"id":80414,"href":"https:\/\/www.sisinternational.com\/es\/wp-json\/wp\/v2\/pages\/32299\/revisions\/80414"}],"wp:attachment":[{"href":"https:\/\/www.sisinternational.com\/es\/wp-json\/wp\/v2\/media?parent=32299"}],"curies":[{"name":"wp","href":"https:\/\/api.w.org\/{rel}","templated":true}]}}