{"id":32284,"date":"2019-07-07T00:06:05","date_gmt":"2019-07-07T00:06:05","guid":{"rendered":"https:\/\/www.sisinternational.com\/?page_id=32284"},"modified":"2025-09-13T19:32:06","modified_gmt":"2025-09-13T23:32:06","slug":"investigacion-de-mercado-en-indiana","status":"publish","type":"page","link":"https:\/\/www.sisinternational.com\/es\/cobertura\/north-america\/cobertura-de-estados-unidos\/investigacion-de-mercado-en-indiana\/","title":{"rendered":"Investigaci\u00f3n de mercado en Indiana"},"content":{"rendered":"<h1 class=\"wp-block-heading\"><span style=\"font-weight: 400;\">Investigaci\u00f3n de mercado en Indiana<\/span><\/h1>\n\n\n\n<figure class=\"gb-block-image gb-block-image-5a61c787\"><img loading=\"lazy\" decoding=\"async\" width=\"1456\" height=\"816\" class=\"gb-image gb-image-5a61c787\" src=\"https:\/\/www.sisinternational.com\/wp-content\/uploads\/2025\/09\/Indiana-5.jpg\" alt=\"Investigaci\u00f3n y estrategia de mercado internacional de SIS\" title=\"Indiana (5)\" srcset=\"https:\/\/www.sisinternational.com\/wp-content\/uploads\/2025\/09\/Indiana-5.jpg 1456w, https:\/\/www.sisinternational.com\/wp-content\/uploads\/2025\/09\/Indiana-5-300x168.jpg 300w, https:\/\/www.sisinternational.com\/wp-content\/uploads\/2025\/09\/Indiana-5-1024x574.jpg 1024w, https:\/\/www.sisinternational.com\/wp-content\/uploads\/2025\/09\/Indiana-5-768x430.jpg 768w, https:\/\/www.sisinternational.com\/wp-content\/uploads\/2025\/09\/Indiana-5-18x10.jpg 18w\" sizes=\"auto, (max-width: 1456px) 100vw, 1456px\"><\/figure>\n\n\n\n<p><\/p>\n\n\n\n<h2 class=\"wp-block-heading\"><span style=\"font-weight: 400;\">El estado de Indiana se encuentra en las regiones del Medio Oeste y los Grandes Lagos de los Estados Unidos. <\/span><\/h2>\n\n\n\n<p><span style=\"font-weight: 400;\">Est\u00e1 entre Kentucky y Michigan, y Ohio e Illinois comparten su frontera. Indiana, siendo el decimos\u00e9ptimo estado m\u00e1s poblado de Estados Unidos, tiene casi 6,7 millones de personas. Tiene una superficie de 36.418 millas cuadradas.<\/span><\/p>\n\n\n\n<p><span style=\"font-weight: 400;\">Una proporci\u00f3n significativa de los ingresos de Indiana proviene de la manufactura. Desde 1975, Indiana se ha ganado durante mucho tiempo el honor de ser el mayor estado productor de acero de Estados Unidos. Situada en el noroeste de Indiana, la regi\u00f3n de Calumet proporciona 17% del total de reservas de acero de Estados Unidos. Calumet es la mayor regi\u00f3n productora de acero de Estados Unidos.<\/span><\/p>\n\n\n\n<p><span style=\"font-weight: 400;\">La fabricaci\u00f3n de autom\u00f3viles tambi\u00e9n tiene una amplia infraestructura en Indiana. Es el segundo estado m\u00e1s grande en fabricaci\u00f3n de autom\u00f3viles. Indiana tambi\u00e9n fabrica dispositivos m\u00e9dicos, equipos de transporte y caucho. Maquinaria de f\u00e1brica, autom\u00f3viles y productos qu\u00edmicos son algunos de los otros productos de Indiana.<\/span><\/p>\n\n\n\n<h2 class=\"wp-block-heading\"><span style=\"font-weight: 400;\">Transporte<\/span><\/h2>\n\n\n\n<p><span style=\"font-weight: 400;\">El lema del estado de Indiana es &quot;La encrucijada de Am\u00e9rica&quot;. El estado tiene una industria del transporte en progreso. Tiene la ventaja de que 75% de las regiones de EE. UU. se encuentran a un d\u00eda de viaje. Por lo tanto, las locomotoras, el transporte por carretera y el almacenamiento son un sector destacado y vital de Indiana. El estado tiene puertos en el r\u00edo Ohio y en el lago Michigan para ayudar a esta industria.<\/span><\/p>\n\n\n\n<p><span style=\"font-weight: 400;\">Indiana is also a global logistics leader, offering businesses a robust competitive advantage with its access to North <a href=\"https:\/\/www.sisinternational.com\/es\/cobertura\/las-americas\/cobertura-de-estados-unidos\/investigacion-de-mercado-afroamericana\/\" title=\"Investigaci\u00f3n de mercado afroamericano\"  data-wpil-monitor-id=\"8049\">American and world markets<\/a>. Its logistics and transportation industry provides more than a hundred thousand jobs. This industry accounts for over 4 percent of jobs in the state. The concentration level is 44 percent more than the nationwide average.<\/span><\/p>\n\n\n\n<h2 class=\"wp-block-heading\"><span style=\"font-weight: 400;\">Tecnolog\u00edas de la informaci\u00f3n<\/span><\/h2>\n\n\n\n<p><span style=\"font-weight: 400;\">Indianapolis is the leading sponsor of <a href=\"https:\/\/www.sisinternational.com\/es\/investigacion-de-mercado-en-linea\/\" title=\"\u00bfQu\u00e9 es la investigaci\u00f3n de mercado en l\u00ednea?\"  data-wpil-monitor-id=\"8050\">marketing related to IT and online<\/a> advertisement. There is constant growth in the industry. Indiana has first-rate universities. They provide graduates at a fast rate while boosting technology-related business.<\/span><\/p>\n\n\n\n<h2 class=\"wp-block-heading\"><span style=\"font-weight: 400;\">Turismo<\/span><\/h2>\n\n\n\n<p><span style=\"font-weight: 400;\">The state of Indiana joins educational values with fun experiences and offers many tourist attractions, including the Snite Museum of Art and the Studebaker National Museum. There&#8217;s also the infamous WonderLab Science Museum. For people who love the outdoors, there are hiking trails with enchanting scenery. There&#8217;s also Prophetstown State Park and campsites like Indiana Dunes National Lakeshore, all of which influence the increase of <a href=\"https:\/\/www.sisinternational.com\/es\/soluciones\/consultoria-de-hosteleria-y-turismo-en-viajes\/consultoria-de-marketing-para-hoteles-y-restaurantes\/\" title=\"Consultor\u00eda de marketing para restaurantes y hoteles\"  data-wpil-monitor-id=\"8054\">hotels and restaurants<\/a> in such places. Their popularity could attract a large number of people while boosting the business.<\/span><span style=\"font-weight: 400;\">&nbsp;<\/span><\/p>\n\n\n\n<h2 class=\"wp-block-heading\"><span style=\"font-weight: 400;\">Negocios en Indian\u00e1polis<\/span><\/h2>\n\n\n\n<p><span style=\"font-weight: 400;\">Indianapolis is the core transportation, industrial, and commercial center of the state. It also serves in that role for the Midwest. An enlarged economic base assists Indianapolis. The city&#8217;s prominent industry was manufacturing up until the 1980s. Retailing and <a href=\"https:\/\/www.sisinternational.com\/es\/soluciones\/investigacion-de-consultoria-estrategica-fintech\/investigacion-de-mercado-de-la-industria-de-servicios-financieros\/\" title=\"Investigaci\u00f3n de mercado de la industria de servicios financieros\"  data-wpil-monitor-id=\"8052\">services have now replaced this industry<\/a>. Indianapolis is home to the country&#8217;s top sporting events. Each significant sporting event enhances the economy by tens of millions of dollars. It expands the business opportunities while amplifying the tax payments to the city. The major economic factors are the hotel industry, including conventions and tourism.<\/span><\/p>\n\n\n\n<h2 class=\"wp-block-heading\"><span style=\"font-weight: 400;\">Mano de obra<\/span><\/h2>\n\n\n\n<p><span style=\"font-weight: 400;\">In Indianapolis alone, the labor force is about one million skilled local workers. Labor estimates show that the worker productivity rate in Indianapolis is very high. In fact, it is higher than the national average. Thus, Indianapolis aids in providing a further boost to the state&#8217;s evergreen economy. This achievement is partly due to the diversity within the vast economy of Indiana. Companies find value in the skilled labor force, transportation, and quality of life. The state also offers business incentives. Thus, it provides many opportunities for investors in business and start-ups.<\/span><\/p>\n\n\n\n<p><span style=\"font-weight: 400;\">Indiana has a favorable business climate.\u00a0 The state&#8217;s business infrastructure continues is robust, and the state continues to improve economic policy, development and incentives. Thus, there are tremendous advantages for investing, start-ups, and business in Indiana. Another advantage is the passionate hard-work of the workforce. <a href=\"https:\/\/www.sisinternational.com\/es\/pericia\/curriculums-de-experiencia\/empresa-de-investigacion-de-mercados-b2b\/\" title=\"La mejor empresa de investigaci\u00f3n de mercados B2B\"  data-wpil-monitor-id=\"8057\">Companies have access to top<\/a> financial professionals, elected officials, and non-profit organizations.<\/span><\/p>\n\n\n\n<h2 class=\"wp-block-heading\">&nbsp;<\/h2>","protected":false},"excerpt":{"rendered":"<p>Brindamos investigaciones de mercado en Indiana en ciudades como Indian\u00e1polis, Fort Wayne, Bloomington y Evansville.<\/p>","protected":false},"author":1,"featured_media":66566,"parent":19303,"menu_order":26,"comment_status":"closed","ping_status":"closed","template":"","meta":{"footnotes":""},"class_list":["post-32284","page","type-page","status-publish","has-post-thumbnail"],"_links":{"self":[{"href":"https:\/\/www.sisinternational.com\/es\/wp-json\/wp\/v2\/pages\/32284","targetHints":{"allow":["GET"]}}],"collection":[{"href":"https:\/\/www.sisinternational.com\/es\/wp-json\/wp\/v2\/pages"}],"about":[{"href":"https:\/\/www.sisinternational.com\/es\/wp-json\/wp\/v2\/types\/page"}],"author":[{"embeddable":true,"href":"https:\/\/www.sisinternational.com\/es\/wp-json\/wp\/v2\/users\/1"}],"replies":[{"embeddable":true,"href":"https:\/\/www.sisinternational.com\/es\/wp-json\/wp\/v2\/comments?post=32284"}],"version-history":[{"count":5,"href":"https:\/\/www.sisinternational.com\/es\/wp-json\/wp\/v2\/pages\/32284\/revisions"}],"predecessor-version":[{"id":81356,"href":"https:\/\/www.sisinternational.com\/es\/wp-json\/wp\/v2\/pages\/32284\/revisions\/81356"}],"up":[{"embeddable":true,"href":"https:\/\/www.sisinternational.com\/es\/wp-json\/wp\/v2\/pages\/19303"}],"wp:featuredmedia":[{"embeddable":true,"href":"https:\/\/www.sisinternational.com\/es\/wp-json\/wp\/v2\/media\/66566"}],"wp:attachment":[{"href":"https:\/\/www.sisinternational.com\/es\/wp-json\/wp\/v2\/media?parent=32284"}],"curies":[{"name":"wp","href":"https:\/\/api.w.org\/{rel}","templated":true}]}}