{"id":32275,"date":"2019-07-06T23:36:30","date_gmt":"2019-07-06T23:36:30","guid":{"rendered":"https:\/\/www.sisinternational.com\/?page_id=32275"},"modified":"2025-09-13T19:30:39","modified_gmt":"2025-09-13T23:30:39","slug":"investigacion-de-mercado-en-tennessee","status":"publish","type":"page","link":"https:\/\/www.sisinternational.com\/es\/cobertura\/north-america\/cobertura-de-estados-unidos\/investigacion-de-mercado-en-tennessee\/","title":{"rendered":"Investigaci\u00f3n de mercado en Tennessee"},"content":{"rendered":"<h1 class=\"wp-block-heading\">Investigaci\u00f3n de mercado en Tennessee<\/h1>\n\n\n\n<figure class=\"gb-block-image gb-block-image-215b0999\"><img loading=\"lazy\" decoding=\"async\" width=\"1456\" height=\"816\" class=\"gb-image gb-image-215b0999\" src=\"https:\/\/www.sisinternational.com\/wp-content\/uploads\/2025\/09\/Tennessee-2.jpg\" alt=\"Investigaci\u00f3n y estrategia de mercado internacional de SIS\" title=\"Tennessee (2)\" srcset=\"https:\/\/www.sisinternational.com\/wp-content\/uploads\/2025\/09\/Tennessee-2.jpg 1456w, https:\/\/www.sisinternational.com\/wp-content\/uploads\/2025\/09\/Tennessee-2-300x168.jpg 300w, https:\/\/www.sisinternational.com\/wp-content\/uploads\/2025\/09\/Tennessee-2-1024x574.jpg 1024w, https:\/\/www.sisinternational.com\/wp-content\/uploads\/2025\/09\/Tennessee-2-768x430.jpg 768w, https:\/\/www.sisinternational.com\/wp-content\/uploads\/2025\/09\/Tennessee-2-18x10.jpg 18w\" sizes=\"auto, (max-width: 1456px) 100vw, 1456px\"><\/figure>\n\n\n\n<p><\/p>\n\n\n\n<h2 class=\"wp-block-heading\"><span style=\"font-weight: 400;\">Tennessee, conocido como el &quot;Estado de los voluntarios&quot;, es un estado sin salida al mar del sur de Estados Unidos. <\/span><\/h2>\n\n\n\n<p><span style=\"font-weight: 400;\">Tennessee is the home of the NFL&#8217;s Tennessee Titans and NHL&#8217;s Nashville Predators. You&#8217;ll also find the legendary Tennessee Volunteers college football program, and the NBA&#8217;s Memphis Grizzlies has its base here.&nbsp; Tennessee has defined geography with a West Tennessee, Middle Tennessee, and East Tennessee. The state bird of Tennessee is the mockingbird, and the state flower (cultivated) is the Iris.&nbsp;&nbsp;<\/span><\/p>\n\n\n\n<h2 class=\"wp-block-heading\"><span style=\"font-weight: 400;\">Industrias de Tennessee<\/span><\/h2>\n\n\n\n<p><span style=\"font-weight: 400;\">The Oak Ridge National <a href=\"https:\/\/www.sisinternational.com\/es\/pericia\/industrias\/investigacion-de-mercado-de-laboratorio\/\" title=\"Investigaci\u00f3n de mercado de laboratorio\"  data-wpil-monitor-id=\"8058\">Laboratory<\/a> was a principal place for nuclear research. Most of the work for the famed Manhattan Project also took place in Oak Ridge. The Oak Ridge National Laboratory is a significant employer in the state.&nbsp; <\/span><span style=\"font-weight: 400;\">Las grandes industrias de Tennessee incluyen la agricultura, el turismo y la manufactura. El ganado vacuno, la soja y las aves de corral son los principales productos agr\u00edcolas de Tennessee.<\/span><\/p>\n\n\n\n<h2 class=\"wp-block-heading\"><span style=\"font-weight: 400;\">Haciendo negocios en Tennessee<\/span><\/h2>\n\n\n\n<p><span style=\"font-weight: 400;\">Como \u201cestado con derecho al trabajo\u201d, la falta de sindicatos y mano de obra organizada es m\u00ednima y est\u00e1 disminuyendo. El estado no tiene ning\u00fan impuesto sobre la renta personal sobre los salarios de los empleados. La tasa de desempleo en 2016 en Tennessee era del 4,3 por ciento. La tasa de pobreza de Tennessee es m\u00e1s alta que el promedio nacional de Estados Unidos.<\/span><\/p>\n\n\n\n<p><span style=\"font-weight: 400;\">Some of the corporations in Tennessee are AutoZone, International Paper, and FedEx. Others are The Pilot Corporation, Eastman Chemical Company, and the Regal Entertainment Group. Tennessee has Nissan Motor <a href=\"https:\/\/www.sisinternational.com\/es\/estrategia-de-marketing-completa-para-una-empresa-estadounidense-de-finanzas-personales-en-linea\/\" title=\"Estrategia de marketing completa para una empresa estadounidense de finanzas personales en l\u00ednea\"  data-wpil-monitor-id=\"8056\">Company&#8217;s North American<\/a> headquarters.<\/span><span style=\"font-weight: 400;\">&nbsp;<\/span><\/p>\n\n\n\n<h2 class=\"wp-block-heading\"><span style=\"font-weight: 400;\">La poblaci\u00f3n de Tennessee<\/span><\/h2>\n\n\n\n<p><span style=\"font-weight: 400;\">The population of Tennessee is over 6.7 million. Since 2010, Tennessee&#8217;s population has increased by 424,000 people. Tennessee has a rank of 16th for the most populated U.S. states. Nashville, with almost 668,000 people, is the largest city by population in the state of Tennessee. Memphis, which has nearly 652,000 people, is second. Knoxville is third on the most populous list with 187,000 people, and Chattanooga is fourth with 132,631. Clarksville is fifth with 121,477 people. Murfreesboro is sixth, Franklin, seventh, and Jackson, eighth. Johnson <a href=\"https:\/\/www.sisinternational.com\/es\/soluciones\/soluciones-de-branding-e-investigacion-de-clientes\/investigacion-de-mercado-de-pruebas-de-productos\/prueba-de-sabor-de-alimentos-de-sis-international\/\" title=\"\u00bfQu\u00e9 hace que SIS International Research sea la principal empresa de investigaci\u00f3n de mercados para pruebas de sabor de alimentos en la ciudad de Nueva York?\"  data-wpil-monitor-id=\"8055\">City and Bartlett top<\/a> out the ten biggest cities by population rank in Tennessee.<\/span><\/p>\n\n\n\n<h2 class=\"wp-block-heading\"><span style=\"font-weight: 400;\">Principales sitios tur\u00edsticos en Tennessee<\/span><\/h2>\n\n\n\n<p><span style=\"font-weight: 400;\">Algunas de las principales atracciones tur\u00edsticas de Tennessee son Ober Gatlinburg y \u201cDollywood\u201d de Dolly Parton, ubicado en Pigeon Forge. Otras atracciones incluyen el Acuario Ripley y el Parten\u00f3n. Tennessee tambi\u00e9n alberga el Museo y Sal\u00f3n de la Fama de la M\u00fasica Country. Para los fan\u00e1ticos del whisky, Jack Daniel&#039;s Distillery es un lugar favorito situado en Lynchburg. Tennessee es tambi\u00e9n la ubicaci\u00f3n de la mansi\u00f3n de Elvis Presley, Graceland. Millones de personas visitan Graceland cada a\u00f1o. Graceland incluye las tumbas de Elvis y de sus padres.<\/span><span style=\"font-weight: 400;\">&nbsp;<\/span><\/p>\n\n\n\n<p><span style=\"font-weight: 400;\">NASCAR fans can visit the state to watch a car race at the Bristol Motor Speedway. For animal lovers, the Memphis Zoo is a popular attraction. It is accessible to residents of Tennessee and surrounding states. Another great attraction is the National Civil Rights Museum, located in Memphis. This museum gives visitors an in-depth look at the history of the Civil Rights movement and <a href=\"https:\/\/www.sisinternational.com\/es\/soluciones\/soluciones-de-branding-e-investigacion-de-clientes\/narracion-de-historias-investigacion-de-mercado\/\" title=\"Investigaci\u00f3n de mercado de narraci\u00f3n de historias\"  data-wpil-monitor-id=\"8051\">tells the story<\/a> of Martin Luther King.\u00a0<\/span><\/p>\n\n\n\n<h2 class=\"wp-block-heading\"><span style=\"font-weight: 400;\">Ventajas de hacer negocios en Tennessee<\/span><\/h2>\n\n\n\n<p><span style=\"font-weight: 400;\">Tennessee never stopped creating goods used all over the world. They continued even when other states gave up on their manufacturing workforce. &#8220;Made in Tennessee&#8221; has special meaning in the international community. Tennessee so believes in its workforce that it&#8217;s investing in education to strengthen it. Companies choose Tennessee for these qualities. They also prefer it because of its sound fiscal <a href=\"https:\/\/www.sisinternational.com\/es\/soluciones\/investigacion-de-consultoria-estrategica-fintech\/investigacion-de-mercado-de-gestion-de-inversiones\/\" title=\"Investigaci\u00f3n de mercado de gesti\u00f3n de inversiones\"  data-wpil-monitor-id=\"8053\">management and its investments<\/a> into the economic ecosystem.<\/span><\/p>\n\n\n\n<h2 class=\"wp-block-heading\">&nbsp;<\/h2>","protected":false},"excerpt":{"rendered":"<p>Realizamos investigaciones de mercado en Tennessee, incluidas ciudades como Nashville, Memphis, Knoxville y Chattanooga.<\/p>","protected":false},"author":1,"featured_media":66724,"parent":19303,"menu_order":24,"comment_status":"closed","ping_status":"closed","template":"","meta":{"footnotes":""},"class_list":["post-32275","page","type-page","status-publish","has-post-thumbnail"],"_links":{"self":[{"href":"https:\/\/www.sisinternational.com\/es\/wp-json\/wp\/v2\/pages\/32275","targetHints":{"allow":["GET"]}}],"collection":[{"href":"https:\/\/www.sisinternational.com\/es\/wp-json\/wp\/v2\/pages"}],"about":[{"href":"https:\/\/www.sisinternational.com\/es\/wp-json\/wp\/v2\/types\/page"}],"author":[{"embeddable":true,"href":"https:\/\/www.sisinternational.com\/es\/wp-json\/wp\/v2\/users\/1"}],"replies":[{"embeddable":true,"href":"https:\/\/www.sisinternational.com\/es\/wp-json\/wp\/v2\/comments?post=32275"}],"version-history":[{"count":3,"href":"https:\/\/www.sisinternational.com\/es\/wp-json\/wp\/v2\/pages\/32275\/revisions"}],"predecessor-version":[{"id":81357,"href":"https:\/\/www.sisinternational.com\/es\/wp-json\/wp\/v2\/pages\/32275\/revisions\/81357"}],"up":[{"embeddable":true,"href":"https:\/\/www.sisinternational.com\/es\/wp-json\/wp\/v2\/pages\/19303"}],"wp:featuredmedia":[{"embeddable":true,"href":"https:\/\/www.sisinternational.com\/es\/wp-json\/wp\/v2\/media\/66724"}],"wp:attachment":[{"href":"https:\/\/www.sisinternational.com\/es\/wp-json\/wp\/v2\/media?parent=32275"}],"curies":[{"name":"wp","href":"https:\/\/api.w.org\/{rel}","templated":true}]}}