{"id":31975,"date":"2019-06-15T05:19:22","date_gmt":"2019-06-15T05:19:22","guid":{"rendered":"https:\/\/www.sisinternational.com\/?page_id=31975"},"modified":"2026-01-25T17:07:45","modified_gmt":"2026-01-25T22:07:45","slug":"investigacion-de-mercado-en-amberes","status":"publish","type":"page","link":"https:\/\/www.sisinternational.com\/es\/cobertura\/europa\/investigacion-de-mercado-en-amberes\/","title":{"rendered":"Investigaci\u00f3n de mercado en Amberes"},"content":{"rendered":"<h1 class=\"wp-block-heading\">Investigaci\u00f3n de mercado en Amberes<\/h1>\n\n\n\n<figure class=\"gb-block-image gb-block-image-60d3c661\"><img loading=\"lazy\" decoding=\"async\" width=\"1456\" height=\"816\" class=\"gb-image gb-image-60d3c661\" src=\"https:\/\/www.sisinternational.com\/wp-content\/uploads\/2025\/09\/Antwerp-2.jpg\" alt=\"Investigaci\u00f3n y estrategia de mercado internacional de SIS\" title=\"Antwerp (2)\" srcset=\"https:\/\/www.sisinternational.com\/wp-content\/uploads\/2025\/09\/Antwerp-2.jpg 1456w, https:\/\/www.sisinternational.com\/wp-content\/uploads\/2025\/09\/Antwerp-2-300x168.jpg 300w, https:\/\/www.sisinternational.com\/wp-content\/uploads\/2025\/09\/Antwerp-2-1024x574.jpg 1024w, https:\/\/www.sisinternational.com\/wp-content\/uploads\/2025\/09\/Antwerp-2-768x430.jpg 768w, https:\/\/www.sisinternational.com\/wp-content\/uploads\/2025\/09\/Antwerp-2-18x10.jpg 18w\" sizes=\"auto, (max-width: 1456px) 100vw, 1456px\"><\/figure>\n\n\n\n<p><\/p>\n\n\n\n<h2 class=\"wp-block-heading\">La investigaci\u00f3n de mercado en Amberes proporciona datos y conocimientos de los clientes para obtener ventajas comerciales.<\/h2>\n\n\n\n<p>Antwerp is a city in the north of Belgium. It has several dominant business sectors such as the marine sector, electricity, the chemical industry, and diamonds.<\/p>\n\n\n\n<p>El puerto de Amberes es el segundo puerto europeo m\u00e1s grande despu\u00e9s de Rotterdam y la actividad econ\u00f3mica m\u00e1s importante de la ciudad. Gracias al r\u00edo Escalda, Amberes tiene una ubicaci\u00f3n estrat\u00e9gica muy atractiva. De hecho, el r\u00edo es uno de los canales m\u00e1s importantes de B\u00e9lgica.<\/p>\n\n\n\n<p>Amberes est\u00e1 conectada con las zonas industriales alemanas y con el canal Willebroek, el puerto de Bruselas.<\/p>\n\n\n\n<p>Electricity generation is also an important activity with four nuclear power plants in Doel, a conventional power plant in Kallo, and several small power plants.<\/p>\n\n\n\n<p>El otro pilar importante de Amberes es el comercio de diamantes, que se desarrolla principalmente en el distrito de los diamantes.<\/p>\n\n\n\n<p>La ciudad es pr\u00f3spera y cubre un \u00e1rea grande, lo que crea numerosas oportunidades y empleos.<\/p>\n\n\n\n<p>The city has four diamond exchanges: the Diamond Club of Antwerp (the oldest in the world), Beurs voor Diamanthandel, Antwerp Diamantkring and Vrije Diamanthandel. The Antwerp World Diamond Center is located in the Diamond Quarter.&nbsp; It is one partnership representing the Antwerp diamond sector. The Diamond Office in the heart of the Antwerp World Diamond Center which regulates the export and import of diamonds.<\/p>\n\n\n\n<p>La industria qu\u00edmica tambi\u00e9n est\u00e1 bien desarrollada, ya que la planta de BASF en Amberes es la mayor fuera de Alemania.<\/p>\n\n\n\n<div class=\"fusion-text\">\n<h2 data-fontsize=\"28\" data-lineheight=\"46\">Acerca de la investigaci\u00f3n de mercado en Amberes<\/h2>\n<p><a href=\"https:\/\/www.sisinternational.com\/es\/contacto-sis-investigacion-de-mercado-internacional\/\" title=\"Cont\u00e1ctenos\"  data-wpil-monitor-id=\"9272\">SIS International Research<\/a> provides comprehensive solutions in the marine, diamond, electricity and many other industries.&nbsp; SIS keeps you competitive by providing a complete view of the business landscape, including through market opportunities, competitor analytics, and business intelligence.<\/p>\n<p>Market research in Antwerp enables companies to determine how to best satisfy customer needs. This gives the company information about many factors that influence the business. It also helps companies to <a href=\"https:\/\/www.sisinternational.com\/es\/soluciones\/consultoria-estrategica\/consultoria-de-ejecucion-de-desarrollo-de-estrategia\/\" title=\"Consultor\u00eda en Desarrollo y Ejecuci\u00f3n de Estrategias\"  data-wpil-monitor-id=\"9277\">develop more effective strategies<\/a> and reduce risk and inefficiency.<\/p>\n<p>We conduct Qualitative, <a href=\"https:\/\/www.sisinternational.com\/es\/how-to-design-effective-surveys-for-quantitative-research\/\" title=\"How to Design Effective Surveys for Quantitative Research\"  data-wpil-monitor-id=\"9275\">Quantitative and Strategy Research<\/a>.&nbsp; Our Qualitative Methods include Focus Groups, Video Interviews, In-Depth Interviews, Ethnography, Co-Creation and Online Communities.&nbsp; Our Quantitative Methods include mobile, telephone and online surveys.&nbsp; Our Strategy Research solutions include Competitive Analysis, Channel Intelligence, <a href=\"https:\/\/www.sisinternational.com\/es\/cobertura\/investigacion-de-mercado-asia\/investigacion-de-mercado-filipina\/\" title=\"Investigaci\u00f3n de mercado filipino\"  data-wpil-monitor-id=\"3999\">Market Opportunity Assessments and Strategic Repositioning research<\/a><\/p>\n<\/div>\n\n\n\n<div class=\"fusion-text\">\n<h2 data-fontsize=\"28\" data-lineheight=\"46\">&nbsp;<\/h2>\n<\/div>\n\n\n\n<h2 class=\"wp-block-heading\">&nbsp;<\/h2>","protected":false},"excerpt":{"rendered":"<p>Descubra nuevas oportunidades con Market Research en Amberes, B\u00e9lgica.<\/p>","protected":false},"author":1,"featured_media":66147,"parent":14510,"menu_order":30,"comment_status":"closed","ping_status":"closed","template":"","meta":{"footnotes":""},"class_list":["post-31975","page","type-page","status-publish","has-post-thumbnail"],"_links":{"self":[{"href":"https:\/\/www.sisinternational.com\/es\/wp-json\/wp\/v2\/pages\/31975","targetHints":{"allow":["GET"]}}],"collection":[{"href":"https:\/\/www.sisinternational.com\/es\/wp-json\/wp\/v2\/pages"}],"about":[{"href":"https:\/\/www.sisinternational.com\/es\/wp-json\/wp\/v2\/types\/page"}],"author":[{"embeddable":true,"href":"https:\/\/www.sisinternational.com\/es\/wp-json\/wp\/v2\/users\/1"}],"replies":[{"embeddable":true,"href":"https:\/\/www.sisinternational.com\/es\/wp-json\/wp\/v2\/comments?post=31975"}],"version-history":[{"count":5,"href":"https:\/\/www.sisinternational.com\/es\/wp-json\/wp\/v2\/pages\/31975\/revisions"}],"predecessor-version":[{"id":81551,"href":"https:\/\/www.sisinternational.com\/es\/wp-json\/wp\/v2\/pages\/31975\/revisions\/81551"}],"up":[{"embeddable":true,"href":"https:\/\/www.sisinternational.com\/es\/wp-json\/wp\/v2\/pages\/14510"}],"wp:featuredmedia":[{"embeddable":true,"href":"https:\/\/www.sisinternational.com\/es\/wp-json\/wp\/v2\/media\/66147"}],"wp:attachment":[{"href":"https:\/\/www.sisinternational.com\/es\/wp-json\/wp\/v2\/media?parent=31975"}],"curies":[{"name":"wp","href":"https:\/\/api.w.org\/{rel}","templated":true}]}}