{"id":31852,"date":"2019-06-09T23:12:39","date_gmt":"2019-06-09T23:12:39","guid":{"rendered":"https:\/\/www.sisinternational.com\/?page_id=31852"},"modified":"2026-01-26T18:39:28","modified_gmt":"2026-01-26T23:39:28","slug":"investigacion-de-mercado-de-comercio-algoritmico","status":"publish","type":"page","link":"https:\/\/www.sisinternational.com\/es\/soluciones\/investigacion-de-consultoria-estrategica-fintech\/investigacion-de-mercado-de-comercio-algoritmico\/","title":{"rendered":"Investigaci\u00f3n de mercado de comercio algor\u00edtmico"},"content":{"rendered":"<h1 class=\"gb-headline gb-headline-96057d69 gb-headline-text\">Investigaci\u00f3n de mercado de comercio algor\u00edtmico<\/h1>\n\n\n\n<figure class=\"gb-block-image gb-block-image-eb64fc68\"><img loading=\"lazy\" decoding=\"async\" width=\"1456\" height=\"816\" class=\"gb-image gb-image-eb64fc68\" src=\"https:\/\/www.sisinternational.com\/wp-content\/uploads\/2025\/08\/Finance-13.jpg\" alt=\"Investigaci\u00f3n y estrategia de mercado internacional de SIS\" title=\"Finance (13)\" srcset=\"https:\/\/www.sisinternational.com\/wp-content\/uploads\/2025\/08\/Finance-13.jpg 1456w, https:\/\/www.sisinternational.com\/wp-content\/uploads\/2025\/08\/Finance-13-300x168.jpg 300w, https:\/\/www.sisinternational.com\/wp-content\/uploads\/2025\/08\/Finance-13-1024x574.jpg 1024w, https:\/\/www.sisinternational.com\/wp-content\/uploads\/2025\/08\/Finance-13-768x430.jpg 768w, https:\/\/www.sisinternational.com\/wp-content\/uploads\/2025\/08\/Finance-13-18x10.jpg 18w\" sizes=\"auto, (max-width: 1456px) 100vw, 1456px\"><\/figure>\n\n\n\n<hr class=\"wp-block-separator has-alpha-channel-opacity is-style-dots\"\/>\n\n\n\n<h2 class=\"wp-block-heading\"><strong>El comercio algor\u00edtmico est\u00e1 aumentando<\/strong><\/h2>\n\n\n\n<p><span style=\"font-weight: 400;\">Algorithmic Trading involves pre-programmed trades to efficiently and automatically execute financial trading. Investment Banks, Pension Funds, Mutual Funds, and other Institutional Investors commonly use it.\u00a0 Algorithms are a set of rules and instructions made by computer programs. Finance companies use algorithms on the stock exchange to automate the execution of new changes in the market without any human intervention. With the rise of data science and technology in finance, algorithmic trading is rising and transforming financial markets.<\/span><\/p>\n\n\n\n<h2 class=\"wp-block-heading\"><strong>\u00bfQu\u00e9 es la investigaci\u00f3n de mercado de comercio algor\u00edtmico?<\/strong><\/h2>\n\n\n\n<p><span style=\"font-weight: 400;\">Algorithmic <a href=\"https:\/\/www.sisinternational.com\/es\/comprender-el-regimen-de-comercio-de-derechos-de-emision-de-la-ue-y-un-informe-del-sis\/\" title=\"Investigaci\u00f3n de mercado sobre comercio de derechos de emisi\u00f3n\"  data-wpil-monitor-id=\"1725\">trading market research<\/a> involves systematically analyzing financial markets, trading strategies, and market data using quantitative techniques, statistical models, and machine learning algorithms. The primary objective of this research is to develop, backtest, and optimize algorithmic trading strategies that generate alpha and outperform traditional trading approaches.<\/span><\/p>\n\n\n\n<h2 class=\"wp-block-heading\"><strong>\u00bfPor qu\u00e9 las empresas necesitan una investigaci\u00f3n de mercado de comercio algor\u00edtmico?<\/strong><\/h2>\n\n\n\n<figure class=\"gb-block-image gb-block-image-7e981f12\"><img loading=\"lazy\" decoding=\"async\" width=\"1456\" height=\"816\" class=\"gb-image gb-image-7e981f12\" src=\"https:\/\/www.sisinternational.com\/wp-content\/uploads\/2025\/09\/Forex-1.jpg\" alt=\"Investigaci\u00f3n y estrategia de mercado internacional de SIS\" title=\"Forex (1)\" srcset=\"https:\/\/www.sisinternational.com\/wp-content\/uploads\/2025\/09\/Forex-1.jpg 1456w, https:\/\/www.sisinternational.com\/wp-content\/uploads\/2025\/09\/Forex-1-300x168.jpg 300w, https:\/\/www.sisinternational.com\/wp-content\/uploads\/2025\/09\/Forex-1-1024x574.jpg 1024w, https:\/\/www.sisinternational.com\/wp-content\/uploads\/2025\/09\/Forex-1-768x430.jpg 768w, https:\/\/www.sisinternational.com\/wp-content\/uploads\/2025\/09\/Forex-1-18x10.jpg 18w\" sizes=\"auto, (max-width: 1456px) 100vw, 1456px\"><\/figure>\n\n\n\n<p><\/p>\n\n\n\n<p><span style=\"font-weight: 400;\">Businesses require algorithmic trading market research to understand market dynamics, identify emerging trends, and gain insights into investor behavior. Companies can make informed decisions regarding their trading strategies and investment allocations by analyzing market data and macroeconomic indicators.<\/span><\/p>\n\n\n\n<p><span style=\"font-weight: 400;\">Moreover, algorithmic trading market research helps businesses enhance their trading performance and optimize their investment portfolios. This research also enables businesses to diversify their trading strategies, manage risk effectively, and capitalize on market inefficiencies.<\/span><\/p>\n\n\n\n<p><span style=\"font-weight: 400;\">La investigaci\u00f3n de mercado de operaciones algor\u00edtmicas tambi\u00e9n es esencial para navegar en mercados financieros complejos, optimizar su rendimiento comercial, automatizar sus operaciones comerciales y cumplir con los requisitos regulatorios... Pero tiene muchos otros beneficios para las empresas, que incluyen:<\/span><\/p>\n\n\n\n<p><b>\u2022 Gesti\u00f3n de riesgos mejorada<\/b>: Market research enables businesses to assess and mitigate risks associated with <a href=\"https:\/\/www.sisinternational.com\/es\/marketing-directo\/\" title=\"\u00bfQu\u00e9 es el marketing directo?\"  data-wpil-monitor-id=\"6988\">algorithmic trading strategies<\/a>, and develop robust risk management strategies to protect their investments and minimize losses.<\/span><\/p>\n\n\n\n<p><b>\u2022 Toma de decisiones m\u00e1s r\u00e1pida<\/b><span style=\"font-weight: 400;\">: Algorithmic trading market research facilitates faster decision-making by providing businesses with real-time market insights and actionable intelligence. By leveraging advanced data analytics and predictive modeling techniques, companies can make informed investment decisions quickly and decisively, gaining a competitive edge in the marketplace.<\/span><\/p>\n\n\n\n<p><b>\u2022 Eficiencia de costo<\/b><span style=\"font-weight: 400;\">: La investigaci\u00f3n de mercado de comercio algor\u00edtmico ayuda a las empresas a optimizar sus estrategias comerciales, reducir los costos comerciales, optimizar sus operaciones comerciales, minimizar los costos de transacci\u00f3n y mejorar la eficiencia general de costos.<\/span><\/p>\n\n\n\n<p><b>\u2022 Escalabilidad<\/b><span style=\"font-weight: 400;\">: La investigaci\u00f3n de mercado de comercio algor\u00edtmico permite a las empresas escalar sus operaciones comerciales de manera efectiva, expandiendo sus actividades comerciales en m\u00faltiples mercados y clases de activos, sin comprometer el rendimiento o la eficiencia.<\/span><\/p>\n\n\n\n<h2 class=\"wp-block-heading\"><strong>Factores claves del \u00e9xito<\/strong><\/h2>\n\n\n\n<p><span style=\"font-weight: 400;\">En el \u00e1mbito de la investigaci\u00f3n de mercado de comercio algor\u00edtmico, varios factores clave de \u00e9xito contribuyen a la efectividad y eficiencia de los esfuerzos de investigaci\u00f3n, y aqu\u00ed hay algunos factores de \u00e9xito clave que las empresas deben considerar antes de realizar una investigaci\u00f3n de mercado de comercio algor\u00edtmico:<\/span><\/p>\n\n\n\n<p><b>\u2022 Calidad y accesibilidad de los datos<\/b><span style=\"font-weight: 400;\">: High-quality data is the cornerstone of effective algorithmic trading market research. Businesses must have access to reliable, accurate, and timely <a href=\"https:\/\/www.sisinternational.com\/es\/cobertura\/investigacion-de-mercado-asia\/investigacion-de-mercado-filipina\/\" title=\"Investigaci\u00f3n de mercado filipino\"  data-wpil-monitor-id=\"4003\">market data to conduct thorough research<\/a> and analysis.<\/span><\/p>\n\n\n\n<p><b>\u2022 Infraestructura de tecnolog\u00eda<\/b>: A robust technology infrastructure is essential to support <a href=\"https:\/\/www.sisinternational.com\/es\/pericia\/industrias\/tecnologia-medica-investigacion-de-mercado-de-tecnologia-medica\/\" title=\"Investigaci\u00f3n de mercado de tecnolog\u00eda m\u00e9dica (Med Tech)\"  data-wpil-monitor-id=\"4219\">investigaci\u00f3n de mercado de comercio algor\u00edtmico<\/a> efforts. Businesses must invest in scalable and reliable technology infrastructure, including high-speed connectivity, powerful computing resources, and secure data storage.<\/span><\/p>\n\n\n\n<p><b>\u2022 Marco de gesti\u00f3n de riesgos<\/b><span style=\"font-weight: 400;\">: Businesses must implement a robust risk management framework to identify, assess, and mitigate risks associated with algorithmic trading strategies. This framework should include comprehensive risk assessment processes, monitoring mechanisms, and contingency plans to manage unexpected events.<\/span><\/p>\n\n\n\n<p><b>\u2022 Aprendizaje continuo y adaptaci\u00f3n<\/b><span style=\"font-weight: 400;\">: Financial markets are dynamic and ever-changing, requiring businesses to learn and adapt to new market conditions and trends continuously. Businesses must foster a culture of continuous learning and adaptation, encouraging researchers to stay abreast of the latest developments in algorithmic trading, technological advancements, and regulatory changes.<\/span><\/p>\n\n\n\n<h2 class=\"wp-block-heading\">C\u00f3mo la investigaci\u00f3n de mercado apoya a las empresas financieras<\/h2>\n\n\n\n<figure class=\"gb-block-image gb-block-image-9050a3d3\"><img loading=\"lazy\" decoding=\"async\" width=\"1456\" height=\"816\" class=\"gb-image gb-image-9050a3d3\" src=\"https:\/\/www.sisinternational.com\/wp-content\/uploads\/2025\/09\/Forex-7.jpg\" alt=\"Investigaci\u00f3n y estrategia de mercado internacional de SIS\" title=\"Forex (7)\" srcset=\"https:\/\/www.sisinternational.com\/wp-content\/uploads\/2025\/09\/Forex-7.jpg 1456w, https:\/\/www.sisinternational.com\/wp-content\/uploads\/2025\/09\/Forex-7-300x168.jpg 300w, https:\/\/www.sisinternational.com\/wp-content\/uploads\/2025\/09\/Forex-7-1024x574.jpg 1024w, https:\/\/www.sisinternational.com\/wp-content\/uploads\/2025\/09\/Forex-7-768x430.jpg 768w, https:\/\/www.sisinternational.com\/wp-content\/uploads\/2025\/09\/Forex-7-18x10.jpg 18w\" sizes=\"auto, (max-width: 1456px) 100vw, 1456px\"><\/figure>\n\n\n\n<p><\/p>\n\n\n\n<p><span style=\"font-weight: 400;\">Las organizaciones y empresas tienen muchas razones para confiar en la investigaci\u00f3n de mercado. En primer lugar, impulsa el crecimiento. Tambi\u00e9n ayuda a las empresas a generar ideas sobre c\u00f3mo introducir nuevos factores desencadenantes del mercado. La investigaci\u00f3n es esencial cuando las empresas lanzan nuevos productos o dise\u00f1an nuevos servicios. He aqu\u00ed por qu\u00e9 deber\u00eda invertir en investigaci\u00f3n de mercado estrat\u00e9gica.<\/span><\/p>\n\n\n\n<h2 class=\"wp-block-heading\"><span style=\"font-weight: 400;\">1. Ayuda a minimizar los riesgos de inversi\u00f3n<\/span><\/h2>\n\n\n\n<p><span style=\"font-weight: 400;\">Research helps businesses narrow their <a href=\"https:\/\/www.sisinternational.com\/es\/que-es-un-grupo-focal\/\" title=\"\u00bfQu\u00e9 es un grupo focal?\"  data-wpil-monitor-id=\"1480\">focus to a specific potential market group<\/a>, reducing costs for product testing, market testing, and overall marketing plans.<\/span><\/p>\n\n\n\n<h2 class=\"wp-block-heading\"><span style=\"font-weight: 400;\">2. Te ayuda a reconocer posibles oportunidades y amenazas.<\/span><\/h2>\n\n\n\n<p><span style=\"font-weight: 400;\">Puede utilizar tanto investigaci\u00f3n secundaria (investigaci\u00f3n documental) como investigaci\u00f3n primaria (trabajo de campo). Puede considerar estos m\u00e9todos como un seguro. Le protegen de los peligros que pueden acecharle y obstaculizar el crecimiento potencial. \u00bfPor qu\u00e9 es una buena idea el uso de una investigaci\u00f3n cualitativa eficiente? Las empresas pueden utilizarlo para resaltar e identificar amenazas u oportunidades espec\u00edficas. En otras circunstancias, es posible que hubiera ignorado estas oportunidades y amenazas.<\/span><\/p>\n\n\n\n<h2 class=\"wp-block-heading\"><span style=\"font-weight: 400;\">3. La investigaci\u00f3n de mercado ayuda a su empresa a descubrir las debilidades y fortalezas de sus competidores.<\/span><\/h2>\n\n\n\n<p><span style=\"font-weight: 400;\">Market Research is helpful in the FinTech market. Firms that rely on new technology advancements can benefit from thorough market research. Make sure a <a href=\"https:\/\/www.sisinternational.com\/es\/pericia\/industrias\/investigacion-de-mercado-de-reputacion\/\" title=\"Investigaci\u00f3n de mercado de reputaci\u00f3n\"  data-wpil-monitor-id=\"4095\">reputable company does your market research<\/a>.&nbsp; <\/span><\/p>\n\n\n\n<p><span style=\"font-weight: 400;\">Research and Competitive Intelligence can help you anticipate market movements. Corporate Intelligence that leverages Game Theory and Scenario Planning can help you understand competitors&#8217; motivations.<\/span><\/p>\n\n\n\n<p><span style=\"font-weight: 400;\">Adopting an &#8220;eyes wide open&#8221; approach to any research project is best. Research done by professional analysts will help you discover potential competitor gaps. You can fill these gaps and exploit them as possible growth engines for your firm.<\/span><\/p>\n\n\n\n<h2 class=\"wp-block-heading\"><span style=\"font-weight: 400;\">4. Ayuda a las empresas a detectar tendencias emergentes<\/span><\/h2>\n\n\n\n<p><span style=\"font-weight: 400;\">Proper market research can help firms discover new business trends. These trends can help to keep the firms ahead of their competitors. When businesses notice them, launching relevant new products and services is easier.<\/span><\/p>\n\n\n\n<h2 class=\"wp-block-heading\"><strong>Tecnolog\u00edas y herramientas en la investigaci\u00f3n de mercado de comercio algor\u00edtmico<\/strong><\/h2>\n\n\n\n<p><span style=\"font-weight: 400;\">In algorithmic trading market research, businesses leverage various advanced technologies and tools to analyze market data, develop trading strategies, and optimize algorithmic trading systems.<\/span><\/p>\n\n\n\n<p><b>\u2022 Plataformas de an\u00e1lisis de datos<\/b><span style=\"font-weight: 400;\">: Businesses use advanced data analytics platforms equipped with data visualization, statistical analysis, and machine learning algorithms to uncover insights from historical market data, identify trading patterns, and develop predictive models.<\/span><\/p>\n\n\n\n<p><b>\u2022 Fuentes de datos de mercado<\/b><span style=\"font-weight: 400;\">: Las fuentes de datos de mercado son esenciales para acceder a datos de mercado en tiempo real y ejecutar operaciones en los mercados financieros. Las empresas dependen de fuentes de datos de mercado de alta calidad provenientes de bolsas, proveedores de datos y proveedores de datos de mercado para mantenerse informados sobre los precios del mercado, los vol\u00famenes de negociaci\u00f3n y los niveles de liquidez, lo que les permite tomar decisiones comerciales oportunas y ejecutar operaciones con precisi\u00f3n.<\/span><\/p>\n\n\n\n<p><b>\u2022 Servicios de computaci\u00f3n en la nube<\/b>: Cloud computing services provide businesses with scalable and cost-effective computing resources for conducting <a href=\"https:\/\/www.sisinternational.com\/es\/soluciones\/investigacion-de-mercado-de-ia-y-consultoria-estrategica\/investigacion-de-mercado-de-vision-por-computadora-ai\/\" title=\"Investigaci\u00f3n de mercado de IA de visi\u00f3n por computadora\"  data-wpil-monitor-id=\"2768\">investigaci\u00f3n de mercado de comercio algor\u00edtmico<\/a>. Businesses leverage cloud computing platforms to deploy algorithmic trading systems, run backtests, and analyze large datasets without needing extensive on-premises infrastructure.<\/span><\/p>\n\n\n\n<h2 class=\"wp-block-heading\"><strong>Oportunidades en la investigaci\u00f3n de mercado de comercio algor\u00edtmico&nbsp;<\/strong><\/h2>\n\n\n\n<figure class=\"gb-block-image gb-block-image-e665e531\"><img loading=\"lazy\" decoding=\"async\" width=\"1456\" height=\"816\" class=\"gb-image gb-image-e665e531\" src=\"https:\/\/www.sisinternational.com\/wp-content\/uploads\/2025\/09\/Forex-6.jpg\" alt=\"Investigaci\u00f3n y estrategia de mercado internacional de SIS\" title=\"Forex (6)\" srcset=\"https:\/\/www.sisinternational.com\/wp-content\/uploads\/2025\/09\/Forex-6.jpg 1456w, https:\/\/www.sisinternational.com\/wp-content\/uploads\/2025\/09\/Forex-6-300x168.jpg 300w, https:\/\/www.sisinternational.com\/wp-content\/uploads\/2025\/09\/Forex-6-1024x574.jpg 1024w, https:\/\/www.sisinternational.com\/wp-content\/uploads\/2025\/09\/Forex-6-768x430.jpg 768w, https:\/\/www.sisinternational.com\/wp-content\/uploads\/2025\/09\/Forex-6-18x10.jpg 18w\" sizes=\"auto, (max-width: 1456px) 100vw, 1456px\"><\/figure>\n\n\n\n<p><\/p>\n\n\n\n<p><span style=\"font-weight: 400;\">La investigaci\u00f3n de mercado de comercio algor\u00edtmico presenta numerosas oportunidades para que las empresas obtengan una ventaja competitiva, mejoren el desempe\u00f1o comercial y aprovechen las ineficiencias del mercado. Aqu\u00ed hay algunas oportunidades clave hoy:<\/span><\/p>\n\n\n\n<p><b>\u2022 An\u00e1lisis de la microestructura del mercado<\/b><span style=\"font-weight: 400;\">: Algorithmic trading market research provides businesses with insights into market microstructure, or the internal mechanics of financial markets. By analyzing market microstructure data, order flow dynamics, and liquidity patterns, businesses can better understand market dynamics, identify trading opportunities, and optimize their trading strategies for improved execution quality.<\/span><\/p>\n\n\n\n<p><b>\u2022 Desarrollo de estrategias cuantitativas<\/b><span style=\"font-weight: 400;\">: Las empresas pueden aprovechar la investigaci\u00f3n de mercado de comercio algor\u00edtmico para desarrollar estrategias comerciales cuantitativas que aprovechen las anomal\u00edas estad\u00edsticas y las ineficiencias del mercado.<\/span><\/p>\n\n\n\n<p><b>\u2022 Diversificaci\u00f3n y optimizaci\u00f3n de cartera<\/b><span style=\"font-weight: 400;\">: La investigaci\u00f3n de mercado de operaciones algor\u00edtmicas permite a las empresas diversificar sus estrategias comerciales y optimizar sus carteras de inversi\u00f3n para obtener mejores rendimientos ajustados al riesgo.<\/span><\/p>\n\n\n\n<h2 class=\"wp-block-heading\"><strong>Desaf\u00edos de la investigaci\u00f3n de mercado de comercio algor\u00edtmico&nbsp;<\/strong><\/h2>\n\n\n\n<p><span style=\"font-weight: 400;\">Las empresas enfrentan varios desaf\u00edos para aprovechar estas oportunidades de manera efectiva, y superar estos desaf\u00edos es esencial para que las empresas tengan \u00e9xito en la investigaci\u00f3n de mercado de comercio algor\u00edtmico y logren sus objetivos comerciales.&nbsp;<\/span><\/p>\n\n\n\n<p><b>\u2022 Calidad y disponibilidad de datos<\/b><span style=\"font-weight: 400;\">: One of the primary challenges in algorithmic trading market research is the quality and availability of data. Businesses rely on vast historical and real-time market data to develop and backtest trading strategies. However, ensuring market data&#8217;s accuracy, completeness, and timeliness can be challenging, especially when dealing with multiple data sources and formats.<\/span><\/p>\n\n\n\n<p><b>\u2022 Infraestructura de tecnolog\u00eda<\/b><span style=\"font-weight: 400;\">: Las empresas necesitan acceso a recursos inform\u00e1ticos de alto rendimiento, soluciones de almacenamiento de datos e infraestructura de redes para procesar grandes vol\u00famenes de datos de mercado, ejecutar pruebas retrospectivas e implementar sistemas comerciales automatizados. Gestionar y ampliar esta infraestructura tecnol\u00f3gica puede plantear desaf\u00edos, especialmente para las empresas m\u00e1s peque\u00f1as con recursos limitados.<\/span><\/p>\n\n\n\n<p><b>\u2022 Din\u00e1mica y volatilidad del mercado<\/b><span style=\"font-weight: 400;\">: Financial markets are inherently complex and dynamic, characterized by rapid changes in market conditions, volatility, and liquidity. Businesses conducting algorithmic trading market research need to develop robust trading strategies that can adapt to changing market dynamics and effectively navigate volatile market conditions.<\/span><\/p>\n\n\n\n<h2 class=\"wp-block-heading\"><strong>Acerca de la investigaci\u00f3n de mercado de comercio algor\u00edtmico<\/strong><\/h2>\n\n\n\n<p><span style=\"font-weight: 400;\">Businesses use quantitative research to give a numerical value to problems. This type of research generates valuable statistical data. Enterprises use it to quantify behaviors, opinions, attitudes, and other variables. These variables relate to your business&#8217;s potential market. <\/span><\/p>\n\n\n\n<p><span style=\"font-weight: 400;\">Alternativamente, las empresas utilizan la investigaci\u00f3n cualitativa para comprender opiniones, razones y motivaciones subyacentes. Proporciona informaci\u00f3n sobre los problemas que enfrenta su empresa u organizaci\u00f3n. De esta manera, ofrece nuevas ideas y posibles soluciones.<\/span><\/p>\n\n\n\n<p><span style=\"font-weight: 400;\">Market Research can greatly benefit Algorithmic trading firms as they navigate the complicated financial markets. It will help you to make better short- and long-term decisions for your company.&nbsp;<\/span><\/p>\n\n\n\n<h2 class=\"wp-block-heading\">Nuestra ubicaci\u00f3n de instalaciones en Nueva York<\/h2>\n\n\n\n<p>  <iframe loading=\"lazy\" src=\"https:\/\/www.google.com\/maps\/embed?pb=!1m18!1m12!1m3!1d3022.976188376966!2d-73.99130312499956!3d40.740549471389315!2m3!1f0!2f0!3f0!3m2!1i1024!2i768!4f13.1!3m3!1m2!1s0x89c259a15798c731%3A0xd695d09bdd495f25!2s11%20E%2022nd%20St%20FL%202%2C%20New%20York%2C%20NY%2010010%2C%20USA!5e0!3m2!1sen!2spe!4v1726171763526!5m2!1sen!2spe\" width=\"600\" height=\"450\" allowfullscreen=\"allowfullscreen\" data-mce-fragment=\"1\"><\/iframe>  <\/p>\n\n\n\n<h3 class=\"wp-block-heading\">11 E 22nd Street, piso 2, Nueva York, NY 10010 T: +1(212) 505-6805<\/h3>\n\n\n\n<hr class=\"wp-block-separator has-alpha-channel-opacity\"\/>\n\n\n\n<h2 class=\"wp-block-heading\"><span style=\"font-weight: 400;\">Acerca de SIS Internacional<\/span><\/h2>\n\n\n\n<p><a href=\"https:\/\/www.sisinternational.com\/es\/\"><span style=\"font-weight: 400;\">SIS Internacional<\/span><\/a><span style=\"font-weight: 400;\"> ofrece investigaci\u00f3n cuantitativa, cualitativa y estrat\u00e9gica. Proporcionamos datos, herramientas, estrategias, informes y conocimientos para la toma de decisiones. Tambi\u00e9n realizamos entrevistas, encuestas, grupos focales y otros m\u00e9todos y enfoques de investigaci\u00f3n de mercado.<\/span><a href=\"https:\/\/www.sisinternational.com\/es\/sobre-la-investigacion-internacional-de-sis\/contact-sis-international-market-research\/\"><span style=\"font-weight: 400;\"> P\u00f3ngase en contacto con nosotros<\/span><\/a><span style=\"font-weight: 400;\"> para su pr\u00f3ximo proyecto de Investigaci\u00f3n de Mercado.<\/span><\/p>\n\n\n\n<p><\/p>\n\n\n\n<p><\/p>","protected":false},"excerpt":{"rendered":"<p>Descubra c\u00f3mo la investigaci\u00f3n de mercado de comercio algor\u00edtmico puede descubrir oportunidades para crear valor.<\/p>","protected":false},"author":1,"featured_media":62824,"parent":27462,"menu_order":21,"comment_status":"closed","ping_status":"closed","template":"","meta":{"footnotes":""},"class_list":["post-31852","page","type-page","status-publish","has-post-thumbnail"],"_links":{"self":[{"href":"https:\/\/www.sisinternational.com\/es\/wp-json\/wp\/v2\/pages\/31852","targetHints":{"allow":["GET"]}}],"collection":[{"href":"https:\/\/www.sisinternational.com\/es\/wp-json\/wp\/v2\/pages"}],"about":[{"href":"https:\/\/www.sisinternational.com\/es\/wp-json\/wp\/v2\/types\/page"}],"author":[{"embeddable":true,"href":"https:\/\/www.sisinternational.com\/es\/wp-json\/wp\/v2\/users\/1"}],"replies":[{"embeddable":true,"href":"https:\/\/www.sisinternational.com\/es\/wp-json\/wp\/v2\/comments?post=31852"}],"version-history":[{"count":14,"href":"https:\/\/www.sisinternational.com\/es\/wp-json\/wp\/v2\/pages\/31852\/revisions"}],"predecessor-version":[{"id":80556,"href":"https:\/\/www.sisinternational.com\/es\/wp-json\/wp\/v2\/pages\/31852\/revisions\/80556"}],"up":[{"embeddable":true,"href":"https:\/\/www.sisinternational.com\/es\/wp-json\/wp\/v2\/pages\/27462"}],"wp:featuredmedia":[{"embeddable":true,"href":"https:\/\/www.sisinternational.com\/es\/wp-json\/wp\/v2\/media\/62824"}],"wp:attachment":[{"href":"https:\/\/www.sisinternational.com\/es\/wp-json\/wp\/v2\/media?parent=31852"}],"curies":[{"name":"wp","href":"https:\/\/api.w.org\/{rel}","templated":true}]}}