{"id":31835,"date":"2019-06-09T22:18:46","date_gmt":"2019-06-09T22:18:46","guid":{"rendered":"https:\/\/www.sisinternational.com\/?page_id=31835"},"modified":"2026-01-24T18:12:13","modified_gmt":"2026-01-24T23:12:13","slug":"investigacion-de-mercado-de-seguridad-inteligente","status":"publish","type":"page","link":"https:\/\/www.sisinternational.com\/es\/pericia\/investigacion-de-mercado-de-seguridad-inteligente\/","title":{"rendered":"Investigaci\u00f3n de mercado de seguridad inteligente"},"content":{"rendered":"<h1 class=\"wp-block-heading\"><span style=\"font-weight: 400;\">Investigaci\u00f3n de mercado de seguridad inteligente<\/span><\/h1>\n\n\n\n<figure class=\"gb-block-image gb-block-image-a0f5460d\"><img loading=\"lazy\" decoding=\"async\" width=\"1456\" height=\"816\" class=\"gb-image gb-image-a0f5460d\" src=\"https:\/\/www.sisinternational.com\/wp-content\/uploads\/2025\/08\/Cibersecurity-security-5.jpg\" alt=\"Investigaci\u00f3n y estrategia de mercado internacional de SIS\" title=\"Cibersecurity security (5)\" srcset=\"https:\/\/www.sisinternational.com\/wp-content\/uploads\/2025\/08\/Cibersecurity-security-5.jpg 1456w, https:\/\/www.sisinternational.com\/wp-content\/uploads\/2025\/08\/Cibersecurity-security-5-300x168.jpg 300w, https:\/\/www.sisinternational.com\/wp-content\/uploads\/2025\/08\/Cibersecurity-security-5-1024x574.jpg 1024w, https:\/\/www.sisinternational.com\/wp-content\/uploads\/2025\/08\/Cibersecurity-security-5-768x430.jpg 768w, https:\/\/www.sisinternational.com\/wp-content\/uploads\/2025\/08\/Cibersecurity-security-5-18x10.jpg 18w\" sizes=\"auto, (max-width: 1456px) 100vw, 1456px\"><\/figure>\n\n\n\n<p><\/p>\n\n\n\n<h2 class=\"wp-block-heading\"><span style=\"font-weight: 400;\">La investigaci\u00f3n de mercado de seguridad inteligente est\u00e1 en auge<\/span><\/h2>\n\n\n\n<p><span style=\"font-weight: 400;\">Smart Security Solutions are new products and services that include Home Security Systems, Door sensors, wireless CCTV footage and Security Services that can be controlled from mobile devices.&nbsp; Leveraging the Internet of Things (IoT), this industry is growing rapidly.<\/span><\/p>\n\n\n\n<p><span style=\"font-weight: 400;\">Market research as a service is there to help any company. It helps organizations, service providers, and individuals make better-informed decisions. It should be more embedded in every firm&#8217;s strategic plan. Like their counterparts in other sectors, <a href=\"https:\/\/www.sisinternational.com\/es\/seguridad-cibernetica-atencion-medica\/\" title=\"Investigaci\u00f3n de mercado de ciberseguridad en el sector sanitario\"  data-wpil-monitor-id=\"1923\">Market Research can benefit smart security<\/a> companies. It equips these companies to deal with the environment in which they operate. It does so in the following ways: <\/span><\/p>\n\n\n\n<h2 class=\"wp-block-heading\"><span style=\"font-weight: 400;\">Identificar oportunidades<\/span><\/h2>\n\n\n\n<p><span style=\"font-weight: 400;\">Realizar una investigaci\u00f3n de mercado le ayuda a obtener informaci\u00f3n clara sobre sus clientes objetivo. Le informa sus intereses y le muestra sus canales de marketing. Esta informaci\u00f3n le permite detectar una oportunidad para su empresa de seguridad inteligente. Con esto en mente, puede encontrar nuevos lugares en los que promocionar su servicio. Tambi\u00e9n puede crear actualizaciones de pedidos rentables. Otro beneficio es que la investigaci\u00f3n de mercado le permite asociarse con otras empresas.<\/span><\/p>\n\n\n\n<h2 class=\"wp-block-heading\"><span style=\"font-weight: 400;\">Menores riesgos de inversi\u00f3n<\/span><\/h2>\n\n\n\n<p><span style=\"font-weight: 400;\">Un flujo constante de clientes y ventas es lo que garantiza que su negocio sobreviva por mucho tiempo. Lo que garantiza esto es la investigaci\u00f3n de mercado. Es una investigaci\u00f3n de mercado la que establece si a\u00fan satisface las necesidades de sus clientes actuales. <\/span><\/p>\n\n\n\n<p><span style=\"font-weight: 400;\">Tambi\u00e9n le dir\u00e1 c\u00f3mo atraer y retener clientes potenciales. Se puede aplicar este principio probando nuevos productos y dise\u00f1os antes de su lanzamiento. La investigaci\u00f3n de mercado tambi\u00e9n encuentra razones por las que los clientes no regresan. Le ayuda a obtener informaci\u00f3n sobre \u00e1reas problem\u00e1ticas.<\/span><\/p>\n\n\n\n<h2 class=\"wp-block-heading\"><span style=\"font-weight: 400;\">Desarrollar materiales promocionales relevantes<\/span><\/h2>\n\n\n\n<p><span style=\"font-weight: 400;\">\u00bfAlguna vez te has preguntado qu\u00e9 im\u00e1genes o texto poner en tus cuentas de redes sociales, sitio web o folletos? En caso afirmativo, la investigaci\u00f3n de mercado le mostrar\u00e1 exactamente qu\u00e9 hacer. Ya habr\u00e1s establecido las frustraciones, necesidades y deseos de tus clientes. Por lo tanto, sabr\u00e1 exactamente qu\u00e9 abordar cuando comience a crear sus materiales de marketing. Ser\u00eda \u00fatil si tambi\u00e9n tuviera una idea de c\u00f3mo abordar estos problemas.<\/span><\/p>\n\n\n\n<h2 class=\"wp-block-heading\"><span style=\"font-weight: 400;\">Sepa d\u00f3nde anunciar <\/span><\/h2>\n\n\n\n<p><span style=\"font-weight: 400;\">Many smart security companies face budgetary constraints. You thus need to optimize your marketing budget to get the best returns possible. Market research helps find the best channels to reach your intended audience. It will tell you whether to use ads or to place posters and flyers in strategic locations. Ads on social media platforms might be the best way to reach potential customers. Market <a href=\"https:\/\/www.sisinternational.com\/es\/salud-inteligente\/\" title=\"Investigaci\u00f3n de mercado de salud inteligente\"  data-wpil-monitor-id=\"1961\">investigaci\u00f3n<\/a> will confirm whether this is the best route for a smart security company.<\/span><\/p>\n\n\n\n<h2 class=\"wp-block-heading\"><span style=\"font-weight: 400;\">Superar a los competidores<\/span><\/h2>\n\n\n\n<p><span style=\"font-weight: 400;\">Cuanto m\u00e1s conozca a sus clientes, mejor les servir\u00e1. \u00bfQuieres eclipsar a tus competidores? <\/span><\/p>\n\n\n\n<p><span style=\"font-weight: 400;\">Podr\u00e1s hacerlo con el cumplimiento satisfactorio y oportuno de las necesidades de tus clientes. <\/span><\/p>\n\n\n\n<p><span style=\"font-weight: 400;\">La investigaci\u00f3n de mercado le ayuda a saber m\u00e1s sobre la naturaleza del mercado. Con esto, puede dirigirse a clientes insatisfechos y segmentos del mercado desatendidos. <\/span><\/p>\n\n\n\n<p><span style=\"font-weight: 400;\">Puede identificar sus necesidades no atendidas y llenar los vac\u00edos. De esta manera, los ganar\u00e1s y vencer\u00e1s a tus competidores, sin lugar a dudas.<\/span><\/p>\n\n\n\n<h2 class=\"wp-block-heading\"><span style=\"font-weight: 400;\">Mejora la planificaci\u00f3n estrat\u00e9gica<\/span><\/h2>\n\n\n\n<p><span style=\"font-weight: 400;\">Strategic market planning helps you set goals for your <a href=\"https:\/\/www.sisinternational.com\/es\/pericia\/industrias\/investigacion-de-mercado-de-seguridad\/\" title=\"Investigaci\u00f3n de mercado de seguridad\"  data-wpil-monitor-id=\"6532\">smart<\/a> security firm. <\/span>A trav\u00e9s de la investigaci\u00f3n, puede descubrir si los objetivos son alcanzables.&nbsp;<span style=\"font-weight: 400;\">La investigaci\u00f3n tambi\u00e9n le ayuda a encontrar formas de alcanzar estos objetivos. La investigaci\u00f3n de mercado le proporciona informaci\u00f3n esencial y relevante.&nbsp;<\/span><span style=\"font-weight: 400;\">Tiene un efecto positivo en sus objetivos tanto a corto como a largo plazo.<\/span><\/p>\n\n\n\n<h2 class=\"wp-block-heading\"><span style=\"font-weight: 400;\">Facilita la toma de decisiones informadas<\/span><\/h2>\n\n\n\n<p><span style=\"font-weight: 400;\">Ver\u00e1s la importancia de la investigaci\u00f3n de mercado cuando necesites tomar decisiones cr\u00edticas. Se ha demostrado que el uso del informe de investigaci\u00f3n de mercado como punto de referencia promueve mejores opciones. Funciona mejor que los criterios arbitrarios de toma de decisiones. Tambi\u00e9n hace que todo el proceso sea muy sencillo.<\/span><\/p>\n\n\n\n<h2 class=\"wp-block-heading\"><span style=\"font-weight: 400;\">Acerca de la investigaci\u00f3n de mercado de seguridad inteligente<\/span><\/h2>\n\n\n\n<p><span style=\"font-weight: 400;\">Marketing security, particularly smart security, is not an easy thing. Luckily, market research promises to make it gain general acceptance. As a smart security company, you need to consider a market research service, and you will enjoy more profitability and a larger share of the market.&nbsp; We conduct Qualitative, Quantitative and Strategy Research.&nbsp; Our solutions include:<\/span><\/p>\n\n\n\n<ul class=\"wp-block-list\">\n<li>Grupos de discusi\u00f3n<\/li>\n\n\n\n<li>Entrevistas con clientes<\/li>\n\n\n\n<li>Encuestas<\/li>\n\n\n\n<li>An\u00e1lisis competitivo<\/li>\n\n\n\n<li>Investigaci\u00f3n y consultor\u00eda estrat\u00e9gica<\/li>\n<\/ul>\n\n\n\n<p><\/p>","protected":false},"excerpt":{"rendered":"<p>Smart Security Solutions ofrece sistemas de seguridad para el hogar, im\u00e1genes de CCTV y servicios accesibles a trav\u00e9s de dispositivos m\u00f3viles.<\/p>","protected":false},"author":1,"featured_media":64039,"parent":14514,"menu_order":51,"comment_status":"closed","ping_status":"closed","template":"","meta":{"footnotes":""},"class_list":["post-31835","page","type-page","status-publish","has-post-thumbnail"],"_links":{"self":[{"href":"https:\/\/www.sisinternational.com\/es\/wp-json\/wp\/v2\/pages\/31835","targetHints":{"allow":["GET"]}}],"collection":[{"href":"https:\/\/www.sisinternational.com\/es\/wp-json\/wp\/v2\/pages"}],"about":[{"href":"https:\/\/www.sisinternational.com\/es\/wp-json\/wp\/v2\/types\/page"}],"author":[{"embeddable":true,"href":"https:\/\/www.sisinternational.com\/es\/wp-json\/wp\/v2\/users\/1"}],"replies":[{"embeddable":true,"href":"https:\/\/www.sisinternational.com\/es\/wp-json\/wp\/v2\/comments?post=31835"}],"version-history":[{"count":5,"href":"https:\/\/www.sisinternational.com\/es\/wp-json\/wp\/v2\/pages\/31835\/revisions"}],"predecessor-version":[{"id":80115,"href":"https:\/\/www.sisinternational.com\/es\/wp-json\/wp\/v2\/pages\/31835\/revisions\/80115"}],"up":[{"embeddable":true,"href":"https:\/\/www.sisinternational.com\/es\/wp-json\/wp\/v2\/pages\/14514"}],"wp:featuredmedia":[{"embeddable":true,"href":"https:\/\/www.sisinternational.com\/es\/wp-json\/wp\/v2\/media\/64039"}],"wp:attachment":[{"href":"https:\/\/www.sisinternational.com\/es\/wp-json\/wp\/v2\/media?parent=31835"}],"curies":[{"name":"wp","href":"https:\/\/api.w.org\/{rel}","templated":true}]}}