{"id":31758,"date":"2019-06-03T04:41:36","date_gmt":"2019-06-03T04:41:36","guid":{"rendered":"https:\/\/www.sisinternational.com\/?page_id=31758"},"modified":"2025-09-13T21:36:22","modified_gmt":"2025-09-14T01:36:22","slug":"investigacion-de-mercado-de-gestion-de-residuos","status":"publish","type":"page","link":"https:\/\/www.sisinternational.com\/es\/pericia\/investigacion-de-mercado-de-gestion-de-residuos\/","title":{"rendered":"Investigaci\u00f3n de mercado de gesti\u00f3n de residuos"},"content":{"rendered":"<h1 class=\"wp-block-heading\"><span style=\"font-weight: 400;\">Investigaci\u00f3n de mercado de gesti\u00f3n de residuos<\/span><\/h1>\n\n\n\n<figure class=\"gb-block-image gb-block-image-c825edf6\"><img loading=\"lazy\" decoding=\"async\" width=\"1456\" height=\"816\" class=\"gb-image gb-image-c825edf6\" src=\"https:\/\/www.sisinternational.com\/wp-content\/uploads\/2025\/08\/Circular-economy-2.jpg\" alt=\"Investigaci\u00f3n y estrategia de mercado internacional de SIS\" title=\"Circular economy (2)\" srcset=\"https:\/\/www.sisinternational.com\/wp-content\/uploads\/2025\/08\/Circular-economy-2.jpg 1456w, https:\/\/www.sisinternational.com\/wp-content\/uploads\/2025\/08\/Circular-economy-2-300x168.jpg 300w, https:\/\/www.sisinternational.com\/wp-content\/uploads\/2025\/08\/Circular-economy-2-1024x574.jpg 1024w, https:\/\/www.sisinternational.com\/wp-content\/uploads\/2025\/08\/Circular-economy-2-768x430.jpg 768w, https:\/\/www.sisinternational.com\/wp-content\/uploads\/2025\/08\/Circular-economy-2-18x10.jpg 18w\" sizes=\"auto, (max-width: 1456px) 100vw, 1456px\"><\/figure>\n\n\n\n<p><\/p>\n\n\n\n<h2 class=\"wp-block-heading\">Waste Management is an important and large industry that keeps societies moving and thriving.&nbsp; A city&#8217;s ability to grow depends on its ability to manage its waste.<\/h2>\n\n\n\n<p>La investigaci\u00f3n de mercado y la consultor\u00eda estrat\u00e9gica proporcionan datos, conocimientos, herramientas y estrategias para gestionar mejor los residuos.<\/p>\n\n\n\n<h2 class=\"wp-block-heading\"><span style=\"font-weight: 400;\">La industria de la gesti\u00f3n de residuos est\u00e1 prosperando<\/span><\/h2>\n\n\n\n<p>With stable economic growths, rising populations and new technologies, there is optimism in the industry.&nbsp; Societies and businesses benefit from strong Waste Management resources to control and maintain the production of waste.<\/p>\n\n\n\n<p>But, challenges exist&nbsp; Climate change, health concerns, Sustainable development, conservation of scarce resources, lack of available land, and ocean pollution are challenges.&nbsp; The business of Waste Management faces challenges as well.&nbsp; Competition, commoditization, supplier power, supply chain disruptions, and buyer power all impact and constrain industry profitability.<\/p>\n\n\n\n<p>La investigaci\u00f3n ayuda a identificar nuevas fuentes de ventajas y rentabilidad.<\/p>\n\n\n\n<h2 class=\"wp-block-heading\"><span style=\"font-weight: 400;\">Por qu\u00e9 las empresas de gesti\u00f3n de residuos invierten en investigaci\u00f3n de mercado<\/span><\/h2>\n\n\n\n<h2 class=\"wp-block-heading\"><span style=\"font-weight: 400;\">1.&nbsp; Enables you to maintain brand strength<\/span><\/h2>\n\n\n\n<p><span style=\"font-weight: 400;\">El dominio de la marca es la clave para acumular ventas en nichos competitivos como el de la gesti\u00f3n de residuos. Durante la investigaci\u00f3n, podr\u00e1 interactuar con sus clientes potenciales. Aqu\u00ed obtendr\u00e1 informaci\u00f3n de primera mano sobre los servicios que m\u00e1s desean sus clientes. Tambi\u00e9n le ayuda a determinar el momento adecuado para ofrecer determinados servicios. Le da una idea de qu\u00e9 bonos y complementos podr\u00edan necesitar para que pueda planificar los mejores momentos para ofrecer estas ofertas especiales.<\/span><\/p>\n\n\n\n<h2 class=\"wp-block-heading\"><span style=\"font-weight: 400;\">2. Le ayuda a evitar riesgos de inversi\u00f3n<\/span><\/h2>\n\n\n\n<p><span style=\"font-weight: 400;\">Like in any other businesses, you need to invest in workforce, machines, and equipment. <a href=\"https:\/\/www.sisinternational.com\/es\/soluciones\/investigacion-de-mercado-de-ia-y-consultoria-estrategica\/investigacion-de-mercado-de-deteccion-de-objetos-ai\/\" title=\"Investigaci\u00f3n de mercado de IA de detecci\u00f3n de objetos\"  data-wpil-monitor-id=\"9321\">Market research will help you detect<\/a> the areas in your company that need improvement. After identifying the weak areas, you can now make informed decisions on how to improve them. In that way, you don&#8217;t risk losing revenues due to poor choices.<\/span><\/p>\n\n\n\n<h2 class=\"wp-block-heading\"><span style=\"font-weight: 400;\">3. Ayuda con la previsi\u00f3n del mercado<\/span><\/h2>\n\n\n\n<p><span style=\"font-weight: 400;\">\u00bfQuiere saber cu\u00e1les son los mejores momentos para aumentar o recortar su plantilla? Utilice la investigaci\u00f3n de mercado para pronosticar el mercado. Le ayudar\u00e1 a predecir las temporadas\/per\u00edodos en los que sus clientes necesitar\u00e1n m\u00e1s sus servicios. Esta informaci\u00f3n ser\u00e1 fundamental para ayudarle a tomar decisiones rentables sobre la proyecci\u00f3n de ingresos. Tambi\u00e9n le ayudar\u00e1 a identificar los mercados m\u00e1s lucrativos en los que sumergirse.<\/span><\/p>\n\n\n\n<h2 class=\"wp-block-heading\"><span style=\"font-weight: 400;\">4. La investigaci\u00f3n de mercado identifica fortalezas, debilidades, oportunidades y amenazas<\/span><\/h2>\n\n\n\n<p><span style=\"font-weight: 400;\">La eliminaci\u00f3n de residuos es un nicho de negocio muy competitivo. La naturaleza competitiva de este nicho exige que est\u00e9s en la cima en todo momento para vencer a la competencia. Para saber c\u00f3mo gestionar sus actividades, necesitar\u00e1 investigaci\u00f3n. Le ayudar\u00e1 a identificar las t\u00e9cnicas que utilizan sus competidores para aumentar las ventas. Tambi\u00e9n le permite determinar d\u00f3nde est\u00e1n fallando para que pueda fortalecer esas \u00e1reas en su negocio y vencerlos en el juego.&nbsp; <\/span><span style=\"font-weight: 400;\">Understanding your Strengths, Weaknesses Opportunities and Threats is powerful.&nbsp; You can boost your profits, performance and competitiveness.&nbsp;<\/span><\/p>\n\n\n\n<h2 class=\"wp-block-heading\">5. La investigaci\u00f3n de mercado lo conecta con los clientes<\/h2>\n\n\n\n<p>Customer Interviews, Ethnography, and <a href=\"https:\/\/www.sisinternational.com\/es\/focus-groups-that-deliver-real-voices-real-insight-real-advantage\/\" title=\"Focus Groups That Deliver Real Voices, Real Insight, Real Advantage\"  data-wpil-monitor-id=\"9323\">Focus Groups provide insights<\/a> into purchasing preferences of customers.&nbsp; Surveys quantify the extent of phenomenon.&nbsp; Spending more time with customers provides the ability to better serve their needs, and boost your profits.<\/p>\n\n\n\n<h2 class=\"wp-block-heading\">6.&nbsp; Market Research Creates Operational Efficiency<\/h2>\n\n\n\n<p><a href=\"https:\/\/www.sisinternational.com\/es\/soluciones\/investigacion-de-mercado-de-ia-y-consultoria-estrategica\/investigacion-de-mercado-de-ia-con-procesamiento-de-lenguaje-natural\/\" title=\"Investigaci\u00f3n de mercado de IA de procesamiento de lenguaje natural\"  data-wpil-monitor-id=\"9322\">Market Research identifies consumption processes<\/a> that can help you to build efficiency.&nbsp; With Strategy Research you can understand the processes that create the most value.&nbsp; You can identifies to prioritize processes and re-sequence others to boost profits.<\/p>\n\n\n\n<h2 class=\"wp-block-heading\"><span style=\"font-weight: 400;\">Acerca de la investigaci\u00f3n de mercado de gesti\u00f3n de residuos<\/span><\/h2>\n\n\n\n<p><span style=\"font-weight: 400;\"><a href=\"https:\/\/www.sisinternational.com\/es\/cobertura\/europa\/investigacion-de-mercado-liverpool-reino-unido\/\" title=\"Investigaci\u00f3n de mercado en Liverpool | Grupos focales y recopilaci\u00f3n de datos del Reino Unido\"  data-wpil-monitor-id=\"9320\">Market Research is the systematic collection<\/a> and analysis of data about the consumers a company is targeting. <a href=\"https:\/\/www.sisinternational.com\/es\/pericia\/curriculums-de-experiencia\/investigacion-de-marca\/\" title=\"Empresa de investigaci\u00f3n de marca\"  data-wpil-monitor-id=\"9324\">Companies do this research<\/a> to understand what their audience needs. They then summarize this research data in a report. The business owner can use this report to make informed decisions for the company.<\/span><\/p>\n\n\n\n<p><span style=\"font-weight: 400;\">This type of undertaking uses two approaches; Qualitative and <a href=\"https:\/\/www.sisinternational.com\/es\/top-5-benefits-of-conducting-quantitative-market-research\/\" title=\"Top 5 Benefits of Conducting Quantitative Market Research\"  data-wpil-monitor-id=\"9318\">Investigaci\u00f3n de mercado cuantitativa<\/a>. In Qualitative Research, the focus is on non-numerical data. For the Quantitative approach, researchers take real measurements. Here, they will use data collection methods like questionnaires, surveys, and polls. Quantitative Research also includes the use of mathematical numerical data analysis, and much more.<\/span><\/p>\n\n\n\n<p><span style=\"font-weight: 400;\"><a href=\"https:\/\/www.sisinternational.com\/es\/contacto-sis-investigacion-de-mercado-internacional\/\" title=\"Cont\u00e1ctenos\"  data-wpil-monitor-id=\"9317\">SIS International Research<\/a> has been in the business for many years. We have the experience, coverage and <a href=\"https:\/\/www.sisinternational.com\/es\/pericia\/industrias\/investigacion-de-mercado-de-recursos-naturales\/\" title=\"Investigaci\u00f3n de Mercado de Recursos Naturales\"  data-wpil-monitor-id=\"9319\">resources to deliver the best research<\/a> services.&nbsp;<\/span><\/p>\n\n\n\n<h2 class=\"wp-block-heading\"><a href=\"https:\/\/www.sisinternational.com\/es\/about-sis\/contact-sis-international-market-research\/\">Cont\u00e1ctenos para su pr\u00f3ximo proyecto de Investigaci\u00f3n de Mercado de Gesti\u00f3n de Residuos.<\/a><\/h2>\n\n\n\n<p><\/p>","protected":false},"excerpt":{"rendered":"<p>Descubra c\u00f3mo la investigaci\u00f3n de mercado de gesti\u00f3n de residuos puede mejorar su rendimiento.<\/p>","protected":false},"author":1,"featured_media":64755,"parent":14514,"menu_order":50,"comment_status":"closed","ping_status":"closed","template":"","meta":{"footnotes":""},"class_list":["post-31758","page","type-page","status-publish","has-post-thumbnail"],"_links":{"self":[{"href":"https:\/\/www.sisinternational.com\/es\/wp-json\/wp\/v2\/pages\/31758","targetHints":{"allow":["GET"]}}],"collection":[{"href":"https:\/\/www.sisinternational.com\/es\/wp-json\/wp\/v2\/pages"}],"about":[{"href":"https:\/\/www.sisinternational.com\/es\/wp-json\/wp\/v2\/types\/page"}],"author":[{"embeddable":true,"href":"https:\/\/www.sisinternational.com\/es\/wp-json\/wp\/v2\/users\/1"}],"replies":[{"embeddable":true,"href":"https:\/\/www.sisinternational.com\/es\/wp-json\/wp\/v2\/comments?post=31758"}],"version-history":[{"count":4,"href":"https:\/\/www.sisinternational.com\/es\/wp-json\/wp\/v2\/pages\/31758\/revisions"}],"predecessor-version":[{"id":81559,"href":"https:\/\/www.sisinternational.com\/es\/wp-json\/wp\/v2\/pages\/31758\/revisions\/81559"}],"up":[{"embeddable":true,"href":"https:\/\/www.sisinternational.com\/es\/wp-json\/wp\/v2\/pages\/14514"}],"wp:featuredmedia":[{"embeddable":true,"href":"https:\/\/www.sisinternational.com\/es\/wp-json\/wp\/v2\/media\/64755"}],"wp:attachment":[{"href":"https:\/\/www.sisinternational.com\/es\/wp-json\/wp\/v2\/media?parent=31758"}],"curies":[{"name":"wp","href":"https:\/\/api.w.org\/{rel}","templated":true}]}}