{"id":31732,"date":"2019-05-27T04:16:46","date_gmt":"2019-05-27T04:16:46","guid":{"rendered":"https:\/\/www.sisinternational.com\/?page_id=31732"},"modified":"2026-03-12T12:41:27","modified_gmt":"2026-03-12T16:41:27","slug":"investigacion-de-mercado-de-asistente-de-enfermeria-virtual","status":"publish","type":"page","link":"https:\/\/www.sisinternational.com\/es\/soluciones\/investigacion-de-mercado-biotecnologico-y-farmaceutico-de-atencion-medica\/investigacion-de-mercado-de-asistente-de-enfermeria-virtual\/","title":{"rendered":"Investigaci\u00f3n de mercado de asistente de enfermer\u00eda virtual"},"content":{"rendered":"<h1 class=\"wp-block-heading\"><span style=\"font-weight: 400;\">Investigaci\u00f3n de mercado de asistente de enfermer\u00eda virtual<\/span><\/h1>\n\n\n\n<figure class=\"gb-block-image gb-block-image-4d96b787\"><img loading=\"lazy\" decoding=\"async\" width=\"1456\" height=\"816\" class=\"gb-image gb-image-4d96b787\" src=\"https:\/\/www.sisinternational.com\/wp-content\/uploads\/2025\/08\/Virtual-nurse-1.jpg\" alt=\"Investigaci\u00f3n y estrategia de mercado internacional de SIS\" title=\"Virtual nurse (1)\" srcset=\"https:\/\/www.sisinternational.com\/wp-content\/uploads\/2025\/08\/Virtual-nurse-1.jpg 1456w, https:\/\/www.sisinternational.com\/wp-content\/uploads\/2025\/08\/Virtual-nurse-1-300x168.jpg 300w, https:\/\/www.sisinternational.com\/wp-content\/uploads\/2025\/08\/Virtual-nurse-1-1024x574.jpg 1024w, https:\/\/www.sisinternational.com\/wp-content\/uploads\/2025\/08\/Virtual-nurse-1-768x430.jpg 768w, https:\/\/www.sisinternational.com\/wp-content\/uploads\/2025\/08\/Virtual-nurse-1-18x10.jpg 18w\" sizes=\"auto, (max-width: 1456px) 100vw, 1456px\"><\/figure>\n\n\n\n<p><\/p>\n\n\n\n<h2 class=\"wp-block-heading\"><span style=\"font-weight: 400;\">C\u00f3mo la investigaci\u00f3n de mercado beneficia a la industria de la salud<\/span><\/h2>\n\n\n\n<p><span style=\"font-weight: 400;\">El componente digital de la atenci\u00f3n sanitaria se est\u00e1 convirtiendo r\u00e1pidamente en una especialidad tecnol\u00f3gica en la que los m\u00e9dicos, enfermeras y auxiliares de enfermer\u00eda desempe\u00f1an un papel fundamental. El acceso remoto a la atenci\u00f3n m\u00e9dica abre muchas oportunidades. Los pacientes ahora pueden gestionar su salud. Todav\u00eda necesitan la orientaci\u00f3n y el seguimiento profesional de los proveedores de atenci\u00f3n sanitaria. <\/span><\/p>\n\n\n\n<ul class=\"wp-block-list\">\n<li><span style=\"font-weight: 400;\">How exactly are these professionals presenting the <a href=\"https:\/\/www.sisinternational.com\/es\/pericia\/industrias\/investigacion-demografica-del-mercado\/\" title=\"Investigaci\u00f3n de mercado demogr\u00e1fica\"  data-wpil-monitor-id=\"10913\">market to the target demographic<\/a>? <\/span><\/li>\n\n\n\n<li><span style=\"font-weight: 400;\">\u00bfLos pacientes conocen los servicios virtuales que ofrece? <\/span><\/li>\n\n\n\n<li><span style=\"font-weight: 400;\">\u00bfSaben los pacientes c\u00f3mo puede beneficiarles un asistente de enfermer\u00eda virtual?&nbsp; <\/span><\/li>\n<\/ul>\n\n\n\n<p><span style=\"font-weight: 400;\">La investigaci\u00f3n de mercado juega un papel crucial para responder a estas preguntas.<\/span><\/p>\n\n\n\n<h2 class=\"wp-block-heading\"><span style=\"font-weight: 400;\">Elaboraci\u00f3n de la campa\u00f1a de marketing adecuada<\/span><\/h2>\n\n\n\n<p><span style=\"font-weight: 400;\"><a href=\"https:\/\/www.sisinternational.com\/es\/pericia\/industrias\/entrevistas-telefonicas-asistidas-por-computadora-investigacion-de-mercado\/\" title=\"Investigaci\u00f3n de mercado de entrevistas telef\u00f3nicas asistidas por computadora\"  data-wpil-monitor-id=\"5777\">Market research generates data for virtual<\/a> nurse assistants and other professionals, which they can use to craft an appropriate marketing campaign targeting a specific demographic. Accurate <a href=\"https:\/\/www.sisinternational.com\/es\/pericia\/industrias\/investigacion-de-mercado-de-recopilacion-de-datos\/\" title=\"Investigaci\u00f3n de mercado de recopilaci\u00f3n de datos\"  data-wpil-monitor-id=\"10907\">data collection<\/a> and analysis are essential for creating marketing or advertising strategies that reach the correct demographic. The focus has to be on the demographic that health care services will benefit. Data collection is particularly important if the advertising <a href=\"https:\/\/www.sisinternational.com\/es\/estrategia-de-marketing-integrada-para-una-innovadora-plataforma-de-comercio-en-linea\/\" title=\"Campa\u00f1a de marketing para una innovadora plataforma de comercio en l\u00ednea\"  data-wpil-monitor-id=\"10908\">campaign targets a niche market<\/a>. For example, the aim can be clients looking for the services of virtual nurse assistants. Without reliable research data, the wrong reports may drive the marketing campaign. This type of marketing could affect the efficacy of the campaign.<\/span><\/p>\n\n\n\n<h2 class=\"wp-block-heading\"><span style=\"font-weight: 400;\">Hacer que los datos de los proveedores sean m\u00e1s cre\u00edbles<\/span><\/h2>\n\n\n\n<p><span style=\"font-weight: 400;\">Accurate <a href=\"https:\/\/www.sisinternational.com\/es\/soluciones\/investigacion-de-consultoria-estrategica-fintech\/investigacion-de-mercado-de-analisis-de-datos-bancarios\/\" title=\"Investigaci\u00f3n de mercado de an\u00e1lisis de datos bancarios\"  data-wpil-monitor-id=\"10916\">data comes from sound research<\/a> techniques. This principle also holds in the health care industry. In healthcare, wrong or inaccurate data can pose a danger to human lives. Health care businesses should avail themselves of vigorous and reliable market research. They should ensure that the market researchers that they hire can produce accurate data. By publishing the study, they put themselves in a credible, trusted position. This position makes them more attractive to potential customers. Reliable data makes for better advertising. For example, you can show how hiring a virtual nursing assistant reduces emergency room visits. &nbsp;Virtual nursing assistants can use such data for several other purposes, such as promoting their services to house-bound or senior patients.<\/span><\/p>\n\n\n\n<h2 class=\"wp-block-heading\"><span style=\"font-weight: 400;\">Creaci\u00f3n de servicios de atenci\u00f3n m\u00e9dica espec\u00edficos que atiendan necesidades espec\u00edficas<\/span><\/h2>\n\n\n\n<p><span style=\"font-weight: 400;\">Marketing research not only focuses on how to present and deliver services. Survey results can also determine what kind of services a target population needs. A population is always more receptive to a <a href=\"https:\/\/www.sisinternational.com\/es\/soluciones\/investigacion-de-consultoria-estrategica-fintech\/investigacion-de-mercado-de-servicios-financieros\/\" title=\"Investigaci\u00f3n de mercado de servicios financieros\"  data-wpil-monitor-id=\"10909\">marketing campaign for a service<\/a> that they need. The reverse is also true. For example, it <a href=\"https:\/\/www.sisinternational.com\/es\/soluciones\/soluciones-de-branding-e-investigacion-de-clientes\/narracion-de-historias-investigacion-de-mercado\/\" title=\"Investigaci\u00f3n de mercado de narraci\u00f3n de historias\"  data-wpil-monitor-id=\"10911\">tells you where to market<\/a> senior home health care services. It also tells you that such a venture would not make sense in an area where the older population is less than 5%.<\/span><\/p>\n\n\n\n<h2 class=\"wp-block-heading\"><span style=\"font-weight: 400;\">Mantenerse actualizado sobre las tendencias del mercado<\/span><\/h2>\n\n\n\n<p><span style=\"font-weight: 400;\">La investigaci\u00f3n de mercado recopila datos sobre los productos y servicios que desea el grupo demogr\u00e1fico objetivo. Tambi\u00e9n brinda informaci\u00f3n sobre el mejor tipo de entrega para datos demogr\u00e1ficos espec\u00edficos. Le indica qu\u00e9 \u00e9poca del a\u00f1o es mejor para una campa\u00f1a en particular y cosas por el estilo. Todos estos datos pueden ayudar a dise\u00f1ar campa\u00f1as efectivas y eficientes. Estas campa\u00f1as brindar\u00e1n el mayor nivel de exposici\u00f3n a un nuevo producto o servicio.<\/span><\/p>\n\n\n\n<h2 class=\"wp-block-heading\">Acerca de la investigaci\u00f3n de mercado de enfermeras virtuales<\/h2>\n\n\n\n<p><span style=\"font-weight: 400;\">Market research is crucial for any marketing campaign. We provide Qualitative, <a href=\"https:\/\/www.sisinternational.com\/es\/how-to-design-effective-surveys-for-quantitative-research\/\" title=\"How to Design Effective Surveys for Quantitative Research\"  data-wpil-monitor-id=\"10912\">Quantitative and Strategy Research<\/a>.&nbsp; Research ensures campaign efficacy and better use of resources. It also gives you a better connection to the target demographic and assures the delivery of services to the demographic that needs it most. This information on the customers you&#8217;re advertising to is the reason why the best companies make market research a priority. They do due diligence before making important <a href=\"https:\/\/www.sisinternational.com\/es\/publicaciones\/investigacion-de-mercado-empresarial-escalable-7-formas-de-construir-un-negocio-escalable\/\" title=\"Investigaci\u00f3n de mercado empresarial escalable: 7 formas de construir un negocio escalable\"  data-wpil-monitor-id=\"10914\">marketing and business<\/a> decisions. If businesses want to succeed in the health care industry, they should follow suit.<\/span><\/p>\n\n\n\n<h2 class=\"wp-block-heading\"><a href=\"https:\/\/www.sisinternational.com\/es\/about-sis\/contact-sis-international-market-research\/\">Cont\u00e1ctanos para tu pr\u00f3xima <span style=\"font-weight: 400;\">Proyecto de Investigaci\u00f3n de Mercado de Auxiliar de Enfermer\u00eda Virtual.<\/span><\/a><\/h2>\n\n\n\n<p><\/p>","protected":false},"excerpt":{"rendered":"<p>Descubra c\u00f3mo la investigaci\u00f3n de mercado de asistentes de enfermer\u00eda virtuales puede aumentar su productividad.<\/p>","protected":false},"author":1,"featured_media":64912,"parent":11294,"menu_order":49,"comment_status":"closed","ping_status":"closed","template":"","meta":{"footnotes":""},"class_list":["post-31732","page","type-page","status-publish","has-post-thumbnail"],"_links":{"self":[{"href":"https:\/\/www.sisinternational.com\/es\/wp-json\/wp\/v2\/pages\/31732","targetHints":{"allow":["GET"]}}],"collection":[{"href":"https:\/\/www.sisinternational.com\/es\/wp-json\/wp\/v2\/pages"}],"about":[{"href":"https:\/\/www.sisinternational.com\/es\/wp-json\/wp\/v2\/types\/page"}],"author":[{"embeddable":true,"href":"https:\/\/www.sisinternational.com\/es\/wp-json\/wp\/v2\/users\/1"}],"replies":[{"embeddable":true,"href":"https:\/\/www.sisinternational.com\/es\/wp-json\/wp\/v2\/comments?post=31732"}],"version-history":[{"count":6,"href":"https:\/\/www.sisinternational.com\/es\/wp-json\/wp\/v2\/pages\/31732\/revisions"}],"predecessor-version":[{"id":81785,"href":"https:\/\/www.sisinternational.com\/es\/wp-json\/wp\/v2\/pages\/31732\/revisions\/81785"}],"up":[{"embeddable":true,"href":"https:\/\/www.sisinternational.com\/es\/wp-json\/wp\/v2\/pages\/11294"}],"wp:featuredmedia":[{"embeddable":true,"href":"https:\/\/www.sisinternational.com\/es\/wp-json\/wp\/v2\/media\/64912"}],"wp:attachment":[{"href":"https:\/\/www.sisinternational.com\/es\/wp-json\/wp\/v2\/media?parent=31732"}],"curies":[{"name":"wp","href":"https:\/\/api.w.org\/{rel}","templated":true}]}}