{"id":31703,"date":"2019-05-22T01:57:37","date_gmt":"2019-05-22T01:57:37","guid":{"rendered":"https:\/\/www.sisinternational.com\/?page_id=31703"},"modified":"2025-09-13T21:44:44","modified_gmt":"2025-09-14T01:44:44","slug":"investigacion-de-mercado-de-drones","status":"publish","type":"page","link":"https:\/\/www.sisinternational.com\/es\/pericia\/investigacion-de-mercado-de-drones\/","title":{"rendered":"Investigaci\u00f3n de mercado de drones"},"content":{"rendered":"<h1 class=\"wp-block-heading\">Investigaci\u00f3n de mercado de drones<\/h1>\n\n\n\n<figure class=\"gb-block-image gb-block-image-f0d1028f\"><img loading=\"lazy\" decoding=\"async\" width=\"1456\" height=\"816\" class=\"gb-image gb-image-f0d1028f\" src=\"https:\/\/www.sisinternational.com\/wp-content\/uploads\/2025\/08\/Drone-11.jpg\" alt=\"Investigaci\u00f3n y estrategia de mercado internacional de SIS\" title=\"Drone (11)\" srcset=\"https:\/\/www.sisinternational.com\/wp-content\/uploads\/2025\/08\/Drone-11.jpg 1456w, https:\/\/www.sisinternational.com\/wp-content\/uploads\/2025\/08\/Drone-11-300x168.jpg 300w, https:\/\/www.sisinternational.com\/wp-content\/uploads\/2025\/08\/Drone-11-1024x574.jpg 1024w, https:\/\/www.sisinternational.com\/wp-content\/uploads\/2025\/08\/Drone-11-768x430.jpg 768w, https:\/\/www.sisinternational.com\/wp-content\/uploads\/2025\/08\/Drone-11-18x10.jpg 18w\" sizes=\"auto, (max-width: 1456px) 100vw, 1456px\"><\/figure>\n\n\n\n<p><\/p>\n\n\n\n<h2 class=\"wp-block-heading\"><span style=\"font-weight: 400;\">El mercado de drones est\u00e1 creciendo en todo el mundo&nbsp;&nbsp;<\/span><\/h2>\n\n\n\n<p><span style=\"font-weight: 400;\">Este crecimiento se debe a un aumento significativo en la popularidad del uso comercial de drones. Estas m\u00e1quinas se pueden utilizar en varias industrias.<\/span><\/p>\n\n\n\n<p><span style=\"font-weight: 400;\">La alta demanda y los bajos costos iniciales han alentado a muchas empresas emergentes de drones. Con m\u00e1s jugadores, surge m\u00e1s competencia, lo que ha hecho que administrar un negocio de drones sea m\u00e1s desafiante.<\/span><\/p>\n\n\n\n<p><span style=\"font-weight: 400;\">To maintain a strong position in the drone market, startups rely on market research. It&#8217;s the best way to stay ahead of the competition. <a href=\"https:\/\/www.sisinternational.com\/es\/pericia\/industrias\/investigacion-de-mercado-de-recopilacion-de-datos\/\" title=\"Investigaci\u00f3n de mercado de recopilaci\u00f3n de datos\"  data-wpil-monitor-id=\"8040\">Market research is about collecting<\/a> and analyzing customer information. It helps you make your drone business the best it can be, which in turn enables you to increase revenue and sales.<\/span><\/p>\n\n\n\n<h2 class=\"wp-block-heading\">Investigaci\u00f3n de mercado en la industria de los drones<\/h2>\n\n\n\n<p><span style=\"font-weight: 400;\"><a href=\"https:\/\/www.sisinternational.com\/es\/top-5-benefits-of-conducting-quantitative-market-research\/\" title=\"Top 5 Benefits of Conducting Quantitative Market Research\"  data-wpil-monitor-id=\"8035\">Investigaci\u00f3n de mercado cuantitativa<\/a> analyzes hard facts and statistics. This type of research is necessary to improve your products and services. It involves the large-scale collection of numerical data and statistics. <a href=\"https:\/\/www.sisinternational.com\/es\/quantitative-market-research-methods-and-techniques\/\" title=\"Quantitative Market Research Methods and Techniques\"  data-wpil-monitor-id=\"8043\">Quantitative researchers use methods<\/a> such as surveys, polls, and many short interviews. They also use experiments, telephone interviews, emails, and observational research.<\/span><\/p>\n\n\n\n<p><span style=\"font-weight: 400;\"><a href=\"https:\/\/www.sisinternational.com\/es\/tools-and-resources-for-qualitative-market-research\/\" title=\"Tools and Resources for Qualitative Market Research\"  data-wpil-monitor-id=\"8037\">Investigaci\u00f3n de mercado cualitativa<\/a> discovers your customers&#8217; needs. It also measures their activities, attitude, and reactions toward your products and services. It determines what your customers feel about your products. It tells you their expectations of your business. Research reveals their attitudes towards your competitors, and what influences their buying decisions. <a href=\"https:\/\/www.sisinternational.com\/es\/sampling-techniques-in-qualitative-research-the-complete-guide-to-choosing-the-right-method\/\" title=\"Sampling Techniques in Qualitative Research: The Complete Guide to Choosing the Right Method\"  data-wpil-monitor-id=\"8044\">Qualitative researchers<\/a> use unstructured observation and review methods. For example, they use focus groups, group discussions, and in-depth interviews.<\/span><\/p>\n\n\n\n<p><span style=\"font-weight: 400;\"><a href=\"https:\/\/www.sisinternational.com\/es\/pericia\/industrias\/investigacion-de-mercados-industriales\/\" title=\"Investigaci\u00f3n y estrategia de mercados industriales\"  data-wpil-monitor-id=\"8041\">Market research in the drone industry<\/a> offers you superior customer intelligence. It can help startups to project business growth and give them data-driven insights. Here are six reasons why you need market research for your drone enterprise:<\/span><\/p>\n\n\n\n<h2 class=\"wp-block-heading\">Te ayuda a encontrar tu nicho<\/h2>\n\n\n\n<p><span style=\"font-weight: 400;\">Un nicho es un segmento particular en el que se centra una empresa. No hagas negocios en el mercado de drones sin identificar tu nicho. Eso es como disparar en la oscuridad. Todas las industrias posibles utilizan drones en una amplia gama de funciones. La gente los usa en agricultura, construcci\u00f3n, vigilancia, fotograf\u00eda a\u00e9rea y v\u00eddeos. Tambi\u00e9n son \u00fatiles para monitorear el tr\u00e1fico, energ\u00eda, actividades recreativas y mucho m\u00e1s.<\/span><\/p>\n\n\n\n<p><span style=\"font-weight: 400;\">Debe tener una idea exacta de los tipos de productos y servicios que ofrece su empresa. Por ejemplo, es posible que haya muchos agricultores en su \u00e1rea interesados en una forma de agricultura m\u00e1s cient\u00edfica. Alternativamente, varios agentes inmobiliarios pueden necesitar fotograf\u00edas inmobiliarias.<\/span><\/p>\n\n\n\n<p><span style=\"font-weight: 400;\">La investigaci\u00f3n de mercado de drones determina su segmento de mercado m\u00e1s rentable. Prueba sus productos para identificar qu\u00e9 causa el dolor, los problemas y los deseos de los clientes. Le ayuda a ver qu\u00e9 problemas est\u00e1 tratando de resolver su empresa. Descubrir\u00e1 qu\u00e9 les importa a sus clientes y comprobar\u00e1 la validez de su nicho de mercado.<\/span><\/p>\n\n\n\n<h2 class=\"wp-block-heading\">Le ayuda a definir su p\u00fablico objetivo<\/h2>\n\n\n\n<figure class=\"gb-block-image gb-block-image-20e69da2\"><img loading=\"lazy\" decoding=\"async\" width=\"1456\" height=\"816\" class=\"gb-image gb-image-20e69da2\" src=\"https:\/\/www.sisinternational.com\/wp-content\/uploads\/2025\/08\/Drone-8.jpg\" alt=\"Investigaci\u00f3n y estrategia de mercado internacional de SIS\" title=\"Drone (8)\" srcset=\"https:\/\/www.sisinternational.com\/wp-content\/uploads\/2025\/08\/Drone-8.jpg 1456w, https:\/\/www.sisinternational.com\/wp-content\/uploads\/2025\/08\/Drone-8-300x168.jpg 300w, https:\/\/www.sisinternational.com\/wp-content\/uploads\/2025\/08\/Drone-8-1024x574.jpg 1024w, https:\/\/www.sisinternational.com\/wp-content\/uploads\/2025\/08\/Drone-8-768x430.jpg 768w, https:\/\/www.sisinternational.com\/wp-content\/uploads\/2025\/08\/Drone-8-18x10.jpg 18w\" sizes=\"auto, (max-width: 1456px) 100vw, 1456px\"><\/figure>\n\n\n\n<p><\/p>\n\n\n\n<p><span style=\"font-weight: 400;\">Su p\u00fablico objetivo es el conjunto de clientes a los que su empresa espera atender. Esta audiencia suele tener necesidades similares. La investigaci\u00f3n cualitativa puede identificar a los consumidores que est\u00e1n m\u00e1s interesados en sus productos\/servicios. Identifica a las personas espec\u00edficas que tienen m\u00e1s probabilidades de comprarle a usted que a otras empresas del mercado.<\/span><\/p>\n\n\n\n<p><span style=\"font-weight: 400;\">Puede clasificar a las personas que tienen m\u00e1s probabilidades de comprar sus productos. La mayor\u00eda de los especialistas en marketing utilizan factores como la ubicaci\u00f3n, la edad y el nivel de ingresos. Tambi\u00e9n analizan el estilo de vida, las actitudes, los intereses, los pasatiempos y mucho m\u00e1s.<\/span><\/p>\n\n\n\n<p><span style=\"font-weight: 400;\">Identifying your target audience helps you to understand them better. Once you know your buyers, you can cater to their needs. You&#8217;ll see how your drones fit into your customers&#8217; life. You&#8217;ll also find out what they find appealing and how they will use the product. Furthermore, <a href=\"https:\/\/www.sisinternational.com\/es\/nosotros-veterano-investigacion-de-mercado-2\/\" title=\"Investigaci\u00f3n de mercado de veteranos de EE. UU.\"  data-wpil-monitor-id=\"8034\">market research ensures you effective communication strategies<\/a> for your target market.<\/span><\/p>\n\n\n\n<h2 class=\"wp-block-heading\">Aumenta su participaci\u00f3n de mercado<\/h2>\n\n\n\n<p><span style=\"font-weight: 400;\">La investigaci\u00f3n le ayuda a encontrar su nicho y mercado objetivo. Tambi\u00e9n puede ayudarle a establecer un plan de marketing eficaz, lo que le permitir\u00e1 ganar una cuota de mercado m\u00e1s significativa.<\/span><\/p>\n\n\n\n<p><span style=\"font-weight: 400;\">Su plan de marketing puede marcar la diferencia para el \u00e9xito de su negocio de drones. <\/span><\/p>\n\n\n\n<p><span style=\"font-weight: 400;\">La investigaci\u00f3n de mercado de drones puede ayudarle a establecer objetivos alcanzables e identificar nuevas oportunidades en el mercado. Tambi\u00e9n le permite discernir nuevas \u00e1reas de expansi\u00f3n.<\/span><\/p>\n\n\n\n<h2 class=\"wp-block-heading\">Le muestra las tendencias cambiantes del mercado de drones<\/h2>\n\n\n\n<p><span style=\"font-weight: 400;\">La tecnolog\u00eda de drones ha mostrado un r\u00e1pido avance. Es un ejemplo de c\u00f3mo est\u00e1n cambiando las tendencias del mercado en la industria. La investigaci\u00f3n de mercado puede ayudarle a detectar nuevas tendencias en el mercado. Le ayuda a generar ideas con potencial de ganancias antes que sus competidores.<\/span><\/p>\n\n\n\n<h2 class=\"wp-block-heading\">Minimiza el riesgo y las p\u00e9rdidas<\/h2>\n\n\n\n<p><span style=\"font-weight: 400;\">In the current business climate, startups must protect themselves from loss. Qualitative and <a href=\"https:\/\/www.sisinternational.com\/es\/top-5-benefits-of-qualitative-market-research-for-businesses\/\" title=\"Top 5 Benefits of Qualitative Market Research for Businesses\"  data-wpil-monitor-id=\"8038\">investigaci\u00f3n de mercado cualitativa<\/a> is a boon for business owners. It helps remove costly assumptions in your business.<\/span><\/p>\n\n\n\n<h2 class=\"wp-block-heading\">Mejora el an\u00e1lisis de la competencia<\/h2>\n\n\n\n<p><span style=\"font-weight: 400;\">The market research also involves competitive research (or competitive analysis). It consists of collecting and analyzing information about rival companies in the market. It helps you to create a competitive advantage. How? Because you will now know what your rivals are offering. You&#8217;ll also know how successful they are and which of their marketing efforts are failing. It pays to identify the strengths and weaknesses of your competitors&#8217; products. It helps you improve your products\/services to stand out from the rest.<\/span><\/p>\n\n\n\n<h2 class=\"wp-block-heading\">Acerca de la investigaci\u00f3n de mercado de drones<\/h2>\n\n\n\n<p><span style=\"font-weight: 400;\">El mercado de los drones es un mercado apasionante y en crecimiento. La investigaci\u00f3n de mercado de drones es un gran recurso que ofrece recomendaciones espec\u00edficas. Es para aumentar sus ventas e ingresos. Le ayudar\u00e1 a tomar decisiones informadas. Tambi\u00e9n podr\u00e1 mantenerse por delante de sus competidores y tener una pr\u00f3spera empresa de drones.<\/span><\/p>\n\n\n\n<p><\/p>","protected":false},"excerpt":{"rendered":"<p>Descubra c\u00f3mo puede lanzar su pr\u00f3ximo proyecto de investigaci\u00f3n de mercado de drones.<\/p>","protected":false},"author":1,"featured_media":64467,"parent":14514,"menu_order":47,"comment_status":"closed","ping_status":"closed","template":"","meta":{"footnotes":""},"class_list":["post-31703","page","type-page","status-publish","has-post-thumbnail"],"_links":{"self":[{"href":"https:\/\/www.sisinternational.com\/es\/wp-json\/wp\/v2\/pages\/31703","targetHints":{"allow":["GET"]}}],"collection":[{"href":"https:\/\/www.sisinternational.com\/es\/wp-json\/wp\/v2\/pages"}],"about":[{"href":"https:\/\/www.sisinternational.com\/es\/wp-json\/wp\/v2\/types\/page"}],"author":[{"embeddable":true,"href":"https:\/\/www.sisinternational.com\/es\/wp-json\/wp\/v2\/users\/1"}],"replies":[{"embeddable":true,"href":"https:\/\/www.sisinternational.com\/es\/wp-json\/wp\/v2\/comments?post=31703"}],"version-history":[{"count":4,"href":"https:\/\/www.sisinternational.com\/es\/wp-json\/wp\/v2\/pages\/31703\/revisions"}],"predecessor-version":[{"id":68439,"href":"https:\/\/www.sisinternational.com\/es\/wp-json\/wp\/v2\/pages\/31703\/revisions\/68439"}],"up":[{"embeddable":true,"href":"https:\/\/www.sisinternational.com\/es\/wp-json\/wp\/v2\/pages\/14514"}],"wp:featuredmedia":[{"embeddable":true,"href":"https:\/\/www.sisinternational.com\/es\/wp-json\/wp\/v2\/media\/64467"}],"wp:attachment":[{"href":"https:\/\/www.sisinternational.com\/es\/wp-json\/wp\/v2\/media?parent=31703"}],"curies":[{"name":"wp","href":"https:\/\/api.w.org\/{rel}","templated":true}]}}