{"id":31667,"date":"2019-05-18T22:19:40","date_gmt":"2019-05-18T22:19:40","guid":{"rendered":"https:\/\/www.sisinternational.com\/?page_id=31667"},"modified":"2026-01-25T17:07:47","modified_gmt":"2026-01-25T22:07:47","slug":"toma-de-decisiones-investigacion-de-mercado","status":"publish","type":"page","link":"https:\/\/www.sisinternational.com\/es\/soluciones\/investigacion-de-consultoria-estrategica-fintech\/toma-de-decisiones-investigacion-de-mercado\/","title":{"rendered":"Investigaci\u00f3n de mercado de tomadores de decisiones de TI"},"content":{"rendered":"<h1 class=\"wp-block-heading\">Investigaci\u00f3n de mercado de tomadores de decisiones de TI<\/h1>\n\n\n\n<figure class=\"gb-block-image gb-block-image-08397f79\"><img loading=\"lazy\" decoding=\"async\" width=\"1456\" height=\"816\" class=\"gb-image gb-image-08397f79\" src=\"https:\/\/www.sisinternational.com\/wp-content\/uploads\/2025\/08\/Tech-15.jpg\" alt=\"Investigaci\u00f3n y estrategia de mercado internacional de SIS\" title=\"Tech (15)\" srcset=\"https:\/\/www.sisinternational.com\/wp-content\/uploads\/2025\/08\/Tech-15.jpg 1456w, https:\/\/www.sisinternational.com\/wp-content\/uploads\/2025\/08\/Tech-15-300x168.jpg 300w, https:\/\/www.sisinternational.com\/wp-content\/uploads\/2025\/08\/Tech-15-1024x574.jpg 1024w, https:\/\/www.sisinternational.com\/wp-content\/uploads\/2025\/08\/Tech-15-768x430.jpg 768w, https:\/\/www.sisinternational.com\/wp-content\/uploads\/2025\/08\/Tech-15-18x10.jpg 18w\" sizes=\"auto, (max-width: 1456px) 100vw, 1456px\"><\/figure>\n\n\n\n<hr class=\"wp-block-separator has-alpha-channel-opacity is-style-dots\"\/>\n\n\n\n<p><span style=\"font-weight: 400;\">IT decision maker market research is a systematic approach to understanding the behaviors, preferences, and challenges faced by individuals responsible for an organization&#8217;s technological direction and investments.&nbsp;<\/span><\/p>\n\n\n\n<h2 class=\"wp-block-heading\">\u00bfQu\u00e9 es la investigaci\u00f3n sobre tomadores de decisiones de TI?<\/h2>\n\n\n\n<p><span style=\"font-weight: 400;\">La investigaci\u00f3n de mercado de los tomadores de decisiones de TI profundiza en la psique de los CIO, CTO, gerentes de TI y otro personal clave que determinan los presupuestos de TI, seleccionan proveedores y establecen la estrategia de TI que se alinear\u00e1 con las metas y objetivos del negocio. <\/span><span style=\"font-weight: 400;\">In IT decision maker research, we conduct research with professionals at companies who influence purchasing and decision making in the company.&nbsp; This insight is very valuable and can provide the catalyst to make key decisions.&nbsp; <\/span><span style=\"font-weight: 400;\">Las empresas de TI deben hablar con los responsables de la toma de decisiones tecnol\u00f3gicas para:<\/span><\/p>\n\n\n\n<ul class=\"wp-block-list\">\n<li><span style=\"font-weight: 400;\">comprender las preferencias y los puntos d\u00e9biles de quienes toman decisiones empresariales. <\/span><\/li>\n\n\n\n<li><span style=\"font-weight: 400;\">comprender los procesos de compra, los recorridos de los clientes y los patrones<\/span><\/li>\n\n\n\n<li><span style=\"font-weight: 400;\">para probar nuevos productos, campa\u00f1as publicitarias, sitios web y conceptos<\/span><\/li>\n\n\n\n<li><span style=\"font-weight: 400;\">para comprender las tendencias cambiantes del mercado<\/span><\/li>\n\n\n\n<li>para descubrir nuevas oportunidades y movimientos competitivos<\/li>\n<\/ul>\n\n\n\n<h2 class=\"wp-block-heading\"><strong>Por qu\u00e9 las empresas necesitan una investigaci\u00f3n de mercado sobre tomadores de decisiones de TI<\/strong><\/h2>\n\n\n\n<p><span style=\"font-weight: 400;\">La investigaci\u00f3n de mercado de los tomadores de decisiones de TI permite a las empresas anticipar necesidades, predecir cambios en la demanda y comprender el proceso de toma de decisiones por el que pasan los l\u00edderes de TI al evaluar soluciones.<\/span><\/p>\n\n\n\n<p><span style=\"font-weight: 400;\">This research equips technology vendors and service providers with the knowledge to craft compelling value propositions that resonate with IT leaders, ensuring that their solutions align with the market&#8217;s pain points and aspirations. Moreover, by understanding the decision-making hierarchy within organizations, vendors can tailor their engagement strategies to the right stakeholders, enhancing the effectiveness of sales and marketing efforts.<\/span><\/p>\n\n\n\n<p><span style=\"font-weight: 400;\">Adem\u00e1s, la investigaci\u00f3n de mercado de los responsables de decisiones de TI informa las hojas de ruta de desarrollo de productos. Al estar al tanto de lo que los l\u00edderes de TI necesitan hoy (y predecir lo que necesitar\u00e1n ma\u00f1ana), las empresas pueden asignar recursos de I+D de manera m\u00e1s efectiva, asegurando que sus productos sigan siendo relevantes y competitivos. Sin embargo, tiene muchos otros beneficios, entre ellos:&nbsp;<\/span><\/p>\n\n\n\n<ul class=\"wp-block-list\">\n<li><b> Alineaci\u00f3n de productos mejorada:<\/b><span style=\"font-weight: 400;\"> By understanding the priorities and challenges of IT decision makers, businesses can tailor their products and services to better meet the market&#8217;s needs.&nbsp;<\/span><\/li>\n\n\n\n<li><b> Diferenciaci\u00f3n Competitiva:<\/b><span style=\"font-weight: 400;\"> En un panorama donde la diferenciaci\u00f3n es clave, los conocimientos de la investigaci\u00f3n de mercado permiten a las empresas identificar puntos de venta \u00fanicos y propuestas de valor que las diferencian de sus competidores a los ojos de los tomadores de decisiones de TI.<\/span><\/li>\n\n\n\n<li><b> Mitigaci\u00f3n de riesgos:<\/b><span style=\"font-weight: 400;\"> A deep understanding of market trends and IT decision-making processes helps anticipate industry shifts, allowing companies to pivot and adapt their strategies proactively and thus reducing business risk.<\/span><\/li>\n\n\n\n<li><b> Decisiones de inversi\u00f3n informadas:<\/b><span style=\"font-weight: 400;\"> La investigaci\u00f3n de mercado de los responsables de decisiones de TI orienta a las empresas sobre d\u00f3nde invertir sus recursos, garantizando que los gastos de desarrollo de productos y marketing se dirijan hacia \u00e1reas con el mayor potencial de retorno.<\/span><\/li>\n\n\n\n<li><b> Mayor penetraci\u00f3n de mercado:<\/b><span style=\"font-weight: 400;\"> By clearly understanding the IT decision-making landscape, companies can identify new opportunities and untapped markets, paving the way for expansion and growth.<\/span><\/li>\n<\/ul>\n\n\n\n<h2 class=\"wp-block-heading\"><strong>\u00bfQui\u00e9n utiliza la investigaci\u00f3n de mercado de toma de decisiones de TI?<\/strong><\/h2>\n\n\n\n<figure class=\"gb-block-image gb-block-image-f8ace60f\"><img loading=\"lazy\" decoding=\"async\" width=\"1456\" height=\"816\" class=\"gb-image gb-image-f8ace60f\" src=\"https:\/\/www.sisinternational.com\/wp-content\/uploads\/2025\/08\/Creativity-3.jpg\" srcset=\"https:\/\/www.sisinternational.com\/wp-content\/uploads\/2025\/08\/Creativity-3.jpg 1456w, https:\/\/www.sisinternational.com\/wp-content\/uploads\/2025\/08\/Creativity-3-300x168.jpg 300w, https:\/\/www.sisinternational.com\/wp-content\/uploads\/2025\/08\/Creativity-3-1024x574.jpg 1024w, https:\/\/www.sisinternational.com\/wp-content\/uploads\/2025\/08\/Creativity-3-768x430.jpg 768w, https:\/\/www.sisinternational.com\/wp-content\/uploads\/2025\/08\/Creativity-3-18x10.jpg 18w\" sizes=\"auto, (max-width: 1456px) 100vw, 1456px\" alt=\"Investigaci\u00f3n y estrategia de mercado internacional de SIS\"><\/figure>\n\n\n\n<p><\/p>\n\n\n\n<p><b>Proveedores de tecnolog\u00eda y proveedores de servicios.<\/b><span style=\"font-weight: 400;\"> utilize this research to understand IT leaders&#8217; needs, pain points, and decision-making criteria. They use these insights to refine product features, develop targeted marketing campaigns, and create sales strategies that speak directly to the concerns and aspirations of IT decision makers.<\/span><\/p>\n\n\n\n<p><span style=\"font-weight: 400;\">Adem\u00e1s, yo<\/span><b>Inversores y analistas financieros.<\/b><span style=\"font-weight: 400;\"> Utilice esta investigaci\u00f3n para medir la viabilidad y el \u00e9xito futuro de las empresas de tecnolog\u00eda. Al comprender las tendencias y preferencias dentro de la comunidad de toma de decisiones de TI, pueden hacer predicciones m\u00e1s informadas sobre qu\u00e9 empresas tienen probabilidades de tener \u00e9xito y cu\u00e1les podr\u00edan fracasar.<\/span><\/p>\n\n\n\n<p><span style=\"font-weight: 400;\">Por \u00faltimo, <\/span><b>Tomadores de decisiones de TI<\/b><span style=\"font-weight: 400;\"> beneficiarse de esta investigaci\u00f3n. Al participar y tener acceso a los hallazgos de la investigaci\u00f3n de mercado, pueden comparar sus procesos y decisiones con tendencias m\u00e1s amplias de la industria, asegurando que sus enfoques sigan siendo actuales y competitivos.<\/span><\/p>\n\n\n\n<h2 class=\"wp-block-heading\"><strong>Qu\u00e9 esperar de la investigaci\u00f3n de mercado de tomadores de decisiones de TI<\/strong><\/h2>\n\n\n\n<p><span style=\"font-weight: 400;\">Las organizaciones que se embarcan en una investigaci\u00f3n de mercado sobre tomadores de decisiones de TI pueden esperar obtener pautas de planificaci\u00f3n y ejecuci\u00f3n estrat\u00e9gicas, que reflejan la naturaleza compleja de la toma de decisiones de TI en el mundo corporativo.<\/span><\/p>\n\n\n\n<p><b> \u2022 Comprehensive <\/b><a href=\"https:\/\/www.sisinternational.com\/es\/cobertura\/investigacion-de-mercado-asia\/investigacion-de-mercado-filipina\/\" title=\"Investigaci\u00f3n de mercado filipino\"  data-wpil-monitor-id=\"4007\">Market Understanding: The research<\/a> provides a thorough overview of the current IT landscape from the perspective of those making the purchasing decisions. It reveals how IT leaders perceive different technologies and solutions, and which factors they consider most critical when making decisions.<\/span><\/p>\n\n\n\n<p><b> \u2022 Identificaci\u00f3n de factores clave para tomar decisiones:<\/b><span style=\"font-weight: 400;\"> It is crucial to understand what motivates IT decision-makers. Market research identifies these key drivers, which may include cost, scalability, integration capabilities, vendor reputation, and the potential for competitive advantage.<\/span><\/p>\n\n\n\n<p><b> \u2022 An\u00e1lisis competitivo: <\/b><span style=\"font-weight: 400;\">The research offers insights into how competitors are perceived by IT decision makers. This includes not just product comparisons but also reputations, service quality, and thought leadership within the industry.<\/span><\/p>\n\n\n\n<p><b> \u2022 Tendencias emergentes: <\/b><span style=\"font-weight: 400;\">La investigaci\u00f3n de mercado de los responsables de decisiones de TI arroja luz sobre las tendencias y tecnolog\u00edas emergentes que est\u00e1n ganando terreno. Esta informaci\u00f3n prospectiva es invaluable para mantenerse a la vanguardia y estar preparado para los cambios en la demanda.<\/span><\/p>\n\n\n\n<p><b>\u2022 Barreras a la adopci\u00f3n: <\/b><span style=\"font-weight: 400;\">&nbsp;La investigaci\u00f3n a menudo descubre desaf\u00edos y obst\u00e1culos que enfrentan los tomadores de decisiones de TI al adoptar nuevas tecnolog\u00edas. Estos conocimientos ayudan a las empresas a abordar las inquietudes de forma proactiva y mejorar sus ofertas.<\/span><\/p>\n\n\n\n<h2 class=\"wp-block-heading\"><strong>Consideraciones cr\u00edticas en la toma de decisiones de marketing de TI<\/strong><\/h2>\n\n\n\n<figure class=\"gb-block-image gb-block-image-5c488f22\"><img loading=\"lazy\" decoding=\"async\" width=\"1456\" height=\"816\" class=\"gb-image gb-image-5c488f22\" src=\"https:\/\/www.sisinternational.com\/wp-content\/uploads\/2025\/08\/Creativity-19.jpg\" alt=\"Investigaci\u00f3n y estrategia de mercado internacional de SIS\" title=\"Creativity (19)\" srcset=\"https:\/\/www.sisinternational.com\/wp-content\/uploads\/2025\/08\/Creativity-19.jpg 1456w, https:\/\/www.sisinternational.com\/wp-content\/uploads\/2025\/08\/Creativity-19-300x168.jpg 300w, https:\/\/www.sisinternational.com\/wp-content\/uploads\/2025\/08\/Creativity-19-1024x574.jpg 1024w, https:\/\/www.sisinternational.com\/wp-content\/uploads\/2025\/08\/Creativity-19-768x430.jpg 768w, https:\/\/www.sisinternational.com\/wp-content\/uploads\/2025\/08\/Creativity-19-18x10.jpg 18w\" sizes=\"auto, (max-width: 1456px) 100vw, 1456px\"><\/figure>\n\n\n\n<p><\/p>\n\n\n\n<p><span style=\"font-weight: 400;\">IT decision-makers must base any marketing plan on the core fundamentals. It&#8217;s important to have access, skilled recruited, respect for the respondent&#8217;s time and an efficient methodology.&nbsp; Key topics in ITDM research can include questions about:<\/span><\/p>\n\n\n\n<ul class=\"wp-block-list\">\n<li><b>Producto: <\/b><span style=\"font-weight: 400;\">Las empresas tienen que decidir qu\u00e9 productos planean ofrecer en el futuro.<\/span><\/li>\n\n\n\n<li><b>Precio:<\/b><span style=\"font-weight: 400;\"> Product pricing plays a vital role in a customer\u2019s buying decision.&nbsp;<\/span><\/li>\n\n\n\n<li><b>Lugar:<\/b><span style=\"font-weight: 400;\">&nbsp;En el sentido de marketing, \u201clugar\u201d se refiere a la distribuci\u00f3n del producto.<\/span><\/li>\n\n\n\n<li><b>Promociones:<\/b><span style=\"font-weight: 400;\">&nbsp;Los ejecutivos de la empresa deben considerar c\u00f3mo comunicarse con otros sobre el producto.<\/span><\/li>\n<\/ul>\n\n\n\n<h2 class=\"wp-block-heading\"><strong>Tendencias actuales en la investigaci\u00f3n de mercado de tomadores de decisiones de TI<\/strong><\/h2>\n\n\n\n<p><span style=\"font-weight: 400;\">El panorama de la investigaci\u00f3n de mercado de los responsables de la toma de decisiones de TI evoluciona continuamente, lo que refleja la naturaleza din\u00e1mica de la tecnolog\u00eda y los negocios, y estas son algunas de las tendencias actuales en esta \u00e1rea:&nbsp;<\/span><\/p>\n\n\n\n<p><b> \u2022 Influencia de la IA y el aprendizaje autom\u00e1tico: <\/b><span style=\"font-weight: 400;\">AI and machine learning (ML) are being used to analyze market research data more efficiently and accurately.<\/span><\/p>\n\n\n\n<p><b> \u2022 The Rise of <\/b><a href=\"https:\/\/www.sisinternational.com\/es\/pericia\/industrias\/investigacion-de-mercado-devops\/\" title=\"Investigaci\u00f3n de mercado de DevOps\"  data-wpil-monitor-id=\"6106\">DevOps and Agile Methodologies: Research<\/a> indicates a shift in how IT decision makers are approaching project management and software development, with a growing lean towards Agile and DevOps cultures.<\/span><\/p>\n\n\n\n<p><b> - <\/b><a href=\"https:\/\/www.sisinternational.com\/es\/pericia\/industrias\/investigacion-de-mercado-de-computacion-en-la-nube\/\" title=\"Investigaci\u00f3n de mercado de computaci\u00f3n en la nube\"  data-wpil-monitor-id=\"3679\">Cloud Computing Adoption: Market research<\/a> continues to monitor the accelerating shift towards cloud services, assessing IT decision makers&#8217; preferences between public, private, and hybrid cloud solutions.<\/span><\/p>\n\n\n\n<p><b> \u2022 Sostenibilidad y Responsabilidad Corporativa:<\/b><span style=\"font-weight: 400;\"> IT decision makers are increasingly factoring in vendors&#8217; environmental impact and sustainability practices into their purchasing decisions.<\/span><\/p>\n\n\n\n<p><b> \u2022 Integraci\u00f3n de Internet de las Cosas (IoT): <\/b><span style=\"font-weight: 400;\">As IoT devices proliferate, research delves into how IT leaders plan to integrate these technologies into their existing infrastructures.<\/span><\/p>\n\n\n\n<h2 class=\"wp-block-heading\"><strong>Oportunidades en la investigaci\u00f3n de mercado de tomadores de decisiones de TI&nbsp;<\/strong><\/h2>\n\n\n\n<p><span style=\"font-weight: 400;\">The insights derived from IT decision maker market research can unlock many opportunities for businesses operating within the technology sector. Here are some key areas where companies can leverage this research to their advantage:<\/span><\/p>\n\n\n\n<p><b> \u2022 Posicionamiento estrat\u00e9gico:<\/b><span style=\"font-weight: 400;\"> La investigaci\u00f3n de mercado permite a las empresas identificar nichos de mercado o sectores que pueden estar desatendidos. Al posicionarse estrat\u00e9gicamente dentro de estas \u00e1reas, las empresas pueden capturar nuevos segmentos del mercado y diferenciarse de sus competidores.<\/span><\/p>\n\n\n\n<p><b> \u2022 Liderazgo intelectual:<\/b><span style=\"font-weight: 400;\"> Al mantenerse informadas sobre las tendencias actuales y emergentes, las empresas pueden establecerse como l\u00edderes de opini\u00f3n en la industria. La publicaci\u00f3n de contenido revelador basado en investigaciones de mercado puede atraer la atenci\u00f3n de los responsables de la toma de decisiones de TI y generar credibilidad de marca.<\/span><\/p>\n\n\n\n<p><b> \u2022 Asociaci\u00f3n y Colaboraci\u00f3n:<\/b><span style=\"font-weight: 400;\"> Comprender el ecosistema en el que operan los tomadores de decisiones de TI puede ayudar a las empresas a identificar socios y colaboradores potenciales que puedan mejorar sus ofertas de productos y ampliar su alcance en el mercado.<\/span><\/p>\n\n\n\n<p><b> \u2022 Estrategias de precios:<\/b><span style=\"font-weight: 400;\"> Market research can reveal how much value IT decision makers place on different features and services, enabling businesses to structure their pricing to meet market expectations and maximize revenue.<\/span><\/p>\n\n\n\n<h2 class=\"wp-block-heading\"><strong>Benefits of IT Decision Maker Market Research<\/strong><\/h2>\n\n\n\n<ul class=\"wp-block-list\">\n<li>Le ayuda a iterar y desarrollar mejores productos.<\/li>\n\n\n\n<li><span style=\"font-weight: 400;\">Reduce el riesgo<\/span><\/li>\n\n\n\n<li>Identifica mejor el segmento objetivo m\u00e1s apropiado<\/li>\n\n\n\n<li>Aumente el ROI, la productividad y el ROE<\/li>\n\n\n\n<li>Descubra los procesos de compra de los clientes para mejorar la eficacia de las ventas<\/li>\n\n\n\n<li>Comprender los precios, la sensibilidad al precio y la disposici\u00f3n a pagar<\/li>\n\n\n\n<li>Descubra nuevas oportunidades de mercado<\/li>\n\n\n\n<li>Lograr eficiencias operativas<\/li>\n\n\n\n<li>Maximiza los ingresos<\/li>\n\n\n\n<li>Predecir mejor la demanda del mercado<\/li>\n\n\n\n<li>Crea influencia y entusiasmo en torno al lanzamiento de nuevos productos.<\/li>\n<\/ul>\n\n\n\n<h2 class=\"wp-block-heading\">Investigaci\u00f3n de mercado de DM de TI en Estados Unidos y Canad\u00e1<\/h2>\n\n\n\n<p>We conduct IT Decision Market Research Research across the US.&nbsp; We have a Focus Group Facility in Manhattan NYC, where we often conduct high-level workshops and Focus Groups with senior technology decision makers.&nbsp; We also have conducted significant ITDM <a class=\"wpil_keyword_link\" href=\"https:\/\/www.sisinternational.com\/es\/cobertura\/las-americas\/cobertura-de-estados-unidos\/investigacion-de-mercado-san-francisco\/\"   title=\"Investigaci\u00f3n de mercado en San Francisco\" data-wpil-keyword-link=\"linked\"  data-wpil-monitor-id=\"451\">Investigaci\u00f3n de mercado en San Francisco<\/a>, Seattle, Boston, Los Angeles, Chicago, and Washington DC.<\/p>\n\n\n\n<h2 class=\"wp-block-heading\"><strong>IT Decision Maker Market Research in Australia &amp; New Zealand<\/strong><\/h2>\n\n\n\n<p>We have conducted extensive research in Australia through Tele-depth Interviews (TDIs &amp; IDIs). We can also connect you with technology managers through web meetings. Often, we are tasked with finding highly targeted Decision-Makers based on purchasing behavior, firm size, and industry sector. We can analyze intent to purchase, price sensitivity, customer journey, and firm decision-making processes.<\/p>\n\n\n\n<h2 class=\"wp-block-heading\"><strong>IT Decision Maker Market Research in the UK and Europe<\/strong><\/h2>\n\n\n\n<p>We conduct extensive research in Europe. From interviewing CIOs to rising FinTech leaders, we engage with organizations from various sectors and company sizes. Key centers for in-person ITDM Research include Frankfurt, Munich, London, Paris, Zurich, and beyond.<\/p>\n\n\n\n<h2 class=\"wp-block-heading\">Acerca de la investigaci\u00f3n de mercado de tomadores de decisiones de TI<\/h2>\n\n\n\n<p><span style=\"font-weight: 400;\">SIS International uses a specific research method for decision makers in the IT field. &nbsp;This method calls for very targeted professionals to do qualitative interviews or quantitative surveys. We \u201crecruit\u201d senior IT Decision Makers for surveys and Focus Groups. We connect you with the following IT Professionals:<\/span><\/p>\n\n\n\n<ul class=\"wp-block-list\">\n<li><span style=\"font-weight: 400;\">Directores de informaci\u00f3n (CIO)<\/span><\/li>\n\n\n\n<li><span style=\"font-weight: 400;\">Directores de tecnolog\u00eda (CTO)<\/span><\/li>\n\n\n\n<li><span style=\"font-weight: 400;\">Directores de estrategia (CSO)<\/span><\/li>\n\n\n\n<li><span style=\"font-weight: 400;\">Directores de seguridad de la informaci\u00f3n (CISO)<\/span><\/li>\n\n\n\n<li><span style=\"font-weight: 400;\">Desarrolladores front-end<\/span><\/li>\n\n\n\n<li><span style=\"font-weight: 400;\">Desarrolladores\/Administradores Web<\/span><\/li>\n\n\n\n<li>Arquitectos\/Ingenieros de Sistemas<\/li>\n\n\n\n<li>Gerentes de DevOps<\/li>\n\n\n\n<li><span style=\"font-weight: 400;\">Webmasters<\/span><\/li>\n\n\n\n<li><span style=\"font-weight: 400;\">Ingenieros de computaci\u00f3n en la nube<\/span><\/li>\n\n\n\n<li>Gerentes de adquisiciones de TI<\/li>\n\n\n\n<li><span style=\"font-weight: 400;\">Especialistas en redes inform\u00e1ticas<\/span><\/li>\n\n\n\n<li><span style=\"font-weight: 400;\">Administradores de bases de datos<\/span><\/li>\n\n\n\n<li><span style=\"font-weight: 400;\">Especialistas en ciberseguridad<\/span><\/li>\n\n\n\n<li><span style=\"font-weight: 400;\">Desarrolladores de software\/aplicaciones<\/span><\/li>\n<\/ul>\n\n\n\n<h2 class=\"wp-block-heading\"><strong>Lo que nos hace \u00fanicos:<\/strong><\/h2>\n\n\n\n<p><a href=\"https:\/\/www.linkedin.com\/company\/sisinternationalresearch\/posts\/?feedView=all\" target=\"_blank\" rel=\"noopener\">SIS<\/a> is a key partner to many of the world&#8217;s largest technology companies.&nbsp; Below are a few of the reasons why Technology companies choose SIS:<\/p>\n\n\n\n<ul class=\"wp-block-list\">\n<li><span style=\"font-weight: 400;\">Escala global<\/span><\/li>\n\n\n\n<li><span style=\"font-weight: 400;\">Acceso a ejecutivos de alto nivel en todo el mundo.<\/span><\/li>\n\n\n\n<li><span style=\"font-weight: 400;\">Rentabilidad<\/span><\/li>\n\n\n\n<li>Servicio al cliente las 24 horas<\/li>\n\n\n\n<li><a href=\"https:\/\/www.sisinternational.com\/es\/soluciones\/innovacion\/investigacion-de-mercado-agil\/\" title=\"Investigaci\u00f3n de mercado \u00e1gil\" data-wpil-monitor-id=\"6109\">Investigaci\u00f3n de mercado \u00e1gil<\/a> testing approaches<\/li>\n\n\n\n<li><span style=\"font-weight: 400;\">Personal capacitado con experiencia en la industria tecnol\u00f3gica.<\/span><\/li>\n<\/ul>\n\n\n\n<h2 class=\"wp-block-heading\">Nuestra ubicaci\u00f3n de instalaciones en Nueva York<\/h2>\n\n\n\n<p>\n\n\n\n<iframe loading=\"lazy\" src=\"https:\/\/www.google.com\/maps\/embed?pb=!1m18!1m12!1m3!1d3022.976188376966!2d-73.99130312499956!3d40.740549471389315!2m3!1f0!2f0!3f0!3m2!1i1024!2i768!4f13.1!3m3!1m2!1s0x89c259a15798c731%3A0xd695d09bdd495f25!2s11%20E%2022nd%20St%20FL%202%2C%20New%20York%2C%20NY%2010010%2C%20USA!5e0!3m2!1sen!2spe!4v1726171763526!5m2!1sen!2spe\" width=\"600\" height=\"450\" allowfullscreen=\"allowfullscreen\" data-mce-fragment=\"1\"><\/iframe>\n\n\n\n<\/p>\n\n\n\n<h3 class=\"wp-block-heading\">11 E 22nd Street, piso 2, Nueva York, NY 10010 T: +1(212) 505-6805<\/h3>\n\n\n\n<hr class=\"wp-block-separator has-alpha-channel-opacity\"\/>\n\n\n\n<h2 class=\"wp-block-heading\"><span style=\"font-weight: 400;\">Acerca de SIS Internacional<\/span><\/h2>\n\n\n\n<p><a href=\"https:\/\/www.sisinternational.com\/es\/\"><span style=\"font-weight: 400;\">SIS Internacional<\/span><\/a><span style=\"font-weight: 400;\"> ofrece investigaci\u00f3n cuantitativa, cualitativa y estrat\u00e9gica. Proporcionamos datos, herramientas, estrategias, informes y conocimientos para la toma de decisiones. Tambi\u00e9n realizamos entrevistas, encuestas, grupos focales y otros m\u00e9todos y enfoques de investigaci\u00f3n de mercado.<\/span><a href=\"https:\/\/www.sisinternational.com\/es\/sobre-la-investigacion-internacional-de-sis\/contact-sis-international-market-research\/\"><span style=\"font-weight: 400;\"> P\u00f3ngase en contacto con nosotros<\/span><\/a><span style=\"font-weight: 400;\"> para su pr\u00f3ximo proyecto de Investigaci\u00f3n de Mercado.<\/span><\/p>\n\n\n\n<p><\/p>","protected":false},"excerpt":{"rendered":"<p>Descubra c\u00f3mo mejorar sus productos y aumentar las ganancias hablando con los responsables de la toma de decisiones de TI.<\/p>","protected":false},"author":1,"featured_media":62732,"parent":27462,"menu_order":20,"comment_status":"closed","ping_status":"closed","template":"","meta":{"footnotes":""},"class_list":["post-31667","page","type-page","status-publish","has-post-thumbnail"],"_links":{"self":[{"href":"https:\/\/www.sisinternational.com\/es\/wp-json\/wp\/v2\/pages\/31667","targetHints":{"allow":["GET"]}}],"collection":[{"href":"https:\/\/www.sisinternational.com\/es\/wp-json\/wp\/v2\/pages"}],"about":[{"href":"https:\/\/www.sisinternational.com\/es\/wp-json\/wp\/v2\/types\/page"}],"author":[{"embeddable":true,"href":"https:\/\/www.sisinternational.com\/es\/wp-json\/wp\/v2\/users\/1"}],"replies":[{"embeddable":true,"href":"https:\/\/www.sisinternational.com\/es\/wp-json\/wp\/v2\/comments?post=31667"}],"version-history":[{"count":10,"href":"https:\/\/www.sisinternational.com\/es\/wp-json\/wp\/v2\/pages\/31667\/revisions"}],"predecessor-version":[{"id":79731,"href":"https:\/\/www.sisinternational.com\/es\/wp-json\/wp\/v2\/pages\/31667\/revisions\/79731"}],"up":[{"embeddable":true,"href":"https:\/\/www.sisinternational.com\/es\/wp-json\/wp\/v2\/pages\/27462"}],"wp:featuredmedia":[{"embeddable":true,"href":"https:\/\/www.sisinternational.com\/es\/wp-json\/wp\/v2\/media\/62732"}],"wp:attachment":[{"href":"https:\/\/www.sisinternational.com\/es\/wp-json\/wp\/v2\/media?parent=31667"}],"curies":[{"name":"wp","href":"https:\/\/api.w.org\/{rel}","templated":true}]}}