{"id":31644,"date":"2019-05-05T01:09:52","date_gmt":"2019-05-05T01:09:52","guid":{"rendered":"https:\/\/www.sisinternational.com\/?page_id=31644"},"modified":"2026-01-25T18:36:22","modified_gmt":"2026-01-25T23:36:22","slug":"economia-del-comportamiento-en-la-investigacion-de-mercados","status":"publish","type":"page","link":"https:\/\/www.sisinternational.com\/es\/soluciones\/innovacion\/economia-del-comportamiento-en-la-investigacion-de-mercados\/","title":{"rendered":"Econom\u00eda del comportamiento en la investigaci\u00f3n de mercados"},"content":{"rendered":"<h1 class=\"wp-block-heading\">Econom\u00eda del comportamiento en la investigaci\u00f3n de mercados<\/h1>\n\n\n\n<figure class=\"gb-block-image gb-block-image-5dec899d\"><img loading=\"lazy\" decoding=\"async\" width=\"1456\" height=\"816\" class=\"gb-image gb-image-5dec899d\" src=\"https:\/\/www.sisinternational.com\/wp-content\/uploads\/2025\/08\/Statistics-3.jpg\" alt=\"Investigaci\u00f3n y estrategia de mercado internacional de SIS\" title=\"Statistics 3\" srcset=\"https:\/\/www.sisinternational.com\/wp-content\/uploads\/2025\/08\/Statistics-3.jpg 1456w, https:\/\/www.sisinternational.com\/wp-content\/uploads\/2025\/08\/Statistics-3-300x168.jpg 300w, https:\/\/www.sisinternational.com\/wp-content\/uploads\/2025\/08\/Statistics-3-1024x574.jpg 1024w, https:\/\/www.sisinternational.com\/wp-content\/uploads\/2025\/08\/Statistics-3-768x430.jpg 768w, https:\/\/www.sisinternational.com\/wp-content\/uploads\/2025\/08\/Statistics-3-18x10.jpg 18w\" sizes=\"auto, (max-width: 1456px) 100vw, 1456px\"><\/figure>\n\n\n\n<p><\/p>\n\n\n\n<h2 class=\"wp-block-heading\"><span style=\"font-weight: 400;\">La econom\u00eda del comportamiento examina c\u00f3mo la psicolog\u00eda afecta las decisiones financieras de los individuos. <\/span><\/h2>\n\n\n\n<p><span style=\"font-weight: 400;\">The field also examines cognitive, emotional, cultural, and social factors. <\/span><\/p>\n\n\n\n<p><span style=\"font-weight: 400;\">Behavioral Economics has a wealth of academic research and theories.&nbsp; New theories, approaches and technologies make this is a fast-paced field that can provide incisive business insights for competitive advantage.&nbsp; Behavior Economics accepts that humans don\u2019t always act rationally.<\/span><\/p>\n\n\n\n<p>SIS conducts Behavioral Economics research with consumers to understand the use and psychology behind product use, brand affinity, and loyalty.\u00a0 We research products, packaging, product placement, and pricing economics.\u00a0We conduct Qualitative, Quantitative, and Strategy Research for companies around the world.<\/p>\n\n\n\n<h2 class=\"wp-block-heading\"><span style=\"font-weight: 400;\">La importancia de la econom\u00eda del comportamiento<\/span><\/h2>\n\n\n\n<p><span style=\"font-weight: 400;\">The importance of behavioral <a href=\"https:\/\/www.sisinternational.com\/es\/economia-estonia\/\" title=\"Investigaci\u00f3n de mercado econ\u00f3mico en Estonia\"  data-wpil-monitor-id=\"2930\">economics for marketers<\/a> is immeasurable. It allows for a better understanding of the human mind. It also helps marketers to understand the consumer decision-making process. They can develop value propositions that fit the consumer\u2019s needs. Behavior <a href=\"https:\/\/www.sisinternational.com\/es\/perspectivas-economicas-de-qatar\/\" title=\"Perspectivas econ\u00f3micas e investigaci\u00f3n de mercado de Qatar\"  data-wpil-monitor-id=\"3559\">economics gives marketers<\/a> the \u2018\u2019big picture\u2019\u2019 answers to some questions, such as:<\/span><\/p>\n\n\n\n<ul class=\"wp-block-list\">\n<li><span style=\"font-weight: 400;\">\u00bfQu\u00e9 tan r\u00e1pida y considerada es la toma de decisiones del consumidor?<\/span><\/li>\n\n\n\n<li><span style=\"font-weight: 400;\">\u00bfCu\u00e1nta informaci\u00f3n puede asimilar el consumidor?<\/span><\/li>\n\n\n\n<li><span style=\"font-weight: 400;\">\u00bfQu\u00e9 importancia tiene el contexto para afectar la percepci\u00f3n de la marca e influir en el comportamiento?<\/span><\/li>\n\n\n\n<li><span style=\"font-weight: 400;\">\u00bfQu\u00e9 tan emocional y racional es la toma de decisiones del consumidor?<\/span><\/li>\n<\/ul>\n\n\n\n<p><span style=\"font-weight: 400;\">La econom\u00eda del comportamiento ilustra por qu\u00e9 las cosas peque\u00f1as pueden marcar una gran diferencia. Explica por qu\u00e9 una acci\u00f3n espec\u00edfica tiene \u00e9xito o fracasa.<\/span><\/p>\n\n\n\n<h2 class=\"wp-block-heading\"><span style=\"font-weight: 400;\">C\u00f3mo funciona la econom\u00eda del comportamiento<\/span><\/h2>\n\n\n\n<p><span style=\"font-weight: 400;\">En los \u00faltimos tiempos, hemos visto c\u00f3mo la ciencia del comportamiento ha pasado del mundo acad\u00e9mico al mundo real. La ciencia del comportamiento est\u00e1 marcando una diferencia significativa en nuestra vida diaria. Nos ayuda a tomar mejores decisiones en finanzas y atenci\u00f3n m\u00e9dica. Nos gu\u00eda a hacer un trabajo m\u00e1s eficiente. Tambi\u00e9n influye en c\u00f3mo compramos en High Street y en l\u00ednea, impuls\u00e1ndonos a ser m\u00e1s generosos. &nbsp;<\/span><\/p>\n\n\n\n<h2 class=\"wp-block-heading\"><span style=\"font-weight: 400;\">Mejora de productos y servicios<\/span><\/h2>\n\n\n\n<p><span style=\"font-weight: 400;\"><strong>Marketers can use <a href=\"https:\/\/www.sisinternational.com\/es\/pericia\/industrias\/ciencia-de-la-decision-investigacion-de-mercado\/\" title=\"Investigaci\u00f3n de mercado de ciencia de la decisi\u00f3n\"  data-wpil-monitor-id=\"4993\">Behavioral Economics<\/a> to make better decisions and boost profitability.<\/strong> They can integrate insights from behavioral science with subjects such as user-centered design. They also look at behavior focused qualitative research grounded in anthropology and psychology. They can understand packaging and product placement better.&nbsp; This research helps them to develop a more detailed picture of behavior. They can then test different behavioral hypotheses through controlled experiments and trials.<\/span><\/p>\n\n\n\n<h2 class=\"wp-block-heading\">Impulsar las ganancias y el rendimiento<\/h2>\n\n\n\n<p><span style=\"font-weight: 400;\"><strong>Los especialistas en marketing pueden utilizar la econom\u00eda del comportamiento para ser m\u00e1s sensibles al contexto.<\/strong> Los cient\u00edficos y profesionales del comportamiento tambi\u00e9n est\u00e1n pensando mucho m\u00e1s en detalles cruciales que pueden pasarse por alto o ser sutiles. Por ejemplo, est\u00e1n analizando cu\u00e1ndo y d\u00f3nde empujar a la gente. Est\u00e1n estudiando qu\u00e9 contextos funcionan mejor con diferentes soluciones. Algunas configuraciones pueden adaptarse a soluciones basadas en valores predeterminados y son autom\u00e1ticas. Otras situaciones podr\u00edan requerir soluciones m\u00e1s reflexivas. Estas situaciones involucran al individuo en una decisi\u00f3n compleja y facilitan la comprensi\u00f3n.<\/span><\/p>\n\n\n\n<h2 class=\"wp-block-heading\"><span style=\"font-weight: 400;\">Beneficios de las optimizaciones de la econom\u00eda del comportamiento&nbsp;<\/span><\/h2>\n\n\n\n<p><span style=\"font-weight: 400;\">A continuaci\u00f3n se muestran formas en las que puede aplicar la econom\u00eda del comportamiento para promover los negocios:<\/span><\/p>\n\n\n\n<ul class=\"wp-block-list\">\n<li><span style=\"font-weight: 400;\">Reducir la incertidumbre sobre su producto o servicio.<\/span><\/li>\n\n\n\n<li><span style=\"font-weight: 400;\">Limitar el n\u00famero de opciones para el cliente.<\/span><\/li>\n\n\n\n<li><span style=\"font-weight: 400;\">Utilice la prueba social para generar mejores conocimientos comerciales.<\/span><\/li>\n<\/ul>\n\n\n\n<h2 class=\"wp-block-heading\"><span style=\"font-weight: 400;\">Econom\u00eda del comportamiento e investigaci\u00f3n cualitativa<\/span><\/h2>\n\n\n\n<figure class=\"gb-block-image gb-block-image-159ab97b\"><img loading=\"lazy\" decoding=\"async\" width=\"1456\" height=\"816\" class=\"gb-image gb-image-159ab97b\" src=\"https:\/\/www.sisinternational.com\/wp-content\/uploads\/2025\/09\/Quantitative-research-24.jpg\" alt=\"Investigaci\u00f3n y estrategia de mercado internacional de SIS\" title=\"Quantitative research (24)\" srcset=\"https:\/\/www.sisinternational.com\/wp-content\/uploads\/2025\/09\/Quantitative-research-24.jpg 1456w, https:\/\/www.sisinternational.com\/wp-content\/uploads\/2025\/09\/Quantitative-research-24-300x168.jpg 300w, https:\/\/www.sisinternational.com\/wp-content\/uploads\/2025\/09\/Quantitative-research-24-1024x574.jpg 1024w, https:\/\/www.sisinternational.com\/wp-content\/uploads\/2025\/09\/Quantitative-research-24-768x430.jpg 768w, https:\/\/www.sisinternational.com\/wp-content\/uploads\/2025\/09\/Quantitative-research-24-18x10.jpg 18w\" sizes=\"auto, (max-width: 1456px) 100vw, 1456px\"><\/figure>\n\n\n\n<p><\/p>\n\n\n\n<p><span style=\"font-weight: 400;\">La Investigaci\u00f3n de Mercado Cualitativa se ocupa de las actitudes de los consumidores actuales y potenciales. Tambi\u00e9n explora los sentimientos, pensamientos y opiniones de los compradores. Determina sus razones motivadoras de comportamiento. A muchos l\u00edderes empresariales les preocupa que la econom\u00eda del comportamiento sea incompatible con la investigaci\u00f3n cualitativa. Sin embargo, los principios de BE pueden mejorar la investigaci\u00f3n cualitativa. Los proyectos de econom\u00eda del comportamiento permiten a los investigadores descubrir los pensamientos y sentimientos reales de los participantes. De este modo, las empresas pueden crear comunicaciones de marketing m\u00e1s eficaces.<\/span><\/p>\n\n\n\n<h2 class=\"wp-block-heading\"><span style=\"font-weight: 400;\">Enfoques de investigaci\u00f3n de mercado cuantitativa<\/span><\/h2>\n\n\n\n<p><span style=\"font-weight: 400;\">Quantitative market researchers ask current and potential consumers different questions on topics such as pricing, behavior, and preferences. They do so in a systematic manner using polls, surveys, or questionnaires. They can analyze the responses to decide how to improve products and services. Marketers can conduct Quantitative Market Research using primary or secondary techniques.<\/span><\/p>\n\n\n\n<h2 class=\"wp-block-heading\"><span style=\"font-weight: 400;\">M\u00e9todos de investigaci\u00f3n primaria<\/span><\/h2>\n\n\n\n<p><span style=\"font-weight: 400;\">La mayor\u00eda de los especialistas en marketing utilizan m\u00e9todos primarios para realizar investigaciones de mercado cuantitativas. Los m\u00e9todos comunes que utilizamos son:<\/span><\/p>\n\n\n\n<ol class=\"wp-block-list\">\n<li><span style=\"font-weight: 400;\">Encuestas<\/span><\/li>\n\n\n\n<li><span style=\"font-weight: 400;\">Entrevistas uno a uno<\/span><\/li>\n\n\n\n<li><span style=\"font-weight: 400;\">Entrevistas al personal asistidas por computadora<\/span><\/li>\n<\/ol>\n\n\n\n<h2 class=\"wp-block-heading\"><span style=\"font-weight: 400;\">T\u00e9cnicas de investigaci\u00f3n de mercado secundario<\/span><\/h2>\n\n\n\n<p><span style=\"font-weight: 400;\">Marketers sometimes use secondary methods to conduct Quantitative Market Research. These techniques can confirm a hypothesis. They also help marketers to conclude empirical and primary data.<\/span><\/p>\n\n\n\n<h2 class=\"wp-block-heading\">Big Data y ciencia de datos<\/h2>\n\n\n\n<p>Tambi\u00e9n proporcionamos an\u00e1lisis de datos y soluciones de soporte de ciencia de datos que pueden analizar grandes conjuntos de datos y descubrir nuevos conocimientos de comportamiento.<\/p>","protected":false},"excerpt":{"rendered":"<p>Descubra c\u00f3mo la investigaci\u00f3n de mercado de econom\u00eda del comportamiento puede mejorar su rendimiento.<\/p>","protected":false},"author":1,"featured_media":62857,"parent":14459,"menu_order":6,"comment_status":"closed","ping_status":"closed","template":"","meta":{"footnotes":""},"class_list":["post-31644","page","type-page","status-publish","has-post-thumbnail"],"_links":{"self":[{"href":"https:\/\/www.sisinternational.com\/es\/wp-json\/wp\/v2\/pages\/31644","targetHints":{"allow":["GET"]}}],"collection":[{"href":"https:\/\/www.sisinternational.com\/es\/wp-json\/wp\/v2\/pages"}],"about":[{"href":"https:\/\/www.sisinternational.com\/es\/wp-json\/wp\/v2\/types\/page"}],"author":[{"embeddable":true,"href":"https:\/\/www.sisinternational.com\/es\/wp-json\/wp\/v2\/users\/1"}],"replies":[{"embeddable":true,"href":"https:\/\/www.sisinternational.com\/es\/wp-json\/wp\/v2\/comments?post=31644"}],"version-history":[{"count":5,"href":"https:\/\/www.sisinternational.com\/es\/wp-json\/wp\/v2\/pages\/31644\/revisions"}],"predecessor-version":[{"id":78902,"href":"https:\/\/www.sisinternational.com\/es\/wp-json\/wp\/v2\/pages\/31644\/revisions\/78902"}],"up":[{"embeddable":true,"href":"https:\/\/www.sisinternational.com\/es\/wp-json\/wp\/v2\/pages\/14459"}],"wp:featuredmedia":[{"embeddable":true,"href":"https:\/\/www.sisinternational.com\/es\/wp-json\/wp\/v2\/media\/62857"}],"wp:attachment":[{"href":"https:\/\/www.sisinternational.com\/es\/wp-json\/wp\/v2\/media?parent=31644"}],"curies":[{"name":"wp","href":"https:\/\/api.w.org\/{rel}","templated":true}]}}