{"id":31502,"date":"2019-04-20T22:08:37","date_gmt":"2019-04-20T22:08:37","guid":{"rendered":"https:\/\/www.sisinternational.com\/?page_id=31502"},"modified":"2026-01-26T18:35:24","modified_gmt":"2026-01-26T23:35:24","slug":"investigacion-de-mercado-de-tecnologia-de-la-moda","status":"publish","type":"page","link":"https:\/\/www.sisinternational.com\/es\/pericia\/investigacion-de-mercado-de-tecnologia-de-la-moda\/","title":{"rendered":"Investigaci\u00f3n de mercado de tecnolog\u00eda de la moda"},"content":{"rendered":"<h1 class=\"wp-block-heading\"><span style=\"font-weight: 400;\"><strong>Investigaci\u00f3n de mercado de tecnolog\u00eda de la moda<\/strong><\/span><\/h1>\n\n\n\n<figure class=\"gb-block-image gb-block-image-95a1cee2\"><img loading=\"lazy\" decoding=\"async\" width=\"1456\" height=\"816\" class=\"gb-image gb-image-95a1cee2\" src=\"https:\/\/www.sisinternational.com\/wp-content\/uploads\/2025\/08\/Menswear-apparel-fashion-1.jpg\" alt=\"Investigaci\u00f3n y estrategia de mercado internacional de SIS\" title=\"Menswear apparel fashion (1)\" srcset=\"https:\/\/www.sisinternational.com\/wp-content\/uploads\/2025\/08\/Menswear-apparel-fashion-1.jpg 1456w, https:\/\/www.sisinternational.com\/wp-content\/uploads\/2025\/08\/Menswear-apparel-fashion-1-300x168.jpg 300w, https:\/\/www.sisinternational.com\/wp-content\/uploads\/2025\/08\/Menswear-apparel-fashion-1-1024x574.jpg 1024w, https:\/\/www.sisinternational.com\/wp-content\/uploads\/2025\/08\/Menswear-apparel-fashion-1-768x430.jpg 768w, https:\/\/www.sisinternational.com\/wp-content\/uploads\/2025\/08\/Menswear-apparel-fashion-1-18x10.jpg 18w\" sizes=\"auto, (max-width: 1456px) 100vw, 1456px\"><\/figure>\n\n\n\n<hr class=\"wp-block-separator has-alpha-channel-opacity is-style-dots\"\/>\n\n\n\n<h2 class=\"wp-block-heading\"><span style=\"font-weight: 400;\">La tecnolog\u00eda es el futuro de la moda<\/span><\/h2>\n\n\n\n<p><span style=\"font-weight: 400;\">Fashion tech is a blend of technology with trend, and fashion. This merger has created faster and more innovative ways to shop. It also allows more people to experience the fashion industry. The tech side of the equation brings fashion to <a href=\"https:\/\/www.sisinternational.com\/es\/analisis-de-satisfaccion-del-cliente\/\" title=\"Ocho formas de aumentar la satisfacci\u00f3n del cliente en el comercio minorista\"  data-wpil-monitor-id=\"10833\">consumers in several ways<\/a>. For example, retailers can use apps and software to deliver their products. <\/span><\/p>\n\n\n\n<p><span style=\"font-weight: 400;\"><a href=\"https:\/\/www.sisinternational.com\/es\/soluciones\/investigacion-de-mercado-de-ia-y-consultoria-estrategica\/tecnologia-industria-automatizacion-inteligencia-artificial-consultoria\/\" title=\"Consultor\u00eda en Inteligencia Artificial y Automatizaci\u00f3n de la Industria Tecnol\u00f3gica\"  data-wpil-monitor-id=\"10853\">Technology has transformed the fashion industry<\/a>. Many consumers now use e-commerce to buy the latest fashions, and they also take suggestions from bloggers. These bloggers are now influencers, and they sit in the front row at major events like New York Fashion Week. Tech has opened the world of fashion, making it accessible to consumers all over the world.<\/span><\/p>\n\n\n\n<p><span style=\"font-weight: 400;\">Fashion <a href=\"https:\/\/www.sisinternational.com\/es\/pericia\/industrias\/tecnologia-medica-investigacion-de-mercado-de-tecnologia-medica\/\" title=\"Investigaci\u00f3n de mercado de tecnolog\u00eda m\u00e9dica (Med Tech)\"  data-wpil-monitor-id=\"4172\">tech market research<\/a> is essential for companies desiring to enter this space. We offer app development and <a href=\"https:\/\/www.sisinternational.com\/es\/pericia\/industrias\/investigacion-de-mercado-de-la-moda\/\" title=\"Investigaci\u00f3n de mercado de moda y confecci\u00f3n\"  data-wpil-monitor-id=\"6941\">market research for fashion<\/a> subscription and other services.<\/span><\/p>\n\n\n\n<h2 class=\"wp-block-heading\"><span style=\"font-weight: 400;\">La tecnolog\u00eda ayuda a las empresas de moda a prosperar<\/span><\/h2>\n\n\n\n<p><span style=\"font-weight: 400;\">Rent the Runway es un ejemplo de una empresa de tecnolog\u00eda de moda exitosa. La empresa permite a los clientes alquilar piezas de alta costura por una tarifa de suscripci\u00f3n mensual. Los consumidores pueden elegir entre cientos de miles de opciones. Con la opci\u00f3n ilimitada, los consumidores pueden alquilar tantos art\u00edculos como necesiten, sin fecha de devoluci\u00f3n definida. Rent to Runway ofrece env\u00edo y seguro gratuitos, y tambi\u00e9n limpian en seco las piezas.<\/span><\/p>\n\n\n\n<p><span style=\"font-weight: 400;\">Another example is GPShopper. This <a href=\"https:\/\/www.sisinternational.com\/es\/pericia\/curriculums-de-experiencia\/curriculum-vitae-de-experiencia-en-la-industria-minorista\/\" title=\"Empresa de investigaci\u00f3n de mercado minorista\"  data-wpil-monitor-id=\"10864\">company caters to retailers<\/a>, helping them manage their apps. They do the heavy lifting by integrating apps with e-commerce systems. Their apps are also compatible with several payment platforms and loyalty programs. GPShopper offers real-time analytics so fashion retailers can measure customer engagement. Their apps work for both Android and iOS. <\/span><\/p>\n\n\n\n<h2 class=\"wp-block-heading\"><span style=\"font-weight: 400;\">El futuro de la moda<\/span><\/h2>\n\n\n\n<p><span style=\"font-weight: 400;\">Los robots ahora cortan y cosen. La industria est\u00e1 utilizando c\u00e1lculos de IA para anticipar patrones de estilo. La innovaci\u00f3n define cada parte del proceso de dise\u00f1o. <\/span><\/p>\n\n\n\n<p><span style=\"font-weight: 400;\">Los consumidores est\u00e1n participando en un nuevo tipo de compras a trav\u00e9s del comercio electr\u00f3nico m\u00f3vil. Equipados con nuestros tel\u00e9fonos m\u00f3viles, ahora tenemos opciones de pago perfectas. Los minoristas ofrecen excelentes alternativas de billetera, como Apple y Android Pay. Dos de cada tres consumidores de entre veinte y treinta a\u00f1os prefieren comprar online que acudir a una tienda f\u00edsica. <\/span><\/p>\n\n\n\n<p><span style=\"font-weight: 400;\">La Realidad Virtual est\u00e1 consolidando los universos f\u00edsico y online del retail. Por ejemplo, los avatares de prueba se est\u00e1n convirtiendo en un gran \u00e9xito en el mundo de la moda. Un ejemplo es la aplicaci\u00f3n DressingRoom. Esta aplicaci\u00f3n permite a los consumidores probarse ropa y ajustarla para que le quede perfecta antes de comprarla.<\/span><\/p>\n\n\n\n<p>Fashion <a href=\"https:\/\/www.sisinternational.com\/es\/la-mejor-empresa-con-estrategia-de-salida-al-mercado-b2b\/\" title=\"La mejor empresa de estrategia de salida al mercado B2B\"  data-wpil-monitor-id=\"10856\">companies are increasingly investing in Omnichannel strategies<\/a>, algorithms, data science, inventory management systems, and web usability.<\/p>\n\n\n\n<h2 class=\"wp-block-heading\"><span style=\"font-weight: 400;\">Beneficios de la tecnolog\u00eda de la moda<\/span><\/h2>\n\n\n\n<p><span style=\"font-weight: 400;\">Fashion tech has made the \u201cSee Now, Buy Now\u201d campaign possible. Major brands use this campaign to allow consumers to buy pieces straight off the catwalk. Another benefit of fashion tech is the afore-mentioned virtual try-on of clothing. Some Rebecca Minkoff stores feature dressing rooms with touch-screen mirrors. Consumers can use these mirrors to view how different pieces will look on their bodies.<\/span><\/p>\n\n\n\n<h2 class=\"wp-block-heading\"><span style=\"font-weight: 400;\">Acerca de la investigaci\u00f3n de mercado de tecnolog\u00eda de la moda&nbsp;<\/span><\/h2>\n\n\n\n<p><span style=\"font-weight: 400;\">Fashion Tech Market Research permite a las empresas l\u00edderes perfeccionar sus ofertas. Les permite aumentar la rentabilidad y al mismo tiempo ofrecer a los consumidores la mejor experiencia posible.&nbsp; <\/span><\/p>\n\n\n\n<p><span style=\"font-weight: 400;\">SIS International Market Research uses three main methods to analyze industries. We do Quantitative <a href=\"https:\/\/www.sisinternational.com\/es\/cobertura\/europa\/investigacion-de-mercado-liverpool-reino-unido\/\" title=\"Investigaci\u00f3n de mercado en Liverpool | Grupos focales y recopilaci\u00f3n de datos del Reino Unido\"  data-wpil-monitor-id=\"10845\">Research where we collect numerical data<\/a>. We use this data in statistical <a href=\"https:\/\/www.sisinternational.com\/es\/las-nuevas-tendencias-de-analisis-de-los-consumidores-estadounidenses-que-enfrentan-los-minoristas-estadounidenses\/\" title=\"El nuevo an\u00e1lisis de los consumidores estadounidenses: tendencias que enfrentan los minoristas estadounidenses\"  data-wpil-monitor-id=\"10861\">analysis to understand data trends<\/a>. We also conduct Qualitative <a href=\"https:\/\/www.sisinternational.com\/es\/soluciones\/investigacion-de-mercado-de-grupo-focal\/\" title=\"Investigaci\u00f3n de mercado con grupos focales\"  data-wpil-monitor-id=\"10840\">Research using focus groups<\/a>, online communities, ethnography, shop alongs and other tools. We use Qualitative methods to determine why a customer has acted or purchased in a certain way.<\/span><\/p>\n\n\n\n<p><span style=\"font-weight: 400;\">We also conduct Strategic Market Research for the fashion tech industry. This type of research plays a vital role in analyzing the environment. We also use it to define the <a href=\"https:\/\/www.sisinternational.com\/es\/soluciones\/si-crecimiento-global\/consultoria-estrategica-en-mercados-emergentes\/\" title=\"Consultor\u00eda de estrategia de mercados emergentes\"  data-wpil-monitor-id=\"10849\">market and plan strategies<\/a>. It gives companies insights on positioning and segmentation. It helps them maintain product\/service quality and plan new product development.<\/span><\/p>\n\n\n\n<p><\/p>","protected":false},"excerpt":{"rendered":"<p>Descubra nuevas formas de ser m\u00e1s rentable con Fashion Technology Market Research.<\/p>","protected":false},"author":1,"featured_media":63944,"parent":14514,"menu_order":46,"comment_status":"closed","ping_status":"closed","template":"","meta":{"footnotes":""},"class_list":["post-31502","page","type-page","status-publish","has-post-thumbnail"],"_links":{"self":[{"href":"https:\/\/www.sisinternational.com\/es\/wp-json\/wp\/v2\/pages\/31502","targetHints":{"allow":["GET"]}}],"collection":[{"href":"https:\/\/www.sisinternational.com\/es\/wp-json\/wp\/v2\/pages"}],"about":[{"href":"https:\/\/www.sisinternational.com\/es\/wp-json\/wp\/v2\/types\/page"}],"author":[{"embeddable":true,"href":"https:\/\/www.sisinternational.com\/es\/wp-json\/wp\/v2\/users\/1"}],"replies":[{"embeddable":true,"href":"https:\/\/www.sisinternational.com\/es\/wp-json\/wp\/v2\/comments?post=31502"}],"version-history":[{"count":6,"href":"https:\/\/www.sisinternational.com\/es\/wp-json\/wp\/v2\/pages\/31502\/revisions"}],"predecessor-version":[{"id":81776,"href":"https:\/\/www.sisinternational.com\/es\/wp-json\/wp\/v2\/pages\/31502\/revisions\/81776"}],"up":[{"embeddable":true,"href":"https:\/\/www.sisinternational.com\/es\/wp-json\/wp\/v2\/pages\/14514"}],"wp:featuredmedia":[{"embeddable":true,"href":"https:\/\/www.sisinternational.com\/es\/wp-json\/wp\/v2\/media\/63944"}],"wp:attachment":[{"href":"https:\/\/www.sisinternational.com\/es\/wp-json\/wp\/v2\/media?parent=31502"}],"curies":[{"name":"wp","href":"https:\/\/api.w.org\/{rel}","templated":true}]}}