{"id":31498,"date":"2019-04-20T21:44:07","date_gmt":"2019-04-20T21:44:07","guid":{"rendered":"https:\/\/www.sisinternational.com\/?page_id=31498"},"modified":"2026-01-25T17:07:48","modified_gmt":"2026-01-25T22:07:48","slug":"investigacion-de-mercado-agil","status":"publish","type":"page","link":"https:\/\/www.sisinternational.com\/es\/soluciones\/innovacion\/investigacion-de-mercado-agil\/","title":{"rendered":"Investigaci\u00f3n de mercado \u00e1gil"},"content":{"rendered":"<h1 class=\"wp-block-heading\">Investigaci\u00f3n de mercado \u00e1gil<\/h1>\n\n\n\n<figure class=\"gb-block-image gb-block-image-5cc6e708\"><img loading=\"lazy\" decoding=\"async\" width=\"1456\" height=\"816\" class=\"gb-image gb-image-5cc6e708\" src=\"https:\/\/www.sisinternational.com\/wp-content\/uploads\/2025\/08\/Strategy-consulting-36.jpg\" alt=\"Investigaci\u00f3n y estrategia de mercado internacional de SIS\" title=\"Strategy consulting (36)\" srcset=\"https:\/\/www.sisinternational.com\/wp-content\/uploads\/2025\/08\/Strategy-consulting-36.jpg 1456w, https:\/\/www.sisinternational.com\/wp-content\/uploads\/2025\/08\/Strategy-consulting-36-300x168.jpg 300w, https:\/\/www.sisinternational.com\/wp-content\/uploads\/2025\/08\/Strategy-consulting-36-1024x574.jpg 1024w, https:\/\/www.sisinternational.com\/wp-content\/uploads\/2025\/08\/Strategy-consulting-36-768x430.jpg 768w, https:\/\/www.sisinternational.com\/wp-content\/uploads\/2025\/08\/Strategy-consulting-36-18x10.jpg 18w\" sizes=\"auto, (max-width: 1456px) 100vw, 1456px\"><\/figure>\n\n\n\n<p><\/p>\n\n\n\n<h2 class=\"wp-block-heading\"><span style=\"font-weight: 400;\">Agile is an approach to carrying out projects with speed and flexibility. <\/span><\/h2>\n\n\n\n<p><span style=\"font-weight: 400;\">It adapts to changes in market and sector conditions. It turns these changes into a competitive advantage. How can it do that? By chopping the project into small parts to deliver them little by little in a defined time. All companies increasingly need to be flexible since they are in a constant state of uncertainty. A global economy, digital disruption,<\/span> and new technologies are constantly changing the business landscape.\u00a0 Companies must be able to react and adapt to an unexpected change <span style=\"font-weight: 400;\">quickly and efficiently. \u00a0<\/span><\/p>\n\n\n\n<h2 class=\"wp-block-heading\"><span style=\"font-weight: 400;\"><strong>C\u00f3mo hacer que su negocio sea \u00e1gil<\/strong><\/span><\/h2>\n\n\n\n<p><span style=\"font-weight: 400;\">Companies are now taking a comprehensive Agile approach. They are implementing their principles and techniques throughout their organizations. They are also employing business agility in groups outside of information technology (IT). Many companies are currently expanding Agile into three main areas. These areas are product development, human resources, and portfolio management. <\/span><\/p>\n\n\n\n<p><span style=\"font-weight: 400;\">Cualquier empresa har\u00e1 bien en adoptar el enfoque y las pr\u00e1cticas \u00e1giles. Para Recursos Humanos, tendr\u00e1 un impacto positivo en las pr\u00e1cticas de contrataci\u00f3n, las trayectorias profesionales y los roles. Tambi\u00e9n mejora la gesti\u00f3n del desempe\u00f1o cultural y la formaci\u00f3n. Es posible que todas las \u00e1reas necesiten una actualizaci\u00f3n para alinearse con los principios y valores de Agile.<\/span><\/p>\n\n\n\n<p><span style=\"font-weight: 400;\">Con la gesti\u00f3n de cartera Lean, algunas de las pr\u00e1cticas pueden ser nuevas para la empresa. Estas pr\u00e1cticas incluyen planificaci\u00f3n, transparencia y alineaci\u00f3n. Tambi\u00e9n incluyen la colaboraci\u00f3n y la medici\u00f3n de resultados alineados con el enfoque. La empresa debe empoderar al personal para que tome decisiones sobre c\u00f3mo implementar estas pr\u00e1cticas. Por tanto, la empresa deber\u00eda volverse m\u00e1s \u00e1gil en sus procesos. Deber\u00eda deshacerse de cosas como largas cadenas de aprobaci\u00f3n y otros cuellos de botella.<\/span><\/p>\n\n\n\n<p><span style=\"font-weight: 400;\">Agile muestra a las empresas c\u00f3mo la entrega del mayor valor dar\u00e1 como resultado la mayor satisfacci\u00f3n. Tambi\u00e9n permitir\u00e1 un circuito de retroalimentaci\u00f3n m\u00e1s estrecho. T\u00e9cnicas como \u201cGoogle Design Sprint\u201d est\u00e1n permitiendo la gesti\u00f3n de productos crear prototipos. Tambi\u00e9n les permite examinar diferentes ideas antes con los clientes.<\/span><\/p>\n\n\n\n<h2 class=\"wp-block-heading\">C\u00f3mo ser m\u00e1s \u00e1gil<\/h2>\n\n\n\n<p><span style=\"font-weight: 400;\">The Agile approach is flexible and easier to learn. A unique feature is that it uses multidisciplinary teams. It brings together <a href=\"https:\/\/www.sisinternational.com\/es\/pericia\/industrias\/investigacion-de-mercado-de-diseno-industrial\/\" title=\"Investigaci\u00f3n de Mercado de Dise\u00f1o Industrial\"  data-wpil-monitor-id=\"10834\">marketing people and designers<\/a>. It also includes those involved in the development and the business side of the company. Together, they provide the most realistic vision possible for the end user.<\/span><\/p>\n\n\n\n<p><span style=\"font-weight: 400;\">The Agile <a href=\"https:\/\/www.sisinternational.com\/es\/soluciones\/estudio-de-mercado-de-productos-de-belleza\/\" title=\"Consultor\u00eda de innovaci\u00f3n en belleza e investigaci\u00f3n del mercado de la belleza\"  data-wpil-monitor-id=\"10852\">marketing concept is innovative<\/a>. It is of special interest to those who work with online applications, because companies need to respond faster to consumer interactions in the digital environment. <\/span><\/p>\n\n\n\n<p><span style=\"font-weight: 400;\">Agile <a href=\"https:\/\/www.sisinternational.com\/es\/cobertura\/investigacion-de-mercado-asia\/investigacion-de-mercado-filipina\/\" title=\"Investigaci\u00f3n de mercado filipino\"  data-wpil-monitor-id=\"4009\">marketers or researchers<\/a> have a significant amount of data at their fingertips. For example, social media analytics provide insight into clients who use these platforms. Agile market researchers can interact with customers using social content. Companies can use this valuable information for the <a href=\"https:\/\/www.sisinternational.com\/es\/pericia\/industrias\/investigacion-de-mercado-de-optimizacion-del-menu-de-comida-de-restaurante\/\" title=\"Investigaci\u00f3n de mercado de optimizaci\u00f3n de men\u00fas de restaurantes y alimentos\"  data-wpil-monitor-id=\"10842\">optimization of their marketing<\/a> campaigns. They can also use it to engage with existing clients and reduce churn rates.<\/span><\/p>\n\n\n\n<h2 class=\"wp-block-heading\">Acerca de la investigaci\u00f3n de mercado \u00e1gil<\/h2>\n\n\n\n<p><span style=\"font-weight: 400;\">The role of <a href=\"https:\/\/www.sisinternational.com\/es\/packagings-role-in-brand-trust-why-your-box-matters-more-than-you-think\/\" title=\"Packaging&#8217;s Role in Brand Trust: Why Your Box Matters More Than You Think\"  data-wpil-monitor-id=\"1492\">investigaci\u00f3n de mercado<\/a> is to generate information in time to create or align brand strategies. These strategies must be consumer-focused. Agility in this process, often seen as a differential, begins to be a need. Some research models must have a time for <a href=\"https:\/\/www.sisinternational.com\/es\/cobertura\/europa\/investigacion-de-mercado-liverpool-reino-unido\/\" title=\"Investigaci\u00f3n de mercado en Liverpool | Grupos focales y recopilaci\u00f3n de datos del Reino Unido\"  data-wpil-monitor-id=\"10857\">data<\/a> collection and analysis. This set time must be greater than what the market needs. Thus, incorporating new business models for the segment becomes essential. <\/span><\/p>\n\n\n\n<h2 class=\"wp-block-heading\"><span style=\"font-weight: 400;\"><strong>Investigaci\u00f3n de mercado \u00e1gil de Sprint<\/strong><\/span><\/h2>\n\n\n\n<p><span style=\"font-weight: 400;\">Scrum es un m\u00e9todo \u00e1gil espec\u00edfico y un proceso de desarrollo incremental. Un Sprint es un tiempo determinado durante el cual los desarrolladores deben completar el trabajo y presentarlo para su revisi\u00f3n. La planificaci\u00f3n de Sprint se refiere a un proceso colaborativo en el que el Scrum Master facilita la reuni\u00f3n. Tambi\u00e9n incluye al propietario del producto. Los gerentes pueden aclarar los detalles de los elementos pendientes del producto y sus criterios de aceptaci\u00f3n. Tambi\u00e9n se trata de un equipo \u00e1gil. El equipo tiene que definir el trabajo y los esfuerzos esenciales para cumplir con su compromiso de Sprint.<\/span><\/p>\n\n\n\n<p>Agile Sprints are helpful in IT <a href=\"https:\/\/www.sisinternational.com\/es\/soluciones\/soluciones-de-branding-e-investigacion-de-clientes\/investigacion-de-mercado-de-pruebas-de-productos\/\" title=\"Investigaci\u00f3n de mercado de pruebas de productos\"  data-wpil-monitor-id=\"10838\">product and advertising testing<\/a>.&nbsp; Companies can test a <a href=\"https:\/\/www.sisinternational.com\/es\/soluciones\/consultoria-estrategica\/investigacion-de-mercado-de-producto-minimo-viable\/\" title=\"Investigaci\u00f3n de mercado de producto m\u00ednimo viable\"  data-wpil-monitor-id=\"10829\">Minimum Viable Product<\/a> or prototype with a small number of interviews, make changes, and then test again in several phases.&nbsp; This allows a better, cheaper and faster product development process.<\/p>\n\n\n\n<h2 class=\"wp-block-heading\">Beneficios de la investigaci\u00f3n de mercado \u00e1gil<\/h2>\n\n\n\n<p><span style=\"font-weight: 400;\">La investigaci\u00f3n de mercado \u00e1gil es necesaria porque permite a las empresas:<\/span><\/p>\n\n\n\n<ul class=\"wp-block-list\">\n<li><span style=\"font-weight: 400;\"><a href=\"https:\/\/www.sisinternational.com\/es\/mejorar-la-penetracion-en-el-mercado-a-traves-de-un-plan-de-marketing-integral\/\" title=\"Mejorar la penetraci\u00f3n del mercado a trav\u00e9s de un plan de marketing integral\"  data-wpil-monitor-id=\"10847\">Plan their marketing<\/a> efforts.<\/span><\/li>\n\n\n\n<li><span style=\"font-weight: 400;\">Dar prioridad a las cosas esenciales, para as\u00ed ser m\u00e1s productivo.<\/span><\/li>\n\n\n\n<li><span style=\"font-weight: 400;\">Tener una mejor respuesta ante las oportunidades que se presenten.<\/span><\/li>\n\n\n\n<li><span style=\"font-weight: 400;\">Mejorar la satisfacci\u00f3n de los empleados en el trabajo.<\/span><\/li>\n\n\n\n<li><span style=\"font-weight: 400;\">Impulsar e inventar nuevas ideas.<\/span><\/li>\n\n\n\n<li><span style=\"font-weight: 400;\">Tener ciclos de desarrollo de productos m\u00e1s r\u00e1pidos.<\/span><\/li>\n\n\n\n<li><span style=\"font-weight: 400;\">Mejorar la comunicaci\u00f3n y aumentar el flujo de ideas e informaci\u00f3n.<\/span><\/li>\n\n\n\n<li><span style=\"font-weight: 400;\">Integrar al equipo con el proceso de ventas.<\/span><\/li>\n<\/ul>\n\n\n\n<p><span style=\"font-weight: 400;\">Agile approaches allow businesses to understand the consumer faster. <a href=\"https:\/\/www.sisinternational.com\/es\/soluciones\/consultoria-estrategica\/analisis-de-datos\/\" title=\"Empresa de an\u00e1lisis de datos\"  data-wpil-monitor-id=\"10863\">Companies can map their demands through data<\/a> extraction solutions in less time. Second, brands can communicate with consumers, also in a much shorter time. For this to happen, companies need to reconfigure their market research efforts. An excellent example to follow comes from startups: agility, low cost, innovation, and quality.<\/span><\/p>\n\n\n\n<p><\/p>","protected":false},"excerpt":{"rendered":"<p>Descubra c\u00f3mo hacer que su negocio sea m\u00e1s \u00e1gil con investigaci\u00f3n y datos.<\/p>","protected":false},"author":1,"featured_media":62523,"parent":14459,"menu_order":4,"comment_status":"closed","ping_status":"closed","template":"","meta":{"footnotes":""},"class_list":["post-31498","page","type-page","status-publish","has-post-thumbnail"],"_links":{"self":[{"href":"https:\/\/www.sisinternational.com\/es\/wp-json\/wp\/v2\/pages\/31498","targetHints":{"allow":["GET"]}}],"collection":[{"href":"https:\/\/www.sisinternational.com\/es\/wp-json\/wp\/v2\/pages"}],"about":[{"href":"https:\/\/www.sisinternational.com\/es\/wp-json\/wp\/v2\/types\/page"}],"author":[{"embeddable":true,"href":"https:\/\/www.sisinternational.com\/es\/wp-json\/wp\/v2\/users\/1"}],"replies":[{"embeddable":true,"href":"https:\/\/www.sisinternational.com\/es\/wp-json\/wp\/v2\/comments?post=31498"}],"version-history":[{"count":5,"href":"https:\/\/www.sisinternational.com\/es\/wp-json\/wp\/v2\/pages\/31498\/revisions"}],"predecessor-version":[{"id":81777,"href":"https:\/\/www.sisinternational.com\/es\/wp-json\/wp\/v2\/pages\/31498\/revisions\/81777"}],"up":[{"embeddable":true,"href":"https:\/\/www.sisinternational.com\/es\/wp-json\/wp\/v2\/pages\/14459"}],"wp:featuredmedia":[{"embeddable":true,"href":"https:\/\/www.sisinternational.com\/es\/wp-json\/wp\/v2\/media\/62523"}],"wp:attachment":[{"href":"https:\/\/www.sisinternational.com\/es\/wp-json\/wp\/v2\/media?parent=31498"}],"curies":[{"name":"wp","href":"https:\/\/api.w.org\/{rel}","templated":true}]}}