{"id":31485,"date":"2019-04-18T03:22:00","date_gmt":"2019-04-18T03:22:00","guid":{"rendered":"https:\/\/www.sisinternational.com\/?page_id=31485"},"modified":"2025-09-13T23:23:13","modified_gmt":"2025-09-14T03:23:13","slug":"investigacion-de-mercado-over-the-top-media-ott","status":"publish","type":"page","link":"https:\/\/www.sisinternational.com\/es\/pericia\/investigacion-de-mercado-over-the-top-media-ott\/","title":{"rendered":"Investigaci\u00f3n de mercado de medios over the top (OTT)"},"content":{"rendered":"<h1 class=\"wp-block-heading\">Investigaci\u00f3n de mercado de medios over the top (OTT)<\/h1>\n\n\n\n<figure class=\"gb-block-image gb-block-image-e0c99258\"><img loading=\"lazy\" decoding=\"async\" width=\"1456\" height=\"816\" class=\"gb-image gb-image-e0c99258\" src=\"https:\/\/www.sisinternational.com\/wp-content\/uploads\/2025\/08\/Video-and-Music-Streaming-2.jpg\" alt=\"Investigaci\u00f3n y estrategia de mercado internacional de SIS\" title=\"Video and Music Streaming (2)\" srcset=\"https:\/\/www.sisinternational.com\/wp-content\/uploads\/2025\/08\/Video-and-Music-Streaming-2.jpg 1456w, https:\/\/www.sisinternational.com\/wp-content\/uploads\/2025\/08\/Video-and-Music-Streaming-2-300x168.jpg 300w, https:\/\/www.sisinternational.com\/wp-content\/uploads\/2025\/08\/Video-and-Music-Streaming-2-1024x574.jpg 1024w, https:\/\/www.sisinternational.com\/wp-content\/uploads\/2025\/08\/Video-and-Music-Streaming-2-768x430.jpg 768w, https:\/\/www.sisinternational.com\/wp-content\/uploads\/2025\/08\/Video-and-Music-Streaming-2-18x10.jpg 18w\" sizes=\"auto, (max-width: 1456px) 100vw, 1456px\"><\/figure>\n\n\n\n<p><\/p>\n\n\n\n<h2 class=\"wp-block-heading\"><span style=\"font-weight: 400;\">Una de las mayores transformaciones en los medios en una generaci\u00f3n<\/span><\/h2>\n\n\n\n<p><span style=\"font-weight: 400;\">Over-the-top media, also known as OTT, refers to the delivery of audio, video, and other media over the internet. This delivery takes place without the direct involvement of a telecommunication company. At first, this term was only used to describe the distribution of audio and video. It has since expanded to cover any service that is available over the internet. A subscriber for OTT services is free to access his or her subscribed media from anywhere in the world at any time. Soon, subscribers will be able to stream media using any form of access technology.<\/span><\/p>\n\n\n\n<h2 class=\"wp-block-heading\"><span style=\"font-weight: 400;\">El futuro de los medios OTT<\/span><\/h2>\n\n\n\n<p><span style=\"font-weight: 400;\">Los recientes avances tecnol\u00f3gicos han creado un entorno favorable para el avance de OTT. La Internet asequible ha desempe\u00f1ado un papel importante en su desarrollo. Tambi\u00e9n ha ayudado la desviaci\u00f3n de muchos millennials de los horarios televisivos tradicionales. Los millennials prefieren elegir qu\u00e9 quieren ver y cu\u00e1ndo verlo. Adem\u00e1s, al no haber costes de cancelaci\u00f3n, cada vez m\u00e1s personas prefieren estos servicios.<\/span><\/p>\n\n\n\n<p><span style=\"font-weight: 400;\"><a href=\"https:\/\/www.sisinternational.com\/es\/soluciones\/consultoria-estrategica\/investigacion-de-mercado-de-prevision-de-la-demanda\/\" title=\"Demand Forecasting Market Consulting\"  data-wpil-monitor-id=\"8014\">Forecasters expect the OTT market<\/a> to grow rapidly over the next few years. Examples of OTT services are Apple, Amazon, Netflix, and Hulu. Skype, Facebook, and Twitter are also considered OTT.<\/span><\/p>\n\n\n\n<h2 class=\"wp-block-heading\"><span style=\"font-weight: 400;\">Estrategia Competitiva en la Industria OTT<\/span><\/h2>\n\n\n\n<p><span style=\"font-weight: 400;\">Netflix still dominates the streaming market. However, more and more content owners are publishing their content across various platforms. Somehow, all the competitors want their apps on the home screen of a smartphone. As the competition increases within this field, it will become harder to get noticed.<\/span><\/p>\n\n\n\n<h2 class=\"wp-block-heading\"><span style=\"font-weight: 400;\">\u00bfPor qu\u00e9 es necesaria la investigaci\u00f3n de mercado para los proveedores de servicios de medios OTT?<\/span><\/h2>\n\n\n\n<p><span style=\"font-weight: 400;\"><a href=\"https:\/\/www.sisinternational.com\/es\/soluciones\/investigacion-de-consultoria-estrategica-fintech\/investigacion-de-mercado-de-servicios-financieros\/\" title=\"Investigaci\u00f3n de mercado de servicios financieros\"  data-wpil-monitor-id=\"7995\">Market research shows service<\/a> providers the challenges presented by the clients they target. The provider will also be able to collect users&#8217; opinions. For example, let&#8217;s say the provider wanted to launch a free ad-supported service. He or she can use <a href=\"https:\/\/www.sisinternational.com\/es\/soluciones\/prueba-de-sabor\/investigacion-de-mercado-comparativa-de-pruebas-de-sabor\/\" title=\"Investigaci\u00f3n de mercado comparativa de pruebas de sabor\"  data-wpil-monitor-id=\"8005\">market research to compare<\/a> it with an expensive option that has no advertisements. Clients may also have specific ideas about how they want to pay for the services they receive. This situation would create more opportunities for service providers to monetize their service.<\/span><\/p>\n\n\n\n<h2 class=\"wp-block-heading\"><span style=\"font-weight: 400;\">Cualitativo&nbsp;<\/span><span style=\"font-weight: 400;\">M\u00e9todos de investigaci\u00f3n de mercado<\/span><\/h2>\n\n\n\n<p><span style=\"font-weight: 400;\">Researchers use this method to collect and analyze non-numerical data. For example, they collect reasons, ideas, and opinions. <a href=\"https:\/\/www.sisinternational.com\/es\/future-trends-in-qualitative-market-research\/\" title=\"Future Trends in Qualitative Market Research\"  data-wpil-monitor-id=\"8012\">Qualitative Research can identify rising trends<\/a> in opinions and thoughts. It is also used to find out how people become conscious of their social realities. Qualitative Researchers use a wide array of methods, including online ethnography, unstructured interviews, and focus groups. <a href=\"https:\/\/www.sisinternational.com\/es\/soluciones\/empresa-de-investigacion-de-mercado-de-muestreo-de-encuestas-en-linea\/\" title=\"Empresa de estudios de mercado de muestreo de encuestas en l\u00ednea\"  data-wpil-monitor-id=\"7999\">Researchers also use online surveys<\/a> with open-ended questions. <\/span><\/p>\n\n\n\n<p><span style=\"font-weight: 400;\">La investigaci\u00f3n cualitativa ofrece respuestas detalladas a por qu\u00e9 un consumidor se suscribe a un servicio. Tambi\u00e9n da una idea de qu\u00e9 hace que un consumidor se suscriba a un servicio y rechace otro. La investigaci\u00f3n cualitativa puede identificar el proceso de pensamiento detr\u00e1s de la opini\u00f3n expresada por el consumidor. Este m\u00e9todo permite al usuario obtener informaci\u00f3n rica y descriptiva de los consumidores.<\/span><\/p>\n\n\n\n<h2 class=\"wp-block-heading\"><span style=\"font-weight: 400;\">Cuantitativo&nbsp;<\/span><span style=\"font-weight: 400;\">M\u00e9todos de investigaci\u00f3n de mercado<\/span><\/h2>\n\n\n\n<p><span style=\"font-weight: 400;\">This method uses numerical, measurable data to develop facts and identify patterns. The data is in the form of numbers and statistics, often arranged in graphs, charts, and other non-textual forms. This <a href=\"https:\/\/www.sisinternational.com\/es\/quantitative-market-research-methods-and-techniques\/\" title=\"Quantitative Market Research Methods and Techniques\"  data-wpil-monitor-id=\"8009\">research method<\/a> includes a range of data-extracting techniques such as online polls. It also includes mobile and app surveys, kiosk surveys, and systematic observations.<\/span><\/p>\n\n\n\n<p><span style=\"font-weight: 400;\">Quantitative research has the advantage of collecting reliable data. When it comes to acquiring data from a large population, it&#8217;s easier to measure the outcome of this <a href=\"https:\/\/www.sisinternational.com\/es\/sampling-techniques-in-qualitative-research-the-complete-guide-to-choosing-the-right-method\/\" title=\"Sampling Techniques in Qualitative Research: The Complete Guide to Choosing the Right Method\"  data-wpil-monitor-id=\"8002\">research compared with the qualitative method<\/a>. Another advantage is the ability to convert its result into highly-accurate predictions.<\/span><\/p>\n\n\n\n<h2 class=\"wp-block-heading\"><span style=\"font-weight: 400;\">Investigaci\u00f3n estrat\u00e9gica<\/span><\/h2>\n\n\n\n<p><span style=\"font-weight: 400;\">We provide Advanced Strategy <a href=\"https:\/\/www.sisinternational.com\/es\/investigacion-de-mercado-de-casas-inteligentes\/\" title=\"Investigaci\u00f3n de mercado de hogares inteligentes\"  data-wpil-monitor-id=\"7993\">solutions such as Market<\/a> Opportunity Analysis, Market Assessments, and Go-To-Market Strategy.\u00a0 Key methods include Primary Research, Secondary Research, and Subject Matter Expert research.\u00a0 Desk Research refers to an accumulation of data that already exists. Data sources may exist as published government reports, company records, databases, periodicals, newspapers and magazines.\u00a0<\/span><\/p>\n\n\n\n<p><\/p>","protected":false},"excerpt":{"rendered":"<p>Descubra nuevas formas de obtener ventajas con Over the Top Media Market Research.<\/p>","protected":false},"author":1,"featured_media":63637,"parent":14514,"menu_order":45,"comment_status":"closed","ping_status":"closed","template":"","meta":{"footnotes":""},"class_list":["post-31485","page","type-page","status-publish","has-post-thumbnail"],"_links":{"self":[{"href":"https:\/\/www.sisinternational.com\/es\/wp-json\/wp\/v2\/pages\/31485","targetHints":{"allow":["GET"]}}],"collection":[{"href":"https:\/\/www.sisinternational.com\/es\/wp-json\/wp\/v2\/pages"}],"about":[{"href":"https:\/\/www.sisinternational.com\/es\/wp-json\/wp\/v2\/types\/page"}],"author":[{"embeddable":true,"href":"https:\/\/www.sisinternational.com\/es\/wp-json\/wp\/v2\/users\/1"}],"replies":[{"embeddable":true,"href":"https:\/\/www.sisinternational.com\/es\/wp-json\/wp\/v2\/comments?post=31485"}],"version-history":[{"count":4,"href":"https:\/\/www.sisinternational.com\/es\/wp-json\/wp\/v2\/pages\/31485\/revisions"}],"predecessor-version":[{"id":81350,"href":"https:\/\/www.sisinternational.com\/es\/wp-json\/wp\/v2\/pages\/31485\/revisions\/81350"}],"up":[{"embeddable":true,"href":"https:\/\/www.sisinternational.com\/es\/wp-json\/wp\/v2\/pages\/14514"}],"wp:featuredmedia":[{"embeddable":true,"href":"https:\/\/www.sisinternational.com\/es\/wp-json\/wp\/v2\/media\/63637"}],"wp:attachment":[{"href":"https:\/\/www.sisinternational.com\/es\/wp-json\/wp\/v2\/media?parent=31485"}],"curies":[{"name":"wp","href":"https:\/\/api.w.org\/{rel}","templated":true}]}}