{"id":31479,"date":"2019-04-18T03:07:51","date_gmt":"2019-04-18T03:07:51","guid":{"rendered":"https:\/\/www.sisinternational.com\/?page_id=31479"},"modified":"2025-09-13T23:24:52","modified_gmt":"2025-09-14T03:24:52","slug":"investigacion-de-mercado-de-aprendizaje-profundo-2","status":"publish","type":"page","link":"https:\/\/www.sisinternational.com\/es\/pericia\/investigacion-de-mercado-de-aprendizaje-profundo-2\/","title":{"rendered":"Investigaci\u00f3n de mercado de aprendizaje profundo"},"content":{"rendered":"<h1 class=\"wp-block-heading\"><span style=\"font-weight: 400;\">Investigaci\u00f3n de mercado de aprendizaje profundo<\/span><\/h1>\n\n\n\n<figure class=\"gb-block-image gb-block-image-700b69b5\"><img loading=\"lazy\" decoding=\"async\" width=\"1456\" height=\"816\" class=\"gb-image gb-image-700b69b5\" src=\"https:\/\/www.sisinternational.com\/wp-content\/uploads\/2025\/08\/Deep-learning-machine-learning-42.jpg\" alt=\"Investigaci\u00f3n y estrategia de mercado internacional de SIS\" title=\"Deep learning machine learning (42)\" srcset=\"https:\/\/www.sisinternational.com\/wp-content\/uploads\/2025\/08\/Deep-learning-machine-learning-42.jpg 1456w, https:\/\/www.sisinternational.com\/wp-content\/uploads\/2025\/08\/Deep-learning-machine-learning-42-300x168.jpg 300w, https:\/\/www.sisinternational.com\/wp-content\/uploads\/2025\/08\/Deep-learning-machine-learning-42-1024x574.jpg 1024w, https:\/\/www.sisinternational.com\/wp-content\/uploads\/2025\/08\/Deep-learning-machine-learning-42-768x430.jpg 768w, https:\/\/www.sisinternational.com\/wp-content\/uploads\/2025\/08\/Deep-learning-machine-learning-42-18x10.jpg 18w\" sizes=\"auto, (max-width: 1456px) 100vw, 1456px\"><\/figure>\n\n\n\n<p><\/p>\n\n\n\n<h2 class=\"wp-block-heading\"><span style=\"font-weight: 400;\">For your business to grow, you must understand your customers. <\/span><\/h2>\n\n\n\n<p><span style=\"font-weight: 400;\">Debe cumplir con sus expectativas y brindarles el mejor apoyo posible. Ah\u00ed es donde entra en juego la necesidad de aprendizaje profundo e investigaci\u00f3n de mercado.<\/span><\/p>\n\n\n\n<h2 class=\"wp-block-heading\"><span style=\"font-weight: 400;\">\u00bfQu\u00e9 es el aprendizaje profundo?<\/span><\/h2>\n\n\n\n<p><span style=\"font-weight: 400;\">Hay varias formas de hacer que una m\u00e1quina aprenda un proceso. El aprendizaje profundo es uno de estos m\u00e9todos. El concepto de Deep Learning tambi\u00e9n se conoce como aprendizaje jer\u00e1rquico o aprendizaje profundo estructurado. A diferencia de otros procesos, el m\u00e9todo Deep Learning se centra en representaciones de datos. Puede supervisar el proceso de aprendizaje, o puede ser no supervisado o semisupervisado. Muchos campos e industrias ya aplican algunas arquitecturas de aprendizaje profundo, como redes neuronales recurrentes, redes de creencias profundas y redes neuronales profundas. Utilizan redes neuronales para promover el aprendizaje. Pueden aprender tareas complejas y procesar muchos datos que no ser\u00edan posibles para un humano.<\/span><\/p>\n\n\n\n<h2 class=\"wp-block-heading\"><span style=\"font-weight: 400;\">El mercado est\u00e1 creciendo<\/span><\/h2>\n\n\n\n<p><span style=\"font-weight: 400;\">Popular neural networks have around eight layers and 60 million parameters. The Deep Learning neural networks go up to 200 or 400 million settings. The great thing is that the market is growing. Businesses need Deep Learning to study business data, see problems, and identify solutions. Many companies are already accessing their benefits. Deep Learning continues to be very popular in the business world.<\/span><\/p>\n\n\n\n<h2 class=\"wp-block-heading\"><span style=\"font-weight: 400;\">Beneficios del aprendizaje profundo<\/span><\/h2>\n\n\n\n<p><span style=\"font-weight: 400;\">One of the main benefits of Deep Learning is that it transforms companies. Based on company data, it\u2019s a lot easier to figure out what\u2019s wrong, what customers expect, and what you need to change. The transformation process is comprehensive and meaningful. It can have a positive <a href=\"https:\/\/www.sisinternational.com\/es\/el-efecto-de-la-cultura-de-mercado-nigeriana-en-los-negocios\/\" title=\"El mercado nigeriano: el efecto de la cultura en los negocios\"  data-wpil-monitor-id=\"11293\">effect on your business<\/a>. By studying company data, <a href=\"https:\/\/www.sisinternational.com\/es\/soluciones\/innovacion\/investigacion-de-mercado-de-aprendizaje-profundo-2\/\" title=\"Investigaci\u00f3n de mercado de aprendizaje profundo\"  data-wpil-monitor-id=\"4760\">Deep Learning also allows markets<\/a> to be more efficient. It helps a lot, and it delivers a resounding <a href=\"https:\/\/www.sisinternational.com\/es\/retorno-de-la-inversion-en-investigacion-de-mercado\/\" title=\"Retorno de la inversi\u00f3n en investigaci\u00f3n de mercado\"  data-wpil-monitor-id=\"11295\">return on investment<\/a> every time.<\/span><\/p>\n\n\n\n<p><span style=\"font-weight: 400;\">Muchas empresas utilizan el aprendizaje profundo para comprender los datos de la empresa. Tambi\u00e9n lo utilizan para dirigirse a bases de clientes espec\u00edficas. Muchas empresas tambi\u00e9n lo utilizan para visi\u00f3n, ajuste y optimizaci\u00f3n por computadora.<\/span><\/p>\n\n\n\n<h2 class=\"wp-block-heading\"><span style=\"font-weight: 400;\">\u00bfC\u00f3mo est\u00e1n aplicando las empresas el aprendizaje profundo?<\/span><\/h2>\n\n\n\n<p><span style=\"font-weight: 400;\">El <a href=\"https:\/\/www.sisinternational.com\/es\/pericia\/industrias\/investigacion-de-mercado-de-petroleo-y-gas\/\" title=\"Investigaci\u00f3n de mercado de petr\u00f3leo y gas\"  data-wpil-monitor-id=\"11289\">oil and gas<\/a> industry uses Deep Learning to lower its extraction costs. This industry also uses it for locating, delivering, and processing the oil. The construction industry uses Deep Learning to create step-by-step project simulations. With deep learning, it&#8217;s easy for builders to see what can go wrong. Also, for cybersecurity, Deep Learning can improve the detection rate for malware. Social media, finance, transportation, healthcare, and many other industries use Deep Learning.<\/span><\/p>\n\n\n\n<p><span style=\"font-weight: 400;\">Deep learning will help you understand your business and uncover new opportunities. This method processes a vast amount of data. You can use this data to figure out what approach and system will work for you. You can generate new business opportunities. You may also see some challenges that can arise from your competition. Once you have all that info, you can start speaking to decision makers. They can analyze the data and recommend changes.<\/span><\/p>\n\n\n\n<p><span style=\"font-weight: 400;\">While information is everywhere, the main issue is finding the right insights. <a href=\"https:\/\/www.sisinternational.com\/es\/soluciones\/consultoria-estrategica\/analisis-de-datos\/\" title=\"Empresa de an\u00e1lisis de datos\"  data-wpil-monitor-id=\"11287\">Companies also need to use data<\/a> correctly. With help from SIS International, you will find it a lot easier to access deep learning and reach data scientists. You also get <a href=\"https:\/\/www.sisinternational.com\/es\/soluciones\/investigacion-de-mercado-de-consumo\/\" title=\"Consumer Market Research Services for Smarter Business Decisions\"  data-wpil-monitor-id=\"11282\">consumer research and many other services<\/a> in a very affordable package. Don\u2019t hesitate! Talk to <a href=\"https:\/\/www.sisinternational.com\/es\/dia-de-san-valentin-como-tu-empresa-puede-sentir-el-amor\/\" title=\"Investigaci\u00f3n de mercado del d\u00eda de San Valent\u00edn: c\u00f3mo su empresa puede sentir el amor\"  data-wpil-monitor-id=\"11280\">SIS<\/a> International today to harness the power of deep learning for your business.<\/span><\/p>\n\n\n\n<h2 class=\"wp-block-heading\">Acerca de la investigaci\u00f3n de mercado de aprendizaje profundo<\/h2>\n\n\n\n<p>SIS is a leading <a class=\"wpil_keyword_link\" href=\"https:\/\/www.sisinternational.com\/es\/cobertura\/\"   title=\"Cobertura de investigaci\u00f3n de mercado\" data-wpil-keyword-link=\"linked\"  data-wpil-monitor-id=\"759\">Investigaci\u00f3n de mercado global<\/a> and Strategy Consulting company. We provide data, <a href=\"https:\/\/www.sisinternational.com\/es\/focus-groups-that-deliver-real-voices-real-insight-real-advantage\/\" title=\"Focus Groups That Deliver Real Voices, Real Insight, Real Advantage\"  data-wpil-monitor-id=\"11291\">insights and strategies to gain advantage<\/a> in today&#8217;s fast-paced business landscape.&nbsp; With data and strategy, companies can better identify opportunities and advantages. Examples of our work include:<\/p>\n\n\n\n<ul class=\"wp-block-list\">\n<li><strong>Investigaci\u00f3n cualitativa<\/strong>: <a href=\"https:\/\/www.sisinternational.com\/es\/cobertura\/europa\/investigacion-de-mercado-liverpool-reino-unido\/\" title=\"Investigaci\u00f3n de mercado en Liverpool | Grupos focales y recopilaci\u00f3n de datos del Reino Unido\"  data-wpil-monitor-id=\"11285\">Focus Groups with Data<\/a> Scientists and Customers<\/li>\n\n\n\n<li><strong>Investigaci\u00f3n cuantitativa<\/strong>: Encuestas y recopilaci\u00f3n de datos para algoritmos y procesamiento de datos.<\/li>\n\n\n\n<li><strong>Consultor\u00eda estrat\u00e9gica<\/strong>: Market Sizing, Go-To-Market Strategy, Technology Acquisition, and Competitive Analysis<\/li>\n<\/ul>","protected":false},"excerpt":{"rendered":"<p>Descubra nuevas formas de transformar su negocio con Deep Learning Market Research.<\/p>","protected":false},"author":1,"featured_media":64419,"parent":14514,"menu_order":44,"comment_status":"closed","ping_status":"closed","template":"","meta":{"footnotes":""},"class_list":["post-31479","page","type-page","status-publish","has-post-thumbnail"],"_links":{"self":[{"href":"https:\/\/www.sisinternational.com\/es\/wp-json\/wp\/v2\/pages\/31479","targetHints":{"allow":["GET"]}}],"collection":[{"href":"https:\/\/www.sisinternational.com\/es\/wp-json\/wp\/v2\/pages"}],"about":[{"href":"https:\/\/www.sisinternational.com\/es\/wp-json\/wp\/v2\/types\/page"}],"author":[{"embeddable":true,"href":"https:\/\/www.sisinternational.com\/es\/wp-json\/wp\/v2\/users\/1"}],"replies":[{"embeddable":true,"href":"https:\/\/www.sisinternational.com\/es\/wp-json\/wp\/v2\/comments?post=31479"}],"version-history":[{"count":6,"href":"https:\/\/www.sisinternational.com\/es\/wp-json\/wp\/v2\/pages\/31479\/revisions"}],"predecessor-version":[{"id":81842,"href":"https:\/\/www.sisinternational.com\/es\/wp-json\/wp\/v2\/pages\/31479\/revisions\/81842"}],"up":[{"embeddable":true,"href":"https:\/\/www.sisinternational.com\/es\/wp-json\/wp\/v2\/pages\/14514"}],"wp:featuredmedia":[{"embeddable":true,"href":"https:\/\/www.sisinternational.com\/es\/wp-json\/wp\/v2\/media\/64419"}],"wp:attachment":[{"href":"https:\/\/www.sisinternational.com\/es\/wp-json\/wp\/v2\/media?parent=31479"}],"curies":[{"name":"wp","href":"https:\/\/api.w.org\/{rel}","templated":true}]}}