{"id":31453,"date":"2019-04-14T22:33:04","date_gmt":"2019-04-14T22:33:04","guid":{"rendered":"https:\/\/www.sisinternational.com\/?page_id=31453"},"modified":"2025-09-13T23:19:07","modified_gmt":"2025-09-14T03:19:07","slug":"investigacion-de-mercado-devops","status":"publish","type":"page","link":"https:\/\/www.sisinternational.com\/es\/pericia\/investigacion-de-mercado-devops\/","title":{"rendered":"Investigaci\u00f3n de mercado de DevOps"},"content":{"rendered":"<h1 class=\"wp-block-heading\"><span style=\"font-weight: 400;\">Investigaci\u00f3n de mercado de DevOps<\/span><\/h1>\n\n\n\n<figure class=\"gb-block-image gb-block-image-45134c7a\"><img loading=\"lazy\" decoding=\"async\" width=\"1456\" height=\"816\" class=\"gb-image gb-image-45134c7a\" src=\"https:\/\/www.sisinternational.com\/wp-content\/uploads\/2025\/08\/Tech-19.jpg\" alt=\"Investigaci\u00f3n y estrategia de mercado internacional de SIS\" title=\"Tech (19)\" srcset=\"https:\/\/www.sisinternational.com\/wp-content\/uploads\/2025\/08\/Tech-19.jpg 1456w, https:\/\/www.sisinternational.com\/wp-content\/uploads\/2025\/08\/Tech-19-300x168.jpg 300w, https:\/\/www.sisinternational.com\/wp-content\/uploads\/2025\/08\/Tech-19-1024x574.jpg 1024w, https:\/\/www.sisinternational.com\/wp-content\/uploads\/2025\/08\/Tech-19-768x430.jpg 768w, https:\/\/www.sisinternational.com\/wp-content\/uploads\/2025\/08\/Tech-19-18x10.jpg 18w\" sizes=\"auto, (max-width: 1456px) 100vw, 1456px\"><\/figure>\n\n\n\n<p><\/p>\n\n\n\n<p><span style=\"font-weight: 400;\">DevOps es un conjunto de procesos de desarrollo de software que combina el desarrollo de software y operaciones de tecnolog\u00eda de la informaci\u00f3n para acelerar el ciclo de vida del desarrollo de sistemas. DevOps es una fusi\u00f3n de dos palabras: Desarrollo y Operaciones. Ambos equipos tienen diferentes responsabilidades en el ciclo de gesti\u00f3n de versiones de aplicaciones. Est\u00e1 m\u00e1s asociado con la comunicaci\u00f3n, la colaboraci\u00f3n y la retroalimentaci\u00f3n entre varias partes interesadas, incluidos desarrolladores, evaluadores y los equipos de infraestructura, gesti\u00f3n de configuraci\u00f3n e implementaci\u00f3n.<\/span><\/p>\n\n\n\n<h2 class=\"wp-block-heading\">Beneficios de DevOps<\/h2>\n\n\n\n<p><span style=\"font-weight: 400;\">DevOps has made it easy to cut out all the small hurdles that used to keep developers glued to their seats for days at a time. It has also removed the problems faced by the developer and operation team. Both parties had problems while communicating the project. It has bought reliability between the groups by increasing efficiency and consistency. The <a href=\"https:\/\/www.sisinternational.com\/es\/soluciones\/investigacion-de-consultoria-estrategica-fintech\/consultoria-de-adquisicion-de-clientes-de-servicios-financieros\/\" title=\"Consultor\u00eda de adquisici\u00f3n de clientes de servicios financieros\"  data-wpil-monitor-id=\"8022\">customers can now receive better service<\/a>, and the development and operation team can meet their goals in a much more efficient manner.<\/span><\/p>\n\n\n\n<h2 class=\"wp-block-heading\"><span style=\"font-weight: 400;\">\u00bfPor qu\u00e9 DevOps es bueno para el crecimiento empresarial?<\/span><\/h2>\n\n\n\n<p><span style=\"font-weight: 400;\">Dos palabras describen DevOps: flexibilidad y movilidad. Las pruebas y los comentarios de los clientes son muy importantes cuando se trata de fabricar un buen producto. El resultado deseado es que su producto dure m\u00e1s que el impacto inicial. Por lo tanto, tiene sentido adaptarse si desea mantener el producto relevante y capaz de realizar su trabajo. La adaptaci\u00f3n no es exactamente lo m\u00e1s f\u00e1cil de lograr. A veces, las empresas tienen ciclos de iteraci\u00f3n largos. Tambi\u00e9n tienen que escalar equipos grandes.<\/span><\/p>\n\n\n\n<p><span style=\"font-weight: 400;\">La tarea principal de un ingeniero o especialista en DevOps es asegurarse de que el software funcione. Tiene que funcionar tanto desde el punto de vista de los desarrolladores como de la infraestructura.<\/span><\/p>\n\n\n\n<p><span style=\"font-weight: 400;\">When you put a DevOps culture in place, it enables you to make effective, prompt changes.&nbsp; The result is better <a href=\"https:\/\/www.sisinternational.com\/es\/pericia\/curriculums-de-experiencia\/estudio-de-mercado-de-productos-de-cuidado-personal\/\" title=\"Investigaci\u00f3n de mercado de productos de cuidado personal\"  data-wpil-monitor-id=\"8019\">products that perform better in the market<\/a>.<\/span><\/p>\n\n\n\n<h2 class=\"wp-block-heading\"><span style=\"font-weight: 400;\">\u00bfCu\u00e1les son los principales beneficios de DevOps?<\/span><\/h2>\n\n\n\n<p><span style=\"font-weight: 400;\">Las empresas que adoptan DevOps informan de mejoras notables. Algunas de las mejoras incluyen:<\/span><\/p>\n\n\n\n<ul class=\"wp-block-list\">\n<li><span style=\"font-weight: 400;\"><strong>Tiempo de comercializaci\u00f3n m\u00e1s r\u00e1pido<\/strong>. DevOps acorta el per\u00edodo entre la concepci\u00f3n de una idea y el tiempo que lleva entrar en producci\u00f3n y estar disponible para la venta.<\/span><\/li>\n\n\n\n<li><strong>Reducciones de costos<\/strong><\/li>\n\n\n\n<li><span style=\"font-weight: 400;\"><strong>Productividad incrementada<\/strong> con entrega continua, desarrolladores y probadores. Esta mejora ahorra tiempo en la creaci\u00f3n y mantenimiento de entornos de trabajo. Conduce a implementaciones m\u00e1s r\u00e1pidas<\/span><\/li>\n\n\n\n<li><strong>Comentarios m\u00e1s r\u00e1pidos de los usuarios<\/strong><\/li>\n\n\n\n<li><span style=\"font-weight: 400;\"><strong>Mejor calidad del producto<\/strong>. Muchas empresas informan de una marcada disminuci\u00f3n en los errores abiertos y otras preocupaciones.<\/span><\/li>\n\n\n\n<li><span style=\"font-weight: 400;\"><strong>Lanzamientos confiables<\/strong>. Cuando las empresas realizan lanzamientos regulares, tambi\u00e9n significa que se introducen menos errores y un menor impacto en los usuarios.<\/span><\/li>\n\n\n\n<li><strong>M\u00e1s satisfacci\u00f3n del cliente<\/strong><\/li>\n<\/ul>\n\n\n\n<h2 class=\"wp-block-heading\"><span style=\"font-weight: 400;\">\u00bfC\u00f3mo funciona DevOps?<\/span><\/h2>\n\n\n\n<p><span style=\"font-weight: 400;\">Las empresas que utilizan el modelo DevOps no \u201caislan\u201d sus equipos de desarrollo y operaciones. En cambio, se fusionan en una sola unidad. Luego, los ingenieros completan todo el ciclo de vida de la aplicaci\u00f3n. Comienzan con el desarrollo y las pruebas y pasan a la implementaci\u00f3n y las operaciones. Al hacerlo, desarrollan varias habilidades que no se limitan a una sola funci\u00f3n.<\/span><\/p>\n\n\n\n<p><span style=\"font-weight: 400;\">Los equipos de Garant\u00eda de Calidad y Seguridad tambi\u00e9n pueden fusionarse con desarrollo y operaciones. Estas fusiones ocurren durante todo el ciclo de vida de la aplicaci\u00f3n. Cuando la seguridad es el foco de un equipo de DevOps, los investigadores a veces se refieren a ella como DevSecOps.<\/span><\/p>\n\n\n\n<p><span style=\"font-weight: 400;\">Estos equipos han encontrado formas de automatizar procesos que sol\u00edan ser manuales y lentos. Este proceso les ayuda a innovar y crear nuevas aplicaciones. Estas herramientas tambi\u00e9n permiten a los ingenieros realizar tareas que antes habr\u00edan requerido la ayuda de otros equipos. Por ejemplo, implementar c\u00f3digo o aprovisionar infraestructura se vuelve m\u00e1s f\u00e1cil.<\/span><\/p>\n\n\n\n<h2 class=\"wp-block-heading\"><span style=\"font-weight: 400;\">\u00bfPor qu\u00e9 es importante la investigaci\u00f3n de mercado para DevOps?<\/span><\/h2>\n\n\n\n<p><span style=\"font-weight: 400;\">Market Research is a comprehensive, organized process that involves the gathering of relevant and informative data for a product, service, or market. <a href=\"https:\/\/www.sisinternational.com\/es\/soluciones\/consultoria-estrategica\/analisis-de-datos\/\" title=\"Empresa de an\u00e1lisis de datos\"  data-wpil-monitor-id=\"8024\">Companies use this data<\/a> to examine and analyze the prevailing market scenario. They also make projections for use in business <a href=\"https:\/\/www.sisinternational.com\/es\/soluciones\/si-crecimiento-global\/consultoria-de-planificacion-estrategica\/\" title=\"Consultor\u00eda de Planificaci\u00f3n Estrat\u00e9gica\"  data-wpil-monitor-id=\"8020\">planning and strategic<\/a> moves.<\/span><\/p>\n\n\n\n<p><span style=\"font-weight: 400;\">Here are some <a href=\"https:\/\/www.sisinternational.com\/es\/pericia\/industrias\/administrador-de-beneficios-de-farmacia-pbm-investigacion-de-mercado\/\" title=\"Investigaci\u00f3n de mercado del administrador de beneficios de farmacia (PBM)\"  data-wpil-monitor-id=\"8018\">benefits of Market Research<\/a>:<\/span><\/p>\n\n\n\n<ul class=\"wp-block-list\">\n<li><span style=\"font-weight: 400;\">Ayuda con la planificaci\u00f3n futura del negocio, por ejemplo:<\/span>\n<ul class=\"wp-block-list\">\n<li><span style=\"font-weight: 400;\">\u00bfDeber\u00eda la empresa ampliar su l\u00ednea de productos?<\/span><\/li>\n\n\n\n<li><span style=\"font-weight: 400;\">\u00bfLa nueva mercanc\u00eda generar\u00e1 ganancias?<\/span><\/li>\n<\/ul>\n<\/li>\n\n\n\n<li><span style=\"font-weight: 400;\">Facilita el proceso de toma de decisiones<\/span><\/li>\n\n\n\n<li><span style=\"font-weight: 400;\">Proporciona datos precisos (desacreditando as\u00ed mitos empresariales y juicios personales).<\/span><\/li>\n\n\n\n<li><span style=\"font-weight: 400;\">Reduce el riesgo.<\/span><\/li>\n\n\n\n<li><span style=\"font-weight: 400;\">Ayuda a reconocer la ventaja competitiva de la empresa.<\/span><\/li>\n<\/ul>\n\n\n\n<h2 class=\"wp-block-heading\"><span style=\"font-weight: 400;\">Investigaci\u00f3n de mercado cuantitativa<\/span><\/h2>\n\n\n\n<p><span style=\"font-weight: 400;\">This process generates numerical data, which <a href=\"https:\/\/www.sisinternational.com\/es\/soluciones\/consultoria-estrategica\/investigacion-de-evaluacion-de-mercado\/\" title=\"Investigaci\u00f3n de evaluaci\u00f3n de mercado\"  data-wpil-monitor-id=\"8021\">assesses the market&#8217;s<\/a> events and needs. <a href=\"https:\/\/www.sisinternational.com\/es\/la-mejor-empresa-de-analisis-de-la-industria-en-nueva-york\/\" title=\"La mejor empresa de an\u00e1lisis de la industria en Nueva York\"  data-wpil-monitor-id=\"8023\">Companies use it for statistical analysis<\/a> using different mathematical and computational methods. It quantifies attitudes, opinions, and behavior of a section of the user base. The researcher then extrapolates the data for the complete sample. We provide questionnaire development and surveys among DevOps professionals.<\/span><\/p>\n\n\n\n<h2 class=\"wp-block-heading\"><span style=\"font-weight: 400;\">Investigaci\u00f3n de Mercado Cualitativa<\/span><\/h2>\n\n\n\n<p><span style=\"font-weight: 400;\">This type of research explores a variety of options and collects opinions. <a href=\"https:\/\/www.sisinternational.com\/es\/cobertura\/europa\/investigacion-de-mercado-liverpool-reino-unido\/\" title=\"Investigaci\u00f3n de mercado en Liverpool | Grupos focales y recopilaci\u00f3n de datos del Reino Unido\"  data-wpil-monitor-id=\"8017\">Researchers collect qualitative data through group<\/a> discussions, interviews, and so on. The company uses insights gleaned to examine different business decisions. We often conduct research interviews with DevOps professionals.&nbsp; We connect you with DevOps professionals and engineers.<\/span><\/p>\n\n\n\n<p><\/p>","protected":false},"excerpt":{"rendered":"<p>Proporcionamos investigaci\u00f3n de mercado de DevOps para conectarlo con profesionales de tecnolog\u00eda de alto nivel.<\/p>","protected":false},"author":1,"featured_media":62736,"parent":14514,"menu_order":43,"comment_status":"closed","ping_status":"closed","template":"","meta":{"footnotes":""},"class_list":["post-31453","page","type-page","status-publish","has-post-thumbnail"],"_links":{"self":[{"href":"https:\/\/www.sisinternational.com\/es\/wp-json\/wp\/v2\/pages\/31453","targetHints":{"allow":["GET"]}}],"collection":[{"href":"https:\/\/www.sisinternational.com\/es\/wp-json\/wp\/v2\/pages"}],"about":[{"href":"https:\/\/www.sisinternational.com\/es\/wp-json\/wp\/v2\/types\/page"}],"author":[{"embeddable":true,"href":"https:\/\/www.sisinternational.com\/es\/wp-json\/wp\/v2\/users\/1"}],"replies":[{"embeddable":true,"href":"https:\/\/www.sisinternational.com\/es\/wp-json\/wp\/v2\/comments?post=31453"}],"version-history":[{"count":3,"href":"https:\/\/www.sisinternational.com\/es\/wp-json\/wp\/v2\/pages\/31453\/revisions"}],"predecessor-version":[{"id":81351,"href":"https:\/\/www.sisinternational.com\/es\/wp-json\/wp\/v2\/pages\/31453\/revisions\/81351"}],"up":[{"embeddable":true,"href":"https:\/\/www.sisinternational.com\/es\/wp-json\/wp\/v2\/pages\/14514"}],"wp:featuredmedia":[{"embeddable":true,"href":"https:\/\/www.sisinternational.com\/es\/wp-json\/wp\/v2\/media\/62736"}],"wp:attachment":[{"href":"https:\/\/www.sisinternational.com\/es\/wp-json\/wp\/v2\/media?parent=31453"}],"curies":[{"name":"wp","href":"https:\/\/api.w.org\/{rel}","templated":true}]}}