{"id":31437,"date":"2019-04-14T21:33:30","date_gmt":"2019-04-14T21:33:30","guid":{"rendered":"https:\/\/www.sisinternational.com\/?page_id=31437"},"modified":"2026-01-24T19:00:08","modified_gmt":"2026-01-25T00:00:08","slug":"investigacion-de-mercado-de-producto-minimo-viable","status":"publish","type":"page","link":"https:\/\/www.sisinternational.com\/es\/soluciones\/consultoria-estrategica\/investigacion-de-mercado-de-producto-minimo-viable\/","title":{"rendered":"Investigaci\u00f3n de mercado de producto m\u00ednimo viable"},"content":{"rendered":"<h1 class=\"wp-block-heading\"><span style=\"font-weight: 400;\">Investigaci\u00f3n de mercado de producto m\u00ednimo viable<\/span><\/h1>\n\n\n\n<figure class=\"gb-block-image gb-block-image-58638728\"><img loading=\"lazy\" decoding=\"async\" width=\"1456\" height=\"816\" class=\"gb-image gb-image-58638728\" src=\"https:\/\/www.sisinternational.com\/wp-content\/uploads\/2025\/08\/Qualitative-research-1.jpg\" alt=\"Investigaci\u00f3n y estrategia de mercado internacional de SIS\" title=\"Qualitative research (1)\" srcset=\"https:\/\/www.sisinternational.com\/wp-content\/uploads\/2025\/08\/Qualitative-research-1.jpg 1456w, https:\/\/www.sisinternational.com\/wp-content\/uploads\/2025\/08\/Qualitative-research-1-300x168.jpg 300w, https:\/\/www.sisinternational.com\/wp-content\/uploads\/2025\/08\/Qualitative-research-1-1024x574.jpg 1024w, https:\/\/www.sisinternational.com\/wp-content\/uploads\/2025\/08\/Qualitative-research-1-768x430.jpg 768w, https:\/\/www.sisinternational.com\/wp-content\/uploads\/2025\/08\/Qualitative-research-1-18x10.jpg 18w\" sizes=\"auto, (max-width: 1456px) 100vw, 1456px\"><\/figure>\n\n\n\n<p><\/p>\n\n\n\n<p><span style=\"font-weight: 400;\">El Producto M\u00ednimo Viable (MVP) es el enfoque principal para la creaci\u00f3n de empresas. Se trata del An\u00e1lisis Cualitativo de Mercado de productos utilizados por posibles clientes. En el sentido real, MVP tiene como objetivo evitar que las empresas creen productos que los clientes no necesitar\u00e1n. Es como el modelo de negocio \u201cLean\u201d, que se esfuerza por eliminar el desperdicio en productos y procesos. &quot;Lean&quot; lo hace mientras satisface los deseos de los clientes.<\/span><\/p>\n\n\n\n<h2 class=\"wp-block-heading\">\u00bfQu\u00e9 es un MVP?<\/h2>\n\n\n\n<p><span style=\"font-weight: 400;\">The term describes a version of a new product, which allows a team to collect the maximum amount of validated learning about customers with the least effort.&nbsp; MVPs are used in innovation approaches that encourage Rapid Experimentation in fast-paced industries. An MVP can be developed and tested with the assistance of Market Research.<\/span><\/p>\n\n\n\n<p><span style=\"font-weight: 400;\">Esta nueva versi\u00f3n ha sacado a la luz muchas definiciones propuestas. Tambi\u00e9n ha provocado que los expertos en investigaci\u00f3n de mercados dise\u00f1en nuevas metodolog\u00edas. Adem\u00e1s de comprender mejor los m\u00e9todos, la investigaci\u00f3n de mercado puede ayudar a que los MVP crezcan.<\/span><\/p>\n\n\n\n<h2 class=\"wp-block-heading\">C\u00f3mo desarrollar MVP<\/h2>\n\n\n\n<p><span style=\"font-weight: 400;\">Los siguientes sencillos pasos pueden ayudar a desarrollar un producto m\u00ednimo viable:<\/span><\/p>\n\n\n\n<ul class=\"wp-block-list\">\n<li><span style=\"font-weight: 400;\">Haga una investigaci\u00f3n de mercado exhaustiva.<\/span><\/li>\n\n\n\n<li><span style=\"font-weight: 400;\">H\u00e1gase preguntas importantes como &quot;\u00bfqu\u00e9 problema resuelve su producto?&quot; &quot;\u00bfCu\u00e1l es su mercado objetivo?&quot; &quot;\u00bfPor qu\u00e9 los consumidores querr\u00edan comprar su producto?&quot;<\/span><\/li>\n\n\n\n<li><span style=\"font-weight: 400;\">Dise\u00f1e un flujo de usuarios y UX: defina las etapas del proceso.<\/span><\/li>\n\n\n\n<li><span style=\"font-weight: 400;\">Enumere todas las funciones que desee.<\/span><\/li>\n\n\n\n<li><span style=\"font-weight: 400;\">Contin\u00fae con el desarrollo de su MVP<\/span><\/li>\n<\/ul>\n\n\n\n<p><span style=\"font-weight: 400;\">MVP y Lean se est\u00e1n volviendo populares en el acelerado entorno empresarial actual. Uno de los beneficios de las startups es que muestran a los emprendedores c\u00f3mo construir un negocio sostenible. Pueden comprobar cient\u00edficamente este aprendizaje realizando varios experimentos. MVP es un m\u00e9todo para medir el progreso en un contexto de incertidumbre.<\/span><\/p>\n\n\n\n<h2 class=\"wp-block-heading\">\u00bfC\u00f3mo puede la investigaci\u00f3n de mercado ayudarle a desarrollar MVP?<\/h2>\n\n\n\n<p><span style=\"font-weight: 400;\">Los empresarios primero deben probar sus ideas y conceptos mediante investigaciones y an\u00e1lisis de mercado.<\/span><\/p>\n\n\n\n<p><span style=\"font-weight: 400;\">Market Researchers look for data about people or competitive on markets and companies. They then analyze it to understand the needs of your potential customers better. They use methods such as market surveys to study the needs of your customers. <a href=\"https:\/\/www.sisinternational.com\/es\/etiquetado-de-productos-nutricionales-asia\/\" title=\"Etiquetado y productos nutricionales en Asia Investigaci\u00f3n de mercado\"  data-wpil-monitor-id=\"2489\">Market research ensures that your product<\/a> fulfills customers&#8217; needs.<\/span><\/p>\n\n\n\n<h2 class=\"wp-block-heading\">M\u00e9todos de investigaci\u00f3n cualitativa<\/h2>\n\n\n\n<p><span style=\"font-weight: 400;\">El m\u00e9todo cualitativo es una investigaci\u00f3n en profundidad sobre los clientes objetivo. No se trata s\u00f3lo de las necesidades de las personas o de lo que piensan; se trata m\u00e1s de &quot;por qu\u00e9 piensan&quot;. <\/span><\/p>\n\n\n\n<p><span style=\"font-weight: 400;\">Es esencial centrarse en el &quot;por qu\u00e9&quot; detr\u00e1s del comportamiento del cliente al realizar una investigaci\u00f3n de mercado. Es lo primero que debe hacer cuando est\u00e1 inspirado para lanzar un producto. Puede implementar entrevistas cara a cara y discusiones grupales con personas. Son las mejores formas de obtener comentarios en profundidad. Haga preguntas como:<\/span><\/p>\n\n\n\n<ul class=\"wp-block-list\">\n<li><span style=\"font-weight: 400;\">\u00bfEs f\u00e1cil de usar?<\/span><\/li>\n\n\n\n<li><span style=\"font-weight: 400;\">\u00bfEs atractivo el dise\u00f1o?<\/span><\/li>\n\n\n\n<li><span style=\"font-weight: 400;\">\u00bfQu\u00e9 opinas del embalaje?<\/span><\/li>\n\n\n\n<li><span style=\"font-weight: 400;\">\u00bfTiene el precio correcto?<\/span><\/li>\n<\/ul>\n\n\n\n<h2 class=\"wp-block-heading\">M\u00e9todos de investigaci\u00f3n cuantitativa<\/h2>\n\n\n\n<p><span style=\"font-weight: 400;\">El m\u00e9todo de investigaci\u00f3n cuantitativa utiliza encuestas y cuestionarios a los clientes. Es \u00fatil para obtener comentarios de clientes potenciales. Es importante que los investigadores tengan cuidado al seleccionar las preguntas de la encuesta. Los resultados deben proporcionar datos significativos. Haga preguntas como &quot;\u00bfcon qu\u00e9 frecuencia visita una tienda minorista&quot;? \u201c\u00bfQu\u00e9 productos compras\u201d? \u201c\u00bfPor qu\u00e9 los compras?\u201d \u201c\u00bfEn qu\u00e9 lugar compras?\u201d <\/span><\/p>\n\n\n\n<p><span style=\"font-weight: 400;\">La investigaci\u00f3n cuantitativa puede crear una imagen m\u00e1s clara de c\u00f3mo se comportan los consumidores. Los datos obtenidos tambi\u00e9n pueden servir como una gu\u00eda adecuada para tomar decisiones comerciales.<\/span><\/p>\n\n\n\n<h2 class=\"wp-block-heading\">Investigaci\u00f3n de la competencia<\/h2>\n\n\n\n<p><span style=\"font-weight: 400;\"><a class=\"wpil_keyword_link\" href=\"https:\/\/www.sisinternational.com\/es\/pericia\/industrias\/investigacion-de-la-competencia\/\"   title=\"Investigaci\u00f3n de la competencia\" data-wpil-keyword-link=\"linked\"  data-wpil-monitor-id=\"454\">Competitor research<\/a> analyzes the strengths and weaknesses of your existing and prospective competitors. Additionally, it provides strategies to identify potential opportunities and threats. <\/span><\/p>\n\n\n\n<p><span style=\"font-weight: 400;\">Despu\u00e9s, s\u00f3lo necesitas crear nuevas funciones y estrategias que funcionen. Aseg\u00farese de que sean \u00fatiles para atraer clientes m\u00e1s r\u00e1pido que sus competidores. \u00a1S\u00ed, eso es posible! Le recomendamos implementar el An\u00e1lisis FODA: Fortalezas, Debilidades, Oportunidades y An\u00e1lisis de Amenazas.<\/span><\/p>\n\n\n\n<h2 class=\"wp-block-heading\">Beneficios de un producto m\u00ednimo viable<\/h2>\n\n\n\n<p><span style=\"font-weight: 400;\">Hay varios otros beneficios de crear un MVP:<\/span><\/p>\n\n\n\n<ul class=\"wp-block-list\">\n<li><span style=\"font-weight: 400;\">Prueba el producto en condiciones reales de mercado.<\/span><\/li>\n\n\n\n<li><span style=\"font-weight: 400;\">Ayuda a las empresas a centrarse en las caracter\u00edsticas principales del producto.<\/span><\/li>\n\n\n\n<li><span style=\"font-weight: 400;\">Reduce el coste de producto y tiempo.<\/span><\/li>\n\n\n\n<li><span style=\"font-weight: 400;\">Acelera la curva de aprendizaje del equipo.<\/span><\/li>\n\n\n\n<li><span style=\"font-weight: 400;\">Crea un proceso \u00e1gil e iterativo.<\/span><\/li>\n\n\n\n<li><span style=\"font-weight: 400;\">Salva al negocio de un fracaso viable.<\/span><\/li>\n<\/ul>\n\n\n\n<h2 class=\"wp-block-heading\">Acerca de la investigaci\u00f3n de mercado de productos m\u00ednimos viables<\/h2>\n\n\n\n<p>SIS is a leading <a class=\"wpil_keyword_link\" href=\"https:\/\/www.sisinternational.com\/es\/cobertura\/\"   title=\"Cobertura de investigaci\u00f3n de mercado\" data-wpil-keyword-link=\"linked\"  data-wpil-monitor-id=\"455\">Investigaci\u00f3n de mercado global<\/a> and Strategy Consulting company.&nbsp; We provide research, data, analysis and strategy to enhance your product development process.&nbsp; Key tools we use:<\/p>\n\n\n\n<ul class=\"wp-block-list\">\n<li>Grupos focales y entrevistas con clientes<\/li>\n\n\n\n<li>Co-Creaci\u00f3n<\/li>\n\n\n\n<li>Encuestas<\/li>\n\n\n\n<li>Pruebas \u00e1giles de productos<\/li>\n\n\n\n<li>Sprints \u00e1giles<\/li>\n\n\n\n<li>Comunidades de conocimiento en l\u00ednea<\/li>\n<\/ul>\n\n\n\n<p><\/p>","protected":false},"excerpt":{"rendered":"<p>Proporcionamos investigaci\u00f3n y estrategia de mercado de productos m\u00ednimos viables.<\/p>","protected":false},"author":1,"featured_media":65095,"parent":14567,"menu_order":12,"comment_status":"closed","ping_status":"closed","template":"","meta":{"footnotes":""},"class_list":["post-31437","page","type-page","status-publish","has-post-thumbnail"],"_links":{"self":[{"href":"https:\/\/www.sisinternational.com\/es\/wp-json\/wp\/v2\/pages\/31437","targetHints":{"allow":["GET"]}}],"collection":[{"href":"https:\/\/www.sisinternational.com\/es\/wp-json\/wp\/v2\/pages"}],"about":[{"href":"https:\/\/www.sisinternational.com\/es\/wp-json\/wp\/v2\/types\/page"}],"author":[{"embeddable":true,"href":"https:\/\/www.sisinternational.com\/es\/wp-json\/wp\/v2\/users\/1"}],"replies":[{"embeddable":true,"href":"https:\/\/www.sisinternational.com\/es\/wp-json\/wp\/v2\/comments?post=31437"}],"version-history":[{"count":5,"href":"https:\/\/www.sisinternational.com\/es\/wp-json\/wp\/v2\/pages\/31437\/revisions"}],"predecessor-version":[{"id":76833,"href":"https:\/\/www.sisinternational.com\/es\/wp-json\/wp\/v2\/pages\/31437\/revisions\/76833"}],"up":[{"embeddable":true,"href":"https:\/\/www.sisinternational.com\/es\/wp-json\/wp\/v2\/pages\/14567"}],"wp:featuredmedia":[{"embeddable":true,"href":"https:\/\/www.sisinternational.com\/es\/wp-json\/wp\/v2\/media\/65095"}],"wp:attachment":[{"href":"https:\/\/www.sisinternational.com\/es\/wp-json\/wp\/v2\/media?parent=31437"}],"curies":[{"name":"wp","href":"https:\/\/api.w.org\/{rel}","templated":true}]}}