{"id":31367,"date":"2019-03-26T22:22:47","date_gmt":"2019-03-26T22:22:47","guid":{"rendered":"https:\/\/www.sisinternational.com\/?page_id=31367"},"modified":"2026-01-26T14:21:56","modified_gmt":"2026-01-26T19:21:56","slug":"investigacion-de-mercado-de-casinos-de-apuestas-deportivas-de-juegos-en-linea","status":"publish","type":"page","link":"https:\/\/www.sisinternational.com\/es\/pericia\/investigacion-de-mercado-de-casinos-de-apuestas-deportivas-de-juegos-en-linea\/","title":{"rendered":"Investigaci\u00f3n de mercado de juegos en l\u00ednea, apuestas deportivas y casinos"},"content":{"rendered":"<h1 class=\"wp-block-heading\">Investigaci\u00f3n de mercado de juegos en l\u00ednea, apuestas deportivas y casinos<\/h1>\n\n\n\n<figure class=\"gb-block-image gb-block-image-ada045c6\"><img loading=\"lazy\" decoding=\"async\" width=\"1456\" height=\"816\" class=\"gb-image gb-image-ada045c6\" src=\"https:\/\/www.sisinternational.com\/wp-content\/uploads\/2025\/08\/esports-gaming-e-sports9.jpg\" alt=\"Investigaci\u00f3n y estrategia de mercado internacional de SIS\" title=\"esports gaming e-sports(9)\" srcset=\"https:\/\/www.sisinternational.com\/wp-content\/uploads\/2025\/08\/esports-gaming-e-sports9.jpg 1456w, https:\/\/www.sisinternational.com\/wp-content\/uploads\/2025\/08\/esports-gaming-e-sports9-300x168.jpg 300w, https:\/\/www.sisinternational.com\/wp-content\/uploads\/2025\/08\/esports-gaming-e-sports9-1024x574.jpg 1024w, https:\/\/www.sisinternational.com\/wp-content\/uploads\/2025\/08\/esports-gaming-e-sports9-768x430.jpg 768w, https:\/\/www.sisinternational.com\/wp-content\/uploads\/2025\/08\/esports-gaming-e-sports9-18x10.jpg 18w\" sizes=\"auto, (max-width: 1456px) 100vw, 1456px\"><\/figure>\n\n\n\n<p><\/p>\n\n\n\n<p>Sports gambling is now legal in most US states. In May 2018 the Supreme Court ruled 6:3 to strike down the Professional and Amateur Sports Protection Act. This was a federal law that barred online gaming. It had made Nevada the only state where a person could bet on the results of a single game. By striking it down, the Court gave states the go-ahead to legalize <a href=\"https:\/\/www.sisinternational.com\/es\/pericia\/industrias\/estudio-de-mercado-de-apuestas-deportivas\/\" title=\"Investigaci\u00f3n de mercado de apuestas deportivas\"  data-wpil-monitor-id=\"3984\">betting on sports<\/a>.<\/p>\n\n\n\n<h2 class=\"wp-block-heading\">Oportunidades en pagos en l\u00ednea<\/h2>\n\n\n\n<p>La legalizaci\u00f3n significa que las apuestas deportivas, los casinos en l\u00ednea y los juegos de azar converger\u00e1n. El gobierno federal restringi\u00f3 los pagos cuando prohibi\u00f3 los juegos de azar en l\u00ednea en 2007. Esta prohibici\u00f3n provoc\u00f3 que muchas operaciones en l\u00ednea fracasaran.<\/p>\n\n\n\n<p>Los analistas plantean la hip\u00f3tesis de que se producir\u00e1n muchos cambios con el tiempo y, eventualmente, las diferentes plataformas operar\u00e1n dentro de los mismos controles regulatorios y marco legal. Existen oportunidades para plataformas de juegos en l\u00ednea, as\u00ed como para procesadores de pagos. Ha llegado el momento de aprovechar este mercado floreciente.<\/p>\n\n\n\n<h2 class=\"wp-block-heading\">\u00bfPor qu\u00e9 es importante la investigaci\u00f3n de mercado?<\/h2>\n\n\n\n<p>It would be best if you never underrated the benefits of a good market research exercise. Online gaming and sports betting are now moving to the mainstream. If you don\u2019t do research, it\u2019s sure to affect the bottom line. Research helps with the testing and promoting of new gaming products. A proper analysis also assists marketers in finding out consumer response to their product offerings. <a href=\"https:\/\/www.sisinternational.com\/es\/pericia\/industrias\/investigacion-de-mercado-de-aplicaciones-de-citas-online\/\" title=\"Investigaci\u00f3n de mercado de aplicaciones de citas online\"  data-wpil-monitor-id=\"5946\">Market research can help online<\/a> platforms to identify opportunities in the marketplace.<\/p>\n\n\n\n<h2 class=\"wp-block-heading\">Investigaci\u00f3n de Mercado Cualitativa<\/h2>\n\n\n\n<p>La investigaci\u00f3n de mercado cualitativa observa el comportamiento del consumidor. El investigador puede probar temas y cuestiones en profundidad a medida que obtiene nueva informaci\u00f3n. En SIS Research utilizamos varias herramientas para recopilar datos cualitativos:<\/p>\n\n\n\n<ul class=\"wp-block-list\">\n<li><strong>Grupos de enfoque: <\/strong>Esta t\u00e9cnica de investigaci\u00f3n involucra a un peque\u00f1o grupo de personas. Este tipo de grupo comparte un conjunto est\u00e1ndar de caracter\u00edsticas. Un moderador los gu\u00eda en una discusi\u00f3n sobre temas predeterminados.<\/li>\n\n\n\n<li><strong>Entrevistas con clientes: <\/strong>Este m\u00e9todo es \u00fatil para proveedores que desean informaci\u00f3n detallada. Les da una idea de los pensamientos y comportamientos de sus clientes. Cada encuestado proporcionar\u00e1 al entrevistador puntos \u00fanicos. Otras personas no podr\u00e1n influir en sus respuestas, como suele ocurrir en los Focus Groups.<\/li>\n\n\n\n<li><strong>Etnograf\u00eda: <\/strong>Este tipo de investigaci\u00f3n es \u00fatil al inicio de un proyecto. Esto se debe a que puede respaldar futuras decisiones de dise\u00f1o. Las nuevas plataformas en l\u00ednea pueden utilizarlo para identificar y analizar problemas inesperados. Es importante conocer la etnograf\u00eda de su p\u00fablico objetivo cuando se instala en Internet.<\/li>\n<\/ul>\n\n\n\n<h2 class=\"wp-block-heading\">Investigaci\u00f3n de mercado cuantitativa<\/h2>\n\n\n\n<figure class=\"gb-block-image gb-block-image-2a513069\"><img loading=\"lazy\" decoding=\"async\" width=\"1456\" height=\"816\" class=\"gb-image gb-image-2a513069\" src=\"https:\/\/www.sisinternational.com\/wp-content\/uploads\/2025\/08\/Gaming-gamer-16.jpg\" alt=\"Investigaci\u00f3n y estrategia de mercado internacional de SIS\" title=\"Gaming gamer (16)\" srcset=\"https:\/\/www.sisinternational.com\/wp-content\/uploads\/2025\/08\/Gaming-gamer-16.jpg 1456w, https:\/\/www.sisinternational.com\/wp-content\/uploads\/2025\/08\/Gaming-gamer-16-300x168.jpg 300w, https:\/\/www.sisinternational.com\/wp-content\/uploads\/2025\/08\/Gaming-gamer-16-1024x574.jpg 1024w, https:\/\/www.sisinternational.com\/wp-content\/uploads\/2025\/08\/Gaming-gamer-16-768x430.jpg 768w, https:\/\/www.sisinternational.com\/wp-content\/uploads\/2025\/08\/Gaming-gamer-16-18x10.jpg 18w\" sizes=\"auto, (max-width: 1456px) 100vw, 1456px\"><\/figure>\n\n\n\n<p><\/p>\n\n\n\n<p>Utilizamos encuestas, sondeos y cuestionarios para nuestros esfuerzos de investigaci\u00f3n de mercado cuantitativa. Luego analizamos las respuestas, lo que le mostrar\u00e1 c\u00f3mo puede mejorar su plataforma. Esto, a su vez, aumentar\u00e1 los niveles de satisfacci\u00f3n de sus clientes. La investigaci\u00f3n cuantitativa le ayuda a centrarse en el cliente.<\/p>\n\n\n\n<p>Una de nuestras preguntas innovadoras es: &quot;En una escala del 1 al 10, \u00bfqu\u00e9 probabilidades hay de que nos recomiende a un amigo o colega?&quot; Las plataformas de juegos pueden utilizar esta pregunta para determinar cu\u00e1nto m\u00e1s (o menos) tienen para gastar. Esta \u00fanica pregunta les ayuda a establecer un presupuesto para promociones y publicidad pagadas. Tambi\u00e9n les indica qu\u00e9 tan bien est\u00e1n funcionando sus esfuerzos de boca en boca. Pueden utilizarlo para determinar qu\u00e9 \u00e1reas de la calidad de su servicio necesitan mejoras.<\/p>\n\n\n\n<h2 class=\"wp-block-heading\">Investigaci\u00f3n estrat\u00e9gica<\/h2>\n\n\n\n<p>Ofrecemos investigaci\u00f3n estrat\u00e9gica, que puede ayudar a su plataforma a identificar y explorar oportunidades. Si es necesario, puede dar prioridad a estas oportunidades. Los juegos en l\u00ednea y las apuestas deportivas son nuevos en la mayor\u00eda de los estados. Muchos emprendedores ingresaron a este espacio porque hicieron Investigaci\u00f3n Estrat\u00e9gica. Permite a las empresas evaluar imparcialmente si su operaci\u00f3n es probable que sea rentable.<\/p>\n\n\n\n<p>La Investigaci\u00f3n de Mercado es una herramienta invaluable que puede parecer lenta y costosa, pero es una inversi\u00f3n. Cuando vaya directamente al p\u00fablico objetivo, conocer\u00e1 los sentimientos reales de su audiencia. Recuerde, estas personas est\u00e1n menos apegadas a su servicio de juegos que usted. \u00bfQu\u00e9 elegir\u00edas: permanecer desinformado s\u00f3lo con tus suposiciones? \u00bfO prefiere obtener informaci\u00f3n de una muestra representativa de sus clientes?<\/p>\n\n\n\n<h2 class=\"wp-block-heading\"><a href=\"https:\/\/www.sisinternational.com\/es\/about-sis\/contact-sis-international-market-research\/\">Contact us for your next&nbsp;Online Gaming, Sports Betting and Casino Market Research project.<\/a><\/h2>","protected":false},"excerpt":{"rendered":"<p>Descubra nuevas oportunidades a trav\u00e9s de soluciones de estrategia e investigaci\u00f3n empresarial en la industria de las apuestas deportivas en l\u00ednea.<\/p>","protected":false},"author":1,"featured_media":64496,"parent":14514,"menu_order":42,"comment_status":"closed","ping_status":"closed","template":"","meta":{"footnotes":""},"class_list":["post-31367","page","type-page","status-publish","has-post-thumbnail"],"_links":{"self":[{"href":"https:\/\/www.sisinternational.com\/es\/wp-json\/wp\/v2\/pages\/31367","targetHints":{"allow":["GET"]}}],"collection":[{"href":"https:\/\/www.sisinternational.com\/es\/wp-json\/wp\/v2\/pages"}],"about":[{"href":"https:\/\/www.sisinternational.com\/es\/wp-json\/wp\/v2\/types\/page"}],"author":[{"embeddable":true,"href":"https:\/\/www.sisinternational.com\/es\/wp-json\/wp\/v2\/users\/1"}],"replies":[{"embeddable":true,"href":"https:\/\/www.sisinternational.com\/es\/wp-json\/wp\/v2\/comments?post=31367"}],"version-history":[{"count":4,"href":"https:\/\/www.sisinternational.com\/es\/wp-json\/wp\/v2\/pages\/31367\/revisions"}],"predecessor-version":[{"id":79618,"href":"https:\/\/www.sisinternational.com\/es\/wp-json\/wp\/v2\/pages\/31367\/revisions\/79618"}],"up":[{"embeddable":true,"href":"https:\/\/www.sisinternational.com\/es\/wp-json\/wp\/v2\/pages\/14514"}],"wp:featuredmedia":[{"embeddable":true,"href":"https:\/\/www.sisinternational.com\/es\/wp-json\/wp\/v2\/media\/64496"}],"wp:attachment":[{"href":"https:\/\/www.sisinternational.com\/es\/wp-json\/wp\/v2\/media?parent=31367"}],"curies":[{"name":"wp","href":"https:\/\/api.w.org\/{rel}","templated":true}]}}