{"id":31358,"date":"2019-03-26T05:05:20","date_gmt":"2019-03-26T05:05:20","guid":{"rendered":"https:\/\/www.sisinternational.com\/?page_id=31358"},"modified":"2025-09-13T23:03:21","modified_gmt":"2025-09-14T03:03:21","slug":"investigacion-de-mercado-de-broadway","status":"publish","type":"page","link":"https:\/\/www.sisinternational.com\/es\/pericia\/investigacion-de-mercado-de-broadway\/","title":{"rendered":"Investigaci\u00f3n de mercado de Broadway"},"content":{"rendered":"<h1 class=\"wp-block-heading\">Investigaci\u00f3n de mercado de Broadway<\/h1>\n\n\n\n<figure class=\"gb-block-image gb-block-image-f9014b10\"><img loading=\"lazy\" decoding=\"async\" width=\"1456\" height=\"816\" class=\"gb-image gb-image-f9014b10\" src=\"https:\/\/www.sisinternational.com\/wp-content\/uploads\/2025\/08\/Broadway-3.jpg\" alt=\"Investigaci\u00f3n y estrategia de mercado internacional de SIS\" title=\"Broadway (3)\" srcset=\"https:\/\/www.sisinternational.com\/wp-content\/uploads\/2025\/08\/Broadway-3.jpg 1456w, https:\/\/www.sisinternational.com\/wp-content\/uploads\/2025\/08\/Broadway-3-300x168.jpg 300w, https:\/\/www.sisinternational.com\/wp-content\/uploads\/2025\/08\/Broadway-3-1024x574.jpg 1024w, https:\/\/www.sisinternational.com\/wp-content\/uploads\/2025\/08\/Broadway-3-768x430.jpg 768w, https:\/\/www.sisinternational.com\/wp-content\/uploads\/2025\/08\/Broadway-3-18x10.jpg 18w\" sizes=\"auto, (max-width: 1456px) 100vw, 1456px\"><\/figure>\n\n\n\n<p><\/p>\n\n\n\n<h2 class=\"wp-block-heading\">Soluciones de investigaci\u00f3n para mejores rendimientos<\/h2>\n\n\n\n<p><span style=\"font-weight: 400;\">La investigaci\u00f3n de mercado permite a las organizaciones tomar decisiones mejores y m\u00e1s informadas. Como proveedores de entretenimiento de alto nivel, los teatros de Broadway tambi\u00e9n pueden beneficiarse de la investigaci\u00f3n de mercado. Un an\u00e1lisis detallado del mercado prepara a los cines para hacer frente a su entorno cambiante. Puede ayudar en su planificaci\u00f3n estrat\u00e9gica. Tambi\u00e9n les ayudar\u00e1 a fortalecer su posici\u00f3n en la industria.<\/span><\/p>\n\n\n\n<p><span style=\"font-weight: 400;\">Market research helps theaters to gain a better understanding of their target audience or market. Knowledge is power, and it helps them to strengthen their position. Use our analysis to ensure that your theater stays ahead of the competition. <a href=\"https:\/\/www.sisinternational.com\/es\/soluciones\/investigacion-de-consultoria-estrategica-fintech\/investigacion-de-mercados-de-inversion-y-fondos-de-cobertura\/\" title=\"Investigaci\u00f3n de mercados de inversiones y fondos de cobertura\"  data-wpil-monitor-id=\"8007\">Market research also keeps investment<\/a> risk low. An investment in <a href=\"https:\/\/www.sisinternational.com\/es\/publicaciones\/investigacion-de-mercado-de-pruebas-educativas\/\" title=\"Investigaci\u00f3n de mercado de pruebas educativas\"  data-wpil-monitor-id=\"8016\">testing the market<\/a> for your concept makes perfect business sense.<\/span><\/p>\n\n\n\n<h2 class=\"wp-block-heading\"><span style=\"font-weight: 400;\">Investigaci\u00f3n cualitativa para teatros de Broadway<\/span><\/h2>\n\n\n\n<p><span style=\"font-weight: 400;\">El deseo de todos los especialistas en marketing es saber qu\u00e9 piensa un cliente y qu\u00e9 lo impulsa a comprar. La investigaci\u00f3n cualitativa proporciona informaci\u00f3n sobre los motivos de las compras de tus mecenas. Fomentamos las revisiones externas y nuestros datos provienen directamente de la fuente: sus mecenas.<\/span><\/p>\n\n\n\n<p><span style=\"font-weight: 400;\">Recopilamos datos cualitativos con el uso de cuestionarios y encuestas en l\u00ednea. Estos datos nos dan respuestas definitivas sobre por qu\u00e9, por ejemplo, un cliente elige un espect\u00e1culo sobre otro. Es posible que descubras que los clientes est\u00e1n comprando entradas para la producci\u00f3n de tu competidor porque es m\u00e1s f\u00e1cil conseguirlas online. Esta es una se\u00f1al de que necesitas mejorar tu juego en l\u00ednea para que las entradas para tu espect\u00e1culo sean m\u00e1s accesibles. Si no hubiera realizado una investigaci\u00f3n cualitativa, no habr\u00eda sabido qu\u00e9 estaba causando la ca\u00edda en las ventas. Tampoco habr\u00edas sabido c\u00f3mo corregirlo.<\/span><\/p>\n\n\n\n<h2 class=\"wp-block-heading\"><span style=\"font-weight: 400;\">Investigaci\u00f3n cuantitativa para teatros de Broadway<\/span><\/h2>\n\n\n\n<p><span style=\"font-weight: 400;\"><a href=\"https:\/\/www.sisinternational.com\/es\/top-5-benefits-of-conducting-quantitative-market-research\/\" title=\"Top 5 Benefits of Conducting Quantitative Market Research\"  data-wpil-monitor-id=\"7997\">Investigaci\u00f3n de mercado cuantitativa<\/a> is not as targeted as qualitative. Quantitative deals with sets of data that several random conditions can affect. This type of analysis is number based and involves more respondents. The large samples help moderators measure the effect of your production on audiences. It also helps them determine your market size and assists in establishing consumer profiles. It also enables you to provide suitable recommendations for the customer base.<\/span><\/p>\n\n\n\n<p><span style=\"font-weight: 400;\"><a href=\"https:\/\/www.sisinternational.com\/es\/soluciones\/soluciones-de-investigacion-cualitativa-cuantitativa\/quantitative-research-benefits\/\" title=\"Quantitative Research Benefits\"  data-wpil-monitor-id=\"8010\">Quantitative research has many benefits<\/a>. Respondents are more disposed to partake in these studies. Why? Because they\u2019re very straightforward and do not take up much time. This type of research offers enough insight into promoting your show. Most quantitative techniques cost little to conduct. With a large number of samples, the quantitative analysis is more effective.<\/span><\/p>\n\n\n\n<h2 class=\"wp-block-heading\"><span style=\"font-weight: 400;\">Investigaci\u00f3n estrat\u00e9gica<\/span><\/h2>\n\n\n\n<p><span style=\"font-weight: 400;\">La investigaci\u00f3n estrat\u00e9gica confirma los valores y el prop\u00f3sito de su organizaci\u00f3n. Este tipo de estudio proporciona una visi\u00f3n de futuro y establece objetivos. Define formas de aprovechar las fortalezas, disminuir las debilidades y aclarar oportunidades y amenazas. Establece l\u00edmites claros y un marco para que su teatro pueda tomar mejores decisiones.<\/span><\/p>\n\n\n\n<p><span style=\"font-weight: 400;\">La investigaci\u00f3n estrat\u00e9gica ayuda a los tomadores de decisiones a tomar decisiones m\u00e1s inteligentes. Permite a los tomadores de decisiones ver los beneficios relacionados. El an\u00e1lisis estrat\u00e9gico tambi\u00e9n obliga a la organizaci\u00f3n teatral a establecer objetivos. La organizaci\u00f3n primero tiene que determinar qu\u00e9 es cr\u00edtico para su \u00e9xito. Esta determinaci\u00f3n le ayuda a establecer metas y hacer un plan para lograrlas.<\/span><\/p>\n\n\n\n<p><span style=\"font-weight: 400;\">There are advantages and disadvantages to market research as a whole. Many of the problems occur because of poor consultants. <a href=\"https:\/\/www.sisinternational.com\/es\/la-investigacion-internacional-de-sis-celebra-su-30-aniversario\/\" title=\"La investigaci\u00f3n internacional de SIS celebra su 30.\u00ba aniversario\"  data-wpil-monitor-id=\"8015\">SIS Research<\/a> is an industry leader with several years\u2019 experience in the field. Our consultants are top-notch. We <a href=\"https:\/\/www.sisinternational.com\/es\/how-to-conduct-effective-quantitative-market-research\/\" title=\"How to Conduct Effective Quantitative Market Research\"  data-wpil-monitor-id=\"8001\">conduct market research<\/a> and testing of new Broadway shows. Market research can be beneficial to almost all Broadway theaters. Contact SIS Research today and let us take your productions to the next level.<\/span><\/p>\n\n\n\n<h2 class=\"wp-block-heading\">Acerca de la investigaci\u00f3n de mercado de Broadway<\/h2>\n\n\n\n<p><a href=\"https:\/\/www.sisinternational.com\/es\/soluciones\/soluciones-de-branding-e-investigacion-de-clientes\/investigacion-de-mercado-de-pruebas-de-productos\/prueba-de-sabor-de-alimentos-de-sis-international\/\" title=\"\u00bfQu\u00e9 hace que SIS International Research sea la principal empresa de investigaci\u00f3n de mercados para pruebas de sabor de alimentos en la ciudad de Nueva York?\"  data-wpil-monitor-id=\"8013\">SIS is headquartered in New York City<\/a> in close proximity to Broadway.&nbsp; Our company leadership is passionate about Broadway and are patrons of the arts.&nbsp; Through our databases and relationships, we bring unparalleled access to speak with actors, producers, directors, influencers, entertainment marketers, consumers and patrons.&nbsp; We <a href=\"https:\/\/www.sisinternational.com\/es\/soluciones\/investigacion-de-mercado-de-grupo-focal\/como-realizar-un-grupo-focal\/\" title=\"C\u00f3mo realizar un grupo focal\"  data-wpil-monitor-id=\"8004\">conduct Focus Groups<\/a>, Street Intercepts, Consumer Interviews, Surveys and Strategic Market Assessments.<\/p>\n\n\n\n<p><\/p>","protected":false},"excerpt":{"rendered":"<p>SIS es una empresa l\u00edder en investigaci\u00f3n de mercados globales con sede en la ciudad de Nueva York. Descubra c\u00f3mo mejorar el rendimiento con Broadway Market Research.<\/p>","protected":false},"author":1,"featured_media":64753,"parent":14514,"menu_order":41,"comment_status":"closed","ping_status":"closed","template":"","meta":{"footnotes":""},"class_list":["post-31358","page","type-page","status-publish","has-post-thumbnail"],"_links":{"self":[{"href":"https:\/\/www.sisinternational.com\/es\/wp-json\/wp\/v2\/pages\/31358","targetHints":{"allow":["GET"]}}],"collection":[{"href":"https:\/\/www.sisinternational.com\/es\/wp-json\/wp\/v2\/pages"}],"about":[{"href":"https:\/\/www.sisinternational.com\/es\/wp-json\/wp\/v2\/types\/page"}],"author":[{"embeddable":true,"href":"https:\/\/www.sisinternational.com\/es\/wp-json\/wp\/v2\/users\/1"}],"replies":[{"embeddable":true,"href":"https:\/\/www.sisinternational.com\/es\/wp-json\/wp\/v2\/comments?post=31358"}],"version-history":[{"count":3,"href":"https:\/\/www.sisinternational.com\/es\/wp-json\/wp\/v2\/pages\/31358\/revisions"}],"predecessor-version":[{"id":81349,"href":"https:\/\/www.sisinternational.com\/es\/wp-json\/wp\/v2\/pages\/31358\/revisions\/81349"}],"up":[{"embeddable":true,"href":"https:\/\/www.sisinternational.com\/es\/wp-json\/wp\/v2\/pages\/14514"}],"wp:featuredmedia":[{"embeddable":true,"href":"https:\/\/www.sisinternational.com\/es\/wp-json\/wp\/v2\/media\/64753"}],"wp:attachment":[{"href":"https:\/\/www.sisinternational.com\/es\/wp-json\/wp\/v2\/media?parent=31358"}],"curies":[{"name":"wp","href":"https:\/\/api.w.org\/{rel}","templated":true}]}}