{"id":31308,"date":"2019-03-23T23:55:17","date_gmt":"2019-03-23T23:55:17","guid":{"rendered":"https:\/\/www.sisinternational.com\/?page_id=31308"},"modified":"2026-01-25T19:27:52","modified_gmt":"2026-01-26T00:27:52","slug":"investigacion-de-mercado-de-banca-minorista","status":"publish","type":"page","link":"https:\/\/www.sisinternational.com\/es\/soluciones\/investigacion-de-consultoria-estrategica-fintech\/investigacion-de-mercado-de-banca-minorista\/","title":{"rendered":"Investigaci\u00f3n de mercado de banca minorista"},"content":{"rendered":"<h1 class=\"gb-headline gb-headline-1ec0a759 gb-headline-text\">Investigaci\u00f3n de mercado de banca minorista<\/h1>\n\n\n\n<figure class=\"gb-block-image gb-block-image-7a1522d2\"><img loading=\"lazy\" decoding=\"async\" width=\"1456\" height=\"816\" class=\"gb-image gb-image-7a1522d2\" src=\"https:\/\/www.sisinternational.com\/wp-content\/uploads\/2025\/08\/Bank-6-1.jpg\" alt=\"Investigaci\u00f3n y estrategia de mercado internacional de SIS\" title=\"Bank (6)\" srcset=\"https:\/\/www.sisinternational.com\/wp-content\/uploads\/2025\/08\/Bank-6-1.jpg 1456w, https:\/\/www.sisinternational.com\/wp-content\/uploads\/2025\/08\/Bank-6-1-300x168.jpg 300w, https:\/\/www.sisinternational.com\/wp-content\/uploads\/2025\/08\/Bank-6-1-1024x574.jpg 1024w, https:\/\/www.sisinternational.com\/wp-content\/uploads\/2025\/08\/Bank-6-1-768x430.jpg 768w, https:\/\/www.sisinternational.com\/wp-content\/uploads\/2025\/08\/Bank-6-1-18x10.jpg 18w\" sizes=\"auto, (max-width: 1456px) 100vw, 1456px\"><\/figure>\n\n\n\n<hr class=\"wp-block-separator has-alpha-channel-opacity is-style-dots\"\/>\n\n\n\n<p><span style=\"font-weight: 400;\">Retail banking has mass-market appeal. It is also known as consumer banking. Under this model, the local branches of large commercial banks set up special units to meet the needs of their clients. <a href=\"https:\/\/www.sisinternational.com\/es\/mystery-shopping-for-retail\/\" title=\"Mystery Shopping for Retail\"  data-wpil-monitor-id=\"1228\">Retail banking<\/a> units are designed to be the one-stop shop for as many financial services as possible.<\/span><\/p>\n\n\n\n<h2 class=\"wp-block-heading\"><strong>\u00bfQu\u00e9 es la investigaci\u00f3n de mercado de banca minorista?<\/strong><\/h2>\n\n\n\n<p><span style=\"font-weight: 400;\">Venta al por menor <a href=\"https:\/\/sisaisolutions.com\/application-of-ai-in-banking\/\" target=\"_blank\" rel=\"noopener\">banking market research<\/a> analyzes consumer behaviors, market trends, and the competitive landscape, aiming to furnish stakeholders with profound insights of the retail market. It delves deep into customer satisfaction metrics, service delivery efficiency, and the burgeoning suite of financial products, ensuring that banks are proactive in their market strategies<\/span><\/p>\n\n\n\n<h2 class=\"wp-block-heading\"><strong>Por qu\u00e9 las empresas necesitan una investigaci\u00f3n de mercado de la banca minorista<\/strong><\/h2>\n\n\n\n<p><span style=\"font-weight: 400;\"><a href=\"https:\/\/www.sisinternational.com\/es\/investigacion-de-mercado-minorista-inteligente\/\" title=\"Investigaci\u00f3n de mercado minorista inteligente\" data-wpil-monitor-id=\"2540\">Retail banking market research<\/a> is instrumental in risk management. This <a href=\"https:\/\/www.sisinternational.com\/es\/cobertura\/las-americas\/investigacion-de-mercado-canada\/investigacion-de-mercado-nuevo-brunswick-canada\/\" title=\"Investigaci\u00f3n de mercado en Nuevo Brunswick, Canad\u00e1\" data-wpil-monitor-id=\"4018\">research offers insights into market<\/a> trends, potential threats, and opportunities, allowing banks to position themselves in a way that balances risk and return effectively.<\/span><\/p>\n\n\n\n<p><span style=\"font-weight: 400;\">It is also key in product development and innovation. <a href=\"https:\/\/www.sisinternational.com\/es\/mercado-minorista-asiatico\/\" title=\"Investigaci\u00f3n del mercado minorista asi\u00e1tico\" data-wpil-monitor-id=\"2664\">Retail banking market research<\/a> provides a clear understanding of customer needs and preferences, driving the development of products and services that exceed customer expectations. It&#8217;s about aligning innovation with market demand, ensuring that every new offering is a strategic step towards greater market share and customer loyalty.<\/span><\/p>\n\n\n\n<p><span style=\"font-weight: 400;\">Furthermore, retail <a href=\"https:\/\/www.sisinternational.com\/es\/actualizacion-de-tendencias-de-banca-y-finanzas-islamicas\/\" title=\"Investigaci\u00f3n de mercado de la banca isl\u00e1mica\" data-wpil-monitor-id=\"2857\">banking market research<\/a> provides a granular view of customer satisfaction, loyalty drivers, and switching behaviors, enabling banks to craft targeted strategies that bolster customer retention and attract new clients.<\/span><\/p>\n\n\n\n<h2 class=\"wp-block-heading\"><strong>Funciones de la Banca Minorista<\/strong><\/h2>\n\n\n\n<figure class=\"gb-block-image gb-block-image-b6ce74af\"><img loading=\"lazy\" decoding=\"async\" width=\"1456\" height=\"816\" class=\"gb-image gb-image-b6ce74af\" src=\"https:\/\/www.sisinternational.com\/wp-content\/uploads\/2025\/08\/Bank-9-1.jpg\" alt=\"Investigaci\u00f3n y estrategia de mercado internacional de SIS\" title=\"Bank (9)\" srcset=\"https:\/\/www.sisinternational.com\/wp-content\/uploads\/2025\/08\/Bank-9-1.jpg 1456w, https:\/\/www.sisinternational.com\/wp-content\/uploads\/2025\/08\/Bank-9-1-300x168.jpg 300w, https:\/\/www.sisinternational.com\/wp-content\/uploads\/2025\/08\/Bank-9-1-1024x574.jpg 1024w, https:\/\/www.sisinternational.com\/wp-content\/uploads\/2025\/08\/Bank-9-1-768x430.jpg 768w, https:\/\/www.sisinternational.com\/wp-content\/uploads\/2025\/08\/Bank-9-1-18x10.jpg 18w\" sizes=\"auto, (max-width: 1456px) 100vw, 1456px\"><\/figure>\n\n\n\n<p><\/p>\n\n\n\n<p><span style=\"font-weight: 400;\">Las tres funciones principales de la banca minorista son:<\/span><\/p>\n\n\n\n<ol class=\"wp-block-list\">\n<li><b>Para prestar dinero: <\/b><span style=\"font-weight: 400;\">Unidades de banca minorista ofrecen hipotecas y otros tipos de pr\u00e9stamos a sus clientes<\/span><\/li>\n\n\n\n<li><b>Para aceptar dep\u00f3sitos:<\/b><span style=\"font-weight: 400;\"> Una unidad de banca minorista es un lugar seguro para quienes desean depositar sus ahorros<\/span><\/li>\n\n\n\n<li><b>Para administrar fondos:<\/b><span style=\"font-weight: 400;\"> La banca minorista ofrece a sus clientes diferentes tipos de cuentas y tarjetas. Estos instrumentos les permiten controlar su gasto.<\/span><\/li>\n<\/ol>\n\n\n\n<h2 class=\"wp-block-heading\"><strong>Caracter\u00edsticas de la banca minorista<\/strong><\/h2>\n\n\n\n<p><span style=\"font-weight: 400;\">La banca minorista se dedica a productos de servicios financieros. Estos productos incluyen cuentas corrientes y de ahorro, instrumentos del mercado monetario y pr\u00e9stamos hipotecarios y comerciales. Este tipo de banca se centra en las necesidades de los consumidores. Los titulares de cuentas individuales reciben m\u00e1s atenci\u00f3n que los clientes comerciales. La banca minorista tambi\u00e9n utiliza el interior y el exterior de las sucursales para promocionar y realizar ventas cruzadas de servicios.<\/span><\/p>\n\n\n\n<h2 class=\"wp-block-heading\"><strong>Objetivos de la Banca Minorista<\/strong><\/h2>\n\n\n\n<p><span style=\"font-weight: 400;\"><a href=\"https:\/\/www.sisinternational.com\/es\/el-comercio-minorista-tradicional-y-la-revolucion-movil\/\" title=\"Investigaci\u00f3n de mercado minorista m\u00f3vil\" data-wpil-monitor-id=\"2665\">Retail banking adapts services to meet consumer<\/a> needs. For example, most banks are parties to the Zelle cash app. This app enables consumers to transfer funds to their peers in a few clicks. It is a quick, convenient way to make payments, and is very popular among retail banking customers. <\/span><\/p>\n\n\n\n<p><span style=\"font-weight: 400;\">La banca minorista tambi\u00e9n intenta satisfacer todas las necesidades bancarias de los clientes. Los bancos intentan retener a los clientes ofreci\u00e9ndoles los mismos productos y servicios que sus competidores.<\/span><\/p>\n\n\n\n<h2 class=\"wp-block-heading\"><strong>Ventajas de la banca minorista<\/strong><\/h2>\n\n\n\n<p><span style=\"font-weight: 400;\">La principal ventaja de la banca minorista es que aumenta el negocio del banco. Tambi\u00e9n ayuda a mejorar el reconocimiento de la marca. Otra ventaja es que los consumidores minoristas no amenazan la solvencia del banco. Los pr\u00e9stamos minoristas rara vez suponen una carga para los balances de los bancos. La tercera ventaja es que los clientes minoristas tienden a tener m\u00e1s lealtad a la marca. Una vez que el banco brinde un excelente servicio al cliente y sus fondos est\u00e9n seguros, no cambiar\u00e1n. En cambio, seguir\u00e1n siendo clientes leales durante a\u00f1os.<\/span><\/p>\n\n\n\n<h2 class=\"wp-block-heading\"><strong>\u00bfQui\u00e9n utiliza la investigaci\u00f3n de mercado de la banca minorista?<\/strong><\/h2>\n\n\n\n<p><span style=\"font-weight: 400;\"><a href=\"https:\/\/www.sisinternational.com\/es\/soluciones\/soluciones-de-branding-e-investigacion-de-clientes\/investigacion-de-mercado-minorista\/\" title=\"Investigaci\u00f3n de mercado minorista | Investigaci\u00f3n de mercado en la tienda\" data-wpil-monitor-id=\"6727\">Retail banking market research<\/a> is a crucial tool that serves a diverse array of stakeholders within the financial ecosystem. Its comprehensive insights and strategic implications extend far beyond a bank\u2019s executive boardroom.<\/span><\/p>\n\n\n\n<p><b>Instituciones financieras<\/b><span style=\"font-weight: 400;\"> son los principales beneficiarios de la investigaci\u00f3n de mercado de la banca minorista. Para estas entidades, los conocimientos obtenidos de la investigaci\u00f3n son activos estrat\u00e9gicos que fundamentan decisiones cr\u00edticas. Desde los ejecutivos de alto nivel que formulan estrategias corporativas hasta los gerentes de producto que dise\u00f1an el pr\u00f3ximo gran producto financiero, esta investigaci\u00f3n proporciona una base de conocimiento que gu\u00eda las acciones y da forma al futuro de los servicios bancarios.<\/span><\/p>\n\n\n\n<p><b>Oficiales de gesti\u00f3n de riesgos y cumplimiento<\/b><span style=\"font-weight: 400;\"> also find great value in <a href=\"https:\/\/www.sisinternational.com\/es\/pericia\/industrias\/director-de-informacion-cio-investigacion-de-mercado\/\" title=\"Director de Informaci\u00f3n (CIO) Investigaci\u00f3n de Mercado\" data-wpil-monitor-id=\"5673\">investigaci\u00f3n de mercado de banca minorista<\/a>. The financial sector is fraught with risks ranging from credit defaults to regulatory non-compliance. This <a href=\"https:\/\/www.sisinternational.com\/es\/soluciones\/innovacion\/investigacion-de-mercado-genetica\/\" title=\"Investigaci\u00f3n de mercado de gen\u00e9tica\" data-wpil-monitor-id=\"5028\">investigaci\u00f3n<\/a> offers a panoramic view of the market landscape, helping these professionals anticipate and mitigate risks before they materialize into significant threats.<\/span><\/p>\n\n\n\n<p><span style=\"font-weight: 400;\">Adem\u00e1s, <\/span><b>departamentos de atenci\u00f3n al cliente<\/b><span style=\"font-weight: 400;\"> Utilizar conocimientos de la investigaci\u00f3n de mercado de la banca minorista para mejorar la experiencia del cliente. Al comprender las necesidades, los puntos d\u00e9biles y los factores de satisfacci\u00f3n de los clientes, estos departamentos pueden perfeccionar la prestaci\u00f3n de sus servicios, garantizando que cada interacci\u00f3n con el cliente sea eficiente y placentera.<\/span><\/p>\n\n\n\n<p><span style=\"font-weight: 400;\">Por \u00faltimo, <\/span><b>empresas fintech y startups<\/b><span style=\"font-weight: 400;\"> aprovechar esta investigaci\u00f3n para hacerse un hueco en el sector de servicios financieros. Al comprender las brechas y oportunidades en el mercado, estos innovadores pueden desarrollar soluciones que aborden las necesidades no satisfechas de los clientes, revolucionando y haciendo avanzar la industria.<\/span><\/p>\n\n\n\n<h2 class=\"wp-block-heading\"><strong>\u00bfC\u00f3mo se realiza la investigaci\u00f3n de mercado de banca minorista?<\/strong><\/h2>\n\n\n\n<p><b>M\u00e9todos de investigaci\u00f3n cuantitativa.<\/b><span style=\"font-weight: 400;\"> are a cornerstone of <a href=\"https:\/\/www.sisinternational.com\/es\/cobertura\/investigacion-de-mercado-asia\/investigacion-de-mercado-samoa\/\" title=\"Investigaci\u00f3n de mercado en Samoa\" data-wpil-monitor-id=\"4045\">retail banking<\/a> market research. Surveys and questionnaires are extensively used to collect a vast amount of data directly from customers. This data is statistically analyzed to understand customer preferences, behaviors, and trends on a broad scale.<\/span><\/p>\n\n\n\n<p><b>Por otra parte, los m\u00e9todos de investigaci\u00f3n cualitativos<\/b><span style=\"font-weight: 400;\"> a\u00f1adir profundidad a los conocimientos recopilados. T\u00e9cnicas como grupos focales y entrevistas en profundidad ofrecen una comprensi\u00f3n matizada de las actitudes, motivaciones y sentimientos de los clientes. Estos conocimientos son particularmente valiosos para comprender el &quot;por qu\u00e9&quot; detr\u00e1s de los comportamientos de los clientes, proporcionando un contexto rico a los datos cuantitativos.<\/span><\/p>\n\n\n\n<p><b>Segmentaci\u00f3n de mercado<\/b><span style=\"font-weight: 400;\"> es otro aspecto cr\u00edtico de la investigaci\u00f3n de mercado de la banca minorista. Este enfoque implica dividir el mercado m\u00e1s amplio en segmentos m\u00e1s peque\u00f1os seg\u00fan ciertos criterios, como factores demogr\u00e1ficos, geogr\u00e1ficos, psicogr\u00e1ficos y de comportamiento. Permite a los bancos adaptar sus productos, servicios y esfuerzos de marketing para satisfacer las necesidades espec\u00edficas de cada segmento, asegurando una mayor relevancia y compromiso.<\/span><\/p>\n\n\n\n<p><b>An\u00e1lisis de la competencia<\/b><span style=\"font-weight: 400;\"> tambi\u00e9n es parte integral de esta investigaci\u00f3n. Implica evaluar las estrategias, productos, servicios, fortalezas y debilidades de los competidores. Este an\u00e1lisis proporciona a los bancos una visi\u00f3n comparativa del mercado, ayud\u00e1ndoles a identificar oportunidades de diferenciaci\u00f3n y ventajas estrat\u00e9gicas.<\/span><\/p>\n\n\n\n<h2 class=\"wp-block-heading\"><strong>Expected Results from Retail Banking Market Research.<\/strong><\/h2>\n\n\n\n<p><b> \u2022 Comprehensive&nbsp; Market Understanding: <\/b><span style=\"font-weight: 400;\">La investigaci\u00f3n de mercado de banca minorista ofrece una visi\u00f3n panor\u00e1mica del panorama del mercado. Esto abarca el tama\u00f1o del mercado, las tendencias de crecimiento y los factores clave, lo que ofrece una imagen completa del escenario actual del mercado y sus posibles direcciones futuras.<\/span><\/p>\n\n\n\n<p><b> \u2022 An\u00e1lisis competitivo en profundidad:<\/b><span style=\"font-weight: 400;\"> La investigaci\u00f3n de mercado de la banca minorista analiza meticulosamente el entorno competitivo. Destaca las estrategias, las ofertas de productos y el posicionamiento en el mercado de los actores clave, ofreciendo informaci\u00f3n sobre sus fortalezas y debilidades. Esta inteligencia competitiva es fundamental para que los bancos se hagan un hueco y se mantengan a la vanguardia.<\/span><\/p>\n\n\n\n<p><b> \u2022 Optimizaci\u00f3n de productos y servicios:<\/b><span style=\"font-weight: 400;\"> Las empresas pueden esperar que esta investigaci\u00f3n arroje luz sobre la eficacia y la recepci\u00f3n de diversos productos y servicios bancarios. Identifica brechas en las ofertas actuales y se\u00f1ala oportunidades de innovaci\u00f3n, guiando a los bancos a perfeccionar su cartera de productos para satisfacer mejor las necesidades de los clientes.<\/span><\/p>\n\n\n\n<p><b> \u2022 Cumplimiento e Impacto Normativo:<\/b><span style=\"font-weight: 400;\"> Dado que el sector bancario es una de las industrias m\u00e1s reguladas, esta investigaci\u00f3n ofrece informaci\u00f3n sobre los cambios regulatorios y su impacto potencial en el mercado. Comprender estas din\u00e1micas regulatorias es crucial para que los bancos garanticen el cumplimiento y adapten sus estrategias en consecuencia.<\/span><\/p>\n\n\n\n<h2 class=\"wp-block-heading\"><strong>Tendencias actuales en la investigaci\u00f3n de mercado de banca minorista<\/strong><\/h2>\n\n\n\n<figure class=\"gb-block-image gb-block-image-cd7ec263\"><img loading=\"lazy\" decoding=\"async\" width=\"1456\" height=\"816\" class=\"gb-image gb-image-cd7ec263\" src=\"https:\/\/www.sisinternational.com\/wp-content\/uploads\/2025\/09\/Quantitative-research-12.jpg\" alt=\"Investigaci\u00f3n y estrategia de mercado internacional de SIS\" title=\"Quantitative research (12)\" srcset=\"https:\/\/www.sisinternational.com\/wp-content\/uploads\/2025\/09\/Quantitative-research-12.jpg 1456w, https:\/\/www.sisinternational.com\/wp-content\/uploads\/2025\/09\/Quantitative-research-12-300x168.jpg 300w, https:\/\/www.sisinternational.com\/wp-content\/uploads\/2025\/09\/Quantitative-research-12-1024x574.jpg 1024w, https:\/\/www.sisinternational.com\/wp-content\/uploads\/2025\/09\/Quantitative-research-12-768x430.jpg 768w, https:\/\/www.sisinternational.com\/wp-content\/uploads\/2025\/09\/Quantitative-research-12-18x10.jpg 18w\" sizes=\"auto, (max-width: 1456px) 100vw, 1456px\"><\/figure>\n\n\n\n<p><\/p>\n\n\n\n<p><span style=\"font-weight: 400;\">La investigaci\u00f3n de mercado de la banca minorista est\u00e1 en continua evoluci\u00f3n. Por lo tanto, comprender estas tendencias es fundamental para que los bancos y las instituciones financieras sigan siendo competitivos y relevantes.&nbsp;<\/span><\/p>\n\n\n\n<p><b> \u2022 Transformaci\u00f3n Digital:<\/b><span style=\"font-weight: 400;\"> Hay un enfoque cada vez mayor en comprender la adopci\u00f3n de la banca digital, la experiencia del usuario en plataformas digitales y la integraci\u00f3n de tecnolog\u00edas como la inteligencia artificial y la cadena de bloques. La investigaci\u00f3n est\u00e1 profundizando en c\u00f3mo estas tecnolog\u00edas pueden optimizar las operaciones, mejorar la experiencia del cliente y abrir nuevas fuentes de ingresos.<\/span><\/p>\n\n\n\n<p><b> \u2022 Experiencia del cliente y personalizaci\u00f3n: <\/b><span style=\"font-weight: 400;\">Los bancos reconocen cada vez m\u00e1s la importancia de la experiencia del cliente como diferenciador clave. La investigaci\u00f3n de mercado de la banca minorista se centra en comprender los recorridos de los clientes, los puntos d\u00e9biles y las expectativas de los servicios bancarios.<\/span><\/p>\n\n\n\n<p><b> \u2022 Sostenibilidad y Responsabilidad Social:<\/b><span style=\"font-weight: 400;\"> Existe una tendencia creciente a comprender el impacto de los servicios bancarios en la sociedad y el medio ambiente. La investigaci\u00f3n de mercado est\u00e1 explorando las actitudes de los clientes hacia las pr\u00e1cticas bancarias sostenibles y c\u00f3mo los bancos pueden alinear sus operaciones con objetivos sociales y ambientales m\u00e1s amplios.<\/span><\/p>\n\n\n\n<p><b> \u2022 Fintech y Disrupci\u00f3n: <\/b><span style=\"font-weight: 400;\">El auge de las empresas fintech ha trastocado el modelo bancario tradicional. La investigaci\u00f3n de mercado de la banca minorista est\u00e1 observando atentamente esta tendencia, analizando el panorama competitivo y evaluando las amenazas y oportunidades que plantean estos nuevos participantes.<\/span><\/p>\n\n\n\n<h2 class=\"wp-block-heading\">Preguntas comunes<\/h2>\n\n\n\n<h3 class=\"wp-block-heading\"><span style=\"font-weight: 400;\">\u00bfCu\u00e1les son los tipos de banca minorista?<\/span><\/h3>\n\n\n\n<p><span style=\"font-weight: 400;\">Hay dos tipos principales de banca minorista. El primero se puede encontrar dentro <\/span><b>bancos comerciales<\/b><span style=\"font-weight: 400;\">. Estos bancos se benefician de los diferenciales de tasas de inter\u00e9s y las tarifas de transacci\u00f3n. El diferencial es la diferencia entre lo que el banco cobra por los pr\u00e9stamos y lo que paga por los dep\u00f3sitos. El otro tipo de banca minorista es <\/span><b>las cooperativas de cr\u00e9dito<\/b><span style=\"font-weight: 400;\">. Este tipo de instituci\u00f3n ofrece los mismos servicios que los bancos comerciales pero en menor escala.<\/span><\/p>\n\n\n\n<h3 class=\"wp-block-heading\"><span style=\"font-weight: 400;\">\u00bfCu\u00e1l es la diferencia entre banca minorista y banca comercial?<\/span><\/h3>\n\n\n\n<p><span style=\"font-weight: 400;\">La gente suele utilizar los t\u00e9rminos banca &quot;minorista&quot; y &quot;comercial&quot; indistintamente. La banca minorista se refiere a una divisi\u00f3n dentro de un banco comercial que maneja clientes individuales. Pero los bancos comerciales no atienden s\u00f3lo a individuos. Tambi\u00e9n brindan servicios a una amplia gama de empresas de distintos tama\u00f1os. <\/span><\/p>\n\n\n\n<h3 class=\"wp-block-heading\"><span style=\"font-weight: 400;\">\u00bfCu\u00e1l es la diferencia entre banca minorista y banca de inversi\u00f3n?<\/span><\/h3>\n\n\n\n<p><span style=\"font-weight: 400;\">Un banco de inversi\u00f3n gana dinero vendiendo valores a empresas y al gobierno. Estos bancos tambi\u00e9n ofrecen servicios de asesoramiento a grandes empresas. Las corporaciones consultan con ellos sobre adquisiciones y fusiones. Morgan Stanley es uno de los bancos de inversi\u00f3n m\u00e1s grandes de Estados Unidos. Otro banco de inversi\u00f3n importante es Goldman Sachs. La banca minorista, por el contrario, ofrece servicios financieros m\u00e1s mundanos a los particulares. <\/span><\/p>\n\n\n\n<h3 class=\"wp-block-heading\"><span style=\"font-weight: 400;\">\u00bfPor qu\u00e9 es importante la investigaci\u00f3n de mercado de banca minorista?<\/span><\/h3>\n\n\n\n<p><span style=\"font-weight: 400;\">Existe una necesidad real de realizar estudios de mercado en el sector de la banca minorista. La investigaci\u00f3n de mercado ayuda a los bancos a detectar oportunidades comerciales. Por ejemplo, pueden asociarse con otros bancos. Tambi\u00e9n pueden crear nuevos productos o mejorar los que ya tienen. Si necesitan expandirse, la investigaci\u00f3n de mercado les ayuda a encontrar nuevas ubicaciones. Les permite reducir los riesgos comerciales. Tambi\u00e9n les permite crear materiales promocionales para vender sus productos y servicios.<\/span><\/p>\n\n\n\n<h2 class=\"wp-block-heading\">Nuestra ubicaci\u00f3n de instalaciones en Nueva York<\/h2>\n\n\n\n<p>\n\n\n\n<iframe loading=\"lazy\" src=\"https:\/\/www.google.com\/maps\/embed?pb=!1m18!1m12!1m3!1d3022.976188376966!2d-73.99130312499956!3d40.740549471389315!2m3!1f0!2f0!3f0!3m2!1i1024!2i768!4f13.1!3m3!1m2!1s0x89c259a15798c731%3A0xd695d09bdd495f25!2s11%20E%2022nd%20St%20FL%202%2C%20New%20York%2C%20NY%2010010%2C%20USA!5e0!3m2!1sen!2spe!4v1726171763526!5m2!1sen!2spe\" width=\"600\" height=\"450\" allowfullscreen=\"allowfullscreen\" data-mce-fragment=\"1\"><\/iframe>\n\n\n\n<\/p>\n\n\n\n<h3 class=\"wp-block-heading\">11 E 22nd Street, piso 2, Nueva York, NY 10010 T: +1(212) 505-6805<\/h3>\n\n\n\n<hr class=\"wp-block-separator has-alpha-channel-opacity\"\/>\n\n\n\n<h2 class=\"wp-block-heading\"><span style=\"font-weight: 400;\">Acerca de SIS Internacional<\/span><\/h2>\n\n\n\n<p><a href=\"https:\/\/www.sisinternational.com\/es\/\"><span style=\"font-weight: 400;\">SIS Internacional<\/span><\/a><span style=\"font-weight: 400;\"> ofrece investigaci\u00f3n cuantitativa, cualitativa y estrat\u00e9gica. Proporcionamos datos, herramientas, estrategias, informes y conocimientos para la toma de decisiones. Tambi\u00e9n realizamos entrevistas, encuestas, grupos focales y otros m\u00e9todos y enfoques de investigaci\u00f3n de mercado.<\/span><a href=\"https:\/\/www.sisinternational.com\/es\/sobre-la-investigacion-internacional-de-sis\/contact-sis-international-market-research\/\"><span style=\"font-weight: 400;\"> P\u00f3ngase en contacto con nosotros<\/span><\/a><span style=\"font-weight: 400;\"> para su pr\u00f3ximo proyecto de Investigaci\u00f3n de Mercado.<\/span><\/p>\n\n\n\n<p><\/p>\n\n\n\n<p><\/p>","protected":false},"excerpt":{"rendered":"<p>Descubra nuevos conocimientos de la investigaci\u00f3n de mercado de banca minorista.<\/p>","protected":false},"author":1,"featured_media":63033,"parent":27462,"menu_order":18,"comment_status":"closed","ping_status":"closed","template":"","meta":{"footnotes":""},"class_list":["post-31308","page","type-page","status-publish","has-post-thumbnail"],"_links":{"self":[{"href":"https:\/\/www.sisinternational.com\/es\/wp-json\/wp\/v2\/pages\/31308","targetHints":{"allow":["GET"]}}],"collection":[{"href":"https:\/\/www.sisinternational.com\/es\/wp-json\/wp\/v2\/pages"}],"about":[{"href":"https:\/\/www.sisinternational.com\/es\/wp-json\/wp\/v2\/types\/page"}],"author":[{"embeddable":true,"href":"https:\/\/www.sisinternational.com\/es\/wp-json\/wp\/v2\/users\/1"}],"replies":[{"embeddable":true,"href":"https:\/\/www.sisinternational.com\/es\/wp-json\/wp\/v2\/comments?post=31308"}],"version-history":[{"count":16,"href":"https:\/\/www.sisinternational.com\/es\/wp-json\/wp\/v2\/pages\/31308\/revisions"}],"predecessor-version":[{"id":80308,"href":"https:\/\/www.sisinternational.com\/es\/wp-json\/wp\/v2\/pages\/31308\/revisions\/80308"}],"up":[{"embeddable":true,"href":"https:\/\/www.sisinternational.com\/es\/wp-json\/wp\/v2\/pages\/27462"}],"wp:featuredmedia":[{"embeddable":true,"href":"https:\/\/www.sisinternational.com\/es\/wp-json\/wp\/v2\/media\/63033"}],"wp:attachment":[{"href":"https:\/\/www.sisinternational.com\/es\/wp-json\/wp\/v2\/media?parent=31308"}],"curies":[{"name":"wp","href":"https:\/\/api.w.org\/{rel}","templated":true}]}}