{"id":31157,"date":"2019-03-05T00:34:34","date_gmt":"2019-03-05T00:34:34","guid":{"rendered":"https:\/\/www.sisinternational.com\/?page_id=31157"},"modified":"2026-03-05T23:49:17","modified_gmt":"2026-03-06T04:49:17","slug":"investigacion-de-mercado-de-tecnologia-de-viajes","status":"publish","type":"page","link":"https:\/\/www.sisinternational.com\/es\/pericia\/viajes-turismo\/investigacion-de-mercado-de-tecnologia-de-viajes\/","title":{"rendered":"Investigaci\u00f3n de mercado de tecnolog\u00eda de viajes"},"content":{"rendered":"<h1 class=\"wp-block-heading\">Investigaci\u00f3n de mercado de tecnolog\u00eda de viajes<\/h1>\n\n\n\n<figure class=\"gb-block-image gb-block-image-1d02943a\"><img loading=\"lazy\" decoding=\"async\" width=\"1456\" height=\"816\" class=\"gb-image gb-image-1d02943a\" src=\"https:\/\/www.sisinternational.com\/wp-content\/uploads\/2025\/08\/Travel-5.jpg\" alt=\"Investigaci\u00f3n y estrategia de mercado internacional de SIS\" title=\"Travel (5)\" srcset=\"https:\/\/www.sisinternational.com\/wp-content\/uploads\/2025\/08\/Travel-5.jpg 1456w, https:\/\/www.sisinternational.com\/wp-content\/uploads\/2025\/08\/Travel-5-300x168.jpg 300w, https:\/\/www.sisinternational.com\/wp-content\/uploads\/2025\/08\/Travel-5-1024x574.jpg 1024w, https:\/\/www.sisinternational.com\/wp-content\/uploads\/2025\/08\/Travel-5-768x430.jpg 768w, https:\/\/www.sisinternational.com\/wp-content\/uploads\/2025\/08\/Travel-5-18x10.jpg 18w\" sizes=\"auto, (max-width: 1456px) 100vw, 1456px\"><\/figure>\n\n\n\n<p><\/p>\n\n\n\n<h2 class=\"wp-block-heading\">La tecnolog\u00eda de viajes es el uso de TI en la industria de viajes, turismo y hoteler\u00eda.<\/h2>\n\n\n\n<p>It also includes virtual tourism in the form of virtual tour technologies. Many travel technology companies have grown up to create better experiences for travelers. Examples include Expedia, Orbitz, and TripAdvisor. Software providers are also developing <a href=\"https:\/\/www.sisinternational.com\/es\/soluciones\/consultoria-de-hosteleria-y-turismo-en-viajes\/consultoria-de-tecnologia-hotelera-inteligente\/\" title=\"Consultor\u00eda de tecnolog\u00eda hotelera inteligente\"  data-wpil-monitor-id=\"9397\">technology to book flights and hotels<\/a> online.<\/p>\n\n\n\n<h2 class=\"wp-block-heading\">Papel de la tecnolog\u00eda de viajes<\/h2>\n\n\n\n<p>Los nuevos avances en tecnolog\u00eda de viajes prometen una experiencia a\u00fan m\u00e1s emocionante e interactiva. Estos avances de alta tecnolog\u00eda han transformado la forma en que viajamos. Hoy en d\u00eda nadie dudar\u00e1 de la importancia de la tecnolog\u00eda en el turismo. Ha impactado y contin\u00faa moldeando la forma en que nos movemos. Usamos la tecnolog\u00eda para seleccionar un destino de vacaciones y planificar qu\u00e9 hacer una vez que estemos all\u00ed. Incluso lo usamos para decidir qu\u00e9 hacer despu\u00e9s de regresar de nuestras vacaciones.<\/p>\n\n\n\n<h2 class=\"wp-block-heading\">Tendencias en tecnolog\u00eda de viajes<\/h2>\n\n\n\n<p>Technology plays a dynamic role for <a href=\"https:\/\/www.sisinternational.com\/es\/soluciones\/consultoria-de-hosteleria-y-turismo-en-viajes\/investigacion-de-mercado-de-viajes-de-negocios\/\" title=\"Investigaci\u00f3n de mercado de viajes de negocios\"  data-wpil-monitor-id=\"9398\">businesses in the travel<\/a> sector. Their customers also find it very useful. It increases the efficiency of business operations and improves the customer experience. Here are some of the most important tech trends in today\u2019s tourism industry:<\/p>\n\n\n\n<ol class=\"wp-block-list\">\n<li>Internet of Things (IoT): Hotel rooms are using IoT. Upon check-in, the <a href=\"https:\/\/www.sisinternational.com\/es\/pericia\/industrias\/estudio-de-mercado-de-experiencia-del-cliente-hotelero\/\" title=\"Investigaci\u00f3n de mercado de experiencia del cliente hotelero\"  data-wpil-monitor-id=\"9399\">hotels give customers<\/a> a connected device. The customer can use it for anything, from the air conditioners and heaters to the lights. The customer can control everything from one place.<\/li>\n\n\n\n<li>Biometr\u00eda: Algunos hoteles han implementado tecnolog\u00eda biom\u00e9trica. Esta tecnolog\u00eda permite el acceso a las habitaciones mediante huellas dactilares y facilita los pagos semi sin contacto. Tambi\u00e9n permite a los hoteles utilizar otros marcadores biom\u00e9tricos como el reconocimiento facial y el escaneo de retina.<\/li>\n\n\n\n<li>Rob\u00f3tica: Los robots son \u00fatiles en lugares como aeropuertos. Ayudan a detectar armas ocultas. Las agencias de viajes tambi\u00e9n los utilizan para la selecci\u00f3n previa. Las cadenas hoteleras est\u00e1n desplegando robots en diversos puntos de informaci\u00f3n.<\/li>\n<\/ol>\n\n\n\n<h2 class=\"wp-block-heading\">Gadgets de tecnolog\u00eda para viajes<\/h2>\n\n\n\n<p>Los dispositivos tecnol\u00f3gicos para viajes han transformado para siempre la forma en que experimentamos el mundo. Son salvavidas para los viajeros de hoy. Estos dispositivos incluyen:<\/p>\n\n\n\n<ol class=\"wp-block-list\">\n<li>Lavadora de bolsillo: esta bolsa de lavado liviana de tama\u00f1o de bolsillo viene con una tabla de lavar flexible. Basta con 2-4 litros de agua y un poco de detergente l\u00edquido y limpia la ropa en menos de tres minutos.<\/li>\n\n\n\n<li>Hotspot Wi-Fi port\u00e1til y Power Bank: este dispositivo de conectividad ofrece servicio 4G LTE ilimitado. Puede utilizarlo en m\u00e1s de 130 pa\u00edses de todo el mundo. Los t\u00e9cnicos lo consideran uno de los mejores puntos de acceso Wi-Fi m\u00f3viles del mercado.<\/li>\n\n\n\n<li>Travel Drone: este dispositivo compacto y plegable permite a los viajeros capturar la belleza de su entorno. Funciona hasta 4,1 millas de distancia.<\/li>\n<\/ol>\n\n\n\n<h2 class=\"wp-block-heading\">Tecnolog\u00eda de viajes en Europa<\/h2>\n\n\n\n<p>Travel technology is now so essential that it has an international trade show. This show is for all <a href=\"https:\/\/www.sisinternational.com\/es\/soluciones\/consultoria-de-hosteleria-y-turismo-en-viajes\/\" title=\"Consultor\u00eda de viajes, turismo y hosteler\u00eda\"  data-wpil-monitor-id=\"9395\">travel and tourism<\/a> agencies worldwide. This forum, Travel Technology Europe, is a medium that displays many of the industry&#8217;s essential goods. Travel, hospitality, tourism, holidays, and payment systems are on display. Attendees can also look at e-commerce, information technologies, booking, and reservation systems. Also, of course, travel technology forms part of the revelation.<\/p>\n\n\n\n<h2 class=\"wp-block-heading\">Noticias de tecnolog\u00eda de viajes<\/h2>\n\n\n\n<p>El Consejo Mundial de Viajes y Turismo (WTTC) ha iniciado una nueva empresa que tiene como objetivo fomentar viajes globales m\u00e1s seguros mediante un mayor uso de la tecnolog\u00eda biom\u00e9trica. La Asociaci\u00f3n Internacional de Tecnolog\u00edas y Gesti\u00f3n de Fronteras se est\u00e1 asociando con el WTTC para mejorar el programa Seamless Travel Journeys de este \u00faltimo. Este programa utilizar\u00e1 datos biom\u00e9tricos. Los viajeros no necesitar\u00e1n proporcionar el mismo pasaporte o informaci\u00f3n varias veces.<\/p>\n\n\n\n<h2 class=\"wp-block-heading\">Centraci\u00f3n en el cliente en la tecnolog\u00eda de viajes<\/h2>\n\n\n\n<p>Optimizing apps, websites and travel services for customers is a major priority.&nbsp; Showing up on Search Engines and enhancing ease of use are ways to boost revenues and profitability.&nbsp; UX Research and <a href=\"https:\/\/www.sisinternational.com\/es\/qualitative-research-to-enhance-customer-experience\/\" title=\"Qualitative Research to Enhance Customer Experience\"  data-wpil-monitor-id=\"9392\">Cualitativo<\/a> Research provides insights for boosting satisfaction and creating customer value.<\/p>\n\n\n\n<h2 class=\"wp-block-heading\">\u00bfPor qu\u00e9 es importante la tecnolog\u00eda para viajes?<\/h2>\n\n\n\n<p>La industria de viajes ha migrado a Internet. Por tanto, es vital crear portales que satisfagan las demandas de los clientes. Las agencias de viajes est\u00e1n perdiendo terreno a medida que los viajeros dependen cada vez m\u00e1s de sus tel\u00e9fonos inteligentes para reservar vuelos y hoteles. Tambi\u00e9n utilizan tel\u00e9fonos inteligentes para recomendar restaurantes y dar direcciones. En la industria de viajes, la interacci\u00f3n con el consumidor es cada vez m\u00e1s cr\u00edtica. Los avances tecnol\u00f3gicos est\u00e1n permitiendo a los actores de la industria conocer un poco mejor a sus clientes.<\/p>\n\n\n\n<h2 class=\"wp-block-heading\">Acerca de la investigaci\u00f3n de mercado de tecnolog\u00eda de viajes<\/h2>\n\n\n\n<p>SIS conducts Qualitative, <a href=\"https:\/\/www.sisinternational.com\/es\/cobertura\/europa\/quantitative-research-in-london\/\" title=\"Quantitative Research in London\"  data-wpil-monitor-id=\"9396\">Quantitative and Strategy Research<\/a>.&nbsp; Qualitative Research is exploratory research examining the &#8220;why&#8221; and motivations behind purchasing behavior.&nbsp; Qualitative Methods include Focus Groups, Ethnography, Customer <a href=\"https:\/\/www.sisinternational.com\/es\/entrevistas-cara-a-cara-y-en-linea-pros-y-contras\/\" title=\"Entrevistas cara a cara y en l\u00ednea: ventajas y desventajas\"  data-wpil-monitor-id=\"7451\">Interviews and Digital Online<\/a> Communities.&nbsp; <a href=\"https:\/\/www.sisinternational.com\/es\/how-to-design-effective-surveys-for-quantitative-research\/\" title=\"How to Design Effective Surveys for Quantitative Research\"  data-wpil-monitor-id=\"9393\">Quantitative Research in the form of surveys<\/a> provides measurement data to understand the extent to which customers agree or disagree with advertisements and stimuli.&nbsp; Strategy Research uncovers areas of opportunity and competitive threats to your <a href=\"https:\/\/www.sisinternational.com\/es\/soluciones\/consultoria-estrategica\/investigacion-de-mercado-de-lanzamiento-de-nuevos-productos\/\" title=\"Investigaci\u00f3n de lanzamiento de nuevos productos\"  data-wpil-monitor-id=\"9394\">product launches<\/a>.<\/p>\n\n\n\n<p><\/p>","protected":false},"excerpt":{"rendered":"<p>SIS es una empresa l\u00edder en investigaci\u00f3n de mercados globales. Descubra c\u00f3mo la investigaci\u00f3n de mercado de tecnolog\u00eda de viajes puede aumentar sus ingresos y rendimiento.<\/p>","protected":false},"author":1,"featured_media":62583,"parent":14221,"menu_order":0,"comment_status":"closed","ping_status":"closed","template":"","meta":{"_uag_custom_page_level_css":"","footnotes":""},"class_list":["post-31157","page","type-page","status-publish","has-post-thumbnail"],"uagb_featured_image_src":{"full":["https:\/\/www.sisinternational.com\/wp-content\/uploads\/2025\/08\/Travel-5.jpg",1456,816,false],"thumbnail":["https:\/\/www.sisinternational.com\/wp-content\/uploads\/2025\/08\/Travel-5-150x150.jpg",150,150,true],"medium":["https:\/\/www.sisinternational.com\/wp-content\/uploads\/2025\/08\/Travel-5-300x168.jpg",300,168,true],"medium_large":["https:\/\/www.sisinternational.com\/wp-content\/uploads\/2025\/08\/Travel-5-768x430.jpg",768,430,true],"large":["https:\/\/www.sisinternational.com\/wp-content\/uploads\/2025\/08\/Travel-5-1024x574.jpg",1024,574,true],"1536x1536":["https:\/\/www.sisinternational.com\/wp-content\/uploads\/2025\/08\/Travel-5.jpg",1456,816,false],"2048x2048":["https:\/\/www.sisinternational.com\/wp-content\/uploads\/2025\/08\/Travel-5.jpg",1456,816,false],"trp-custom-language-flag":["https:\/\/www.sisinternational.com\/wp-content\/uploads\/2025\/08\/Travel-5-18x10.jpg",18,10,true]},"uagb_author_info":{"display_name":"Ruth Stanat","author_link":"https:\/\/www.sisinternational.com\/es\/author\/expert\/"},"uagb_comment_info":0,"uagb_excerpt":"SIS is a leading Global Market Research company. Discover how Travel Technology Market Research can boost your revenue and performance.","_links":{"self":[{"href":"https:\/\/www.sisinternational.com\/es\/wp-json\/wp\/v2\/pages\/31157","targetHints":{"allow":["GET"]}}],"collection":[{"href":"https:\/\/www.sisinternational.com\/es\/wp-json\/wp\/v2\/pages"}],"about":[{"href":"https:\/\/www.sisinternational.com\/es\/wp-json\/wp\/v2\/types\/page"}],"author":[{"embeddable":true,"href":"https:\/\/www.sisinternational.com\/es\/wp-json\/wp\/v2\/users\/1"}],"replies":[{"embeddable":true,"href":"https:\/\/www.sisinternational.com\/es\/wp-json\/wp\/v2\/comments?post=31157"}],"version-history":[{"count":6,"href":"https:\/\/www.sisinternational.com\/es\/wp-json\/wp\/v2\/pages\/31157\/revisions"}],"predecessor-version":[{"id":81570,"href":"https:\/\/www.sisinternational.com\/es\/wp-json\/wp\/v2\/pages\/31157\/revisions\/81570"}],"up":[{"embeddable":true,"href":"https:\/\/www.sisinternational.com\/es\/wp-json\/wp\/v2\/pages\/14221"}],"wp:featuredmedia":[{"embeddable":true,"href":"https:\/\/www.sisinternational.com\/es\/wp-json\/wp\/v2\/media\/62583"}],"wp:attachment":[{"href":"https:\/\/www.sisinternational.com\/es\/wp-json\/wp\/v2\/media?parent=31157"}],"curies":[{"name":"wp","href":"https:\/\/api.w.org\/{rel}","templated":true}]}}