{"id":31129,"date":"2019-03-04T01:34:46","date_gmt":"2019-03-04T01:34:46","guid":{"rendered":"https:\/\/www.sisinternational.com\/?page_id=31129"},"modified":"2025-09-14T00:07:26","modified_gmt":"2025-09-14T04:07:26","slug":"investigacion-de-prueba-de-concepto","status":"publish","type":"page","link":"https:\/\/www.sisinternational.com\/es\/soluciones\/consultoria-estrategica\/investigacion-de-prueba-de-concepto\/","title":{"rendered":"Investigaci\u00f3n de prueba de concepto"},"content":{"rendered":"<h1 class=\"wp-block-heading p1\"><span class=\"s1\">Investigaci\u00f3n de prueba de concepto<\/span><\/h1>\n\n\n\n<figure class=\"gb-block-image gb-block-image-cb8225bd\"><img loading=\"lazy\" decoding=\"async\" width=\"1456\" height=\"816\" class=\"gb-image gb-image-cb8225bd\" src=\"https:\/\/www.sisinternational.com\/wp-content\/uploads\/2025\/09\/Quantitative-research-17.jpg\" alt=\"Investigaci\u00f3n y estrategia de mercado internacional de SIS\" title=\"Quantitative research (17)\" srcset=\"https:\/\/www.sisinternational.com\/wp-content\/uploads\/2025\/09\/Quantitative-research-17.jpg 1456w, https:\/\/www.sisinternational.com\/wp-content\/uploads\/2025\/09\/Quantitative-research-17-300x168.jpg 300w, https:\/\/www.sisinternational.com\/wp-content\/uploads\/2025\/09\/Quantitative-research-17-1024x574.jpg 1024w, https:\/\/www.sisinternational.com\/wp-content\/uploads\/2025\/09\/Quantitative-research-17-768x430.jpg 768w, https:\/\/www.sisinternational.com\/wp-content\/uploads\/2025\/09\/Quantitative-research-17-18x10.jpg 18w\" sizes=\"auto, (max-width: 1456px) 100vw, 1456px\"><\/figure>\n\n\n\n<p><\/p>\n\n\n\n<h2 class=\"wp-block-heading\"><span style=\"font-weight: 400;\">\u00bfQu\u00e9 es la prueba de concepto?<\/span><\/h2>\n\n\n\n<p><span style=\"font-weight: 400;\">Cada nuevo negocio conlleva un enorme riesgo. Una empresa ha tenido un gran comienzo si puede demostrar que su idea de negocio funciona y es viable. A esto lo llamamos &quot;prueba de concepto&quot;. Los capitalistas de riesgo tienden a esperar una prueba de concepto antes de invertir en un negocio. Mide cu\u00e1nto puede lograr una empresa de una manera cuantificable.<\/span><\/p>\n\n\n\n<h2 class=\"wp-block-heading\"><span style=\"font-weight: 400;\">Prueba de concepto vs piloto: \u00bfcu\u00e1l es la diferencia?<\/span><\/h2>\n\n\n\n<p><span style=\"font-weight: 400;\">A pilot project is a preliminary release of a <a href=\"https:\/\/www.sisinternational.com\/es\/soluciones\/prueba-de-sabor\/servicios-de-prueba-de-productos-en-nueva-york\/\" title=\"Servicios de prueba de productos en Nueva York\"  data-wpil-monitor-id=\"9268\">product or service<\/a>. It aims at a partial determination of the projected final solution, which can have several limitations, including the business associates involved and the procedures affected. Another restriction is the number of users with access to the system. &nbsp;The goal of a pilot project is <a href=\"https:\/\/www.sisinternational.com\/es\/soluciones\/soluciones-de-branding-e-investigacion-de-clientes\/investigacion-de-mercado-de-pruebas-de-productos\/\" title=\"Investigaci\u00f3n de mercado de pruebas de productos\"  data-wpil-monitor-id=\"9254\">testing in a production<\/a> setting. The goal of a proof of concept is to confirm the potential of a model. A proof of concept is usually small and may not be complete.<\/span><\/p>\n\n\n\n<h2 class=\"wp-block-heading\"><span style=\"font-weight: 400;\">\u00bfCu\u00e1l es la diferencia entre un prototipo y una prueba de concepto?<\/span><\/h2>\n\n\n\n<p><span style=\"font-weight: 400;\">Many people use these two terms as if they are interchangeable. <a href=\"https:\/\/www.sisinternational.com\/es\/soluciones\/soluciones-de-branding-e-investigacion-de-clientes\/investigacion-de-mercado-de-pruebas-de-productos\/la-mejor-empresa-de-investigacion-de-mercado-en-usabilidad\/\" title=\"Usability testing Company\"  data-wpil-monitor-id=\"9266\">Companies use Proof of Concept to test<\/a> whether they should put a particular theory or idea in place. A prototype is different. Its primary purpose is to help manufacturers decide what to do with a product in development. It also helps them reduce the number of mistakes made. Proof of concept offers a model of one aspect of the product; a prototype is a working model of several elements.<\/span><\/p>\n\n\n\n<h2 class=\"wp-block-heading\"><span style=\"font-weight: 400;\">\u00bfQui\u00e9n deber\u00eda utilizar la prueba de concepto?<\/span><\/h2>\n\n\n\n<ul class=\"wp-block-list\">\n<li><b>Desarrolladores de software: <\/b><span style=\"font-weight: 400;\">Los desarrolladores pueden utilizar la prueba de concepto en el ciclo de desarrollo inicial. Tambi\u00e9n pueden utilizarlo para vender la idea del software. Tambi\u00e9n pueden utilizar POC para detectar problemas de rendimiento. Los resultados de POC incluyen los aspectos de aseguramiento de la viabilidad t\u00e9cnica. Tambi\u00e9n incluyen los problemas que afectan a la estimaci\u00f3n general de los esfuerzos. El alcance de los esfuerzos tambi\u00e9n es parte del resultado. <\/span><\/li>\n\n\n\n<li><b>Fabricantes:<\/b><span style=\"font-weight: 400;\"> Una prueba de concepto puede ayudar a un fabricante a reconocer problemas potenciales. Los problemas t\u00e9cnicos y log\u00edsticos pueden obstaculizar el \u00e9xito. Alternativamente, puede brindar a las organizaciones la oportunidad de solicitar comentarios internos. Estos comentarios son valiosos si se trata de un producto o servicio prometedor. Adem\u00e1s, disminuye la exposici\u00f3n y el riesgo innecesarios. Permite a las partes interesadas probar opciones de dise\u00f1o en las primeras etapas del ciclo de desarrollo.<\/span><\/li>\n<\/ul>\n\n\n\n<h2 class=\"wp-block-heading\"><span style=\"font-weight: 400;\">\u00bfCu\u00e1ndo deber\u00eda una empresa utilizar la prueba de concepto?<\/span><\/h2>\n\n\n\n<p><span style=\"font-weight: 400;\">Una empresa deber\u00eda utilizar POC si quiere confirmar la comerciabilidad con un presupuesto reducido. Por ejemplo, supongamos que una empresa quiere construir un timbre con v\u00eddeo. Ser\u00eda necesario aplicar la t\u00e9cnica POC para demostrar que no se est\u00e1 perdiendo el tiempo en algo que nadie quiere. Para determinar si la idea es viable, ser\u00eda necesario responder preguntas espec\u00edficas. Por ejemplo, &quot;\u00bfpor qu\u00e9 comprar un timbre con v\u00eddeo cuando se puede instalar un sistema de seguridad?&quot;<\/span><\/p>\n\n\n\n<h2 class=\"wp-block-heading\"><span style=\"font-weight: 400;\">C\u00f3mo utilizar la prueba de concepto<\/span><\/h2>\n\n\n\n<p><span style=\"font-weight: 400;\">The best thing to do when working on a new product is to adopt a lean approach. With this approach, the company invests the lowest amount of time and money at the beginning. It also gathers <a href=\"https:\/\/www.sisinternational.com\/es\/soluciones\/insights-del-cliente\/\" title=\"Informaci\u00f3n del cliente\"  data-wpil-monitor-id=\"9267\">insights from customers<\/a>. The company can spend more as it receives <a href=\"https:\/\/www.sisinternational.com\/es\/soluciones\/soluciones-de-branding-e-investigacion-de-clientes\/investigacion-de-mercado-posicionamiento-de-marca\/\" title=\"Investigaci\u00f3n de Mercado de Posicionamiento de Marca\"  data-wpil-monitor-id=\"9262\">positive feedback from the market<\/a>. Engineers will jump in at a certain point of this process. They will see how much of the proposition the company can deliver and how much it will have to outsource. They will also say what it costs.<\/span><\/p>\n\n\n\n<h2 class=\"wp-block-heading\"><span style=\"font-weight: 400;\">\u00bfPor qu\u00e9 es importante la prueba de concepto?<\/span><\/h2>\n\n\n\n<p><span style=\"font-weight: 400;\">The POC helps stakeholders to understand the limitations of a system. It also shows them the system&#8217;s capabilities. They can thus select only the processes that generate the most benefit. These processes should deliver rapid business returns and minimal development troubles. A POC project may, in some cases, determine that the company cannot solve the problem. Thus, POC can prevent the company from <a href=\"https:\/\/www.sisinternational.com\/es\/soluciones\/consultoria-estrategica\/investigacion-de-mercado-de-lanzamiento-de-nuevos-productos\/\" title=\"Investigaci\u00f3n de lanzamiento de nuevos productos\"  data-wpil-monitor-id=\"9259\">launching an unsuccessful product<\/a>.<\/span><\/p>\n\n\n\n<h2 class=\"wp-block-heading\"><span style=\"font-weight: 400;\">C\u00f3mo ayuda la investigaci\u00f3n<\/span><\/h2>\n\n\n\n<p>Strategy Research can provide the insights, data, and <a href=\"https:\/\/www.sisinternational.com\/es\/soluciones\/consultoria-estrategica\/consultoria-de-ejecucion-de-desarrollo-de-estrategia\/\" title=\"Consultor\u00eda en Desarrollo y Ejecuci\u00f3n de Estrategias\"  data-wpil-monitor-id=\"9264\">strategies to develop<\/a> and improve your Proof of Concept.&nbsp; We provide Research-Support solutions through<\/p>\n\n\n\n<ul class=\"wp-block-list\">\n<li>Investigaci\u00f3n cualitativa<\/li>\n\n\n\n<li>Investigaci\u00f3n cuantitativa<\/li>\n\n\n\n<li>Soluciones de comercializaci\u00f3n<\/li>\n\n\n\n<li><a href=\"https:\/\/www.sisinternational.com\/es\/soluciones\/consultoria-estrategica\/entrenamiento-y-estrategia-de-inteligencia-competitiva\/\" title=\"Entrenamiento y Estrategia en Inteligencia Competitiva\"  data-wpil-monitor-id=\"9249\">Estrategia e Inteligencia Competitiva<\/a><\/li>\n<\/ul>\n\n\n\n<p><\/p>","protected":false},"excerpt":{"rendered":"<p>Desarrolle su pr\u00f3xima prueba de concepto con conocimientos, estrategias y datos de vanguardia.<\/p>","protected":false},"author":1,"featured_media":67030,"parent":14567,"menu_order":11,"comment_status":"closed","ping_status":"closed","template":"","meta":{"footnotes":""},"class_list":["post-31129","page","type-page","status-publish","has-post-thumbnail"],"_links":{"self":[{"href":"https:\/\/www.sisinternational.com\/es\/wp-json\/wp\/v2\/pages\/31129","targetHints":{"allow":["GET"]}}],"collection":[{"href":"https:\/\/www.sisinternational.com\/es\/wp-json\/wp\/v2\/pages"}],"about":[{"href":"https:\/\/www.sisinternational.com\/es\/wp-json\/wp\/v2\/types\/page"}],"author":[{"embeddable":true,"href":"https:\/\/www.sisinternational.com\/es\/wp-json\/wp\/v2\/users\/1"}],"replies":[{"embeddable":true,"href":"https:\/\/www.sisinternational.com\/es\/wp-json\/wp\/v2\/comments?post=31129"}],"version-history":[{"count":4,"href":"https:\/\/www.sisinternational.com\/es\/wp-json\/wp\/v2\/pages\/31129\/revisions"}],"predecessor-version":[{"id":81549,"href":"https:\/\/www.sisinternational.com\/es\/wp-json\/wp\/v2\/pages\/31129\/revisions\/81549"}],"up":[{"embeddable":true,"href":"https:\/\/www.sisinternational.com\/es\/wp-json\/wp\/v2\/pages\/14567"}],"wp:featuredmedia":[{"embeddable":true,"href":"https:\/\/www.sisinternational.com\/es\/wp-json\/wp\/v2\/media\/67030"}],"wp:attachment":[{"href":"https:\/\/www.sisinternational.com\/es\/wp-json\/wp\/v2\/media?parent=31129"}],"curies":[{"name":"wp","href":"https:\/\/api.w.org\/{rel}","templated":true}]}}