{"id":29698,"date":"2019-01-06T00:50:32","date_gmt":"2019-01-06T00:50:32","guid":{"rendered":"https:\/\/www.sisinternational.com\/?page_id=29698"},"modified":"2025-09-14T00:06:30","modified_gmt":"2025-09-14T04:06:30","slug":"investigacion-de-mercado-del-cuidado-del-cabello","status":"publish","type":"page","link":"https:\/\/www.sisinternational.com\/es\/soluciones\/estudio-de-mercado-de-productos-de-belleza\/investigacion-de-mercado-del-cuidado-del-cabello\/","title":{"rendered":"Investigaci\u00f3n de mercado del cuidado del cabello"},"content":{"rendered":"<h1 class=\"wp-block-heading\">Investigaci\u00f3n de mercado del cuidado del cabello<\/h1>\n\n\n\n<figure class=\"gb-block-image gb-block-image-388899fa\"><img loading=\"lazy\" decoding=\"async\" width=\"1456\" height=\"816\" class=\"gb-image gb-image-388899fa\" src=\"https:\/\/www.sisinternational.com\/wp-content\/uploads\/2025\/08\/Eyecare-2.jpg\" alt=\"Investigaci\u00f3n y estrategia de mercado internacional de SIS\" title=\"Eyecare (2)\" srcset=\"https:\/\/www.sisinternational.com\/wp-content\/uploads\/2025\/08\/Eyecare-2.jpg 1456w, https:\/\/www.sisinternational.com\/wp-content\/uploads\/2025\/08\/Eyecare-2-300x168.jpg 300w, https:\/\/www.sisinternational.com\/wp-content\/uploads\/2025\/08\/Eyecare-2-1024x574.jpg 1024w, https:\/\/www.sisinternational.com\/wp-content\/uploads\/2025\/08\/Eyecare-2-768x430.jpg 768w, https:\/\/www.sisinternational.com\/wp-content\/uploads\/2025\/08\/Eyecare-2-18x10.jpg 18w\" sizes=\"auto, (max-width: 1456px) 100vw, 1456px\"><\/figure>\n\n\n\n<p><\/p>\n\n\n\n<p><span style=\"font-weight: 400;\">Los productos para el cuidado del cabello son el primer paso para lograr el look o peinado preferido. Uno de los principales bienes producidos por este sector es el champ\u00fa. Hay muchos tipos diferentes de champ\u00fas, por ejemplo, aclaradores, voluminizadores y suavizantes. El acondicionador para el cabello es otro b\u00e1sico que viene en muchas formas. Por ejemplo, los compradores pueden encontrar acondicionadores profundos, sin enjuague y sin enjuague. Otros productos para el cuidado del cabello incluyen aceites para el cabello, sueros, pomadas y cera para el cabello. Tambi\u00e9n incluyen mousses, sprays y geles.<\/span><\/p>\n\n\n\n<h2 class=\"wp-block-heading\"><span style=\"font-weight: 400;\">Por qu\u00e9 es importante el cuidado del cabello<\/span><\/h2>\n\n\n\n<p><span style=\"font-weight: 400;\">El cabello es una de las cosas a las que la gente presta atenci\u00f3n cuando se conocen por primera vez. El cabello puede ser un indicador de la edad, el estatus social e incluso los h\u00e1bitos de higiene de una persona. El cuidado adecuado del cabello es fundamental. Las trenzas o rizos brillantes y hermosos siempre dejan una buena impresi\u00f3n. El cuidado adecuado tambi\u00e9n juega un papel fundamental para tener un cabello sano. Previene da\u00f1os extensos, que pueden provocar la ca\u00edda del cabello. Un cabello fuerte y brillante requiere un r\u00e9gimen diario.<\/span><\/p>\n\n\n\n<h2 class=\"wp-block-heading\"><span style=\"font-weight: 400;\">Oportunidades en el sector del cuidado del cabello<\/span><\/h2>\n\n\n\n<p><span style=\"font-weight: 400;\">Los mercados emergentes, como el floreciente movimiento del cabello natural, est\u00e1n impulsando el crecimiento del cuidado del cabello. Brasil, China e India son contribuyentes importantes al sector. Los nuevos mercados de primera l\u00ednea, como Indonesia y Turqu\u00eda, tambi\u00e9n est\u00e1n registrando fuertes ganancias. Estos beneficios son el resultado de una mayor penetraci\u00f3n del champ\u00fa. Incluso las zonas rurales de la India est\u00e1n impulsando el crecimiento. Estas \u00e1reas representan dos tercios de la poblaci\u00f3n de la India. Los consumidores asi\u00e1ticos se est\u00e1n adaptando a las rutinas de cuidado del cabello al estilo occidental. Muchos han empezado a sustituir el jab\u00f3n por champ\u00fa.<\/span><\/p>\n\n\n\n<h2 class=\"wp-block-heading\"><span style=\"font-weight: 400;\">El auge de la omnicanalidad y la disrupci\u00f3n digital<\/span><\/h2>\n\n\n\n<p><span style=\"font-weight: 400;\">Marketers and retailers are implementing omnichannel strategies. These strategies enable a uniform shopping experience for consumers. <a href=\"https:\/\/www.sisinternational.com\/es\/soluciones\/soluciones-de-branding-e-investigacion-de-clientes\/que-es-el-marketing-de-influencers\/\" title=\"\u00bfQu\u00e9 es el marketing de influencers? \u00bfMarketing de medios sociales?\"  data-wpil-monitor-id=\"9080\">Marketing and retail channels include social media<\/a>, the Internet, direct mail, and surveys. They also include emails and phone calls. Review and rating sites and <a href=\"https:\/\/www.sisinternational.com\/es\/soluciones\/soluciones-de-branding-e-investigacion-de-clientes\/investigacion-de-mercado-minorista\/\" title=\"Investigaci\u00f3n de mercado minorista | Investigaci\u00f3n de mercado en la tienda\"  data-wpil-monitor-id=\"9082\">in-store experiences are also marketing and retail<\/a> channels. Haircare industry players have to deliver a consistent brand experience across these channels. In that way, consumers can maintain a favorable view of their brand identity.<\/span><\/p>\n\n\n\n<p><span style=\"font-weight: 400;\">Emerging haircare <a href=\"https:\/\/www.sisinternational.com\/es\/estudio-de-mercado-de-perfumes-de-lujo\/\" title=\"Investigaci\u00f3n de mercado de perfumes de lujo\"  data-wpil-monitor-id=\"9072\">brands are using new outlets and marketing<\/a> channels. That is how they capitalize on the changes within the industry. With digital disruption comes the rise in influencer marketing. Online magazine readers can watch videos of stylists creating hairdos using certain products. This advertising technique is far more effective than traditional print. It also works better than TV commercials, since it engages the consumer more.<\/span><\/p>\n\n\n\n<h2 class=\"wp-block-heading\"><span style=\"font-weight: 400;\">C\u00f3mo ayuda la investigaci\u00f3n cualitativa<\/span><\/h2>\n\n\n\n<p><span style=\"font-weight: 400;\">Managers have several <a href=\"https:\/\/www.sisinternational.com\/es\/tools-and-resources-for-qualitative-market-research\/\" title=\"Tools and Resources for Qualitative Market Research\"  data-wpil-monitor-id=\"9070\">investigaci\u00f3n de mercado cualitativa<\/a> methods at their disposal. They can use <strong>Grupos de discusi\u00f3n<\/strong>, que les brinda las opiniones de usuarios reales del producto. Pueden utilizar entrevistas con clientes. Estas entrevistas atraen a los consumidores y brindan informaci\u00f3n valiosa sobre sus productos y servicios. Otra herramienta valiosa es la etnograf\u00eda. Este m\u00e9todo ofrece direcci\u00f3n estrat\u00e9gica a varias facetas de la planificaci\u00f3n corporativa.<\/span><\/p>\n\n\n\n<p><a href=\"https:\/\/www.sisinternational.com\/es\/pascua-de-resurreccion-y-el-inevitable-conejito-de-chocolate\/\" title=\"Investigaci\u00f3n de mercado de Pascua\"  data-wpil-monitor-id=\"9074\">SIS conducts Qualitative Research<\/a> including Focus Groups, <strong>En persona<\/strong> y <strong>Etnograf\u00eda m\u00f3vil<\/strong>, <strong>Entrevistas con clientes<\/strong>, <strong>Investigaci\u00f3n de compradores<\/strong>, y <strong>Comunidades de conocimiento en l\u00ednea<\/strong>.&nbsp; We interview customers as well as Hair Salon professionals, distributors, store purchasing decision makers, Beauty bloggers, Influencers, and Beauty Industry Executives<\/p>\n\n\n\n<h2 class=\"wp-block-heading\"><span style=\"font-weight: 400;\">C\u00f3mo ayuda la investigaci\u00f3n cuantitativa<\/span><\/h2>\n\n\n\n<figure class=\"gb-block-image gb-block-image-fe882623\"><img loading=\"lazy\" decoding=\"async\" width=\"1456\" height=\"816\" class=\"gb-image gb-image-fe882623\" src=\"https:\/\/www.sisinternational.com\/wp-content\/uploads\/2025\/08\/K-beauty-korean-2.jpg\" alt=\"Investigaci\u00f3n y estrategia de mercado internacional de SIS\" title=\"K beauty korean (2)\" srcset=\"https:\/\/www.sisinternational.com\/wp-content\/uploads\/2025\/08\/K-beauty-korean-2.jpg 1456w, https:\/\/www.sisinternational.com\/wp-content\/uploads\/2025\/08\/K-beauty-korean-2-300x168.jpg 300w, https:\/\/www.sisinternational.com\/wp-content\/uploads\/2025\/08\/K-beauty-korean-2-1024x574.jpg 1024w, https:\/\/www.sisinternational.com\/wp-content\/uploads\/2025\/08\/K-beauty-korean-2-768x430.jpg 768w, https:\/\/www.sisinternational.com\/wp-content\/uploads\/2025\/08\/K-beauty-korean-2-18x10.jpg 18w\" sizes=\"auto, (max-width: 1456px) 100vw, 1456px\"><\/figure>\n\n\n\n<p><\/p>\n\n\n\n<p><span style=\"font-weight: 400;\">It\u2019s easy to use surveys to <a href=\"https:\/\/www.sisinternational.com\/es\/top-5-benefits-of-conducting-quantitative-market-research\/\" title=\"Top 5 Benefits of Conducting Quantitative Market Research\"  data-wpil-monitor-id=\"9069\">conduct quantitative market research<\/a> online. This method helps managers in the haircare industry to access demographic information. With demographics, they can find out about almost anything. They can use <strong>Encuestas<\/strong> para medir lo que les gusta a los clientes de su marca. Las encuestas tambi\u00e9n les dir\u00e1n qu\u00e9 tipo de producto necesita su mercado. <strong>Investigaci\u00f3n de seguimiento ocular<\/strong> puede proporcionar datos sobre embalaje, marca y mensajes.<\/span><\/p>\n\n\n\n<p>SIS realiza <strong>Pruebas de uso en el hogar (IHUT)<\/strong> y <strong>Pruebas de producto<\/strong>.&nbsp; We have a <a href=\"https:\/\/www.sisinternational.com\/es\/soluciones\/grupos-de-enfoque\/instalaciones-para-grupos-focales-en-nueva-york\/\" title=\"Instalaciones para grupos focales en la ciudad de Nueva York\"  data-wpil-monitor-id=\"9076\">Focus Group Facility<\/a> in NYC, and have conducted many studies where consumers pick up products and conduct surveys.<\/p>\n\n\n\n<p>SIS tambi\u00e9n ha llevado a cabo <strong>Entrevistas en peluquer\u00edas<\/strong> con estilistas y clientes en Nueva York, probando un nuevo champ\u00fa y luego realizando una encuesta tanto con los clientes como con los profesionales del sal\u00f3n. Para este proyecto, tuvimos que reclutar mujeres con diferentes tipos de cabello y or\u00edgenes \u00e9tnicos para asegurar una muestra representativa.<\/p>\n\n\n\n<h2 class=\"wp-block-heading\"><span style=\"font-weight: 400;\">La importancia de la investigaci\u00f3n estrat\u00e9gica<\/span><\/h2>\n\n\n\n<p><span style=\"font-weight: 400;\">Hay varias formas en las que la investigaci\u00f3n estrat\u00e9gica puede ayudar. Por ejemplo, <strong><a href=\"https:\/\/www.sisinternational.com\/es\/cobertura\/investigacion-de-mercado-asia\/evaluaciones-de-oportunidades-en-el-mercado-asiatico\/\" title=\"Evaluaciones de oportunidades de mercado en Asia\"  data-wpil-monitor-id=\"9078\">Evaluaciones de oportunidades de mercado<\/a><\/strong> identify favorable circumstances and risks. Haircare businesses can understand the market before building or expanding an offering.&nbsp; They can also use <strong>An\u00e1lisis competitivo<\/strong>. This analysis helps them determine what makes their products and services unique.&nbsp; They will learn what attributes they should play up to attract their target market.<\/span><\/p>\n\n\n\n<p><span style=\"font-weight: 400;\">Otra herramienta es <strong>Dimensionamiento del mercado<\/strong>, que ayuda a los gerentes a estimar el potencial de un mercado. Por \u00faltimo, los gerentes pueden usar <strong>Seguimiento de la industria<\/strong> y <strong>An\u00e1lisis de tendencia<\/strong>. Trend Analysis identifies the drivers of rising trends, and recommends ways to capitalize on them. It tells companies the direction in which the market is moving. Trend analysis goes deeper than just identifying where the market is moving. It shows managers whether the market is trending up or down, or what it means for your business. This information is vital for strategic and marketing decision-making.<\/span><\/p>\n\n\n\n<p><\/p>","protected":false},"excerpt":{"rendered":"<p>Proporcionamos pruebas de productos para el cuidado del cabello, conocimientos cualitativos, datos cuantitativos e investigaci\u00f3n de estrategias sobre productos para el cabello.<\/p>","protected":false},"author":1,"featured_media":64498,"parent":27176,"menu_order":5,"comment_status":"closed","ping_status":"closed","template":"","meta":{"footnotes":""},"class_list":["post-29698","page","type-page","status-publish","has-post-thumbnail"],"_links":{"self":[{"href":"https:\/\/www.sisinternational.com\/es\/wp-json\/wp\/v2\/pages\/29698","targetHints":{"allow":["GET"]}}],"collection":[{"href":"https:\/\/www.sisinternational.com\/es\/wp-json\/wp\/v2\/pages"}],"about":[{"href":"https:\/\/www.sisinternational.com\/es\/wp-json\/wp\/v2\/types\/page"}],"author":[{"embeddable":true,"href":"https:\/\/www.sisinternational.com\/es\/wp-json\/wp\/v2\/users\/1"}],"replies":[{"embeddable":true,"href":"https:\/\/www.sisinternational.com\/es\/wp-json\/wp\/v2\/comments?post=29698"}],"version-history":[{"count":5,"href":"https:\/\/www.sisinternational.com\/es\/wp-json\/wp\/v2\/pages\/29698\/revisions"}],"predecessor-version":[{"id":81519,"href":"https:\/\/www.sisinternational.com\/es\/wp-json\/wp\/v2\/pages\/29698\/revisions\/81519"}],"up":[{"embeddable":true,"href":"https:\/\/www.sisinternational.com\/es\/wp-json\/wp\/v2\/pages\/27176"}],"wp:featuredmedia":[{"embeddable":true,"href":"https:\/\/www.sisinternational.com\/es\/wp-json\/wp\/v2\/media\/64498"}],"wp:attachment":[{"href":"https:\/\/www.sisinternational.com\/es\/wp-json\/wp\/v2\/media?parent=29698"}],"curies":[{"name":"wp","href":"https:\/\/api.w.org\/{rel}","templated":true}]}}