{"id":29689,"date":"2019-01-06T00:10:18","date_gmt":"2019-01-06T00:10:18","guid":{"rendered":"https:\/\/www.sisinternational.com\/?page_id=29689"},"modified":"2026-01-25T17:09:36","modified_gmt":"2026-01-25T22:09:36","slug":"investigacion-de-mercado-de-manipulacion-de-materiales","status":"publish","type":"page","link":"https:\/\/www.sisinternational.com\/es\/pericia\/investigacion-de-mercado-de-manipulacion-de-materiales\/","title":{"rendered":"Investigaci\u00f3n de mercado de manipulaci\u00f3n de materiales"},"content":{"rendered":"<h1 class=\"wp-block-heading\">Investigaci\u00f3n de mercado de manipulaci\u00f3n de materiales<\/h1>\n\n\n\n<figure class=\"gb-block-image gb-block-image-6abdb51f\"><img loading=\"lazy\" decoding=\"async\" width=\"1456\" height=\"816\" class=\"gb-image gb-image-6abdb51f\" src=\"https:\/\/www.sisinternational.com\/wp-content\/uploads\/2025\/08\/machine-tools-2.jpg\" alt=\"Investigaci\u00f3n y estrategia de mercado internacional de SIS\" title=\"machine tools (2)\" srcset=\"https:\/\/www.sisinternational.com\/wp-content\/uploads\/2025\/08\/machine-tools-2.jpg 1456w, https:\/\/www.sisinternational.com\/wp-content\/uploads\/2025\/08\/machine-tools-2-300x168.jpg 300w, https:\/\/www.sisinternational.com\/wp-content\/uploads\/2025\/08\/machine-tools-2-1024x574.jpg 1024w, https:\/\/www.sisinternational.com\/wp-content\/uploads\/2025\/08\/machine-tools-2-768x430.jpg 768w, https:\/\/www.sisinternational.com\/wp-content\/uploads\/2025\/08\/machine-tools-2-18x10.jpg 18w\" sizes=\"auto, (max-width: 1456px) 100vw, 1456px\"><\/figure>\n\n\n\n<p><\/p>\n\n\n\n<h2 class=\"wp-block-heading\">\u00bfQu\u00e9 es el manejo de materiales?<\/h2>\n\n\n\n<p>El manejo de materiales se ocupa del movimiento de materias primas y productos terminados. Tambi\u00e9n se ocupa del almacenamiento, protecci\u00f3n y control de estos elementos. El manejo de materiales comienza en la etapa de fabricaci\u00f3n. Luego pasa por las fases de almacenamiento, distribuci\u00f3n y consumo, finalizando con la eliminaci\u00f3n.<\/p>\n\n\n\n<p>Las empresas implementan procesos y sistemas de manejo de materiales para reducir el inventario. Estos procesos tambi\u00e9n mejoran el servicio al cliente y acortan el tiempo de entrega. El manejo de materiales tambi\u00e9n reduce los costos de manejo en fabricaci\u00f3n, distribuci\u00f3n y transporte. Los tomadores de decisiones en el manejo de materiales incluyen personal de operaciones, directores y oficiales de compras.<\/p>\n\n\n\n<h2 class=\"wp-block-heading\">\u00bfPor qu\u00e9 es importante el manejo de materiales?<\/h2>\n\n\n\n<p>Material handling is important because it impacts customer service. When it&#8217;s easy for employees to locate products, they can deliver them to consumers faster. Good material handling procedures also prevent product loss or damage. A well-organized warehouse with modern material handling tools will have fewer misplaced items. <a href=\"https:\/\/www.sisinternational.com\/es\/investigacion-de-mercado-de-fabricacion-inteligente\/\" title=\"Investigaci\u00f3n de mercado de fabricaci\u00f3n inteligente\"  data-wpil-monitor-id=\"11065\">Smart storage solutions<\/a> also create a safe place for employees to operate.<\/p>\n\n\n\n<p>Los analistas esperan que el sector de manipulaci\u00f3n de materiales crezca en los pr\u00f3ximos a\u00f1os. Uno de los impulsores de este crecimiento es la creciente penetraci\u00f3n de tecnolog\u00edas sofisticadas. Herramientas como IoT, RFID y captura autom\u00e1tica de datos e identificaci\u00f3n se est\u00e1n volviendo populares. Estas herramientas mejoran el cumplimiento de los pedidos. Tambi\u00e9n ayudan a mejorar la productividad en toda la cadena de suministro. Otro factor son las crecientes capacidades de automatizaci\u00f3n en el espacio de fabricaci\u00f3n.<\/p>\n\n\n\n<h2 class=\"wp-block-heading\">Investigaci\u00f3n de Mercado Cualitativa<\/h2>\n\n\n\n<p><a href=\"https:\/\/www.sisinternational.com\/es\/empresa-lider-mundial-en-investigacion-cualitativa\/\" title=\"Empresa l\u00edder mundial en investigaci\u00f3n cualitativa\"  data-wpil-monitor-id=\"11066\">Companies need to do qualitative research<\/a>. This type of research allows them to get inside their customers\u2019 minds. Qualitative research is about finding out not only what people think, but why they think it. <a href=\"https:\/\/www.sisinternational.com\/es\/la-mejor-empresa-del-grupo-de-enfoque-global\/\" title=\"Principal empresa del grupo de enfoque global\"  data-wpil-monitor-id=\"11067\">Companies can use focus group<\/a> discussions and face-to-face interviews to get in-depth feedback. Qualitative market research is valuable for businesses that are developing new marketing initiatives. It also works well for those developing new products. This type of research allows companies to check reactions and hone their tactics.<\/p>\n\n\n\n<p><a href=\"https:\/\/www.sisinternational.com\/es\/contacto-sis-investigacion-de-mercado-internacional\/\" title=\"Cont\u00e1ctenos\"  data-wpil-monitor-id=\"11064\">SIS International Research<\/a> conducts focus groups and interviews with decision makers. Focus groups help us to find out what is working in the material handling industry and how companies can improve. This type of market research identifies how consumers feel about a particular product. Interviews provide helpful perspectives, which can be beneficial for innovation.<\/p>\n\n\n\n<h2 class=\"wp-block-heading\">Investigaci\u00f3n de mercado cuantitativa<\/h2>\n\n\n\n<p>We conduct surveys with decision makers in material handling. Surveys measure <a href=\"https:\/\/www.sisinternational.com\/es\/publicaciones\/comportamiento-del-comprador-despues-del-coronavirus-nuevo-consumidor\/\" title=\"Comportamiento del comprador despu\u00e9s del coronavirus \u2013 Investigaci\u00f3n de mercado del consumidor\"  data-wpil-monitor-id=\"11071\">market phenomena such as competitor and consumer<\/a> behavior. We ask people their views in an organized manner so that companies have data to guide them. <a href=\"https:\/\/www.sisinternational.com\/es\/empresa-lider-mundial-en-investigacion-cuantitativa-de-mercados\/\" title=\"Empresa l\u00edder mundial en investigaci\u00f3n cuantitativa de mercados\"  data-wpil-monitor-id=\"11068\">Quantitative research can help small companies<\/a> to develop their products and services. This type of research empowers them to make educated choices based on hard facts.<\/p>\n\n\n\n<p>Las empresas que operan en grandes mercados no pueden depender de enfoques intuitivos para la toma de decisiones. La investigaci\u00f3n de mercado cuantitativa reconoce diferentes grupos de clientes. Las empresas pueden abordar cada grupo por s\u00ed solo en lugar de tratarlos a todos por igual. La investigaci\u00f3n de mercado tambi\u00e9n eval\u00faa nuevos productos y conceptos. Lo hace para garantizar que las empresas puedan realizar lanzamientos de productos exitosos y satisfacer las necesidades de las personas.<\/p>\n\n\n\n<h2 class=\"wp-block-heading\">Investigaci\u00f3n de estrategia de manejo de materiales<\/h2>\n\n\n\n<p>Companies that want to enter new markets must understand the scale of opportunities. This is also true for companies that want to increase their share in existing markets. We conduct <a href=\"https:\/\/www.sisinternational.com\/es\/pericia\/industrias\/investigacion-de-mercado-de-materiales-de-construccion-ecologicos\/\" title=\"Investigaci\u00f3n de mercado de materiales de construcci\u00f3n ecol\u00f3gicos\"  data-wpil-monitor-id=\"3347\">investigaci\u00f3n de oportunidades de mercado<\/a>. We do concept testing, which allows marketers to <a href=\"https:\/\/www.sisinternational.com\/es\/product-testing-that-turns-ideas-into-market-ready-success\/\" title=\"Product Testing That Turns Ideas into Market-Ready Success\"  data-wpil-monitor-id=\"11069\">test their best product ideas<\/a>. We also do <a href=\"https:\/\/www.sisinternational.com\/es\/cobertura\/las-americas\/investigacion-de-mercado-canada\/investigacion-de-mercado-nuevo-brunswick-canada\/\" title=\"Investigaci\u00f3n de mercado en Nuevo Brunswick, Canad\u00e1\"  data-wpil-monitor-id=\"4026\">market sizing research<\/a>. This research measures the <a href=\"https:\/\/www.sisinternational.com\/es\/pericia\/industrias\/estudio-de-mercado-punto-de-venta\/\" title=\"Investigaci\u00f3n de Mercado de Punto de Venta\"  data-wpil-monitor-id=\"11072\">sales and profit potential of new markets<\/a> and innovations.<\/p>\n\n\n\n<p>Adem\u00e1s, hacemos an\u00e1lisis competitivos. Este tipo de an\u00e1lisis es una declaraci\u00f3n de la estrategia comercial y c\u00f3mo se relaciona con la competencia. Tambi\u00e9n realizamos identificaci\u00f3n de tendencias y seguimiento de la industria. Utilizamos estas herramientas para comparar datos de la industria durante un tiempo determinado. Este tipo de investigaci\u00f3n de mercado reconoce tendencias o resultados consistentes. Las empresas pueden utilizar estos datos para trazar su estrategia comercial. Luego pueden alinear la estrategia con la direcci\u00f3n general en la que se mueve la industria.<\/p>\n\n\n\n<p><\/p>","protected":false},"excerpt":{"rendered":"<p>El sector de manipulaci\u00f3n de materiales est\u00e1 creciendo debido a tecnolog\u00edas avanzadas como IoT, RFID e identificaci\u00f3n autom\u00e1tica y captura de datos.<\/p>","protected":false},"author":1,"featured_media":64819,"parent":14514,"menu_order":40,"comment_status":"closed","ping_status":"closed","template":"","meta":{"footnotes":""},"class_list":["post-29689","page","type-page","status-publish","has-post-thumbnail"],"_links":{"self":[{"href":"https:\/\/www.sisinternational.com\/es\/wp-json\/wp\/v2\/pages\/29689","targetHints":{"allow":["GET"]}}],"collection":[{"href":"https:\/\/www.sisinternational.com\/es\/wp-json\/wp\/v2\/pages"}],"about":[{"href":"https:\/\/www.sisinternational.com\/es\/wp-json\/wp\/v2\/types\/page"}],"author":[{"embeddable":true,"href":"https:\/\/www.sisinternational.com\/es\/wp-json\/wp\/v2\/users\/1"}],"replies":[{"embeddable":true,"href":"https:\/\/www.sisinternational.com\/es\/wp-json\/wp\/v2\/comments?post=29689"}],"version-history":[{"count":6,"href":"https:\/\/www.sisinternational.com\/es\/wp-json\/wp\/v2\/pages\/29689\/revisions"}],"predecessor-version":[{"id":81810,"href":"https:\/\/www.sisinternational.com\/es\/wp-json\/wp\/v2\/pages\/29689\/revisions\/81810"}],"up":[{"embeddable":true,"href":"https:\/\/www.sisinternational.com\/es\/wp-json\/wp\/v2\/pages\/14514"}],"wp:featuredmedia":[{"embeddable":true,"href":"https:\/\/www.sisinternational.com\/es\/wp-json\/wp\/v2\/media\/64819"}],"wp:attachment":[{"href":"https:\/\/www.sisinternational.com\/es\/wp-json\/wp\/v2\/media?parent=29689"}],"curies":[{"name":"wp","href":"https:\/\/api.w.org\/{rel}","templated":true}]}}