{"id":29366,"date":"2018-12-24T21:50:23","date_gmt":"2018-12-24T21:50:23","guid":{"rendered":"https:\/\/www.sisinternational.com\/?page_id=29366"},"modified":"2026-03-24T18:21:42","modified_gmt":"2026-03-24T22:21:42","slug":"investigacion-de-mercado-de-streaming-de-video-y-musica","status":"publish","type":"page","link":"https:\/\/www.sisinternational.com\/es\/pericia\/investigacion-de-mercado-de-streaming-de-video-y-musica\/","title":{"rendered":"Investigaci\u00f3n de mercado de transmisi\u00f3n de v\u00eddeo y m\u00fasica"},"content":{"rendered":"<h1 class=\"wp-block-heading\"><span style=\"font-weight: 400;\">Investigaci\u00f3n de mercado de transmisi\u00f3n de v\u00eddeo y m\u00fasica<\/span><\/h1>\n\n\n\n<p><\/p>\n\n\n\n<figure class=\"gb-block-image gb-block-image-5780a4d0\"><img loading=\"lazy\" decoding=\"async\" width=\"1456\" height=\"816\" class=\"gb-image gb-image-5780a4d0\" src=\"https:\/\/www.sisinternational.com\/wp-content\/uploads\/2025\/08\/Video-and-Music-Streaming-5.jpg\" alt=\"Investigaci\u00f3n y estrategia de mercado internacional de SIS\" title=\"Video and Music Streaming (5)\" srcset=\"https:\/\/www.sisinternational.com\/wp-content\/uploads\/2025\/08\/Video-and-Music-Streaming-5.jpg 1456w, https:\/\/www.sisinternational.com\/wp-content\/uploads\/2025\/08\/Video-and-Music-Streaming-5-300x168.jpg 300w, https:\/\/www.sisinternational.com\/wp-content\/uploads\/2025\/08\/Video-and-Music-Streaming-5-1024x574.jpg 1024w, https:\/\/www.sisinternational.com\/wp-content\/uploads\/2025\/08\/Video-and-Music-Streaming-5-768x430.jpg 768w, https:\/\/www.sisinternational.com\/wp-content\/uploads\/2025\/08\/Video-and-Music-Streaming-5-18x10.jpg 18w\" sizes=\"auto, (max-width: 1456px) 100vw, 1456px\"><\/figure>\n\n\n\n<p><\/p>\n\n\n\n<h2 class=\"wp-block-heading\"><span style=\"font-weight: 400;\">Video Streaming son secuencias de video comprimidas que se muestran a trav\u00e9s de Internet para verlas en tiempo real. <\/span><\/h2>\n\n\n\n<p><span style=\"font-weight: 400;\">No es necesario que los usuarios descarguen el contenido transmitido para verlo. En cambio, el proveedor de contenidos env\u00eda un flujo continuo de datos. El espectador puede ver la transmisi\u00f3n de inmediato.<\/span><\/p>\n\n\n\n<p><span style=\"font-weight: 400;\">Music Streaming muestra audio, sonido y m\u00fasica a trav\u00e9s de Internet. Los usuarios no tienen que descargar archivos para escuchar este contenido. El usuario no tiene que guardar una copia de la m\u00fasica en su disco duro. La mayor\u00eda de los usuarios pueden acceder a estos servicios a trav\u00e9s de un sitio web, una suscripci\u00f3n o una aplicaci\u00f3n. Estas aplicaciones permiten a los clientes disfrutar de contenido transmitido desde sus tel\u00e9fonos inteligentes o tabletas cuando est\u00e1n en movimiento.<\/span><\/p>\n\n\n\n<h2 class=\"wp-block-heading\"><span style=\"font-weight: 400;\">Nuevas oportunidades en streaming online<\/span><\/h2>\n\n\n\n<p><span style=\"font-weight: 400;\">Industry analysts have written a lot about the rise in online streaming services. One point of contention is their possible effects on traditional TV and radio. Researchers are finding two distinct groups of content streamers. The first group <a href=\"https:\/\/www.sisinternational.com\/es\/estudio-de-mercado-del-streaming-musical\/\" title=\"Estudio del mercado del streaming musical\"  data-wpil-monitor-id=\"2556\">streams movies and music<\/a> to supplement what\u2019s on cable or the radio. The second group has canceled their cable subscription (cord cutters). Alternatively, they may have never had a subscription (cord nevers). Online streaming is growing, and it\u2019s changing the way people view and listen to content.<\/span><\/p>\n\n\n\n<p><span style=\"font-weight: 400;\">Algunos proveedores de contenidos, como Netflix e iTunes, ya se han globalizado. Los espectadores de Netflix pagan una peque\u00f1a tarifa mensual por acceso ilimitado a su biblioteca de programas de televisi\u00f3n y pel\u00edculas. Netflix est\u00e1 disponible en 190 pa\u00edses en todo el mundo. iTunes tambi\u00e9n est\u00e1 disponible en la mayor\u00eda de los pa\u00edses por aproximadamente el mismo precio que Netflix. Al igual que Netflix, el servicio ofrece a los usuarios acceso ilimitado a la biblioteca de m\u00fasica de iTunes.<\/span><\/p>\n\n\n\n<p><span style=\"font-weight: 400;\">La transmisi\u00f3n de contenido brinda una oportunidad extraordinaria para la televisi\u00f3n y la radio en vivo. Estas formas tradicionales de medios ahora deben pasar a dispositivos conectados. Los espectadores ahora pueden ir a YouTube o Facebook para ver sus programas de televisi\u00f3n favoritos. De manera similar, las estaciones de radio ahora exhortan a los oyentes a descargar aplicaciones gratuitas. Los oyentes pueden utilizar estas aplicaciones para transmitir contenido a sus dispositivos m\u00f3viles. Tambi\u00e9n es una oportunidad para los espectadores y oyentes, que ahora pueden exigir tipos de contenido nuevos y diversos.<\/span><\/p>\n\n\n\n<p><span style=\"font-weight: 400;\">Established content providers are not the only ones producing videos as audio recordings. Houses of worship are already live-streaming their services on social media. Analysts expect this trend to continue. Another trend is brands using live <a href=\"https:\/\/www.sisinternational.com\/es\/la-publicidad-impresa-y-televisiva-da-paso-a-los-videos-virales-y-a-las-redes-sociales-emergentes\/\" title=\"Investigaci\u00f3n de mercado de v\u00eddeos virales\"  data-wpil-monitor-id=\"1805\">video as an essential marketing<\/a> tool. The third trend is companies using live video in business relations. These videos help reinforce their corporate culture and build stable relationships among employees.<\/span><\/p>\n\n\n\n<h2 class=\"wp-block-heading\"><span style=\"font-weight: 400;\">Desaf\u00edos en la transmisi\u00f3n de pel\u00edculas y m\u00fasica&nbsp;&nbsp;<\/span><\/h2>\n\n\n\n<p><span style=\"font-weight: 400;\">Los disruptores digitales como Netflix e iTunes enfrentan una presi\u00f3n cada vez mayor. El campo de juego est\u00e1 cada vez m\u00e1s concurrido. Los proveedores de televisi\u00f3n por cable tambi\u00e9n ofrecen paquetes m\u00e1s peque\u00f1os con menos canales. Estos paquetes &quot;delgados&quot; son m\u00e1s baratos que las ofertas habituales. Los consumidores terminar\u00e1n con una sobreabundancia de opciones, lo que puede resultar oneroso. Tambi\u00e9n puede hacer que los consumidores vuelvan a la televisi\u00f3n de pago, que ofrece una variedad de contenidos en un lugar conveniente y f\u00e1cil de usar.<\/span><\/p>\n\n\n\n<h2 class=\"wp-block-heading\"><span style=\"font-weight: 400;\">Investigaci\u00f3n de mercado de transmisi\u00f3n en l\u00ednea<\/span><\/h2>\n\n\n\n<p><span style=\"font-weight: 400;\"><a href=\"https:\/\/www.sisinternational.com\/es\/pericia\/investigacion-de-mercado-de-licencias-de-medios-y-peliculas-musicales\/\" title=\"Investigaci\u00f3n de mercado de licencias de medios y pel\u00edculas musicales\"  data-wpil-monitor-id=\"11420\">Movie and music<\/a> streaming will continue to grow and change. The two will also merge, as is evident with Spotify. The music content provider partnered with Hulu to offer TV and movies along with its music. Focus groups can test opportunities such as these before they reach the end consumer. Usability and Product Testing can strengthen brands\u2019 offerings so consumers can have a better user experience.<\/span><\/p>\n\n\n\n<p><strong>SIS Market Research provides Qualitative, Quantitative, and Strategy Research to Online Streaming providers.<\/strong>\u00a0 Nuestras soluciones incluyen:<\/p>\n\n\n\n<ul class=\"wp-block-list\">\n<li><b>Pruebas de usabilidad:&nbsp;<\/b><span style=\"font-weight: 400;\">Los proveedores de streaming pueden obtener informaci\u00f3n sobre cu\u00e1n utilizables y f\u00e1ciles de usar son las plataformas de streaming en l\u00ednea.<\/span><\/li>\n\n\n\n<li><b>Perspectivas del consumidor:<\/b><span style=\"font-weight: 400;\">\u00a0Focus Groups can give valuable insight into content and programming. We can also test new programming and TV show concepts.<\/span><\/li>\n\n\n\n<li><b>An\u00e1lisis competitivo:<\/b><span style=\"font-weight: 400;\">\u00a0Streaming providers can use Focus Groups to test their competitors\u2019 strategies. These insights will enable them to come up with counter-strategies.<\/span><\/li>\n\n\n\n<li><b>Informaci\u00f3n sobre oportunidades de mercado:&nbsp;<\/b><span style=\"font-weight: 400;\">Los grupos focales pueden ayudar a los proveedores a descubrir \u00e1reas de oportunidad. Oportunidad de mercado examina \u00e1reas potenciales de espacio de mercado no disputado. Este descubrimiento les ayudar\u00e1 a forjar nuevas asociaciones y nuevas oportunidades de contenido.<\/span><\/li>\n\n\n\n<li><strong>Desarrollo comunitario en l\u00ednea:<\/strong> SIS can build an active Online Insight Community where engaged customers can give feedback on new concepts and test products.<\/li>\n<\/ul>\n\n\n\n<h2 class=\"wp-block-heading\"><a href=\"https:\/\/www.sisinternational.com\/es\/about-sis\/contact-sis-international-market-research\/\">Cont\u00e1ctenos para su pr\u00f3ximo proyecto de Investigaci\u00f3n de Mercado de Streaming.<\/a><\/h2>\n\n\n\n<p><\/p>","protected":false},"excerpt":{"rendered":"<p>Descubra c\u00f3mo nuestra investigaci\u00f3n y estrategia crean ventajas para las empresas de streaming.<\/p>","protected":false},"author":1,"featured_media":63640,"parent":14514,"menu_order":39,"comment_status":"closed","ping_status":"closed","template":"","meta":{"footnotes":""},"class_list":["post-29366","page","type-page","status-publish","has-post-thumbnail"],"_links":{"self":[{"href":"https:\/\/www.sisinternational.com\/es\/wp-json\/wp\/v2\/pages\/29366","targetHints":{"allow":["GET"]}}],"collection":[{"href":"https:\/\/www.sisinternational.com\/es\/wp-json\/wp\/v2\/pages"}],"about":[{"href":"https:\/\/www.sisinternational.com\/es\/wp-json\/wp\/v2\/types\/page"}],"author":[{"embeddable":true,"href":"https:\/\/www.sisinternational.com\/es\/wp-json\/wp\/v2\/users\/1"}],"replies":[{"embeddable":true,"href":"https:\/\/www.sisinternational.com\/es\/wp-json\/wp\/v2\/comments?post=29366"}],"version-history":[{"count":6,"href":"https:\/\/www.sisinternational.com\/es\/wp-json\/wp\/v2\/pages\/29366\/revisions"}],"predecessor-version":[{"id":85007,"href":"https:\/\/www.sisinternational.com\/es\/wp-json\/wp\/v2\/pages\/29366\/revisions\/85007"}],"up":[{"embeddable":true,"href":"https:\/\/www.sisinternational.com\/es\/wp-json\/wp\/v2\/pages\/14514"}],"wp:featuredmedia":[{"embeddable":true,"href":"https:\/\/www.sisinternational.com\/es\/wp-json\/wp\/v2\/media\/63640"}],"wp:attachment":[{"href":"https:\/\/www.sisinternational.com\/es\/wp-json\/wp\/v2\/media?parent=29366"}],"curies":[{"name":"wp","href":"https:\/\/api.w.org\/{rel}","templated":true}]}}