{"id":29354,"date":"2018-12-24T20:48:22","date_gmt":"2018-12-24T20:48:22","guid":{"rendered":"https:\/\/www.sisinternational.com\/?page_id=29354"},"modified":"2026-01-25T17:09:37","modified_gmt":"2026-01-25T22:09:37","slug":"investigacion-de-mercado-en-texas","status":"publish","type":"page","link":"https:\/\/www.sisinternational.com\/es\/cobertura\/north-america\/cobertura-de-estados-unidos\/investigacion-de-mercado-en-texas\/","title":{"rendered":"Investigaci\u00f3n de mercado en Texas"},"content":{"rendered":"<h1 class=\"wp-block-heading\">Investigaci\u00f3n de mercado en Texas<\/h1>\n\n\n\n<figure class=\"gb-block-image gb-block-image-200e2e07\"><img loading=\"lazy\" decoding=\"async\" width=\"1456\" height=\"816\" class=\"gb-image gb-image-200e2e07\" src=\"https:\/\/www.sisinternational.com\/wp-content\/uploads\/2025\/09\/Austin-Texas-4-3.jpg\" alt=\"Investigaci\u00f3n y estrategia de mercado internacional de SIS\" title=\"Austin Texas 4 (3)\" srcset=\"https:\/\/www.sisinternational.com\/wp-content\/uploads\/2025\/09\/Austin-Texas-4-3.jpg 1456w, https:\/\/www.sisinternational.com\/wp-content\/uploads\/2025\/09\/Austin-Texas-4-3-300x168.jpg 300w, https:\/\/www.sisinternational.com\/wp-content\/uploads\/2025\/09\/Austin-Texas-4-3-1024x574.jpg 1024w, https:\/\/www.sisinternational.com\/wp-content\/uploads\/2025\/09\/Austin-Texas-4-3-768x430.jpg 768w, https:\/\/www.sisinternational.com\/wp-content\/uploads\/2025\/09\/Austin-Texas-4-3-18x10.jpg 18w\" sizes=\"auto, (max-width: 1456px) 100vw, 1456px\"><\/figure>\n\n\n\n<p><\/p>\n\n\n\n<h2 class=\"wp-block-heading\"><span style=\"font-weight: 400;\">La importancia de la econom\u00eda de Texas<\/span><\/h2>\n\n\n\n<p><span style=\"font-weight: 400;\">La econom\u00eda moderna de Texas es din\u00e1mica, diversa y masiva. Si el estado fuera un pa\u00eds independiente, tendr\u00eda la d\u00e9cima econom\u00eda m\u00e1s grande del mundo. Estar\u00eda por delante de la Rep\u00fablica de Corea, Brasil e India, y justo detr\u00e1s de Canad\u00e1 y Espa\u00f1a. <\/span><\/p>\n\n\n\n<p><span style=\"font-weight: 400;\">Los pueblos de Texas sol\u00edan parecerse a los retratados en las viejas pel\u00edculas del oeste. Luego vino el descubrimiento de grandes cantidades de petr\u00f3leo. Este descubrimiento desencaden\u00f3 la primera de una serie de transformaciones dram\u00e1ticas. Sigui\u00f3 el desarrollo de los ferrocarriles y luego el crecimiento de la industria algodonera. Estos cambios han convertido al Estado de la Estrella Solitaria en la potencia econ\u00f3mica que es hoy.<\/span><\/p>\n\n\n\n<p>Interestingly, Texas is promoting itself as a <a href=\"https:\/\/www.sisinternational.com\/es\/soluciones\/consultoria-de-hosteleria-y-turismo-en-viajes\/consultoria-de-turismo-cultural\/\" title=\"Consultor\u00eda de Turismo Cultural\"  data-wpil-monitor-id=\"9389\">Tourism destination and exporting its culture<\/a>.&nbsp; Now in other global cities, Texas steakhouses and Barbecue restaurants can be found.&nbsp; Austin has positioned itself as a cool, hip city for millennials.<\/p>\n\n\n\n<p><span style=\"font-weight: 400;\">Texas is increasing its importance in the US national economy. The state has mineral wealth and other resources. &nbsp;It has a large technology industry, and its service economy is growing. The state\u2019s location is also important. It is situated on the southern coast of the US and borders several Mexican states.<\/span><\/p>\n\n\n\n<h2 class=\"wp-block-heading\"><span style=\"font-weight: 400;\">Principales ciudades y centros econ\u00f3micos<\/span><\/h2>\n\n\n\n<p><span style=\"font-weight: 400;\">The largest city in Texas is Houston, with a population of approximately 2.3 million. San Antonio is the second largest city with a population of 1.5 million. The third largest is Dallas, with a population of 1.3 million. Texas\u2019 capital city, Austin, has approximately 950,000 citizens. It is the state\u2019s fourth-largest city. The fifth largest is Fort Worth, with a population of 854,000.<\/span><\/p>\n\n\n\n<h2 class=\"wp-block-heading\"><span style=\"font-weight: 400;\">Las cinco industrias m\u00e1s grandes<\/span><\/h2>\n\n\n\n<ul class=\"wp-block-list\">\n<li><b><a href=\"https:\/\/www.sisinternational.com\/es\/pericia\/industrias\/estudio-de-mercado-de-gas-licuado-de-petroleo\/\" title=\"Investigaci\u00f3n de mercado de gas licuado de petr\u00f3leo\"  data-wpil-monitor-id=\"9386\">Petr\u00f3leo y Gas Natural.<\/a> <\/b>Los trabajadores de este campo extraen gas y petr\u00f3leo que se utilizan para alimentar veh\u00edculos. Los residentes y las empresas tambi\u00e9n lo utilizan para calentar hogares y fabricar productos.<\/span><\/li>\n\n\n\n<li><b>Agricultura.<\/b><span style=\"font-weight: 400;\"> Los dos principales productos agr\u00edcolas de Texas son el algod\u00f3n y el ganado.<\/span><\/li>\n\n\n\n<li><b>Acero.<\/b><span style=\"font-weight: 400;\"> Los fabricantes producen este metal para una variedad de usos. Estas incluyen la construcci\u00f3n de puentes, la fabricaci\u00f3n de veh\u00edculos, la fabricaci\u00f3n de tuber\u00edas, el fortalecimiento de edificios y la producci\u00f3n de electrodom\u00e9sticos.<\/span><\/li>\n\n\n\n<li><b>Bancario.<\/b><span style=\"font-weight: 400;\"> Texas es el hogar de varios bancos comerciales. Tambi\u00e9n cuenta con muchas cooperativas de cr\u00e9dito y asociaciones de ahorro y pr\u00e9stamo.<\/span><\/li>\n\n\n\n<li><b>Turismo.<\/b><span style=\"font-weight: 400;\"> Debido a su belleza natural y su famosa historia, Texas tiene una econom\u00eda tur\u00edstica en auge.<\/span><\/li>\n<\/ul>\n\n\n\n<h2 class=\"wp-block-heading\"><span style=\"font-weight: 400;\">Influencia global<\/span><\/h2>\n\n\n\n<p><span style=\"font-weight: 400;\">Texas is a world dominator in the energy industry. Many sources cite Houston as the \u201cenergy capital of the world.\u201d The state also dominates the field of healthcare. The Texas Medical Centre, located in the southwest, is the largest in the world. It is home to the University of Texas Health Science Center. This center trains medical students and residents. It also includes the University of Texas M.D. Anderson Cancer Center. This Center is a <a href=\"https:\/\/www.sisinternational.com\/es\/transportistas-de-bajo-coste-en-la-industria-de-la-aviacion\/\" title=\"Investigaci\u00f3n de mercado de aerol\u00edneas de bajo costo\"  data-wpil-monitor-id=\"9378\">global leader in cancer treatment and research<\/a>.<\/span><\/p>\n\n\n\n<h2 class=\"wp-block-heading\"><span style=\"font-weight: 400;\">Beneficios de invertir en Texas<\/span><\/h2>\n\n\n\n<p><span style=\"font-weight: 400;\">Texas, often and consistently, claims top rankings as one of the best states for business in the <a href=\"https:\/\/www.sisinternational.com\/es\/cobertura\/las-americas\/cobertura-de-estados-unidos\/\" title=\"Investigaci\u00f3n de mercado en Estados Unidos\"  data-wpil-monitor-id=\"9382\">United<\/a> States. Texas also received the top score in infrastructure and economy. The state is also known for its economic strength and fair legal system. The taxes are low, and the quality of life high. Texas also has a skilled workforce.<\/span><\/p>\n\n\n\n<h2 class=\"wp-block-heading\"><span style=\"font-weight: 400;\">Oportunidades y tendencias en la econom\u00eda de Texas<\/span><\/h2>\n\n\n\n<p><span style=\"font-weight: 400;\">The Texas economy is expanding, and the energy sector continues to boom. Jobs are increasing, with the most substantial increases in the energy sector. Small <a href=\"https:\/\/www.sisinternational.com\/es\/soluciones\/innovacion\/como-escalar-un-negocio\/\" title=\"C\u00f3mo escalar un negocio | Lograr un crecimiento exponencial\"  data-wpil-monitor-id=\"9390\">business owners have reported healthy growth<\/a>. This growth is especially strong in Austin, Houston, Dallas, and Fort Worth. Entrepreneurs claim that their biggest challenge is finding enough skilled workers. They need workers to keep up with the fast pace of growth. Another problem is accessing capital to fund their investments.<\/span><\/p>\n\n\n\n<h2 class=\"wp-block-heading\"><span style=\"font-weight: 400;\">Por qu\u00e9 es importante la investigaci\u00f3n de mercado<\/span><\/h2>\n\n\n\n<p><span style=\"font-weight: 400;\">Conducting Market Research helps companies gain competitive insights. It also helps them understand consumer preferences, expectations and pain points. Market Research provides detailed insights into demographics, consumer tastes and economic shifts. It shows <a href=\"https:\/\/www.sisinternational.com\/es\/publicaciones\/comportamiento-del-comprador-despues-del-coronavirus-nuevo-consumidor\/\" title=\"Comportamiento del comprador despu\u00e9s del coronavirus \u2013 Investigaci\u00f3n de mercado del consumidor\"  data-wpil-monitor-id=\"9384\">market trends and consumer<\/a> buying patterns. <a href=\"https:\/\/www.sisinternational.com\/es\/cobertura\/las-americas\/investigacion-de-mercado-canada\/investigacion-de-mercado-nuevo-brunswick-canada\/\" title=\"Investigaci\u00f3n de mercado en Nuevo Brunswick, Canad\u00e1\"  data-wpil-monitor-id=\"4032\">Investigaci\u00f3n de oportunidades de mercado<\/a> uncovers new business opportunities and areas of uncontested marketshare.&nbsp;<\/span><\/p>\n\n\n\n<h2 class=\"wp-block-heading\">Acerca de la investigaci\u00f3n de mercado de SIS<\/h2>\n\n\n\n<p>We have over 40+ years experience in conducting Market Research in Texas.&nbsp; <a href=\"https:\/\/www.sisinternational.com\/es\/pascua-de-resurreccion-y-el-inevitable-conejito-de-chocolate\/\" title=\"Investigaci\u00f3n de mercado de Pascua\"  data-wpil-monitor-id=\"9380\">SIS conducts research<\/a> often in Austin, Dallas, Houston, San Antonio, El Paso, and Fort Worth.&nbsp; We provide:<\/p>\n\n\n\n<ul class=\"wp-block-list\">\n<li>Grupos de discusi\u00f3n<\/li>\n\n\n\n<li>Entrevistas con clientes<\/li>\n\n\n\n<li><a href=\"https:\/\/www.sisinternational.com\/es\/soluciones\/empresa-de-investigacion-de-mercado-comunitaria-en-linea-b2b\/\" title=\"Empresa de estudios de mercado de comunidades en l\u00ednea B2B\"  data-wpil-monitor-id=\"9388\">Comunidades de conocimiento en l\u00ednea<\/a><\/li>\n\n\n\n<li>Encuestas<\/li>\n\n\n\n<li>An\u00e1lisis competitivo<\/li>\n\n\n\n<li>Investigaci\u00f3n estrat\u00e9gica<\/li>\n\n\n\n<li>Evaluaciones de oportunidades de mercado, dimensionamiento y entrada<\/li>\n<\/ul>\n\n\n\n<h2 class=\"wp-block-heading\">&nbsp;<\/h2>","protected":false},"excerpt":{"rendered":"<p>Realizamos investigaciones de mercado cualitativas, cuantitativas y estrat\u00e9gicas en Texas. Aprende m\u00e1s.<\/p>","protected":false},"author":1,"featured_media":66507,"parent":19303,"menu_order":17,"comment_status":"closed","ping_status":"closed","template":"","meta":{"footnotes":""},"class_list":["post-29354","page","type-page","status-publish","has-post-thumbnail"],"_links":{"self":[{"href":"https:\/\/www.sisinternational.com\/es\/wp-json\/wp\/v2\/pages\/29354","targetHints":{"allow":["GET"]}}],"collection":[{"href":"https:\/\/www.sisinternational.com\/es\/wp-json\/wp\/v2\/pages"}],"about":[{"href":"https:\/\/www.sisinternational.com\/es\/wp-json\/wp\/v2\/types\/page"}],"author":[{"embeddable":true,"href":"https:\/\/www.sisinternational.com\/es\/wp-json\/wp\/v2\/users\/1"}],"replies":[{"embeddable":true,"href":"https:\/\/www.sisinternational.com\/es\/wp-json\/wp\/v2\/comments?post=29354"}],"version-history":[{"count":6,"href":"https:\/\/www.sisinternational.com\/es\/wp-json\/wp\/v2\/pages\/29354\/revisions"}],"predecessor-version":[{"id":81567,"href":"https:\/\/www.sisinternational.com\/es\/wp-json\/wp\/v2\/pages\/29354\/revisions\/81567"}],"up":[{"embeddable":true,"href":"https:\/\/www.sisinternational.com\/es\/wp-json\/wp\/v2\/pages\/19303"}],"wp:featuredmedia":[{"embeddable":true,"href":"https:\/\/www.sisinternational.com\/es\/wp-json\/wp\/v2\/media\/66507"}],"wp:attachment":[{"href":"https:\/\/www.sisinternational.com\/es\/wp-json\/wp\/v2\/media?parent=29354"}],"curies":[{"name":"wp","href":"https:\/\/api.w.org\/{rel}","templated":true}]}}