{"id":28407,"date":"2018-11-11T22:26:35","date_gmt":"2018-11-11T22:26:35","guid":{"rendered":"https:\/\/www.sisinternational.com\/?page_id=28407"},"modified":"2026-01-26T16:58:37","modified_gmt":"2026-01-26T21:58:37","slug":"wealth-technology-market-research","status":"publish","type":"page","link":"https:\/\/www.sisinternational.com\/es\/solutions\/fintech-strategy-consulting-research\/wealth-technology-market-research\/","title":{"rendered":"Investigaci\u00f3n de mercado de tecnolog\u00eda patrimonial"},"content":{"rendered":"<h1 class=\"wp-block-heading\">Investigaci\u00f3n de mercado de tecnolog\u00eda patrimonial<\/h1>\n\n\n\n<figure class=\"gb-block-image gb-block-image-bc7d1d8e\"><img loading=\"lazy\" decoding=\"async\" width=\"1456\" height=\"816\" class=\"gb-image gb-image-bc7d1d8e\" src=\"https:\/\/www.sisinternational.com\/wp-content\/uploads\/2025\/08\/Tech-6.jpg\" alt=\"SIS International Market Research &amp; Strategy\" title=\"Tech (6)\" srcset=\"https:\/\/www.sisinternational.com\/wp-content\/uploads\/2025\/08\/Tech-6.jpg 1456w, https:\/\/www.sisinternational.com\/wp-content\/uploads\/2025\/08\/Tech-6-300x168.jpg 300w, https:\/\/www.sisinternational.com\/wp-content\/uploads\/2025\/08\/Tech-6-1024x574.jpg 1024w, https:\/\/www.sisinternational.com\/wp-content\/uploads\/2025\/08\/Tech-6-768x430.jpg 768w, https:\/\/www.sisinternational.com\/wp-content\/uploads\/2025\/08\/Tech-6-18x10.jpg 18w\" sizes=\"auto, (max-width: 1456px) 100vw, 1456px\"><\/figure>\n\n\n\n<p><\/p>\n\n\n\n<p><span style=\"font-weight: 400;\">WealthTech, a combination of wealth and technology, is a subset of FinTech. It is growing in its role in working with the wealthy and is of particular interest to those who want to build an advisory practice. Analysts expect it to enhance the services already available for the niche. They do not expect it to supplant the need for financial advisors in the immediate future.<\/span><\/p>\n\n\n\n<h2 class=\"wp-block-heading\"><strong>\u00bfQu\u00e9 es la tecnolog\u00eda patrimonial?<\/strong><\/h2>\n\n\n\n<p><span style=\"font-weight: 400;\">Wealth technology, often referred to as &#8220;WealthTech,&#8221; represents a subset of financial technology focusing on enhancing wealth management and investment services. It encompasses a range of digital tools and platforms designed to optimize the management of personal and institutional wealth.&nbsp;<\/span><\/p>\n\n\n\n<p><span style=\"font-weight: 400;\">En esencia, la tecnolog\u00eda patrimonial tiene como objetivo democratizar el acceso a oportunidades de inversi\u00f3n y asesoramiento financiero, permitiendo que un p\u00fablico m\u00e1s amplio participe en actividades de creaci\u00f3n de riqueza que alguna vez fueron dominio exclusivo de personas adineradas e inversores institucionales. A trav\u00e9s de la investigaci\u00f3n de mercado de WealthTech, las empresas pueden obtener informaci\u00f3n sobre el comportamiento del consumidor, los panoramas competitivos y los avances tecnol\u00f3gicos, que son fundamentales para desarrollar productos y servicios centrados en el usuario.<\/span><\/p>\n\n\n\n<h2 class=\"wp-block-heading\"><strong>Importancia de la investigaci\u00f3n de mercado de WealthTech<\/strong><\/h2>\n\n\n\n<p><span style=\"font-weight: 400;\">WealthTech market research provides a clear understanding of the regulatory environment, ensuring that innovations comply with the latest financial regulations. This <a href=\"https:\/\/www.sisinternational.com\/es\/coverage\/the-americas\/market-research-canada\/market-research-in-new-brunswick\/\" title=\"Investigaci\u00f3n de mercado en Nuevo Brunswick, Canad\u00e1\"  data-wpil-monitor-id=\"4035\">research also helps identify new market<\/a> segments and opportunities for growth, allowing firms to expand their reach and diversify their offerings in a manner that resonates with emerging consumer demands.<\/span><\/p>\n\n\n\n<p><span style=\"font-weight: 400;\">Moreover, WealthTech market research is instrumental in competitive analysis. Detailed knowledge about competitors\u2019 strengths, weaknesses, and strategic moves can be the difference between leading the pack and lagging. The insights gained from this research enable companies to craft unique value propositions that distinguish their services in a crowded marketplace. In any case, it has multiple benefits for businesses, including:&nbsp;<\/span><\/p>\n\n\n\n<p><b> \u2022 Mitigaci\u00f3n de riesgos:<\/b><span style=\"font-weight: 400;\"> This research helps companies prepare for and mitigate risks by identifying potential threats and forecasting market shifts. Proactive risk management is critical in the volatile realm of finance.<\/span><\/p>\n\n\n\n<p><b> \u2022 Avances tecnol\u00f3gicos: <\/b>Wealth <a class=\"wpil_keyword_link\" href=\"https:\/\/www.sisinternational.com\/es\/solutions\/innovation\/technology-intelligence\/\"   title=\"Investigaci\u00f3n de Mercados de Tecnolog\u00eda y TI\" data-wpil-keyword-link=\"linked\"  data-wpil-monitor-id=\"762\">technology market research<\/a> simplifies keeping abreast of cutting-edge technologies<span style=\"font-weight: 400;\">. Companies can discern which innovations will be disruptive and how to integrate them into their current operations to stay ahead of the curve.<\/span><\/p>\n\n\n\n<p><b> \u2022 Ventaja competitiva: <\/b>WealthTech market research provides the intelligence needed to carve out a unique market position in a fiercely competitive landscape<span style=\"font-weight: 400;\">. Knowledge about competitors and industry benchmarks enables companies to develop strategies differentiating their services.<\/span><\/p>\n\n\n\n<p><b> \u2022 Cumplimiento normativo:<\/b><span style=\"font-weight: 400;\"> A medida que los marcos regulatorios evolucionan, cumplirlos es crucial. La investigaci\u00f3n de mercado ofrece informaci\u00f3n sobre las tendencias regulatorias, ayudando a las empresas a navegar por las complejidades del cumplimiento y evitar posibles obst\u00e1culos legales.<\/span><\/p>\n\n\n\n<p><b> \u2022 Asociaciones estrat\u00e9gicas:<\/b><span style=\"font-weight: 400;\"> La investigaci\u00f3n de mercado de WealthTech puede identificar oportunidades de colaboraci\u00f3n que pueden conducir a nuevas v\u00edas comerciales u ofertas de servicios mejoradas.<\/span><\/p>\n\n\n\n<h2 class=\"wp-block-heading\">Por qu\u00e9 utilizar WealthTech<\/h2>\n\n\n\n<figure class=\"gb-block-image gb-block-image-114ece7b\"><img loading=\"lazy\" decoding=\"async\" width=\"1456\" height=\"816\" class=\"gb-image gb-image-114ece7b\" src=\"https:\/\/www.sisinternational.com\/wp-content\/uploads\/2025\/08\/Tech-20.jpg\" alt=\"SIS International Market Research &amp; Strategy\" title=\"Tech (20)\" srcset=\"https:\/\/www.sisinternational.com\/wp-content\/uploads\/2025\/08\/Tech-20.jpg 1456w, https:\/\/www.sisinternational.com\/wp-content\/uploads\/2025\/08\/Tech-20-300x168.jpg 300w, https:\/\/www.sisinternational.com\/wp-content\/uploads\/2025\/08\/Tech-20-1024x574.jpg 1024w, https:\/\/www.sisinternational.com\/wp-content\/uploads\/2025\/08\/Tech-20-768x430.jpg 768w, https:\/\/www.sisinternational.com\/wp-content\/uploads\/2025\/08\/Tech-20-18x10.jpg 18w\" sizes=\"auto, (max-width: 1456px) 100vw, 1456px\"><\/figure>\n\n\n\n<p><\/p>\n\n\n\n<p><span style=\"font-weight: 400;\">Can computers replace humans and give sound financial advice? Financial investment advisors often have minimum asset requirements of $500,000 or more. These requirements put them out of the reach of younger and lower-net-worth individuals. Persons in these categories have to go the DIY route, which may not always be workable or advisable. <\/span><\/p>\n\n\n\n<p><span style=\"font-weight: 400;\">Robo-advisors can remove the expensive middleman and automate key processes. They level the playing field so anyone can join in. Of course, there are a few cons. A financial advisor can provide insights that a robot cannot. Human advisors are also better at helping investors set lifetime goals and strategies. Still, WealthTech&#8217;s ease of use and low-cost threshold make it an excellent tool for investors.<\/span><\/p>\n\n\n\n<h3 class=\"wp-block-heading\">Inteligencia artificial en WealthTech<\/h3>\n\n\n\n<p><span style=\"font-weight: 400;\">There are many opportunities to use AI in wealth management. Asset managers and financial advisors use its profiling systems and portfolio management tools. Wealth management firms also use chatbots on their websites. Each firm must decide how much it will use AI, depending on the task. In this way, firms can prevent over-reliance on computer models.<\/span><\/p>\n\n\n\n<h3 class=\"wp-block-heading\">Innovaci\u00f3n digital en WealthTech<\/h3>\n\n\n\n<p><span style=\"font-weight: 400;\">There is digital innovation in WealthTech. One of these innovations is distributed ledger (blockchain) technology. Wealth management companies use this technology for smart contracts and real-time settlement mechanisms. Distributed ledgers have other applications, such as storing preferences and personal information. WealthTech companies can also use it to store digital footprints. These ledgers are also suitable for storing account details, and net worth.<\/span><\/p>\n\n\n\n<h2 class=\"wp-block-heading\"><strong>\u00bfQui\u00e9n utiliza la investigaci\u00f3n de mercado de tecnolog\u00eda patrimonial?<\/strong><\/h2>\n\n\n\n<p><span style=\"font-weight: 400;\">Banks, credit unions, and other lending organizations use wealth <a href=\"https:\/\/www.sisinternational.com\/es\/automotive-technology-market\/\" title=\"Investigaci\u00f3n de mercado de tecnolog\u00eda automotriz\"  data-wpil-monitor-id=\"3575\">technology market research<\/a> to enhance their product offerings, improve customer service, and develop new banking technologies that cater to their clients&#8217; evolving needs.<\/span><\/p>\n\n\n\n<p><span style=\"font-weight: 400;\">Similarly, new entrants in the finance <a href=\"https:\/\/www.sisinternational.com\/es\/expertise\/industries\/space-mining-market-research\/\" title=\"Investigaci\u00f3n de mercado de miner\u00eda espacial\"  data-wpil-monitor-id=\"6318\">space rely heavily on WealthTech market research<\/a> to identify niches, understand regulatory requirements, and craft innovative solutions that disrupt traditional financial models.<\/span><\/p>\n\n\n\n<p><span style=\"font-weight: 400;\">Los reguladores y formuladores de pol\u00edticas tambi\u00e9n se benefician de la investigaci\u00f3n de mercado de WealthTech, ya que les ayuda a comprender el impacto de las nuevas tecnolog\u00edas en el sistema financiero y los orienta en la creaci\u00f3n de pol\u00edticas que fomenten la innovaci\u00f3n y al mismo tiempo protejan a los consumidores.<\/span><\/p>\n\n\n\n<h2 class=\"wp-block-heading\"><strong>Investigaci\u00f3n de mercado WealthTech versus investigaci\u00f3n de mercado tradicional<\/strong><\/h2>\n\n\n\n<figure class=\"gb-block-image gb-block-image-ba2b6e41\"><img loading=\"lazy\" decoding=\"async\" width=\"1456\" height=\"816\" class=\"gb-image gb-image-ba2b6e41\" src=\"https:\/\/www.sisinternational.com\/wp-content\/uploads\/2025\/08\/Fintech-1.jpg\" alt=\"SIS International Market Research &amp; Strategy\" title=\"Fintech (1)\" srcset=\"https:\/\/www.sisinternational.com\/wp-content\/uploads\/2025\/08\/Fintech-1.jpg 1456w, https:\/\/www.sisinternational.com\/wp-content\/uploads\/2025\/08\/Fintech-1-300x168.jpg 300w, https:\/\/www.sisinternational.com\/wp-content\/uploads\/2025\/08\/Fintech-1-1024x574.jpg 1024w, https:\/\/www.sisinternational.com\/wp-content\/uploads\/2025\/08\/Fintech-1-768x430.jpg 768w, https:\/\/www.sisinternational.com\/wp-content\/uploads\/2025\/08\/Fintech-1-18x10.jpg 18w\" sizes=\"auto, (max-width: 1456px) 100vw, 1456px\"><\/figure>\n\n\n\n<p><\/p>\n\n\n\n<p><span style=\"font-weight: 400;\">Traditional market research covers a broad spectrum of industries and consumer behaviors. In contrast, wealth <a href=\"https:\/\/www.sisinternational.com\/es\/expertise\/industries\/medical-technology-med-tech-market-research\/\" title=\"Investigaci\u00f3n de mercado de tecnolog\u00eda m\u00e9dica (Med Tech)\"  data-wpil-monitor-id=\"3772\">technology market research<\/a> focuses on the financial sector, emphasising technological advancements and their implications for wealth management.<\/span><\/p>\n\n\n\n<p><span style=\"font-weight: 400;\">Additionally, WealthTech market research delves into these regulations more deeply than traditional research, ensuring that any findings are relevant and applicable within the financial industry&#8217;s legal framework.<\/span><\/p>\n\n\n\n<p><span style=\"font-weight: 400;\">Unlike traditional <a href=\"https:\/\/www.sisinternational.com\/es\/expertise\/industries\/fashion-technology-market-research\/\" title=\"Investigaci\u00f3n de mercado de tecnolog\u00eda de la moda\"  data-wpil-monitor-id=\"5960\">market research, which may consider technology<\/a> one of many factors, WealthTech market research places technology at the center stage. It closely examines emerging technologies like artificial intelligence, blockchain, and data analytics and their specific impact on the wealth management sector.<\/span><\/p>\n\n\n\n<h2 class=\"wp-block-heading\"><strong>Qu\u00e9 esperar de la investigaci\u00f3n de mercado de tecnolog\u00eda patrimonial<\/strong><\/h2>\n\n\n\n<p><span style=\"font-weight: 400;\">Al profundizar en la investigaci\u00f3n de mercado de WealthTech, las partes interesadas pueden anticipar un an\u00e1lisis integral que ofrece una multitud de conocimientos estrat\u00e9gicos, que incluyen:<\/span><\/p>\n\n\n\n<p><b>An\u00e1lisis de tendencia:<\/b><\/p>\n\n\n\n<p><span style=\"font-weight: 400;\">Businesses can expect to uncover prevailing trends within the wealth technology landscape. This includes shifts in consumer behavior, adoption rates of different technologies, and the emergence of new business models shaping wealth management&#8217;s future.<\/span><\/p>\n\n\n\n<p><b>Inteligencia competitiva:<\/b><\/p>\n\n\n\n<p><span style=\"font-weight: 400;\">La investigaci\u00f3n de mercado de WealthTech proporciona una comprensi\u00f3n profunda del entorno competitivo. Identifica actores clave, su participaci\u00f3n de mercado, iniciativas estrat\u00e9gicas y \u00e1reas potenciales donde su empresa puede obtener una ventaja competitiva.<\/span><\/p>\n\n\n\n<p><b>Segmentaci\u00f3n de clientes:<\/b><\/p>\n\n\n\n<p><span style=\"font-weight: 400;\">Esta investigaci\u00f3n ofrece detalles granulares sobre varios segmentos de clientes, incluidos datos demogr\u00e1ficos, psicogr\u00e1ficos y de comportamiento. Estos conocimientos son invaluables para adaptar productos y servicios para satisfacer las necesidades espec\u00edficas de diferentes grupos de clientes.<\/span><\/p>\n\n\n\n<p><b>Previsiones de mercado:<\/b><\/p>\n\n\n\n<p><span style=\"font-weight: 400;\">Las partes interesadas recibir\u00e1n pron\u00f3sticos sobre el crecimiento del mercado, posibles interrupciones y otros desarrollos futuros que podr\u00edan afectar sus estrategias comerciales.<\/span><\/p>\n\n\n\n<p><b>Eficiencias operativas:<\/b><\/p>\n\n\n\n<p><span style=\"font-weight: 400;\">The research will also focus on insights into how wealth technology can streamline operations, reduce costs, and enhance productivity.<\/span><\/p>\n\n\n\n<h2 class=\"wp-block-heading\"><strong>Tendencias actuales en la investigaci\u00f3n de mercado de WealthTech<\/strong><\/h2>\n\n\n\n<p><span style=\"font-weight: 400;\">Es fundamental mantenerse al tanto de las \u00faltimas tendencias que impulsan la innovaci\u00f3n e influyen en las decisiones de inversi\u00f3n dentro del sector (y estas son algunas de las corrientes predominantes en la actualidad):<\/span><\/p>\n\n\n\n<p><b> \u2022 Mayor demanda de personalizaci\u00f3n: <\/b><span style=\"font-weight: 400;\">Existe una tendencia creciente hacia soluciones personalizadas de gesti\u00f3n patrimonial que se adapten a los objetivos financieros individuales y al apetito por el riesgo.&nbsp;<\/span><\/p>\n\n\n\n<p><b> \u2022 Aumento de los Robo-Advisors:<\/b><span style=\"font-weight: 400;\"> La proliferaci\u00f3n de robo-advisors sigue siendo una tendencia importante, y la investigaci\u00f3n de mercado de WealthTech explora su impacto en los servicios de asesoramiento tradicionales y c\u00f3mo est\u00e1n remodelando las expectativas de los clientes.<\/span><\/p>\n\n\n\n<p><b> \u2022 Aplicaci\u00f3n de cadena de bloques:<\/b><span style=\"font-weight: 400;\"> La tecnolog\u00eda Blockchain est\u00e1 siendo monitoreada de cerca por su potencial para revolucionar aspectos de la gesti\u00f3n patrimonial, incluidas las transacciones seguras y el mantenimiento de registros transparente.<\/span><\/p>\n\n\n\n<p><b> \u2022 IA y aprendizaje autom\u00e1tico:<\/b><span style=\"font-weight: 400;\"> La inteligencia artificial y el aprendizaje autom\u00e1tico est\u00e1n a la vanguardia del an\u00e1lisis predictivo, la evaluaci\u00f3n de riesgos y los procesos automatizados de toma de decisiones.&nbsp;<\/span><\/p>\n\n\n\n<p><b>\u2022 Tecnolog\u00eda Regulatoria (RegTech): <\/b>The financial industry faces stringent regulatory requirements, which has increased the<span style=\"font-weight: 400;\">&nbsp;focus on RegTech solutions that can help firms comply efficiently and cost-effectively.<\/span><\/p>\n\n\n\n<h2 class=\"wp-block-heading\">Acerca de SIS FinTech Consultor\u00eda de Investigaci\u00f3n y Estrategia<\/h2>\n\n\n\n<p><a href=\"https:\/\/www.linkedin.com\/company\/sisinternationalresearch\/posts\/?feedView=all\" target=\"_blank\" rel=\"noopener\">SIS FinTech<\/a> provides comprehensive Market Research and Strategy Consulting solutions worldwide.&nbsp; We assist small, medium, and large financial organizations with data, insights, tools, and strategies to navigate digital disruption and capture new opportunities.&nbsp; Our key solutions include:<\/p>\n\n\n\n<ul class=\"wp-block-list\">\n<li>Oportunidad de mercado y entrada<\/li>\n\n\n\n<li>Identificaci\u00f3n de oportunidades de fusiones y adquisiciones<\/li>\n\n\n\n<li>Estrategia de comercializaci\u00f3n<\/li>\n\n\n\n<li>An\u00e1lisis competitivo<\/li>\n\n\n\n<li>Seguimiento de la industria<\/li>\n\n\n\n<li>Investigaci\u00f3n sobre los consumidores<\/li>\n<\/ul>\n\n\n\n<h2 class=\"wp-block-heading\">Nuestra ubicaci\u00f3n de instalaciones en Nueva York<\/h2>\n\n\n\n<p>\n\n\n\n<iframe loading=\"lazy\" src=\"https:\/\/www.google.com\/maps\/embed?pb=!1m18!1m12!1m3!1d3022.976188376966!2d-73.99130312499956!3d40.740549471389315!2m3!1f0!2f0!3f0!3m2!1i1024!2i768!4f13.1!3m3!1m2!1s0x89c259a15798c731%3A0xd695d09bdd495f25!2s11%20E%2022nd%20St%20FL%202%2C%20New%20York%2C%20NY%2010010%2C%20USA!5e0!3m2!1sen!2spe!4v1726171763526!5m2!1sen!2spe\" width=\"600\" height=\"450\" allowfullscreen=\"allowfullscreen\" data-mce-fragment=\"1\"><\/iframe>\n\n\n\n<\/p>\n\n\n\n<h3 class=\"wp-block-heading\">11 E 22nd Street, piso 2, Nueva York, NY 10010 T: +1(212) 505-6805<\/h3>\n\n\n\n<hr class=\"wp-block-separator has-alpha-channel-opacity\"\/>\n\n\n\n<h2 class=\"wp-block-heading\"><span style=\"font-weight: 400;\">Acerca de SIS Internacional<\/span><\/h2>\n\n\n\n<p><a href=\"https:\/\/www.sisinternational.com\/es\/\"><span style=\"font-weight: 400;\">SIS Internacional<\/span><\/a><span style=\"font-weight: 400;\"> ofrece investigaci\u00f3n cuantitativa, cualitativa y estrat\u00e9gica. Proporcionamos datos, herramientas, estrategias, informes y conocimientos para la toma de decisiones. Tambi\u00e9n realizamos entrevistas, encuestas, grupos focales y otros m\u00e9todos y enfoques de investigaci\u00f3n de mercado.<\/span><a href=\"https:\/\/www.sisinternational.com\/es\/about-sis-international-research\/contact-sis-international-market-research\/\"><span style=\"font-weight: 400;\"> P\u00f3ngase en contacto con nosotros<\/span><\/a><span style=\"font-weight: 400;\"> para su pr\u00f3ximo proyecto de Investigaci\u00f3n de Mercado.<\/span><\/p>\n\n\n\n<p><\/p>","protected":false},"excerpt":{"rendered":"<p>SIS FinTech ofrece soluciones integrales de consultor\u00eda estrat\u00e9gica e investigaci\u00f3n de mercado de tecnolog\u00eda patrimonial en todo el mundo. Obtenga m\u00e1s informaci\u00f3n sobre RoboAdvisors y WealthTech.<\/p>","protected":false},"author":1,"featured_media":62723,"parent":27462,"menu_order":13,"comment_status":"closed","ping_status":"closed","template":"","meta":{"footnotes":""},"class_list":["post-28407","page","type-page","status-publish","has-post-thumbnail"],"_links":{"self":[{"href":"https:\/\/www.sisinternational.com\/es\/wp-json\/wp\/v2\/pages\/28407","targetHints":{"allow":["GET"]}}],"collection":[{"href":"https:\/\/www.sisinternational.com\/es\/wp-json\/wp\/v2\/pages"}],"about":[{"href":"https:\/\/www.sisinternational.com\/es\/wp-json\/wp\/v2\/types\/page"}],"author":[{"embeddable":true,"href":"https:\/\/www.sisinternational.com\/es\/wp-json\/wp\/v2\/users\/1"}],"replies":[{"embeddable":true,"href":"https:\/\/www.sisinternational.com\/es\/wp-json\/wp\/v2\/comments?post=28407"}],"version-history":[{"count":18,"href":"https:\/\/www.sisinternational.com\/es\/wp-json\/wp\/v2\/pages\/28407\/revisions"}],"predecessor-version":[{"id":79903,"href":"https:\/\/www.sisinternational.com\/es\/wp-json\/wp\/v2\/pages\/28407\/revisions\/79903"}],"up":[{"embeddable":true,"href":"https:\/\/www.sisinternational.com\/es\/wp-json\/wp\/v2\/pages\/27462"}],"wp:featuredmedia":[{"embeddable":true,"href":"https:\/\/www.sisinternational.com\/es\/wp-json\/wp\/v2\/media\/62723"}],"wp:attachment":[{"href":"https:\/\/www.sisinternational.com\/es\/wp-json\/wp\/v2\/media?parent=28407"}],"curies":[{"name":"wp","href":"https:\/\/api.w.org\/{rel}","templated":true}]}}