{"id":27866,"date":"2018-09-11T05:08:35","date_gmt":"2018-09-11T05:08:35","guid":{"rendered":"https:\/\/www.sisinternational.com\/?page_id=27866"},"modified":"2025-09-03T18:51:14","modified_gmt":"2025-09-03T22:51:14","slug":"traduccion-y-transcripcion-de-chino-mandarin","status":"publish","type":"page","link":"https:\/\/www.sisinternational.com\/es\/soluciones\/traduccion-y-transcripcion\/traduccion-y-transcripcion-de-chino-mandarin\/","title":{"rendered":"Traducci\u00f3n y transcripci\u00f3n de chino mandar\u00edn"},"content":{"rendered":"<h1 class=\"wp-block-heading p1\"><span class=\"s1\">Traducci\u00f3n y transcripci\u00f3n de chino mandar\u00edn<\/span><\/h1>\n\n\n\n<figure class=\"gb-block-image gb-block-image-702ace61\"><img loading=\"lazy\" decoding=\"async\" width=\"1456\" height=\"816\" class=\"gb-image gb-image-702ace61\" src=\"https:\/\/www.sisinternational.com\/wp-content\/uploads\/2025\/09\/Market-Entry-Consulting-in-China-4.jpg\" alt=\"Investigaci\u00f3n y estrategia de mercado internacional de SIS\" title=\"Market Entry Consulting in China (4)\" srcset=\"https:\/\/www.sisinternational.com\/wp-content\/uploads\/2025\/09\/Market-Entry-Consulting-in-China-4.jpg 1456w, https:\/\/www.sisinternational.com\/wp-content\/uploads\/2025\/09\/Market-Entry-Consulting-in-China-4-300x168.jpg 300w, https:\/\/www.sisinternational.com\/wp-content\/uploads\/2025\/09\/Market-Entry-Consulting-in-China-4-1024x574.jpg 1024w, https:\/\/www.sisinternational.com\/wp-content\/uploads\/2025\/09\/Market-Entry-Consulting-in-China-4-768x430.jpg 768w, https:\/\/www.sisinternational.com\/wp-content\/uploads\/2025\/09\/Market-Entry-Consulting-in-China-4-18x10.jpg 18w\" sizes=\"auto, (max-width: 1456px) 100vw, 1456px\"><\/figure>\n\n\n\n<p><\/p>\n\n\n\n<hr class=\"wp-block-separator has-alpha-channel-opacity is-style-dots\"\/>\n\n\n\n<p class=\"p2\"><span class=\"s1\">Aproximadamente 16% de la poblaci\u00f3n mundial habla chino como primer idioma. Esa cifra comprende casi 1.200 millones de personas. Casi mil millones de personas hablan mandar\u00edn, la variante m\u00e1s com\u00fan. El chino est\u00e1ndar es el dialecto mandar\u00edn de Beijing. Es el idioma oficial de China. Las Naciones Unidas lo reconocen como idioma oficial. El chino est\u00e1ndar goza de estatus de idioma oficial en Taiw\u00e1n, Singapur, Hong Kong y Macao.<\/span><\/p>\n\n\n\n<h2 class=\"wp-block-heading p3\"><span class=\"s1\">Importancia econ\u00f3mica de la China de habla mandar\u00edn<\/span><\/h2>\n\n\n\n<p class=\"p4\"><span class=\"s1\">China tiene ahora la econom\u00eda de m\u00e1s r\u00e1pido crecimiento de todas las principales econom\u00edas del mundo. Es la segunda econom\u00eda m\u00e1s grande del mundo. \u201cHecho en China\u201d es una realidad. China se ha convertido en la f\u00e1brica del mundo y est\u00e1 ascendiendo en la cadena alimentaria tecnol\u00f3gica. Saber chino puede dar a los candidatos una ventaja a la hora de entrevistarse para un puesto. Hay grandes comunidades chinas en todo el mundo. Comprender el idioma puede proporcionar a las empresas una ventaja competitiva.<\/span><\/p>\n\n\n\n<p class=\"p2\"><span class=\"s1\">The Chinese business segment encompasses everything. China produces engineers, IT specialists, pharmaceuticals, technology, automobiles, and consumer goods. The Chinese business segment is a goliath in the international world of business. Being able to communicate with the major players in the Chinese language is crucial. It can help establish a company as a leader in any field. China is a role-player that will continue to strengthen and expand. Fluency in Mandarin is an essential component for the future <a href=\"https:\/\/www.sisinternational.com\/es\/predictive-analytics\/\" title=\"Predictive Analytics: Your Crystal Ball for Business Success\"  data-wpil-monitor-id=\"6154\">success of any business<\/a>.<\/span><\/p>\n\n\n\n<h2 class=\"wp-block-heading p3\"><span class=\"s1\">\u00bfQu\u00e9 es la transcripci\u00f3n?<\/span><\/h2>\n\n\n\n<p class=\"p4\"><span class=\"s1\">Knowledge of Mandarin is the best practice. However, <a href=\"https:\/\/www.sisinternational.com\/es\/soluciones\/traduccion-y-transcripcion\/servicios-de-traduccion-y-transcripcion-de-aleman\/\" title=\"Servicios de traducci\u00f3n y transcripci\u00f3n de alem\u00e1n\"  data-wpil-monitor-id=\"6151\">transcription and translation services<\/a> are a viable alternative. Transcription is the conversion of spoken words into writing. Here at SIS Research, we can take your Chinese audio file and transcribe it into words in a document. We also do direct translation. In this scenario, we transcribe the words from your audio file into English.<\/span><\/p>\n\n\n\n<p class=\"p2\"><span class=\"s1\">So what\u2019s the difference between <a href=\"https:\/\/www.sisinternational.com\/es\/soluciones\/traduccion-y-transcripcion\/servicios-de-traduccion-y-transcripcion-de-espanol\/\" title=\"Traducci\u00f3n y transcripci\u00f3n de espa\u00f1ol\"  data-wpil-monitor-id=\"6155\">transcription and translation<\/a>? Transcriptionists make a written file from spoken words. Translators convert those words into another language. For example, we offer transcription services. We take your Chinese speeches, interviews, and other audio files, and write each word in a document. However, our Mandarin to English transcription is, in essence, a translation service. With this type of transcription, we convert the spoken words into another language.<\/span><\/p>\n\n\n\n<h2 class=\"wp-block-heading p3\"><span class=\"s1\">Transcripci\u00f3n de mandar\u00edn a mandar\u00edn<\/span><\/h2>\n\n\n\n<p class=\"p2\"><span class=\"s1\">Documentation of meetings is becoming an essential feature of international commerce. Accuracy and speech to text quality are crucial to business service users. Our transcription team helps organizations from small-scale enterprises to top-tier multinationals. We offer <a href=\"https:\/\/www.sisinternational.com\/es\/soluciones\/investigacion-de-consultoria-estrategica-fintech\/investigacion-de-mercado-de-la-industria-de-servicios-financieros\/\" title=\"Investigaci\u00f3n de mercado de la industria de servicios financieros\"  data-wpil-monitor-id=\"6152\">services across a wide range of industries<\/a>. These <a href=\"https:\/\/www.sisinternational.com\/es\/soluciones\/investigacion-de-mercado-de-ia-y-consultoria-estrategica\/tecnologia-industria-automatizacion-inteligencia-artificial-consultoria\/\" title=\"Consultor\u00eda en Inteligencia Artificial y Automatizaci\u00f3n de la Industria Tecnol\u00f3gica\"  data-wpil-monitor-id=\"6153\">industries include technology<\/a>, fund management, education, consultancy, and investment holdings.<\/span><\/p>\n\n\n\n<h2 class=\"wp-block-heading p3\"><span class=\"s1\">Transcripci\u00f3n del mandar\u00edn al ingl\u00e9s<\/span><\/h2>\n\n\n\n<figure class=\"gb-block-image gb-block-image-0af61bb9\"><img loading=\"lazy\" decoding=\"async\" width=\"1456\" height=\"816\" class=\"gb-image gb-image-0af61bb9\" src=\"https:\/\/www.sisinternational.com\/wp-content\/uploads\/2025\/09\/Market-Entry-Consulting-in-China-2.jpg\" alt=\"Investigaci\u00f3n y estrategia de mercado internacional de SIS\" title=\"Market Entry Consulting in China (2)\" srcset=\"https:\/\/www.sisinternational.com\/wp-content\/uploads\/2025\/09\/Market-Entry-Consulting-in-China-2.jpg 1456w, https:\/\/www.sisinternational.com\/wp-content\/uploads\/2025\/09\/Market-Entry-Consulting-in-China-2-300x168.jpg 300w, https:\/\/www.sisinternational.com\/wp-content\/uploads\/2025\/09\/Market-Entry-Consulting-in-China-2-1024x574.jpg 1024w, https:\/\/www.sisinternational.com\/wp-content\/uploads\/2025\/09\/Market-Entry-Consulting-in-China-2-768x430.jpg 768w, https:\/\/www.sisinternational.com\/wp-content\/uploads\/2025\/09\/Market-Entry-Consulting-in-China-2-18x10.jpg 18w\" sizes=\"auto, (max-width: 1456px) 100vw, 1456px\"><\/figure>\n\n\n\n<p><\/p>\n\n\n\n<p class=\"p4\"><span class=\"s1\">Desde el siglo XVII, los ling\u00fcistas han luchado con el idioma mandar\u00edn. Han hecho m\u00e1s de dos docenas de esfuerzos para crear paralelos con las lenguas occidentales. Esta tarea es laboriosa porque los chinos utilizan s\u00edmbolos para representar palabras. No utilizan letras como lo hacen los occidentales. El chino es un idioma complicado. Sin embargo, utilizamos transcriptores que dominan ambos idiomas. Esta pr\u00e1ctica garantiza la precisi\u00f3n de su traducci\u00f3n.<\/span><\/p>\n\n\n\n<p class=\"p2\"><span class=\"s1\">Nos dedicamos a la transcripci\u00f3n general. Las habilidades esenciales para la transcripci\u00f3n general son la comprensi\u00f3n verbal y escrita. Nos aseguramos de que nuestros transcriptores sean inteligentes, buenos oyentes, responsables e informados. Tienen excelentes habilidades de ortograf\u00eda y gram\u00e1tica. La demanda de esta categor\u00eda ha ido creciendo. Este aumento se produjo a medida que las empresas se globalizan a un ritmo sin precedentes.<\/span><\/p>\n\n\n\n<h2 class=\"wp-block-heading p3\"><span class=\"s1\">Importancia de los matices culturales en la transcripci\u00f3n y traducci\u00f3n<\/span><\/h2>\n\n\n\n<p class=\"p4\"><span class=\"s1\">La transcripci\u00f3n implica mucho m\u00e1s que intercambiar palabras de un idioma a otro. Existen transcripciones inform\u00e1ticas, pero ning\u00fan software puede tener en cuenta los matices culturales. Los ling\u00fcistas a menudo se enfrentan a modismos, coloquialismos y cosas por el estilo. El transcriptor debe dominar ambos idiomas para evitar un paso en falso cultural. En SIS Research solucionamos ese problema por ti. <\/span><\/p>\n\n\n\n<p class=\"p4\"><span class=\"s1\"><a href=\"https:\/\/www.sisinternational.com\/es\/soluciones\/traduccion-y-transcripcion\/\" title=\"Servicios de traducci\u00f3n y transcripci\u00f3n\"  data-wpil-monitor-id=\"6156\">Transcription is a hybrid of translation<\/a> and interpretation. Our linguists have all the skills required for accurate transcription. They are familiar with various Mandarin accents. They also have excellent listening comprehension skills. We ensure that they pay keen attention to detail. They must also have a strong command of colloquialism in both languages. Your business dealings are too sensitive to take chances with transcription and translation. Let SIS Research handle these aspects of your commerce. You can then focus on doing what it takes to make your business successful. <span class=\"Apple-converted-space\">&nbsp;<\/span><\/span><\/p>\n\n\n\n<h2 class=\"wp-block-heading\">Nuestra ubicaci\u00f3n de instalaciones en Nueva York<\/h2>\n\n\n\n<p>\n\n\n\n<iframe loading=\"lazy\" src=\"https:\/\/www.google.com\/maps\/embed?pb=!1m18!1m12!1m3!1d3022.976188376966!2d-73.99130312499956!3d40.740549471389315!2m3!1f0!2f0!3f0!3m2!1i1024!2i768!4f13.1!3m3!1m2!1s0x89c259a15798c731%3A0xd695d09bdd495f25!2s11%20E%2022nd%20St%20FL%202%2C%20New%20York%2C%20NY%2010010%2C%20USA!5e0!3m2!1sen!2spe!4v1726171763526!5m2!1sen!2spe\" width=\"600\" height=\"450\" allowfullscreen=\"allowfullscreen\" data-mce-fragment=\"1\"><\/iframe>\n\n\n\n<\/p>\n\n\n\n<h3 class=\"wp-block-heading\">11 E 22nd Street, piso 2, Nueva York, NY 10010 T: +1(212) 505-6805<\/h3>\n\n\n\n<hr class=\"wp-block-separator has-alpha-channel-opacity\"\/>\n\n\n\n<h2 class=\"wp-block-heading\"><span style=\"font-weight: 400;\">Acerca de SIS Internacional<\/span><\/h2>\n\n\n\n<p><a href=\"https:\/\/www.sisinternational.com\/es\/\"><span style=\"font-weight: 400;\">SIS Internacional<\/span><\/a><span style=\"font-weight: 400;\"> offers Quantitative, Qualitative, and Strategy Research. We provide data, tools, strategies, reports, and insights for decision-making. We also conduct interviews, surveys, focus groups, and other <a href=\"https:\/\/www.sisinternational.com\/es\/quantitative-market-research-methods-and-techniques\/\" title=\"Quantitative Market Research Methods and Techniques\"  data-wpil-monitor-id=\"6150\">Market Research methods<\/a> and approaches.<\/span><a href=\"https:\/\/www.sisinternational.com\/es\/sobre-la-investigacion-internacional-de-sis\/contact-sis-international-market-research\/\"><span style=\"font-weight: 400;\"> P\u00f3ngase en contacto con nosotros<\/span><\/a><span style=\"font-weight: 400;\"> para su pr\u00f3ximo proyecto de Investigaci\u00f3n de Mercado.<\/span><\/p>\n\n\n\n<p>&nbsp;<\/p>","protected":false},"excerpt":{"rendered":"<p>El chino mandar\u00edn es el idioma m\u00e1s hablado en todo el mundo. Obtenga m\u00e1s informaci\u00f3n sobre los servicios de traducci\u00f3n y transcripci\u00f3n de chino mandar\u00edn de SIS.<\/p>","protected":false},"author":1,"featured_media":65710,"parent":27891,"menu_order":2,"comment_status":"closed","ping_status":"closed","template":"","meta":{"footnotes":""},"class_list":["post-27866","page","type-page","status-publish","has-post-thumbnail"],"_links":{"self":[{"href":"https:\/\/www.sisinternational.com\/es\/wp-json\/wp\/v2\/pages\/27866","targetHints":{"allow":["GET"]}}],"collection":[{"href":"https:\/\/www.sisinternational.com\/es\/wp-json\/wp\/v2\/pages"}],"about":[{"href":"https:\/\/www.sisinternational.com\/es\/wp-json\/wp\/v2\/types\/page"}],"author":[{"embeddable":true,"href":"https:\/\/www.sisinternational.com\/es\/wp-json\/wp\/v2\/users\/1"}],"replies":[{"embeddable":true,"href":"https:\/\/www.sisinternational.com\/es\/wp-json\/wp\/v2\/comments?post=27866"}],"version-history":[{"count":5,"href":"https:\/\/www.sisinternational.com\/es\/wp-json\/wp\/v2\/pages\/27866\/revisions"}],"predecessor-version":[{"id":79754,"href":"https:\/\/www.sisinternational.com\/es\/wp-json\/wp\/v2\/pages\/27866\/revisions\/79754"}],"up":[{"embeddable":true,"href":"https:\/\/www.sisinternational.com\/es\/wp-json\/wp\/v2\/pages\/27891"}],"wp:featuredmedia":[{"embeddable":true,"href":"https:\/\/www.sisinternational.com\/es\/wp-json\/wp\/v2\/media\/65710"}],"wp:attachment":[{"href":"https:\/\/www.sisinternational.com\/es\/wp-json\/wp\/v2\/media?parent=27866"}],"curies":[{"name":"wp","href":"https:\/\/api.w.org\/{rel}","templated":true}]}}