{"id":27856,"date":"2018-09-11T03:42:51","date_gmt":"2018-09-11T03:42:51","guid":{"rendered":"https:\/\/www.sisinternational.com\/?page_id=27856"},"modified":"2026-03-22T03:04:10","modified_gmt":"2026-03-22T07:04:10","slug":"sistemas-de-gestion-del-aprendizaje-lms-investigacion-de-mercado","status":"publish","type":"page","link":"https:\/\/www.sisinternational.com\/es\/education-market-research\/sistemas-de-gestion-del-aprendizaje-lms-investigacion-de-mercado\/","title":{"rendered":"Investigaci\u00f3n de mercado de sistemas de gesti\u00f3n de aprendizaje (LMS)"},"content":{"rendered":"<h1 class=\"wp-block-heading p1\"><span class=\"s1\">Investigaci\u00f3n de mercado de sistemas de gesti\u00f3n de aprendizaje (LMS)<\/span><\/h1>\n\n\n\n<figure class=\"gb-block-image gb-block-image-9cca2400\"><img loading=\"lazy\" decoding=\"async\" width=\"1456\" height=\"816\" class=\"gb-image gb-image-9cca2400\" src=\"https:\/\/www.sisinternational.com\/wp-content\/uploads\/2025\/08\/Deep-learning-machine-learning-27.jpg\" srcset=\"https:\/\/www.sisinternational.com\/wp-content\/uploads\/2025\/08\/Deep-learning-machine-learning-27.jpg 1456w, https:\/\/www.sisinternational.com\/wp-content\/uploads\/2025\/08\/Deep-learning-machine-learning-27-300x168.jpg 300w, https:\/\/www.sisinternational.com\/wp-content\/uploads\/2025\/08\/Deep-learning-machine-learning-27-1024x574.jpg 1024w, https:\/\/www.sisinternational.com\/wp-content\/uploads\/2025\/08\/Deep-learning-machine-learning-27-768x430.jpg 768w, https:\/\/www.sisinternational.com\/wp-content\/uploads\/2025\/08\/Deep-learning-machine-learning-27-18x10.jpg 18w\" sizes=\"auto, (max-width: 1456px) 100vw, 1456px\" alt=\"Investigaci\u00f3n y estrategia de mercado internacional de SIS\"><\/figure>\n\n\n\n<p><\/p>\n\n\n\n<p class=\"p2\"><span class=\"s2\">This era is exciting because everything is evolving. Almost all manual jobs are now fast-becoming computerized. One such task is classroom teaching. Educators no longer have to lecture school groups, or company employees face to face. The days of classroom discussions and handing out course materials are over. What is changing? People are teaching and learning via computer <a href=\"https:\/\/www.sisinternational.com\/es\/soluciones\/investigacion-de-consultoria-estrategica-fintech\/consultoria-de-investigacion-de-mercado-de-gestion-de-programas-fintech\/\" title=\"Gesti\u00f3n de programas FinTech Investigaci\u00f3n y consultor\u00eda de mercado\"  data-wpil-monitor-id=\"11082\">programs or LMS-Learning Management<\/a> Systems.<\/span><\/p>\n\n\n\n<h2 class=\"wp-block-heading p3\"><span class=\"s2\">\u00bfQu\u00e9 es un LMS?<\/span><\/h2>\n\n\n\n<p class=\"p2\"><span class=\"s2\">LMS are computer software programs. Users can develop training programs and eLearning courses via the Internet for students. &nbsp;Using LMS can be very beneficial to both educators and students. They can choose from many different available applications based on specific requirements. Students learn at their own pace, with monitoring from trainers. Some well known LMS include Tutor, Moodle, and Google Classroom. Blackboard Learning System, eCollege, and WebCT are a few others.<\/span><\/p>\n\n\n\n<h2 class=\"wp-block-heading p3\"><span class=\"s2\">\u00bfQui\u00e9n lo usa? \u00bfPor qu\u00e9?<\/span><\/h2>\n\n\n\n<p class=\"p2\"><span class=\"s2\">Cualquiera que imparta formaci\u00f3n o lecciones puede utilizar LMS. Tiene muchas ventajas sobre la antigua forma de ense\u00f1ar\/aprender. Los usuarios principales son colegios y universidades. Las corporaciones comerciales tambi\u00e9n utilizan LMS. Son valiosos para la formaci\u00f3n de los empleados. Dotan a los empleados de las herramientas necesarias para desempe\u00f1arse en sus capacidades profesionales. LMS es la elecci\u00f3n pr\u00e1ctica de muchos porque es el m\u00e1s actual y actualizado. En una era de aprendizaje inform\u00e1tico, es probable que los estudiantes comprendan r\u00e1pidamente los procedimientos del LMS.<\/span><\/p>\n\n\n\n<h2 class=\"wp-block-heading p3\"><span class=\"s2\">C\u00f3mo funciona<\/span><\/h2>\n\n\n\n<p class=\"p2\"><span class=\"s2\">Generally, LMS allows users to design and manage courses.&nbsp; Professors and teachers can also upload pre-existing courses. Education institutions can distribute coursework and content rapidly to students and professors.&nbsp; Administration staff and teachers can give different levels of access to different people.&nbsp; Once enrollment is complete students have access to course content. Students can also access all other data regarding the completion of the program including the syllabus, teacher bios, course packs, and attachments. Learning Management Systems also allow students to upload assignments, quizzes, and exams.&nbsp; The course designer can generate reports based on students\u2019 performance and development, and efficiently and accurately distribute grading to students.<\/span><\/p>\n\n\n\n<p class=\"p2\"><span class=\"s2\">Las universidades abiertas que ofrecen aprendizaje en el extranjero utilizan LMS. Estos sistemas de aprendizaje utilizan un sistema de inicio de sesi\u00f3n de tres partes: administrador, profesor y estudiante. Un usuario administrador crea el curso. Los profesores y estudiantes, que son los usuarios principales, interact\u00faan en blogs y foros. El profesor tambi\u00e9n puede realizar un seguimiento de la actividad de los estudiantes en l\u00ednea.<\/span><\/p>\n\n\n\n<h2 class=\"wp-block-heading p3\"><span class=\"s2\">Oportunidades<\/span><\/h2>\n\n\n\n<p class=\"p2\"><span class=\"s2\">Los sistemas de gesti\u00f3n del aprendizaje ofrecen muchas oportunidades a los formadores y alumnos. Tambi\u00e9n son un excelente recurso para las empresas que los utilizan.<\/span><\/p>\n\n\n\n<ul class=\"wp-block-list\">\n<li><span class=\"s2\">Los estudiantes pueden trabajar y estudiar al mismo tiempo.<\/span><\/li>\n\n\n\n<li><span class=\"s2\">Capacitaci\u00f3n para el personal: aprender es tan f\u00e1cil como hacer un clic.<\/span><\/li>\n\n\n\n<li><span class=\"s2\">La formaci\u00f3n profesional hace m\u00e1s efectivo el equipo de trabajo. Los empleados pueden utilizar el tiempo ahorrado por el LMS en otras \u00e1reas rentables.<\/span><\/li>\n\n\n\n<li><span class=\"s2\">Companies can <a href=\"https:\/\/www.sisinternational.com\/es\/soluciones\/soluciones-de-investigacion-cualitativa-cuantitativa\/pruebas-de-productos-educativos-para-ninos-en-nueva-york\/\" title=\"Pruebas de productos educativos para ni\u00f1os en Nueva York\"  data-wpil-monitor-id=\"11083\">educate potential customers about products<\/a> and services. LMS offer the option of <a href=\"https:\/\/www.sisinternational.com\/es\/soluciones\/empresa-de-investigacion-de-mercado-de-muestreo-de-encuestas-en-linea\/\" title=\"Empresa de estudios de mercado de muestreo de encuestas en l\u00ednea\"  data-wpil-monitor-id=\"11081\">online quizzes and surveys<\/a> to make this process easier.<\/span><\/li>\n\n\n\n<li><span class=\"s2\">Es m\u00e1s f\u00e1cil y eficiente distribuir el contenido del curso a los estudiantes. Las universidades e instituciones educativas gastan menos dinero en papel e instalaciones de formaci\u00f3n cuando utilizan LMS.<\/span><\/li>\n\n\n\n<li><span class=\"s2\">Hay muchos trabajos disponibles como administradores, dise\u00f1adores de cursos, formadores y tutores.<\/span><\/li>\n\n\n\n<li>Los avances en la computaci\u00f3n en la nube han mejorado dr\u00e1sticamente la calidad y la funcionalidad de las soluciones LMS.<\/li>\n<\/ul>\n\n\n\n<h2 class=\"wp-block-heading p3\"><span class=\"s2\">Desaf\u00edos<\/span><\/h2>\n\n\n\n<p class=\"p2\"><span class=\"s2\">El lado negativo es que el LMS tiene algunos desaf\u00edos. Estos desaf\u00edos pueden disuadir a los usuarios de elegir este m\u00e9todo de ense\u00f1anza. Aqu\u00ed hay algunos:<\/span><\/p>\n\n\n\n<ul class=\"wp-block-list\">\n<li><span class=\"s2\">La falta de contacto humano puede provocar desmotivaci\u00f3n debido a la necesidad humana de socializar.<\/span><\/li>\n\n\n\n<li><span class=\"s2\">Debido a la falta de compromiso, los estudiantes pueden desmotivarse y aburrirse.<\/span><\/li>\n\n\n\n<li><span class=\"s2\">Lack of <a href=\"https:\/\/www.sisinternational.com\/es\/soluciones\/grupos-de-enfoque\/focus-group-on-personal-care-products\/\" title=\"Focus Group on Personal Care Products\"  data-wpil-monitor-id=\"11086\">focus<\/a> as students do some studies at home and in personal spaces.<\/span><\/li>\n<\/ul>\n\n\n\n<h2 class=\"wp-block-heading p3\"><span class=\"s2\">Pruebas de usabilidad<\/span><\/h2>\n\n\n\n<p class=\"p2\"><span class=\"s2\">LMS <a href=\"https:\/\/www.sisinternational.com\/es\/soluciones\/soluciones-de-branding-e-investigacion-de-clientes\/pruebas-de-usabilidad-investigacion-de-ux-de-usuario\/\" title=\"Investigaci\u00f3n de mercado de usuarios y pruebas de usabilidad\"  data-wpil-monitor-id=\"11080\">users conduct periodic Usability Tests<\/a> to ensure the integrity of the system. Willing test subjects must go through the entire process. Administrators, Course Designers, and even students must undergo sample testing. This <a href=\"https:\/\/www.sisinternational.com\/es\/soluciones\/soluciones-de-branding-e-investigacion-de-clientes\/investigacion-de-mercado-de-pruebas-de-productos\/la-mejor-empresa-de-investigacion-de-mercado-en-usabilidad\/\" title=\"Usability testing Company\"  data-wpil-monitor-id=\"11084\">testing ensures that the process is usable<\/a> from beginning to end. Testers can identify glitches in the process that can make it unusable, and then file reports. These reports allow the Administrator to go back to the drawing board if necessary.<\/span><\/p>\n\n\n\n<p class=\"p2\"><span class=\"s2\">Los sistemas LMS han redefinido el aprendizaje. Ha sacado el aprendizaje de las paredes limitantes del aula. Como el aprendizaje ahora est\u00e1 en Internet, es m\u00e1s accesible para todos.<\/span><\/p>\n\n\n\n<h2 class=\"wp-block-heading\">Acerca de SIS EdTech Investigaci\u00f3n y consultor\u00eda de mercado<\/h2>\n\n\n\n<p>SIS Internacional <a href=\"https:\/\/www.sisinternational.com\/es\/cobertura\/investigacion-de-mercado-asia\/investigacion-de-mercado-palau\/\" title=\"Investigaci\u00f3n de mercado en Palaos\"  data-wpil-monitor-id=\"4070\">Research conducts Market<\/a> Research, Data Collection, and Strategy Research for technology firms, start ups and Educational Institutions.&nbsp; We provide<\/p>\n\n\n\n<ul class=\"wp-block-list\">\n<li>Grupos de discusi\u00f3n<\/li>\n\n\n\n<li>Pruebas de usabilidad<\/li>\n\n\n\n<li>Encuestas a clientes<\/li>\n\n\n\n<li>Investigaci\u00f3n sobre compras y toma de decisiones<\/li>\n\n\n\n<li>Investigaci\u00f3n de Mercado B2G<\/li>\n\n\n\n<li>Investigaci\u00f3n estrat\u00e9gica<\/li>\n\n\n\n<li>Evaluaciones competitivas<\/li>\n\n\n\n<li>Digital <a class=\"wpil_keyword_link\" href=\"https:\/\/www.sisinternational.com\/es\/soluciones\/innovacion\/\"   title=\"Innovaci\u00f3n Investigaci\u00f3n\" data-wpil-keyword-link=\"linked\"  data-wpil-monitor-id=\"462\">Innovaci\u00f3n Investigaci\u00f3n<\/a><\/li>\n\n\n\n<li>Strategic Market Opportunity, <a href=\"https:\/\/www.sisinternational.com\/es\/soluciones\/consultoria-estrategica\/estudios-de-dimensionamiento-de-viabilidad-de-entrada-al-mercado\/\" title=\"Estudios de Entrada al Mercado, Viabilidad y Dimensionamiento\"  data-wpil-monitor-id=\"11085\">Sizing and Entry<\/a> Assessments<\/li>\n<\/ul>\n\n\n\n<p><\/p>","protected":false},"excerpt":{"rendered":"<p>SIS EdTech proporciona investigaci\u00f3n de mercado, datos e investigaci\u00f3n de estrategias para los sectores de tecnolog\u00eda y educaci\u00f3n. Obtenga m\u00e1s informaci\u00f3n sobre la investigaci\u00f3n de mercado de Sistemas de gesti\u00f3n del aprendizaje.<\/p>","protected":false},"author":1,"featured_media":64405,"parent":84844,"menu_order":1,"comment_status":"closed","ping_status":"closed","template":"","meta":{"footnotes":""},"class_list":["post-27856","page","type-page","status-publish","has-post-thumbnail"],"_links":{"self":[{"href":"https:\/\/www.sisinternational.com\/es\/wp-json\/wp\/v2\/pages\/27856","targetHints":{"allow":["GET"]}}],"collection":[{"href":"https:\/\/www.sisinternational.com\/es\/wp-json\/wp\/v2\/pages"}],"about":[{"href":"https:\/\/www.sisinternational.com\/es\/wp-json\/wp\/v2\/types\/page"}],"author":[{"embeddable":true,"href":"https:\/\/www.sisinternational.com\/es\/wp-json\/wp\/v2\/users\/1"}],"replies":[{"embeddable":true,"href":"https:\/\/www.sisinternational.com\/es\/wp-json\/wp\/v2\/comments?post=27856"}],"version-history":[{"count":6,"href":"https:\/\/www.sisinternational.com\/es\/wp-json\/wp\/v2\/pages\/27856\/revisions"}],"predecessor-version":[{"id":81813,"href":"https:\/\/www.sisinternational.com\/es\/wp-json\/wp\/v2\/pages\/27856\/revisions\/81813"}],"up":[{"embeddable":true,"href":"https:\/\/www.sisinternational.com\/es\/wp-json\/wp\/v2\/pages\/84844"}],"wp:featuredmedia":[{"embeddable":true,"href":"https:\/\/www.sisinternational.com\/es\/wp-json\/wp\/v2\/media\/64405"}],"wp:attachment":[{"href":"https:\/\/www.sisinternational.com\/es\/wp-json\/wp\/v2\/media?parent=27856"}],"curies":[{"name":"wp","href":"https:\/\/api.w.org\/{rel}","templated":true}]}}