{"id":27829,"date":"2018-09-03T23:53:19","date_gmt":"2018-09-03T23:53:19","guid":{"rendered":"https:\/\/www.sisinternational.com\/?page_id=27829"},"modified":"2025-09-03T18:18:07","modified_gmt":"2025-09-03T22:18:07","slug":"servicios-de-traduccion-y-transcripcion-de-espanol","status":"publish","type":"page","link":"https:\/\/www.sisinternational.com\/es\/soluciones\/traduccion-y-transcripcion\/servicios-de-traduccion-y-transcripcion-de-espanol\/","title":{"rendered":"Traducci\u00f3n y transcripci\u00f3n de espa\u00f1ol"},"content":{"rendered":"<h1 class=\"wp-block-heading p1\"><span class=\"s1\">Traducci\u00f3n y transcripci\u00f3n de espa\u00f1ol<\/span><\/h1>\n\n\n\n<figure class=\"gb-block-image gb-block-image-410ee2c0\"><img loading=\"lazy\" decoding=\"async\" width=\"1456\" height=\"816\" class=\"gb-image gb-image-410ee2c0\" src=\"https:\/\/www.sisinternational.com\/wp-content\/uploads\/2025\/09\/Spain-3.jpg\" alt=\"Investigaci\u00f3n y estrategia de mercado internacional de SIS\" title=\"Spain (3)\" srcset=\"https:\/\/www.sisinternational.com\/wp-content\/uploads\/2025\/09\/Spain-3.jpg 1456w, https:\/\/www.sisinternational.com\/wp-content\/uploads\/2025\/09\/Spain-3-300x168.jpg 300w, https:\/\/www.sisinternational.com\/wp-content\/uploads\/2025\/09\/Spain-3-1024x574.jpg 1024w, https:\/\/www.sisinternational.com\/wp-content\/uploads\/2025\/09\/Spain-3-768x430.jpg 768w, https:\/\/www.sisinternational.com\/wp-content\/uploads\/2025\/09\/Spain-3-18x10.jpg 18w\" sizes=\"auto, (max-width: 1456px) 100vw, 1456px\"><\/figure>\n\n\n\n<p><\/p>\n\n\n\n<hr class=\"wp-block-separator has-alpha-channel-opacity is-style-dots\"\/>\n\n\n\n<p class=\"p2\"><span class=\"s1\">It&#8217;s not surprising that Spanish transcription services are in high demand. Spanish is the second most-spoken language in America. SIS International offers several different types of Spanish transcription services. Companies can make use of our Spanish-to-Spanish transcription services. We also provide Spanish-to-English <a href=\"https:\/\/www.sisinternational.com\/es\/soluciones\/traduccion-y-transcripcion\/servicios-de-traduccion-y-transcripcion-de-aleman\/\" title=\"Servicios de traducci\u00f3n y transcripci\u00f3n de alem\u00e1n\"  data-wpil-monitor-id=\"6510\">transcription and document translation services<\/a>. Read on for more info about our Spanish transcription services.<\/span><\/p>\n\n\n\n<h2 class=\"wp-block-heading p3\"><span class=\"s1\">The Economic Power of Spanish-Speaking Countries<\/span><\/h2>\n\n\n\n<p class=\"p4\"><span class=\"s1\">Espa\u00f1a es la 14 del mundo<\/span><span class=\"s2\"><sup>th<\/sup><\/span><span class=\"s1\"> mayor econom\u00eda por PIB nominal. Es el quinto m\u00e1s grande de la Uni\u00f3n Europea. Es uno de los pa\u00edses l\u00edderes en desarrollo humano de alto nivel del mundo. Varias empresas espa\u00f1olas se han ganado la reputaci\u00f3n de ser multinacionales cre\u00edbles. Este estatus les permite operar con facilidad en los pa\u00edses latinoamericanos.<\/span><\/p>\n\n\n\n<p class=\"p2\"><span class=\"s1\">El poder econ\u00f3mico en Am\u00e9rica Latina se ha trasladado a M\u00e9xico en los \u00faltimos a\u00f1os. Ese pa\u00eds tiene la segunda econom\u00eda m\u00e1s grande de la regi\u00f3n. La tasa de desempleo es del 3,5 por ciento y el mercado laboral contin\u00faa mejorando. Los \u201cTres Andinos\u201d, Colombia, Chile y Per\u00fa, tambi\u00e9n son potencias econ\u00f3micas. Estos pa\u00edses est\u00e1n viendo un aumento en la inversi\u00f3n extranjera directa. Los expertos esperan que sus econom\u00edas crezcan incluso m\u00e1s r\u00e1pido que la de M\u00e9xico en los pr\u00f3ximos a\u00f1os.<\/span><\/p>\n\n\n\n<h2 class=\"wp-block-heading p3\"><span class=\"s1\">El ascenso del segmento de poblaci\u00f3n hispana en EE.UU.<\/span><\/h2>\n\n\n\n<figure class=\"gb-block-image gb-block-image-7b8487da\"><img loading=\"lazy\" decoding=\"async\" width=\"1456\" height=\"816\" class=\"gb-image gb-image-7b8487da\" src=\"https:\/\/www.sisinternational.com\/wp-content\/uploads\/2025\/08\/Online-focus-group-8-1.jpg\" alt=\"Investigaci\u00f3n y estrategia de mercado internacional de SIS\" title=\"Online focus group (8)\" srcset=\"https:\/\/www.sisinternational.com\/wp-content\/uploads\/2025\/08\/Online-focus-group-8-1.jpg 1456w, https:\/\/www.sisinternational.com\/wp-content\/uploads\/2025\/08\/Online-focus-group-8-1-300x168.jpg 300w, https:\/\/www.sisinternational.com\/wp-content\/uploads\/2025\/08\/Online-focus-group-8-1-1024x574.jpg 1024w, https:\/\/www.sisinternational.com\/wp-content\/uploads\/2025\/08\/Online-focus-group-8-1-768x430.jpg 768w, https:\/\/www.sisinternational.com\/wp-content\/uploads\/2025\/08\/Online-focus-group-8-1-18x10.jpg 18w\" sizes=\"auto, (max-width: 1456px) 100vw, 1456px\"><\/figure>\n\n\n\n<p><\/p>\n\n\n\n<p class=\"p4\"><span class=\"s1\">Half of the national population growth since 2000 has been in the Latino community. The Latino segment has been the primary driver of US demographic growth. It is a sizable and growing part of the nation\u2019s population. Hispanics are the second largest ethnic groups. They are also the nation\u2019s second-fastest-growing ethnic group, after Asians.<\/span><\/p>\n\n\n\n<p class=\"p2\"><span class=\"s1\">It might be difficult for marketers to reach this target group using traditional methods. Almost a quarter of Hispanics speak only Spanish at home. A little more than half claim to speak English \u201cvery well.\u201d Thus, marketers need Spanish-language ads for effective marketing to US Hispanics. Company representatives may also have to sign contracts in the Spanish language. The same goes for leases and other documents, to accommodate Hispanic customers. It\u2019s easy to see how Spanish transcription is a valuable resource. Document translation services are also helpful. Both are necessary for marketing to this segment of the population.<\/span><\/p>\n\n\n\n<h2 class=\"wp-block-heading p3\"><span class=\"s1\">\u00bfQu\u00e9 es la transcripci\u00f3n en espa\u00f1ol?<\/span><\/h2>\n\n\n\n<p class=\"p4\"><span class=\"s1\">La descripci\u00f3n m\u00e1s simple del papel de un transcriptor es aquel que escribe lo que otra persona dice. Har\u00e1n modificaciones menores en el texto antes de entregarlo. La velocidad de escritura es importante en la transcripci\u00f3n, siendo 75 palabras por minuto lo ideal. El est\u00e1ndar de la industria es un m\u00ednimo de 4 a 5 horas para transcribir un archivo de audio o video de 1 hora.<\/span><\/p>\n\n\n\n<p class=\"p2\"><span class=\"s1\">Los transcriptores convierten discursos, entrevistas y reuniones en archivos de texto. Abogados, m\u00e9dicos y diversas empresas utilizan la transcripci\u00f3n como una herramienta indispensable. Otras industrias que utilizan servicios de transcripci\u00f3n incluyen la tecnolog\u00eda, las finanzas y la manufactura. El marketing, la salud y el gobierno tambi\u00e9n son usuarios frecuentes. Los usuarios pueden compartir informaci\u00f3n que lleg\u00f3 por primera vez en forma hablada. La transcripci\u00f3n tambi\u00e9n es \u00fatil para indexar y recuperar datos.<\/span><\/p>\n\n\n\n<h2 class=\"wp-block-heading p3\"><span class=\"s1\">Acerca de la transcripci\u00f3n en espa\u00f1ol<\/span><\/h2>\n\n\n\n<p class=\"p4\"><span class=\"s1\">Para muchas empresas y peque\u00f1as empresas, los servicios de transcripci\u00f3n subcontratados son la mejor opci\u00f3n. El monto pagado depende de factores como la fecha l\u00edmite dada, la extensi\u00f3n del archivo, la calidad del audio, si el cliente desea que est\u00e9 codificado en tiempo y si se necesita una traducci\u00f3n palabra por palabra.&nbsp;<\/span><\/p>\n\n\n\n<p class=\"p4\"><span class=\"s1\">Nuestros transcriptores pueden transcribir palabra por palabra, rastrear a varios hablantes o agregar c\u00f3digos de tiempo y sellos. Ya sea que sus oradores sean de M\u00e9xico, Espa\u00f1a, Am\u00e9rica Latina o el Caribe, lo tenemos cubierto. Somos especialistas en transcripci\u00f3n de espa\u00f1ol a espa\u00f1ol. Somos igualmente expertos en la transcripci\u00f3n del espa\u00f1ol al ingl\u00e9s y ofrecemos servicios de traducci\u00f3n de documentos.<\/span><\/p>\n\n\n\n<p class=\"p4\"><span class=\"s1\">Ofrecemos servicios de transcripci\u00f3n humana. Nuestras traducciones decodifican la jerga de la industria, las claves sutiles, la jerga y los acentos fuertes. Las personas tambi\u00e9n son m\u00e1s eficaces a la hora de transcribir a varios hablantes. Adem\u00e1s, filtran los ruidos de fondo. La transcripci\u00f3n humana supera a las m\u00e1quinas en todos los \u00e1mbitos excepto en el costo y la velocidad.<\/span><\/p>\n\n\n\n<h2 class=\"wp-block-heading\">Nuestra ubicaci\u00f3n de instalaciones en Nueva York<\/h2>\n\n\n\n<p>\n\n\n\n<iframe loading=\"lazy\" src=\"https:\/\/www.google.com\/maps\/embed?pb=!1m18!1m12!1m3!1d3022.976188376966!2d-73.99130312499956!3d40.740549471389315!2m3!1f0!2f0!3f0!3m2!1i1024!2i768!4f13.1!3m3!1m2!1s0x89c259a15798c731%3A0xd695d09bdd495f25!2s11%20E%2022nd%20St%20FL%202%2C%20New%20York%2C%20NY%2010010%2C%20USA!5e0!3m2!1sen!2spe!4v1726171763526!5m2!1sen!2spe\" width=\"600\" height=\"450\" allowfullscreen=\"allowfullscreen\" data-mce-fragment=\"1\"><\/iframe>\n\n\n\n<\/p>\n\n\n\n<h3 class=\"wp-block-heading\">11 E 22nd Street, piso 2, Nueva York, NY 10010 T: +1(212) 505-6805<\/h3>\n\n\n\n<hr class=\"wp-block-separator has-alpha-channel-opacity\"\/>\n\n\n\n<h2 class=\"wp-block-heading\"><span style=\"font-weight: 400;\">Acerca de SIS Internacional<\/span><\/h2>\n\n\n\n<p><a href=\"https:\/\/www.sisinternational.com\/es\/\"><span style=\"font-weight: 400;\">SIS Internacional<\/span><\/a><span style=\"font-weight: 400;\"> ofrece investigaci\u00f3n cuantitativa, cualitativa y estrat\u00e9gica. Proporcionamos datos, herramientas, estrategias, informes y conocimientos para la toma de decisiones. Tambi\u00e9n realizamos entrevistas, encuestas, grupos focales y otros m\u00e9todos y enfoques de investigaci\u00f3n de mercado.<\/span><a href=\"https:\/\/www.sisinternational.com\/es\/sobre-la-investigacion-internacional-de-sis\/contact-sis-international-market-research\/\"><span style=\"font-weight: 400;\"> P\u00f3ngase en contacto con nosotros<\/span><\/a><span style=\"font-weight: 400;\"> para su pr\u00f3ximo proyecto de Investigaci\u00f3n de Mercado.<\/span><\/p>\n\n\n\n<p><\/p>","protected":false},"excerpt":{"rendered":"<p>SIS International Research proporciona servicios de traducci\u00f3n y transcripci\u00f3n de espa\u00f1ol precisos, receptivos y r\u00e1pidos. Obtenga m\u00e1s informaci\u00f3n sobre la traducci\u00f3n al espa\u00f1ol.<\/p>","protected":false},"author":1,"featured_media":65881,"parent":27891,"menu_order":1,"comment_status":"closed","ping_status":"closed","template":"","meta":{"footnotes":""},"class_list":["post-27829","page","type-page","status-publish","has-post-thumbnail"],"_links":{"self":[{"href":"https:\/\/www.sisinternational.com\/es\/wp-json\/wp\/v2\/pages\/27829","targetHints":{"allow":["GET"]}}],"collection":[{"href":"https:\/\/www.sisinternational.com\/es\/wp-json\/wp\/v2\/pages"}],"about":[{"href":"https:\/\/www.sisinternational.com\/es\/wp-json\/wp\/v2\/types\/page"}],"author":[{"embeddable":true,"href":"https:\/\/www.sisinternational.com\/es\/wp-json\/wp\/v2\/users\/1"}],"replies":[{"embeddable":true,"href":"https:\/\/www.sisinternational.com\/es\/wp-json\/wp\/v2\/comments?post=27829"}],"version-history":[{"count":5,"href":"https:\/\/www.sisinternational.com\/es\/wp-json\/wp\/v2\/pages\/27829\/revisions"}],"predecessor-version":[{"id":80092,"href":"https:\/\/www.sisinternational.com\/es\/wp-json\/wp\/v2\/pages\/27829\/revisions\/80092"}],"up":[{"embeddable":true,"href":"https:\/\/www.sisinternational.com\/es\/wp-json\/wp\/v2\/pages\/27891"}],"wp:featuredmedia":[{"embeddable":true,"href":"https:\/\/www.sisinternational.com\/es\/wp-json\/wp\/v2\/media\/65881"}],"wp:attachment":[{"href":"https:\/\/www.sisinternational.com\/es\/wp-json\/wp\/v2\/media?parent=27829"}],"curies":[{"name":"wp","href":"https:\/\/api.w.org\/{rel}","templated":true}]}}