{"id":27826,"date":"2018-09-03T22:36:10","date_gmt":"2018-09-03T22:36:10","guid":{"rendered":"https:\/\/www.sisinternational.com\/?page_id=27826"},"modified":"2026-03-22T03:04:38","modified_gmt":"2026-03-22T07:04:38","slug":"investigacion-de-mercado-de-tecnologia-educativa","status":"publish","type":"page","link":"https:\/\/www.sisinternational.com\/es\/education-market-research\/investigacion-de-mercado-de-tecnologia-educativa\/","title":{"rendered":"Investigaci\u00f3n de mercado de tecnolog\u00eda educativa"},"content":{"rendered":"<h1 class=\"wp-block-heading\">Investigaci\u00f3n de mercado de tecnolog\u00eda educativa<\/h1>\n\n\n\n<figure class=\"gb-block-image gb-block-image-7536a234\"><img loading=\"lazy\" decoding=\"async\" width=\"1456\" height=\"816\" class=\"gb-image gb-image-7536a234\" src=\"https:\/\/www.sisinternational.com\/wp-content\/uploads\/2025\/08\/Education-4.jpg\" alt=\"Investigaci\u00f3n y estrategia de mercado internacional de SIS\" title=\"Education (4)\" srcset=\"https:\/\/www.sisinternational.com\/wp-content\/uploads\/2025\/08\/Education-4.jpg 1456w, https:\/\/www.sisinternational.com\/wp-content\/uploads\/2025\/08\/Education-4-300x168.jpg 300w, https:\/\/www.sisinternational.com\/wp-content\/uploads\/2025\/08\/Education-4-1024x574.jpg 1024w, https:\/\/www.sisinternational.com\/wp-content\/uploads\/2025\/08\/Education-4-768x430.jpg 768w, https:\/\/www.sisinternational.com\/wp-content\/uploads\/2025\/08\/Education-4-18x10.jpg 18w\" sizes=\"auto, (max-width: 1456px) 100vw, 1456px\"><\/figure>\n\n\n\n<p><\/p>\n\n\n\n<h2 class=\"wp-block-heading p2\"><span class=\"s1\">La tecnolog\u00eda educativa o \u201cEdTech\u201d es el uso de herramientas para simplificar y mejorar el aprendizaje. <\/span><\/h2>\n\n\n\n<p class=\"p2\"><span class=\"s1\">EdTech abre una v\u00eda completamente nueva de oportunidades en la educaci\u00f3n.&nbsp;<\/span><span class=\"s1\">Con la tecnolog\u00eda educativa, las oportunidades son infinitas. La industria est\u00e1 desarrollando m\u00e1s recursos, herramientas, servicios y aplicaciones. Estos recursos beneficiar\u00e1n tanto a los educadores como a la comunidad de aprendizaje. <\/span><\/p>\n\n\n\n<p class=\"p2\"><span class=\"s1\">Ejemplos de oportunidades disponibles en este campo son:<\/span><\/p>\n\n\n\n<ul class=\"wp-block-list\">\n<li><span class=\"s1\">Las escuelas ahora est\u00e1n integrando la tecnolog\u00eda en sus planes de estudio. Necesitan personas que puedan planificar y poner en pr\u00e1ctica estos nuevos programas. Se est\u00e1n abriendo oportunidades laborales como instructor de inform\u00e1tica y dise\u00f1ador de cursos.<\/span><\/li>\n\n\n\n<li><span class=\"s1\">Las empresas necesitan formadores, dise\u00f1adores y evaluadores para resolver los problemas de rendimiento cotidianos. Estos trabajadores tambi\u00e9n pueden probar a los empleados y producir talleres.<\/span><\/li>\n\n\n\n<li><span class=\"s1\">Las empresas de dise\u00f1o de instrucci\u00f3n necesitan personas para desarrollar cursos, planes de estudio y software.<\/span><\/li>\n\n\n\n<li><span class=\"s1\">El ej\u00e9rcito necesita tecn\u00f3logos educativos para programas de capacitaci\u00f3n para crear manuales. Tambi\u00e9n pueden planificar planes de estudio y dise\u00f1ar software.<\/span><\/li>\n<\/ul>\n\n\n\n<h2 class=\"wp-block-heading p6\"><span class=\"s1\">Soluciones de aprendizaje innovadoras<\/span><\/h2>\n\n\n\n<p class=\"p5\"><span class=\"s1\">In this high tech world, educators need to find innovative ways of teaching. <a class=\"wpil_keyword_link\" href=\"https:\/\/www.sisinternational.com\/es\/soluciones\/educacion-tecnologia-soluciones-edtech\/\"   title=\"Soluciones de tecnolog\u00eda educativa (EdTech)\" data-wpil-keyword-link=\"linked\"  data-wpil-monitor-id=\"463\">EdTech<\/a> equips students with the tools necessary to meet the future world. That world will be very different from the one students know now. The challenge is the various paces at which children learn and their different skills. Thus educators have to hone in on each child\u2019s unique interests, needs, and strengths. Some schools have begun uploading assignments to the Internet. Students can then download these assignments at home. Tablets are now an item on the required list of learning materials for classrooms.<\/span><\/p>\n\n\n\n<h2 class=\"wp-block-heading p6\"><span class=\"s1\">Aprendizaje adaptativo<\/span><\/h2>\n\n\n\n<p class=\"p5\"><span class=\"s1\">Adaptive <a href=\"https:\/\/www.sisinternational.com\/es\/soluciones\/educacion-tecnologia-soluciones-edtech\/sistemas-de-gestion-del-aprendizaje-lms-investigacion-de-mercado\/\" title=\"Investigaci\u00f3n de mercado de sistemas de gesti\u00f3n de aprendizaje (LMS)\"  data-wpil-monitor-id=\"11092\">learning is a computer-based educational system<\/a>. This system delivers customized resources based on a learner\u2019s specific needs. The system bases the customized delivery on analysis. The US Government endorses this method of teaching, as it is very beneficial. Students are better able to understand their capabilities. Teachers can also have a better idea of the different stages at which children learn. This analysis is faster than the personal one on one interaction.<\/span><\/p>\n\n\n\n<h2 class=\"wp-block-heading p6\"><span class=\"s1\">Realidad aumentada<\/span><\/h2>\n\n\n\n<p class=\"p5\"><span class=\"s1\">La Realidad Aumentada (AR) es otro m\u00e9todo de EdTech. Coloca una imagen generada por computadora en la visi\u00f3n del mundo real del usuario, proporcionando as\u00ed una perspectiva fusionada. Este m\u00e9todo hace que el aprendizaje sea m\u00e1s atractivo y divertido. Todos los niveles educativos utilizan AR: desde preescolar hasta la universidad, e incluso en el lugar de trabajo. Educa a los alumnos tanto dentro como fuera del aula.<\/span><\/p>\n\n\n\n<h2 class=\"wp-block-heading p6\"><span class=\"s1\">Libros de texto digitales<\/span><\/h2>\n\n\n\n<p class=\"p2\"><span class=\"s1\">Los estudiantes pueden utilizar libros de texto digitales como materiales de recurso para las clases. Estos libros de texto tambi\u00e9n se denominan libros de texto electr\u00f3nicos o libros de texto electr\u00f3nicos. Son un componente importante de la tecnolog\u00eda educativa. La implementaci\u00f3n de textos electr\u00f3nicos en el aula tiene sus ventajas y desventajas. La principal ventaja de los textos electr\u00f3nicos es que ha resuelto el problema de los altos precios de los libros de texto impresos. Alivia la presi\u00f3n econ\u00f3mica sobre estudiantes y padres. Los educadores pueden compartir un texto PDF con cientos de estudiantes sin incurrir en costos.<\/span><\/p>\n\n\n\n<p class=\"p5\"><span class=\"s1\">La desventaja de los libros de texto digitales es que algunos textos escolares pueden ser igual de caros en l\u00ednea. Es posible que tampoco est\u00e9n disponibles en el formato digital necesario y los libros electr\u00f3nicos no se pueden prestar a otra persona ni revender.<\/span><\/p>\n\n\n\n<h2 class=\"wp-block-heading p6\"><span class=\"s1\">La educaci\u00f3n a distancia<\/span><\/h2>\n\n\n\n<p class=\"p5\"><span class=\"s1\">El aprendizaje a distancia es otro m\u00e9todo de EdTech. Los educadores pueden utilizar este m\u00e9todo para establecer planes de lecciones y entregar materiales del curso. Con este m\u00e9todo, estos educadores nunca tienen que poner un pie en un aula real. Cientos de colegios y universidades acreditados en todo el mundo utilizan el m\u00e9todo de aprendizaje a distancia. Es muy beneficioso para las personas que no tienen la oportunidad de viajar por motivos de educaci\u00f3n. Pueden obtener t\u00edtulos en l\u00ednea y tener tanto \u00e9xito como si asistieran a clases f\u00edsicas.<\/span><\/p>\n\n\n\n<h2 class=\"wp-block-heading p6\"><span class=\"s1\">Aprendizaje diferenciado&nbsp; &nbsp;&nbsp;<\/span><\/h2>\n\n\n\n<p class=\"p7\"><span class=\"s1\">Diferenciaci\u00f3n significa modificar la ense\u00f1anza para satisfacer necesidades espec\u00edficas. Con este m\u00e9todo, los profesores responden a las diferencias entre los estudiantes en el aula. Los profesores pueden utilizarlo para diferenciar al menos cuatro elementos del aula. Estos elementos son contenido, proceso, productos y entorno de aprendizaje.<\/span><\/p>\n\n\n\n<p class=\"p4\"><span class=\"s1\">It\u2019s easy to see that EdTech levels the playing field for many students, who would have otherwise had a difficult time grasping concepts. It also makes things easier for parents and educators. Opportunities abound in the EdTech field, for computer software and hardware producers, and also for technical <a href=\"https:\/\/www.sisinternational.com\/es\/estrategia-de-marketing-en-servicios-educativos\/\" title=\"Estrategia de marketing en servicios educativos\"  data-wpil-monitor-id=\"11091\">service providers and for educators<\/a>.<\/span><\/p>\n\n\n\n<h2 class=\"wp-block-heading\">Acerca de las soluciones de investigaci\u00f3n de mercado de SIS EdTech<\/h2>\n\n\n\n<p>SIS has over 30 years <a href=\"https:\/\/www.sisinternational.com\/es\/pericia\/industrias\/estudio-de-mercado-de-experiencia-del-cliente-hotelero\/\" title=\"Investigaci\u00f3n de mercado de experiencia del cliente hotelero\"  data-wpil-monitor-id=\"11088\">experience in the Education Market<\/a>.&nbsp; We provide <a href=\"https:\/\/www.sisinternational.com\/es\/aprovechando-la-tecnologia-en-el-comercio-minorista\/\" title=\"Investigaci\u00f3n de mercado de tecnolog\u00eda minorista\"  data-wpil-monitor-id=\"2746\">Market Research and Strategy<\/a> Consulting solutions to launch new products, assess the competitive landscape and satisfy stakeholder needs.&nbsp; In the Education Industry, there can be many stakeholders in decision making and purchasing decisions.&nbsp; We offer global <a href=\"https:\/\/www.sisinternational.com\/es\/\" title=\"Inicio\"  data-wpil-monitor-id=\"11087\">research and strategy<\/a> coverage to help you make your next project a success:<\/p>\n\n\n\n<ul class=\"wp-block-list\">\n<li>Estudios normativos y recopilaci\u00f3n de datos<\/li>\n\n\n\n<li><a href=\"https:\/\/www.sisinternational.com\/es\/como-realizar-un-analisis-competitivo\/\" title=\"An\u00e1lisis competitivo en marketing\"  data-wpil-monitor-id=\"11090\">Evaluaciones de mercado y an\u00e1lisis competitivo<\/a><\/li>\n\n\n\n<li>Market Opportunity, <a href=\"https:\/\/www.sisinternational.com\/es\/soluciones\/consultoria-estrategica\/estudios-de-dimensionamiento-de-viabilidad-de-entrada-al-mercado\/\" title=\"Estudios de Entrada al Mercado, Viabilidad y Dimensionamiento\"  data-wpil-monitor-id=\"11093\">Entry and Sizing<\/a><\/li>\n\n\n\n<li>Pruebas de usabilidad<\/li>\n\n\n\n<li>New <a href=\"https:\/\/www.sisinternational.com\/es\/soluciones\/soluciones-de-branding-e-investigacion-de-clientes\/investigacion-de-mercado-de-pruebas-de-productos\/new-product-concept-testing-methods\/\" title=\"New Product Concept Testing Methods\"  data-wpil-monitor-id=\"11089\">Product Concept Testing<\/a><\/li>\n\n\n\n<li>Grupos de discusi\u00f3n<\/li>\n\n\n\n<li>Investigaci\u00f3n de mercado juvenil<\/li>\n<\/ul>","protected":false},"excerpt":{"rendered":"<p>SIS International Research ofrece soluciones l\u00edderes en investigaci\u00f3n de mercado y estrategia de tecnolog\u00eda educativa. Obtenga m\u00e1s informaci\u00f3n sobre la investigaci\u00f3n y la estrategia de EdTech.<\/p>","protected":false},"author":1,"featured_media":62662,"parent":84844,"menu_order":0,"comment_status":"closed","ping_status":"closed","template":"","meta":{"footnotes":""},"class_list":["post-27826","page","type-page","status-publish","has-post-thumbnail"],"_links":{"self":[{"href":"https:\/\/www.sisinternational.com\/es\/wp-json\/wp\/v2\/pages\/27826","targetHints":{"allow":["GET"]}}],"collection":[{"href":"https:\/\/www.sisinternational.com\/es\/wp-json\/wp\/v2\/pages"}],"about":[{"href":"https:\/\/www.sisinternational.com\/es\/wp-json\/wp\/v2\/types\/page"}],"author":[{"embeddable":true,"href":"https:\/\/www.sisinternational.com\/es\/wp-json\/wp\/v2\/users\/1"}],"replies":[{"embeddable":true,"href":"https:\/\/www.sisinternational.com\/es\/wp-json\/wp\/v2\/comments?post=27826"}],"version-history":[{"count":6,"href":"https:\/\/www.sisinternational.com\/es\/wp-json\/wp\/v2\/pages\/27826\/revisions"}],"predecessor-version":[{"id":81812,"href":"https:\/\/www.sisinternational.com\/es\/wp-json\/wp\/v2\/pages\/27826\/revisions\/81812"}],"up":[{"embeddable":true,"href":"https:\/\/www.sisinternational.com\/es\/wp-json\/wp\/v2\/pages\/84844"}],"wp:featuredmedia":[{"embeddable":true,"href":"https:\/\/www.sisinternational.com\/es\/wp-json\/wp\/v2\/media\/62662"}],"wp:attachment":[{"href":"https:\/\/www.sisinternational.com\/es\/wp-json\/wp\/v2\/media?parent=27826"}],"curies":[{"name":"wp","href":"https:\/\/api.w.org\/{rel}","templated":true}]}}