{"id":27788,"date":"2018-08-25T23:34:20","date_gmt":"2018-08-25T23:34:20","guid":{"rendered":"https:\/\/www.sisinternational.com\/?page_id=27788"},"modified":"2026-01-26T14:36:43","modified_gmt":"2026-01-26T19:36:43","slug":"servicios-de-traduccion-y-transcripcion-de-aleman","status":"publish","type":"page","link":"https:\/\/www.sisinternational.com\/es\/soluciones\/traduccion-y-transcripcion\/servicios-de-traduccion-y-transcripcion-de-aleman\/","title":{"rendered":"Servicios de traducci\u00f3n y transcripci\u00f3n de alem\u00e1n"},"content":{"rendered":"<h1 class=\"wp-block-heading p2\"><span class=\"s1\">Servicios de traducci\u00f3n y transcripci\u00f3n de alem\u00e1n<\/span><\/h1>\n\n\n\n<figure class=\"gb-block-image gb-block-image-e9f2bec4\"><img loading=\"lazy\" decoding=\"async\" width=\"1456\" height=\"816\" class=\"gb-image gb-image-e9f2bec4\" src=\"https:\/\/www.sisinternational.com\/wp-content\/uploads\/2025\/09\/Germany-4-1.jpg\" alt=\"Investigaci\u00f3n y estrategia de mercado internacional de SIS\" title=\"Germany 4\" srcset=\"https:\/\/www.sisinternational.com\/wp-content\/uploads\/2025\/09\/Germany-4-1.jpg 1456w, https:\/\/www.sisinternational.com\/wp-content\/uploads\/2025\/09\/Germany-4-1-300x168.jpg 300w, https:\/\/www.sisinternational.com\/wp-content\/uploads\/2025\/09\/Germany-4-1-1024x574.jpg 1024w, https:\/\/www.sisinternational.com\/wp-content\/uploads\/2025\/09\/Germany-4-1-768x430.jpg 768w, https:\/\/www.sisinternational.com\/wp-content\/uploads\/2025\/09\/Germany-4-1-18x10.jpg 18w\" sizes=\"auto, (max-width: 1456px) 100vw, 1456px\"><\/figure>\n\n\n\n<p><\/p>\n\n\n\n<hr class=\"wp-block-separator has-alpha-channel-opacity is-style-dots\"\/>\n\n\n\n<h2 class=\"wp-block-heading p2\"><span class=\"s1\">Importancia econ\u00f3mica de los pa\u00edses DACH<\/span><\/h2>\n\n\n\n<p class=\"p3\"><span class=\"s1\">alem\u00e1n es el 11<span class=\"s2\"><sup>th<\/sup><\/span> lengua m\u00e1s hablada del mundo. Es el idioma oficial de siete pa\u00edses.&nbsp;<\/span><span class=\"s1\">Los analistas suelen agrupar a Alemania (D), Austria (A) y Suiza (CH) bajo el acr\u00f3nimo DACH. Estas tres naciones se encuentran entre las que tienen los niveles de vida m\u00e1s altos del mundo. Sus niveles de vida son el resultado de econom\u00edas fuertes y estables.<\/span><\/p>\n\n\n\n<p class=\"p5\"><span class=\"s1\">Germany boasts the world\u2019s fourth-largest national economy. It was the world\u2019s largest exporter from 2003-2008. It is now <a href=\"https:\/\/www.sisinternational.com\/es\/investigacion-de-mercado-en-ciudades-de-segundo-nivel-de-china\/\" title=\"Investigaci\u00f3n de mercado en las ciudades de segundo nivel de China\"  data-wpil-monitor-id=\"11095\">second only to China<\/a>. Germany maintains a robust economic relationship with the United States. The per capita GDPs of Austria and Switzerland are also healthy. They rank third and fourth in the European Union (EU) respectively.<\/span><\/p>\n\n\n\n<p><span class=\"s1\">It\u2019s easy to see why <a href=\"https:\/\/www.sisinternational.com\/es\/soluciones\/investigacion-de-mercado-de-consumo\/\" title=\"Consumer Market Research Services for Smarter Business Decisions\"  data-wpil-monitor-id=\"11099\">businesses will need transcription services<\/a> for German. The language is important in the business world, and there is much demand for the service.<\/span><\/p>\n\n\n\n<h2 class=\"wp-block-heading p2\"><span class=\"s1\">\u00bfQu\u00e9 es la transcripci\u00f3n?<\/span><\/h2>\n\n\n\n<p class=\"p3\"><span class=\"s1\">La transcripci\u00f3n implica escuchar una grabaci\u00f3n y escribir el contenido en un documento. El resultado es un relato escrito del archivo de audio. El tiempo que lleva transcribir un archivo de audio depende de varios factores. Estos incluyen la cantidad de personas que hablan y la velocidad a la que hablan. Tambi\u00e9n depende de la claridad de las voces habladas y de la grabaci\u00f3n.<\/span><\/p>\n\n\n\n<p class=\"p3\"><span class=\"s1\">La documentaci\u00f3n permanente de archivos de audio puede ser un recurso vital. Los profesionales del campo jur\u00eddico y los m\u00e9dicos a menudo necesitan transcripciones. Lo mismo ocurre con los oradores, conferenciantes y disc jockeys de radio. Hay tres tipos principales de transcripciones. <\/span><\/p>\n\n\n\n<ul class=\"wp-block-list\">\n<li><strong><span class=\"s1\">Las transcripciones textuales de lectura limpia\/inteligente omiten los comienzos en falso y los tartamudeos. <\/span><\/strong><\/li>\n\n\n\n<li><strong><span class=\"s1\">Las transcripciones textuales modificadas se han limpiado ligeramente. <\/span><\/strong><\/li>\n\n\n\n<li><strong><span class=\"s1\">Las transcripciones textuales incluyen cada expresi\u00f3n y frase.<\/span><\/strong><\/li>\n<\/ul>\n\n\n\n<p class=\"p3\"><span class=\"s1\">Companies, people, and documents are moving between countries at a faster rate. As globalization continues, foreign transcription services have become essential. In the technical, financial, medical, and legal fields, they have been critical.&nbsp; In the medical and legal arenas, transcripts can have significant impact on lives and decision making.<\/span><\/p>\n\n\n\n<p class=\"p5\"><span class=\"s1\">Hay varias opciones de transcripci\u00f3n disponibles. Los transcriptores pueden proporcionar registros escritos en alem\u00e1n a partir de grabaciones en idioma alem\u00e1n. Tambi\u00e9n pueden hacer transcripciones en ingl\u00e9s de archivos en alem\u00e1n. Muchos proveedores de servicios tambi\u00e9n ofrecen servicios de traducci\u00f3n de documentos.<\/span><\/p>\n\n\n\n<h2 class=\"wp-block-heading p2\"><span class=\"s1\">Transcripci\u00f3n de alem\u00e1n a alem\u00e1n<\/span><\/h2>\n\n\n\n<p class=\"p3\"><span class=\"s1\">Some <a href=\"https:\/\/www.sisinternational.com\/es\/pericia\/industrias\/empresa-de-investigacion-de-mercado-de-paneles-en-linea\/\" title=\"Empresa de investigaci\u00f3n de mercado de paneles en l\u00ednea\"  data-wpil-monitor-id=\"11097\">companies offer online<\/a> transcribing services. This type of service is the easiest way to convert recordings to well-written German text. <a href=\"https:\/\/www.sisinternational.com\/es\/campana-de-marketing-centrada-en-las-finanzas-para-una-famosa-empresa-de-tecnologia-de-pagos-entre-pares\/\" title=\"Servicios de publicidad multicultural para una famosa empresa de tecnolog\u00eda de pagos entre pares\"  data-wpil-monitor-id=\"11100\">Companies need these services<\/a> for written records of phone calls and voicemail. They also need written records of interviews and board meetings. With an online service, the <a href=\"https:\/\/www.sisinternational.com\/es\/campana-de-marketing-omnicanal-para-una-empresa-lider-mundial-en-soluciones-de-gestion-animal\/\" title=\"Servicios de publicidad multicultural para una empresa l\u00edder mundial en soluciones de gesti\u00f3n animal\"  data-wpil-monitor-id=\"11101\">company works with independent service<\/a> providers. Most of these providers are native German speakers.<\/span><\/p>\n\n\n\n<p class=\"p5\"><span class=\"s1\">Los transcriptores de alem\u00e1n a alem\u00e1n deben tener un excelente o\u00eddo para el idioma. La mayor\u00eda de los entrevistados y personas que llaman no realizan grabaciones de sonido para su transcripci\u00f3n. De este modo, el transcriptor descifra lo que dicen los hablantes. Tambi\u00e9n pueden incluir o no murmullos inaudibles, jerga e interrupciones. Los transcriptores tambi\u00e9n tienen que lidiar con fuertes dialectos y acentos regionales.<\/span><\/p>\n\n\n\n<h2 class=\"wp-block-heading p2\"><span class=\"s1\">Transcripci\u00f3n del alem\u00e1n al ingl\u00e9s<\/span><\/h2>\n\n\n\n<figure class=\"gb-block-image gb-block-image-8f05a806\"><img loading=\"lazy\" decoding=\"async\" width=\"1456\" height=\"816\" class=\"gb-image gb-image-8f05a806\" src=\"https:\/\/www.sisinternational.com\/wp-content\/uploads\/2025\/09\/Germany-3.jpg\" alt=\"Investigaci\u00f3n y estrategia de mercado internacional de SIS\" title=\"Germany (3)\" srcset=\"https:\/\/www.sisinternational.com\/wp-content\/uploads\/2025\/09\/Germany-3.jpg 1456w, https:\/\/www.sisinternational.com\/wp-content\/uploads\/2025\/09\/Germany-3-300x168.jpg 300w, https:\/\/www.sisinternational.com\/wp-content\/uploads\/2025\/09\/Germany-3-1024x574.jpg 1024w, https:\/\/www.sisinternational.com\/wp-content\/uploads\/2025\/09\/Germany-3-768x430.jpg 768w, https:\/\/www.sisinternational.com\/wp-content\/uploads\/2025\/09\/Germany-3-18x10.jpg 18w\" sizes=\"auto, (max-width: 1456px) 100vw, 1456px\"><\/figure>\n\n\n\n<p><\/p>\n\n\n\n<p class=\"p3\"><span class=\"s1\">Transcription services are also available to convert German recordings to English text. Many of these <a href=\"https:\/\/www.sisinternational.com\/es\/financial-services-consulting\/robotic-process-automation-in-financial-services\/\" title=\"Robotic Process Automation in Financial Services\"  data-wpil-monitor-id=\"11098\">service providers use rigorous recruitment processes<\/a>. These processes ensure that their verbatim transcripts will be accurate and high quality. Market <a href=\"https:\/\/www.sisinternational.com\/es\/pericia\/industrias\/investigacion-de-mercado-de-broadway\/\" title=\"Investigaci\u00f3n de mercado de Broadway\"  data-wpil-monitor-id=\"6124\">research transcribers also exist, and SIS International Research is a leading Market<\/a> Research company that conductions transcription.<\/span><\/p>\n\n\n\n<p class=\"p5\"><span class=\"s1\">Los transcriptores de alem\u00e1n a ingl\u00e9s enfrentan desaf\u00edos similares a los de sus hom\u00f3logos de alem\u00e1n a alem\u00e1n. Tienen que transcribir audio en el que las personas hablan entre s\u00ed. A veces hay ruidos de fondo y, a menudo, los hablantes tienen acentos marcados. Algunos sonidos est\u00e1n mal grabados o tienen voces bajas. Con tantos desaf\u00edos, encontrar el proveedor de servicios adecuado puede ser toda una haza\u00f1a.<\/span><\/p>\n\n\n\n<h2 class=\"wp-block-heading p2\"><span class=\"s1\">Servicios de traducci\u00f3n de documentos al alem\u00e1n<\/span><\/h2>\n\n\n\n<p class=\"p5\"><span class=\"s1\">Companies ranging in all sizes often need and can benefit from document translation services. These organizations have several options open to them. They can hire a translator as part of their staff, which can costly and impractical for shortterm assignments. Most companies outsource their document translation to reputable freelancers and service providers.&nbsp; <a href=\"https:\/\/www.sisinternational.com\/es\/contacto-sis-investigacion-de-mercado-internacional\/\" title=\"Cont\u00e1ctenos\"  data-wpil-monitor-id=\"11094\">SIS International Research<\/a> gets the job done at a much lower cost.<\/span><\/p>\n\n\n\n<h2 class=\"wp-block-heading p2\"><span class=\"s1\">Acerca de SIS Traducciones Internacionales<\/span><\/h2>\n\n\n\n<p class=\"p3\">SIS International provides German <a class=\"wpil_keyword_link\" href=\"https:\/\/www.sisinternational.com\/es\/soluciones\/traduccion-y-transcripcion\/\"   title=\"Servicios de traducci\u00f3n y transcripci\u00f3n\" data-wpil-keyword-link=\"linked\"  data-wpil-monitor-id=\"464\">translation and transcription services<\/a> to companies.&nbsp; Consider us for your <a href=\"https:\/\/www.sisinternational.com\/es\/soluciones\/traduccion-y-transcripcion\/servicios-de-traduccion-y-transcripcion-de-espanol\/\" title=\"Traducci\u00f3n y transcripci\u00f3n de espa\u00f1ol\"  data-wpil-monitor-id=\"11096\">traducci\u00f3n y transcripci\u00f3n<\/a> needs worldwide.&nbsp; We provide:<\/p>\n\n\n\n<ul class=\"wp-block-list\">\n<li><strong>R\u00e1pido cambio<\/strong><\/li>\n\n\n\n<li><strong>Tarifas competitivas<\/strong><\/li>\n\n\n\n<li><strong>Reliability &amp;&nbsp;Professionalism<\/strong><\/li>\n<\/ul>","protected":false},"excerpt":{"rendered":"<p>SIS International ofrece servicios de traducci\u00f3n y transcripci\u00f3n de alem\u00e1n para una variedad de industrias y clientes.<\/p>","protected":false},"author":1,"featured_media":65835,"parent":27891,"menu_order":0,"comment_status":"closed","ping_status":"closed","template":"","meta":{"footnotes":""},"class_list":["post-27788","page","type-page","status-publish","has-post-thumbnail"],"_links":{"self":[{"href":"https:\/\/www.sisinternational.com\/es\/wp-json\/wp\/v2\/pages\/27788","targetHints":{"allow":["GET"]}}],"collection":[{"href":"https:\/\/www.sisinternational.com\/es\/wp-json\/wp\/v2\/pages"}],"about":[{"href":"https:\/\/www.sisinternational.com\/es\/wp-json\/wp\/v2\/types\/page"}],"author":[{"embeddable":true,"href":"https:\/\/www.sisinternational.com\/es\/wp-json\/wp\/v2\/users\/1"}],"replies":[{"embeddable":true,"href":"https:\/\/www.sisinternational.com\/es\/wp-json\/wp\/v2\/comments?post=27788"}],"version-history":[{"count":7,"href":"https:\/\/www.sisinternational.com\/es\/wp-json\/wp\/v2\/pages\/27788\/revisions"}],"predecessor-version":[{"id":81814,"href":"https:\/\/www.sisinternational.com\/es\/wp-json\/wp\/v2\/pages\/27788\/revisions\/81814"}],"up":[{"embeddable":true,"href":"https:\/\/www.sisinternational.com\/es\/wp-json\/wp\/v2\/pages\/27891"}],"wp:featuredmedia":[{"embeddable":true,"href":"https:\/\/www.sisinternational.com\/es\/wp-json\/wp\/v2\/media\/65835"}],"wp:attachment":[{"href":"https:\/\/www.sisinternational.com\/es\/wp-json\/wp\/v2\/media?parent=27788"}],"curies":[{"name":"wp","href":"https:\/\/api.w.org\/{rel}","templated":true}]}}