{"id":27415,"date":"2018-07-18T16:02:21","date_gmt":"2018-07-18T16:02:21","guid":{"rendered":"https:\/\/www.sisinternational.com\/?page_id=27415"},"modified":"2026-01-26T17:53:18","modified_gmt":"2026-01-26T22:53:18","slug":"consultoria-de-innovacion-en-belleza","status":"publish","type":"page","link":"https:\/\/www.sisinternational.com\/es\/soluciones\/estudio-de-mercado-de-productos-de-belleza\/consultoria-de-innovacion-en-belleza\/","title":{"rendered":"Consultor\u00eda de Innovaci\u00f3n en Belleza"},"content":{"rendered":"<h1 class=\"wp-block-heading\">Consultor\u00eda de Innovaci\u00f3n en Belleza<\/h1>\n\n\n\n<figure class=\"gb-block-image gb-block-image-85ac4a54\"><img loading=\"lazy\" decoding=\"async\" width=\"1456\" height=\"816\" class=\"gb-image gb-image-85ac4a54\" src=\"https:\/\/www.sisinternational.com\/wp-content\/uploads\/2025\/08\/Personal-care-15.jpg\" alt=\"Investigaci\u00f3n y estrategia de mercado internacional de SIS\" title=\"Personal care (15)\" srcset=\"https:\/\/www.sisinternational.com\/wp-content\/uploads\/2025\/08\/Personal-care-15.jpg 1456w, https:\/\/www.sisinternational.com\/wp-content\/uploads\/2025\/08\/Personal-care-15-300x168.jpg 300w, https:\/\/www.sisinternational.com\/wp-content\/uploads\/2025\/08\/Personal-care-15-1024x574.jpg 1024w, https:\/\/www.sisinternational.com\/wp-content\/uploads\/2025\/08\/Personal-care-15-768x430.jpg 768w, https:\/\/www.sisinternational.com\/wp-content\/uploads\/2025\/08\/Personal-care-15-18x10.jpg 18w\" sizes=\"auto, (max-width: 1456px) 100vw, 1456px\"><\/figure>\n\n\n\n<p><\/p>\n\n\n\n<h2 class=\"wp-block-heading\">SIS lanz\u00f3 su Divisi\u00f3n de Consultor\u00eda de Innovaci\u00f3n en Belleza para las industrias de la belleza, el cuidado de la piel y el cabello<\/h2>\n\n\n\n<p><span style=\"font-weight: 400;\">SIS has an existing client base of global beauty companies from its established Market Research division, and announced the expansion of its suite of services to include Innovation, Product Testing, and Trend Consulting solutions. &nbsp;These new services emerged with the growing need for Beauty, Health and Wellness clients to rapidly innovate products amidst a changing Customer Journey and evolving digital landscape. <\/span><\/p>\n\n\n\n<p><span style=\"font-weight: 400;\">Ruth Stanat, CEO and Founder of SIS Beauty Innovation, explained that today\u2019s digital world has led to an explosion of new products, technologies, and new competitors. &nbsp;As a result, SIS Beauty Innovation provides Innovation Consulting, Data, Reports, Insights, Trend Tracking, Influencer Marketing, and Strategic Analysis.<\/span><\/p>\n\n\n\n<h2 class=\"wp-block-heading\"><span style=\"font-weight: 400;\">The full suite of SIS Beauty Innovation solutions includes:<\/span><\/h2>\n\n\n\n<p><strong>Generaci\u00f3n de ideas<\/strong><\/p>\n\n\n\n<ul class=\"wp-block-list\">\n<li><span style=\"font-weight: 400;\">Consultor\u00eda de Innovaci\u00f3n en Belleza<\/span><\/li>\n\n\n\n<li><span style=\"font-weight: 400;\">Detecci\u00f3n de tendencias<\/span><\/li>\n<\/ul>\n\n\n\n<p><strong>Pruebas y validaci\u00f3n de productos<\/strong><\/p>\n\n\n\n<ul class=\"wp-block-list\">\n<li><span style=\"font-weight: 400;\">Comunidades en l\u00ednea de Beauty Influencer Insight<\/span><\/li>\n\n\n\n<li><span style=\"font-weight: 400;\">Grupos de discusi\u00f3n<\/span><\/li>\n\n\n\n<li><span style=\"font-weight: 400;\">Pruebas de productos en el hogar<\/span><\/li>\n<\/ul>\n\n\n\n<p><strong>Ir a estrategia de mercado<\/strong><\/p>\n\n\n\n<ul class=\"wp-block-list\">\n<li><span style=\"font-weight: 400;\">Dimensionamiento y previsi\u00f3n del mercado<\/span><\/li>\n\n\n\n<li><span style=\"font-weight: 400;\">Inteligencia competitiva<\/span><\/li>\n\n\n\n<li><span style=\"font-weight: 400;\">Asesor\u00eda, Estrategia y Consultor\u00eda<\/span><\/li>\n<\/ul>\n\n\n\n<p><strong>Consultante<\/strong><\/p>\n\n\n\n<ul class=\"wp-block-list\">\n<li><span style=\"font-weight: 400;\">Consultor\u00eda de Eventos<\/span><\/li>\n\n\n\n<li><span style=\"font-weight: 400;\">Marketing de influencers<\/span><\/li>\n\n\n\n<li><span style=\"font-weight: 400;\">Hablar en p\u00fablico<\/span><\/li>\n<\/ul>\n\n\n\n<p><span style=\"font-weight: 400;\">The service offering consists of four key solutions: Idea Generation, Product Testing, Go To Market Strategy, and Consulting.<\/span><\/p>\n\n\n\n<h2 class=\"wp-block-heading\">1: Generaci\u00f3n de ideas y previsi\u00f3n de mercado<\/h2>\n\n\n\n<p><span style=\"font-weight: 400;\">The solutions include identifying consumer trends, patterns, and themes about trending products and behavior. &nbsp;SIS helps companies recommend lists of potential innovation projects. SIS\u2019s team leads agile product development processes to rapidly help clients innovate.<\/span><\/p>\n\n\n\n<h2 class=\"wp-block-heading\">2: Prueba y validaci\u00f3n del producto<\/h2>\n\n\n\n<p><span style=\"font-weight: 400;\">SIS tests products and helps companies validate their new product ideas. &nbsp;This is accomplished by building Online Insight Communities, Focus Groups, Consumer Interviews, and In-Home Product Tests.<\/span><\/p>\n\n\n\n<p><strong><span style=\"text-decoration: underline;\">Comunidades de insights de influencers<\/span><\/strong><\/p>\n\n\n\n<p><span style=\"font-weight: 400;\">SIS builds online communities of trend spotters and beauty influencers including Beauty Conscious Consumers, Cosmetics Artists, Media contacts, Salon owners, Vloggers, Social Media Gurus, and Beauty Bloggers. &nbsp;These influencers provide nuance, candor and feedback on new product concepts, helping Beauty companies to prioritize trends and strategies.<\/span><\/p>\n\n\n\n<p><strong><span style=\"text-decoration: underline;\">Detecci\u00f3n de tendencias<\/span><\/strong><\/p>\n\n\n\n<p><span style=\"font-weight: 400;\">SIS announced it has networks of trend spotters in key global cities: New York, Los Angeles, Miami, London, Milan and Shanghai. These trend spotters head to centers of culture to capture and analyze new trends. &nbsp;SIS conducts Online Ethnography research and Social Listening on a variety of social media networks. <\/span><\/p>\n\n\n\n<p><strong><span style=\"text-decoration: underline;\">Grupos focales y entrevistas con clientes<\/span><\/strong><\/p>\n\n\n\n<p><span style=\"font-weight: 400;\">SIS realiza pruebas de productos de belleza en su propio centro de pruebas de productos y <a href=\"https:\/\/www.sisinternational.com\/es\/soluciones\/grupos-de-enfoque\/instalaciones-para-grupos-focales-en-nueva-york\/\">Instalaci\u00f3n de grupos focales en Manhattan<\/a>, New York City. &nbsp;The company has some of the largest databases of beauty consumers and influencers in New York and across the United States.<\/span><\/p>\n\n\n\n<p><strong><span style=\"text-decoration: underline;\">Pruebas de uso en el hogar<\/span><\/strong><\/p>\n\n\n\n<p><span style=\"font-weight: 400;\">SIS realiza pruebas de productos en el hogar con los consumidores para permitirles probar los productos en la comodidad de sus hogares. <\/span><\/p>\n\n\n\n<h2 class=\"wp-block-heading\">3: estrategia de ir al mercado<\/h2>\n\n\n\n<p><span style=\"font-weight: 400;\">SIS provides Strategic Analysis, <a class=\"wpil_keyword_link\" href=\"https:\/\/www.sisinternational.com\/es\/soluciones\/soluciones-de-branding-e-investigacion-de-clientes\/investigacion-de-mercado-omnicanal\/\"   title=\"Investigaci\u00f3n de mercado omnicanal\" data-wpil-keyword-link=\"linked\"  data-wpil-monitor-id=\"467\">Investigaci\u00f3n de mercado omnicanal<\/a>, Beauty Industry Tracking subscriptions, Monthly competitive products alerts, Quarterly trend analysis, and custom reports.<\/span><\/p>\n\n\n\n<h2 class=\"wp-block-heading\">4: Consultor\u00eda<\/h2>\n\n\n\n<p><span style=\"font-weight: 400;\">With in-depth access to influencers and beauty-conscious consumers, SIS conducts Event Consulting, Public Speaking and Influencer Marketing. <\/span><\/p>\n\n\n\n<p><span style=\"font-weight: 400;\">SIS identific\u00f3 puntos clave de diferenciaci\u00f3n con su oferta de investigaci\u00f3n y consultor\u00eda de belleza. &nbsp;<\/span><\/p>\n\n\n\n<ul class=\"wp-block-list\">\n<li><span style=\"font-weight: 400;\">Acceso a audiencias de dif\u00edcil acceso, incluidas personas adineradas de alto patrimonio neto (HNWI), personas influyentes en la belleza, artistas cosm\u00e9ticos y propietarios de salones de belleza. &nbsp;<\/span><\/li>\n\n\n\n<li><span style=\"font-weight: 400;\">Instalaci\u00f3n de prueba de productos de propiedad absoluta en el coraz\u00f3n de Manhattan<\/span><\/li>\n\n\n\n<li><span style=\"font-weight: 400;\">SIS cuenta con divisiones l\u00edderes de Investigaci\u00f3n de Mercado e Investigaci\u00f3n de Estrategia con m\u00e1s de 40 a\u00f1os de experiencia.<\/span><\/li>\n\n\n\n<li><span style=\"font-weight: 400;\">Cobertura global, relaciones y redes en la industria.<\/span><\/li>\n\n\n\n<li><\/li>\n<\/ul>\n\n\n\n<h2 class=\"wp-block-heading p1\"><span class=\"s1\">Acerca de SIS Beauty Investigaci\u00f3n y consultor\u00eda empresarial<\/span><\/h2>\n\n\n\n<p class=\"p3\"><span class=\"s1\">La industria de la belleza y la cosm\u00e9tica es sin duda una de las m\u00e1s importantes a nivel mundial. Por lo general, se divide en algunos segmentos principales: <\/span><\/p>\n\n\n\n<ul class=\"wp-block-list\">\n<li><span class=\"s1\">Maquillaje para ojos y rostro, barras de labios y brillos y esmaltes de u\u00f1as.<\/span><\/li>\n\n\n\n<li><span class=\"s1\">Cuidados y lociones de la piel, con productos para el rostro, manos y otras partes del cuerpo.<span class=\"Apple-converted-space\">&nbsp; &nbsp;<\/span><\/span>\n<ul class=\"wp-block-list\">\n<li><span class=\"s1\">Uno de los subsegmentos de m\u00e1s r\u00e1pido crecimiento en el mercado de la belleza premium es el cuidado\/protecci\u00f3n solar.&nbsp;<\/span><\/li>\n<\/ul>\n<\/li>\n\n\n\n<li><span class=\"s1\">Productos para el cabello como champ\u00fas y acondicionadores, geles, aerosoles y depilatorios. <\/span><\/li>\n\n\n\n<li><span class=\"s1\"><a href=\"https:\/\/www.sisinternational.com\/es\/soluciones\/investigacion-de-mercado-de-perfumes-fragancias\/\" title=\"Estudios de mercado sobre fragancias y perfumes\"  data-wpil-monitor-id=\"6645\">Fragrances and perfumes<\/a>.<\/span><\/li>\n\n\n\n<li><span class=\"s1\">Si uno considera la belleza <i>dentro<\/i> y tambi\u00e9n sin ellos, hay refrescantes para la boca y el aliento, pastas y blanqueadores de dientes, alineadores y aparatos dentales, duchas vaginales y una gran cantidad de productos ingeribles como vitaminas, minerales y suplementos.<\/span><\/li>\n<\/ul>\n\n\n\n<figure class=\"gb-block-image gb-block-image-93593acd\"><img loading=\"lazy\" decoding=\"async\" width=\"1456\" height=\"816\" class=\"gb-image gb-image-93593acd\" src=\"https:\/\/www.sisinternational.com\/wp-content\/uploads\/2025\/08\/Personal-care-5.jpg\" alt=\"Investigaci\u00f3n y estrategia de mercado internacional de SIS\" title=\"Personal care (5)\" srcset=\"https:\/\/www.sisinternational.com\/wp-content\/uploads\/2025\/08\/Personal-care-5.jpg 1456w, https:\/\/www.sisinternational.com\/wp-content\/uploads\/2025\/08\/Personal-care-5-300x168.jpg 300w, https:\/\/www.sisinternational.com\/wp-content\/uploads\/2025\/08\/Personal-care-5-1024x574.jpg 1024w, https:\/\/www.sisinternational.com\/wp-content\/uploads\/2025\/08\/Personal-care-5-768x430.jpg 768w, https:\/\/www.sisinternational.com\/wp-content\/uploads\/2025\/08\/Personal-care-5-18x10.jpg 18w\" sizes=\"auto, (max-width: 1456px) 100vw, 1456px\"><\/figure>\n\n\n\n<p><\/p>\n\n\n\n<p class=\"p4\"><span class=\"s1\">Recently, consumers have begun to purchase their products online instead of in-store.&nbsp;&nbsp;<\/span>Al vender estrictamente en l\u00ednea, muchas empresas nuevas pueden llegar a una gama m\u00e1s amplia de consumidores sin la necesidad ni el gasto de crear tiendas f\u00edsicas.<\/p>\n\n\n\n<h2 class=\"wp-block-heading p2\"><span class=\"s1\">Oportunidades de negocio de belleza<\/span><\/h2>\n\n\n\n<p class=\"p2\"><span class=\"s1\">Si su empresa tiene productos o brinda servicios en el mercado de la belleza, sabe que existen varias formas de aumentar su participaci\u00f3n de mercado y sus ganancias.<\/span><\/p>\n\n\n\n<ul class=\"wp-block-list\">\n<li><span class=\"s1\">Desarrollo de nuevos productos y extensiones de l\u00ednea.<\/span><\/li>\n\n\n\n<li><span class=\"s1\">Finding and using new distribution channels (online, YouTube, direct to consumer, dedicated retail specialty stores, in-home sales) vs drug stores and department stores<\/span><\/li>\n\n\n\n<li><span class=\"s1\">Globalizaci\u00f3n: los mercados emergentes (especialmente en la regi\u00f3n de Asia Pac\u00edfico) son m\u00e1s conscientes y compran una gran variedad de productos de belleza.<\/span><\/li>\n<\/ul>\n\n\n\n<h2 class=\"wp-block-heading p2\"><span class=\"s1\">Desaf\u00edos del negocio de la belleza <\/span><\/h2>\n\n\n\n<p class=\"p2\"><span class=\"s1\">Many issues need to be addressed in terms of what consumers seek from a beauty or cosmetic product. Some areas concern the following features:<\/span><\/p>\n\n\n\n<ul class=\"wp-block-list\">\n<li><span class=\"s1\">prestigio<\/span><\/li>\n\n\n\n<li><span class=\"s1\">valor<\/span><\/li>\n\n\n\n<li><span class=\"s1\">higiene -<span class=\"Apple-converted-space\">&nbsp; <\/span>por ejemplo, jab\u00f3n en barra versus gel de ducha; desodorante roll on vs desodorante en spray<\/span><\/li>\n\n\n\n<li><span class=\"s1\">Olor: por ejemplo, sutil o fuerte, herb\u00e1ceo o floral.<\/span><\/li>\n\n\n\n<li><span class=\"s1\">Ingredientes: por ejemplo, no alerg\u00e9nicos, seguros y ambientalmente correctos.<\/span><\/li>\n\n\n\n<li><span class=\"s1\">Innovador: por ejemplo, nuevos colores o tonos, multiusos, m\u00e1s duraderos.<\/span><\/li>\n\n\n\n<li><span class=\"s1\">en algunos casos, pruebas rigurosas para obtener la aprobaci\u00f3n de la FDA u otra aprobaci\u00f3n.<\/span><\/li>\n<\/ul>\n\n\n\n<h2 class=\"wp-block-heading p2\"><span class=\"s1\">C\u00f3mo ayuda la investigaci\u00f3n de mercado de la belleza <\/span><\/h2>\n\n\n\n<p class=\"p2\"><span class=\"s1\">La investigaci\u00f3n de mercado puede contribuir a ayudarle a mejorar <i>entender<\/i> <i>tu mercado actual<\/i> as\u00ed como <i>proporcionar orientaci\u00f3n<\/i> <i>acerca del futuro<\/i>.&nbsp;&nbsp;<\/span><span class=\"s1\">Algunos temas y preguntas ilustrativas que surgen com\u00fanmente incluyen:<\/span><\/p>\n\n\n\n<ul class=\"wp-block-list\">\n<li><span class=\"s1\">sus clientes y prospectos<\/span>\n<ul class=\"wp-block-list\">\n<li><span class=\"s1\">\u00bfCu\u00e1l es el tama\u00f1o potencial, segmentos clave?<\/span><\/li>\n\n\n\n<li><span class=\"s1\">\u00bfEn qu\u00e9 se diferencian seg\u00fan el estilo de vida: generaci\u00f3n, ingresos, g\u00e9nero e identidad sexual?<\/span><\/li>\n\n\n\n<li><span class=\"s1\">\u00bfC\u00f3mo se perciben los productos de belleza a nivel global versus regional? <\/span><\/li>\n\n\n\n<li><span class=\"s1\">\u00bfCu\u00e1l es la influencia de los factores culturales y ambientales?&nbsp;<\/span><\/li>\n\n\n\n<li><span class=\"s1\">Papel de las ofertas de prueba o muestras en futuras compras\/<\/span><\/li>\n<\/ul>\n<\/li>\n\n\n\n<li><span class=\"s1\">estrategias de embalaje y precios<\/span>\n<ul class=\"wp-block-list\">\n<li><span class=\"s1\">el tipo y el tama\u00f1o pueden afectar los precios aceptables, as\u00ed como llamar la atenci\u00f3n y, en algunos casos, la funcionalidad del producto)<\/span><\/li>\n\n\n\n<li><span class=\"s1\">\u00bfTama\u00f1o familiar versus m\u00e1s peque\u00f1o, m\u00e1s f\u00e1cil de transportar?<\/span><\/li>\n\n\n\n<li><span class=\"s1\">\u00bfCapacidad para que los pasajeros pasen la seguridad del aeropuerto?<\/span><\/li>\n\n\n\n<li><span class=\"s1\">\u00bfEst\u00e1 dispuesto a pagar una prima por productos m\u00e1s peque\u00f1os y de un solo uso?<\/span><\/li>\n\n\n\n<li><span class=\"s1\">\u00bfVerde o ecol\u00f3gico? (recargable, reciclable)<\/span><\/li>\n<\/ul>\n<\/li>\n\n\n\n<li><span class=\"s1\">tu competencia <\/span>\n<ul class=\"wp-block-list\">\n<li><span class=\"s1\">\u00bfEst\u00e1n desarrollando nuevos productos, distribuidores o mercados?<\/span><\/li>\n<\/ul>\n<\/li>\n\n\n\n<li><span class=\"s1\">monitorear y evaluar las tendencias actuales en su mercado<\/span>\n<ul class=\"wp-block-list\">\n<li><span class=\"s1\">Qu\u00e9 est\u00e1 cambiando, d\u00f3nde y c\u00f3mo afecta a su empresa<\/span><\/li>\n\n\n\n<li><span class=\"s1\">Predecir lo que vendr\u00e1 despu\u00e9s<\/span><\/li>\n<\/ul>\n<\/li>\n<\/ul>\n\n\n\n<p class=\"p7\"><span class=\"s1\">Adem\u00e1s, la investigaci\u00f3n de mercado le ayudar\u00e1 a conocer mejor el <i>viaje del cliente<\/i> y qu\u00e9 impulsa las ventas en esta categor\u00eda. <\/span><\/p>\n\n\n\n<ul class=\"wp-block-list\">\n<li><span class=\"s1\">comportamiento de compra<\/span><\/li>\n\n\n\n<li><span class=\"s1\">comprar influencers<\/span><\/li>\n\n\n\n<li><span class=\"s1\">conocimiento de la marca<\/span><\/li>\n\n\n\n<li><span class=\"s1\">uso<\/span><\/li>\n\n\n\n<li><span class=\"s1\">percepciones<\/span><\/li>\n\n\n\n<li><span class=\"s1\">Tambi\u00e9n ser\u00eda de inter\u00e9s estudiar la influencia y uso de los siguientes durante todo el proceso de compra.<\/span>\n<ul class=\"wp-block-list\">\n<li><span class=\"s1\">tecnolog\u00eda (tel\u00e9fonos inteligentes, aplicaciones)<\/span><\/li>\n\n\n\n<li><span class=\"s1\">redes sociales (YouTube, Instagram, Facebook, Snapchat, boca a boca)<\/span><\/li>\n<\/ul>\n<\/li>\n<\/ul>\n\n\n\n<p class=\"p2\"><span class=\"s1\">Hay una variedad de servicios ofrecidos por la comunidad de investigaci\u00f3n de mercado. Puede utilizar una empresa para estudiar sus productos y obtener reacciones a todas sus preguntas en los hogares de los clientes, en las instalaciones de grupos focales, en los centros comerciales y en las tiendas minoristas. <\/span><\/p>\n\n\n\n<p class=\"p2\"><span class=\"s1\">Los temas que no requieren una exposici\u00f3n real al producto (por ejemplo, conceptos, precios, ocasiones de uso) se pueden investigar en l\u00ednea, por tel\u00e9fono o dispositivos m\u00f3viles.<\/span><\/p>\n\n\n\n<h2 class=\"wp-block-heading p6\"><span class=\"s1\">Tendencias globales<\/span><\/h2>\n\n\n\n<p class=\"p6\"><span class=\"s1\">En todo el mundo, el concepto de belleza cambia constantemente. Como tal, los consumidores buscan nuevos productos y servicios que ofrezcan nuevas caracter\u00edsticas y beneficios.<\/span><\/p>\n\n\n\n<p class=\"p6\"><span class=\"s1\">Est\u00e1n aprendiendo sobre la belleza de muchas fuentes nuevas y l\u00edderes de opini\u00f3n, y comprando de maneras diferentes a las de hace unos a\u00f1os.<\/span><\/p>\n\n\n\n<p class=\"p6\"><span class=\"s1\">Un experto en marketing necesita saber no s\u00f3lo lo que est\u00e1 de moda actualmente, sino tambi\u00e9n ser capaz de aprovechar las tendencias y conocimientos globales para crear el <\/span><span class=\"s6\">pr\u00f3xima gran novedad<\/span><span class=\"s1\"> (\u201cNBT\u201d).<\/span><\/p>\n\n\n\n<h2 class=\"wp-block-heading\">Acerca de SIS International Research Inc.<\/h2>\n\n\n\n<p><span style=\"font-weight: 400;\">Investigaci\u00f3n Internacional SIS (<a href=\"https:\/\/www.sisinternational.com\/es\/\">www.sisinternational.com<\/a>) is a leading global full-service Market Research &amp; Strategic Market Intelligence firm providing comprehensive market research solutions in China, Asia, the Americas, Europe and worldwide. The company provides Qualitative Research, Quantitative Data Collection, <a href=\"https:\/\/www.sisinternational.com\/es\/pericia\/industrias\/investigacion-de-mercado-de-broadway\/\" title=\"Investigaci\u00f3n de mercado de Broadway\"  data-wpil-monitor-id=\"6128\">Market Intelligence and Market Strategy Research<\/a>.<\/span><\/p>\n\n\n\n<p><span style=\"font-weight: 400;\">Headquartered in New York City and founded in 1984, the company has key offices in London, Miami, Los Angeles, Paris, and Shanghai. Our coverage is Nationwide US, Europe, the Middle East, Africa, and Asia and we serve over 50 industries. SIS offers many other innovative products and services for our client\u2019s decision-making.&nbsp; We have a <a href=\"https:\/\/www.sisinternational.com\/es\/soluciones\/grupos-de-enfoque\/instalaciones-para-grupos-focales-en-nueva-york\/\">Instalaci\u00f3n de pruebas de productos de belleza y grupos focales<\/a> en el coraz\u00f3n de manhattan.<\/span><\/p>\n\n\n\n<p><\/p>","protected":false},"excerpt":{"rendered":"<p>SIS es una firma l\u00edder en consultor\u00eda de innovaci\u00f3n empresarial en belleza que brinda generaci\u00f3n de ideas, seguimiento de tendencias, pruebas de productos y estrategias de comercializaci\u00f3n.<\/p>","protected":false},"author":1,"featured_media":62487,"parent":27176,"menu_order":1,"comment_status":"closed","ping_status":"closed","template":"","meta":{"footnotes":""},"class_list":["post-27415","page","type-page","status-publish","has-post-thumbnail"],"_links":{"self":[{"href":"https:\/\/www.sisinternational.com\/es\/wp-json\/wp\/v2\/pages\/27415","targetHints":{"allow":["GET"]}}],"collection":[{"href":"https:\/\/www.sisinternational.com\/es\/wp-json\/wp\/v2\/pages"}],"about":[{"href":"https:\/\/www.sisinternational.com\/es\/wp-json\/wp\/v2\/types\/page"}],"author":[{"embeddable":true,"href":"https:\/\/www.sisinternational.com\/es\/wp-json\/wp\/v2\/users\/1"}],"replies":[{"embeddable":true,"href":"https:\/\/www.sisinternational.com\/es\/wp-json\/wp\/v2\/comments?post=27415"}],"version-history":[{"count":7,"href":"https:\/\/www.sisinternational.com\/es\/wp-json\/wp\/v2\/pages\/27415\/revisions"}],"predecessor-version":[{"id":80225,"href":"https:\/\/www.sisinternational.com\/es\/wp-json\/wp\/v2\/pages\/27415\/revisions\/80225"}],"up":[{"embeddable":true,"href":"https:\/\/www.sisinternational.com\/es\/wp-json\/wp\/v2\/pages\/27176"}],"wp:featuredmedia":[{"embeddable":true,"href":"https:\/\/www.sisinternational.com\/es\/wp-json\/wp\/v2\/media\/62487"}],"wp:attachment":[{"href":"https:\/\/www.sisinternational.com\/es\/wp-json\/wp\/v2\/media?parent=27415"}],"curies":[{"name":"wp","href":"https:\/\/api.w.org\/{rel}","templated":true}]}}