{"id":27376,"date":"2018-07-15T22:33:57","date_gmt":"2018-07-15T22:33:57","guid":{"rendered":"https:\/\/www.sisinternational.com\/?page_id=27376"},"modified":"2025-09-11T23:16:55","modified_gmt":"2025-09-12T03:16:55","slug":"investigacion-de-mercado-del-recorrido-del-cliente","status":"publish","type":"page","link":"https:\/\/www.sisinternational.com\/es\/soluciones\/soluciones-de-investigacion-cualitativa-cuantitativa\/investigacion-de-mercado-del-recorrido-del-cliente\/","title":{"rendered":"Investigaci\u00f3n de mercado del recorrido del cliente"},"content":{"rendered":"<h1 class=\"gb-headline gb-headline-94dd15bc gb-headline-text\">Investigaci\u00f3n de mercado del recorrido del cliente<\/h1>\n\n\n\n<figure class=\"gb-block-image gb-block-image-492f2ca9\"><img loading=\"lazy\" decoding=\"async\" width=\"1456\" height=\"816\" class=\"gb-image gb-image-492f2ca9\" src=\"https:\/\/www.sisinternational.com\/wp-content\/uploads\/2025\/08\/Supermarket-6.jpg\" srcset=\"https:\/\/www.sisinternational.com\/wp-content\/uploads\/2025\/08\/Supermarket-6.jpg 1456w, https:\/\/www.sisinternational.com\/wp-content\/uploads\/2025\/08\/Supermarket-6-300x168.jpg 300w, https:\/\/www.sisinternational.com\/wp-content\/uploads\/2025\/08\/Supermarket-6-1024x574.jpg 1024w, https:\/\/www.sisinternational.com\/wp-content\/uploads\/2025\/08\/Supermarket-6-768x430.jpg 768w, https:\/\/www.sisinternational.com\/wp-content\/uploads\/2025\/08\/Supermarket-6-18x10.jpg 18w\" sizes=\"auto, (max-width: 1456px) 100vw, 1456px\" alt=\"Investigaci\u00f3n y estrategia de mercado internacional de SIS\"><\/figure>\n\n\n\n<p><\/p>\n\n\n\n<hr class=\"wp-block-separator has-alpha-channel-opacity is-style-dots\"\/>\n\n\n\n<h2 class=\"wp-block-heading\"><span style=\"font-weight: 400;\"><strong>\u00bfC\u00f3mo saben las empresas lo que quieren sus clientes?<\/strong> <\/span><\/h2>\n\n\n\n<p><span style=\"font-weight: 400;\">The best way to figure it out is to get into the customer\u2019s mind. The Customer Journey is like a roadmap. &nbsp;It explores how the customer becomes interested in a brand and shows their interactions with it. The Customer Journey is defined as the set of experiences that customers go through when interacting with a company and brand.<\/span><\/p>\n\n\n\n<h2 class=\"wp-block-heading\">\u00bfPor qu\u00e9 el recorrido del cliente es tan complejo?<\/h2>\n\n\n\n<p><span style=\"font-weight: 400;\">How consumers relate to brands started to change over the last five years. Mobile, social media, and other new digital channels have been influential. As a result, the path to purchase is no longer a linear progression. In the past, it went from consideration to identification through information gathering, with the last stop being the decision to buy. However, the rise of digital technology has transformed the way people learn about and interact with brands.<\/span><\/p>\n\n\n\n<p><span style=\"font-weight: 400;\">The Path to Purchase also used to guide marketing plans and strategies. The modern Customer Journey is now more complicated with the emergence of social media. &nbsp;Smartphones, the Internet of Things (IoT) and connected media also contribute to the complexity of the Customer Journey. The devices on consumers\u2019 wrists and in their pockets have conditioned them. &nbsp;Consumers increasingly expect brands to produce the desired results \u2013 the moment they want them. The brand becomes more focused on relationships rather than transactions. Customer Journeys provide a framework to build the bond between brand and consumer.<\/span><\/p>\n\n\n\n<h2 class=\"wp-block-heading\">Camino a la compra<\/h2>\n\n\n\n<figure class=\"gb-block-image gb-block-image-df9636c8\"><img loading=\"lazy\" decoding=\"async\" width=\"1456\" height=\"816\" class=\"gb-image gb-image-df9636c8\" src=\"https:\/\/www.sisinternational.com\/wp-content\/uploads\/2025\/08\/Customer-shopping-1.jpg\" srcset=\"https:\/\/www.sisinternational.com\/wp-content\/uploads\/2025\/08\/Customer-shopping-1.jpg 1456w, https:\/\/www.sisinternational.com\/wp-content\/uploads\/2025\/08\/Customer-shopping-1-300x168.jpg 300w, https:\/\/www.sisinternational.com\/wp-content\/uploads\/2025\/08\/Customer-shopping-1-1024x574.jpg 1024w, https:\/\/www.sisinternational.com\/wp-content\/uploads\/2025\/08\/Customer-shopping-1-768x430.jpg 768w, https:\/\/www.sisinternational.com\/wp-content\/uploads\/2025\/08\/Customer-shopping-1-18x10.jpg 18w\" sizes=\"auto, (max-width: 1456px) 100vw, 1456px\" alt=\"Investigaci\u00f3n y estrategia de mercado internacional de SIS\"><\/figure>\n\n\n\n<p><\/p>\n\n\n\n<p><span style=\"font-weight: 400;\">El Customer Journey y el camino de compra tienen similitudes y diferencias. La ruta de compra se refiere a una secuencia de canales que los consumidores utilizan para realizar una compra. El Customer Journey es la experiencia que tienen los consumidores al comprar un art\u00edculo de una marca.<\/span><\/p>\n\n\n\n<h2 class=\"wp-block-heading\">Informaci\u00f3n del comprador<\/h2>\n\n\n\n<p><span style=\"font-weight: 400;\">Businesses benefit when they understand the opportunities and threats of today\u2019s Customer Journey. &nbsp;They must also recognize shoppers&#8217; behavior as they interact with their brand in-store or online. &nbsp;Customer loyalty strategies can help boost profitability, raise engagement and customer retention. These benefits include increased repeat visits and growth of the consumer base. &nbsp;Another benefit is the boost in average transactional values. Ultimately optimizing the Customer Journey can lead to exceptional customer experiences, customer loyalty and profitability.<\/span><\/p>\n\n\n\n<p><span style=\"font-weight: 400;\">Las herramientas de Retail Intelligence tienen m\u00e1s precisi\u00f3n que nunca. Permiten que las tiendas deleiten a los consumidores con un fant\u00e1stico servicio al cliente y experiencias en la tienda. Por ejemplo, los vendedores progresistas pueden hacer m\u00e1s que examinar los datos de los clientes. Tambi\u00e9n pueden utilizar las herramientas de inteligencia para preparar a los gerentes de tienda. Los directivos podr\u00e1n entonces planificar los trabajos. La planificaci\u00f3n tambi\u00e9n les permite organizar la actividad de ventas. Tambi\u00e9n pueden asignar responsabilidades en funci\u00f3n de las visitas esperadas al sitio web.<\/span><\/p>\n\n\n\n<p><span style=\"font-weight: 400;\">Targeted and tailored brand messages have become the norm. Today\u2019s savvy customers not only prefer but also expect them. Still, there\u2019s a catch to using customer data to deliver service. Few buyers want retailers to know their current location. Even fewer want to share their browsing history. Consumers are reluctant to disclose all their details. Still, they want targeted deals. Companies can \u201cmap\u201d their Customer Journeys to ease this reluctance. Customer mapping is helpful for visualizing multiple touchpoints and digging deep into customers\u2019 experiences with a brand.<\/span><\/p>\n\n\n\n<h2 class=\"wp-block-heading\">Viaje del cliente B2B<\/h2>\n\n\n\n<p><span style=\"font-weight: 400;\"><a class=\"wpil_keyword_link\" href=\"https:\/\/www.sisinternational.com\/es\/soluciones\/soluciones-de-branding-e-investigacion-de-clientes\/mapeo-del-recorrido-del-cliente\/\"   title=\"Mapeo del recorrido del cliente\" data-wpil-keyword-link=\"linked\"  data-wpil-monitor-id=\"766\">Mapeo del recorrido del cliente<\/a> for B2B customers involves segmenting them. Marketers base these classifications on what makes B2B customers different such as age and geography. Businesses also map their B2B Customer Journeys based on needs and behaviors. They then detail all the customer touchpoints with their company. The last step is to record the customer responses to these touchpoints.<\/span><\/p>\n\n\n\n<p><span style=\"font-weight: 400;\">B2B companies can stay ahead of the customer by understanding the opportunities and obstacles in the Customer Journey. This understanding can help them create a great experience and build quality products and services. Building a B2B Customer Journey is like creating one for a retail business. It starts with knowing the customer and how they research and make purchases. Once companies understand the journey, they can offer customized service, provide consistent messaging, and delight their customers.<\/span><\/p>\n\n\n\n<h2 class=\"wp-block-heading\">Acerca del SIS<\/h2>\n\n\n\n<p><a href=\"https:\/\/www.linkedin.com\/company\/sisinternationalresearch\" target=\"_blank\" rel=\"noopener\">SIS<\/a> has over 40+ years&#8217; experience in Customer Research.&nbsp; Customer <a href=\"https:\/\/www.sisinternational.com\/es\/pericia\/industrias\/investigacion-de-mercado-del-viaje-del-paciente\/\" title=\"Investigaci\u00f3n de mercado del viaje del paciente\" data-wpil-monitor-id=\"5368\">Journey Market Research<\/a> allows companies to identify opportunities and weaknesses in order to boost revenue and satisfaction.&nbsp; We conduct Qualitative Research, Quantitative Research and Strategy Research that helps companies to understand that rapidly changing Customer Journey.&nbsp; Key methods include Digital Online Communities, Video Interviews, Focus Groups, Customer Interviews, Surveys and Competitive Analysis.<\/p>\n\n\n\n<h2 class=\"wp-block-heading\">Nuestra ubicaci\u00f3n de instalaciones en Nueva York<\/h2>\n\n\n\n<p>\n\n\n\n<iframe loading=\"lazy\" src=\"https:\/\/www.google.com\/maps\/embed?pb=!1m18!1m12!1m3!1d3022.976188376966!2d-73.99130312499956!3d40.740549471389315!2m3!1f0!2f0!3f0!3m2!1i1024!2i768!4f13.1!3m3!1m2!1s0x89c259a15798c731%3A0xd695d09bdd495f25!2s11%20E%2022nd%20St%20FL%202%2C%20New%20York%2C%20NY%2010010%2C%20USA!5e0!3m2!1sen!2spe!4v1726171763526!5m2!1sen!2spe\" width=\"600\" height=\"450\" allowfullscreen=\"allowfullscreen\" data-mce-fragment=\"1\"><\/iframe>\n\n\n\n<\/p>\n\n\n\n<h3 class=\"wp-block-heading\">11 E 22nd Street, piso 2, Nueva York, NY 10010 T: +1(212) 505-6805<\/h3>\n\n\n\n<hr class=\"wp-block-separator has-alpha-channel-opacity\"\/>\n\n\n\n<h2 class=\"wp-block-heading\"><span style=\"font-weight: 400;\">Acerca de SIS Internacional<\/span><\/h2>\n\n\n\n<p><a href=\"https:\/\/www.sisinternational.com\/es\/\"><span style=\"font-weight: 400;\">SIS Internacional<\/span><\/a><span style=\"font-weight: 400;\"> ofrece investigaci\u00f3n cuantitativa, cualitativa y estrat\u00e9gica. Proporcionamos datos, herramientas, estrategias, informes y conocimientos para la toma de decisiones. Tambi\u00e9n realizamos entrevistas, encuestas, grupos focales y otros m\u00e9todos y enfoques de investigaci\u00f3n de mercado.<\/span><a href=\"https:\/\/www.sisinternational.com\/es\/sobre-la-investigacion-internacional-de-sis\/contact-sis-international-market-research\/\"><span style=\"font-weight: 400;\"> P\u00f3ngase en contacto con nosotros<\/span><\/a><span style=\"font-weight: 400;\"> para su pr\u00f3ximo proyecto de Investigaci\u00f3n de Mercado.<\/span><\/p>\n\n\n\n<p><\/p>","protected":false},"excerpt":{"rendered":"<p>El recorrido del cliente actual est\u00e1 cambiando r\u00e1pidamente para incluir muchos m\u00e1s puntos de contacto, especialmente en l\u00ednea. Descubra informaci\u00f3n de la investigaci\u00f3n de mercado del recorrido del cliente.<\/p>","protected":false},"author":1,"featured_media":63726,"parent":14660,"menu_order":12,"comment_status":"closed","ping_status":"closed","template":"","meta":{"footnotes":""},"class_list":["post-27376","page","type-page","status-publish","has-post-thumbnail"],"_links":{"self":[{"href":"https:\/\/www.sisinternational.com\/es\/wp-json\/wp\/v2\/pages\/27376","targetHints":{"allow":["GET"]}}],"collection":[{"href":"https:\/\/www.sisinternational.com\/es\/wp-json\/wp\/v2\/pages"}],"about":[{"href":"https:\/\/www.sisinternational.com\/es\/wp-json\/wp\/v2\/types\/page"}],"author":[{"embeddable":true,"href":"https:\/\/www.sisinternational.com\/es\/wp-json\/wp\/v2\/users\/1"}],"replies":[{"embeddable":true,"href":"https:\/\/www.sisinternational.com\/es\/wp-json\/wp\/v2\/comments?post=27376"}],"version-history":[{"count":6,"href":"https:\/\/www.sisinternational.com\/es\/wp-json\/wp\/v2\/pages\/27376\/revisions"}],"predecessor-version":[{"id":79158,"href":"https:\/\/www.sisinternational.com\/es\/wp-json\/wp\/v2\/pages\/27376\/revisions\/79158"}],"up":[{"embeddable":true,"href":"https:\/\/www.sisinternational.com\/es\/wp-json\/wp\/v2\/pages\/14660"}],"wp:featuredmedia":[{"embeddable":true,"href":"https:\/\/www.sisinternational.com\/es\/wp-json\/wp\/v2\/media\/63726"}],"wp:attachment":[{"href":"https:\/\/www.sisinternational.com\/es\/wp-json\/wp\/v2\/media?parent=27376"}],"curies":[{"name":"wp","href":"https:\/\/api.w.org\/{rel}","templated":true}]}}