{"id":27363,"date":"2018-07-14T22:43:29","date_gmt":"2018-07-14T22:43:29","guid":{"rendered":"https:\/\/www.sisinternational.com\/?page_id=27363"},"modified":"2026-03-05T23:45:55","modified_gmt":"2026-03-06T04:45:55","slug":"investigacion-de-mercado-de-belleza-baby-boomers","status":"publish","type":"page","link":"https:\/\/www.sisinternational.com\/es\/pericia\/investigacion-de-mercado-de-belleza-baby-boomers\/","title":{"rendered":"Investigaci\u00f3n de mercado de belleza Baby Boomer"},"content":{"rendered":"<h1 class=\"wp-block-heading\">Investigaci\u00f3n de mercado de belleza Baby Boomer<\/h1>\n\n\n\n<figure class=\"gb-block-image gb-block-image-83c2f6ee\"><img loading=\"lazy\" decoding=\"async\" width=\"1456\" height=\"816\" class=\"gb-image gb-image-83c2f6ee\" src=\"https:\/\/www.sisinternational.com\/wp-content\/uploads\/2025\/08\/CEO-woman-business-woman-1.jpg\" alt=\"Investigaci\u00f3n y estrategia de mercado internacional de SIS\" title=\"CEO woman business woman (1)\" srcset=\"https:\/\/www.sisinternational.com\/wp-content\/uploads\/2025\/08\/CEO-woman-business-woman-1.jpg 1456w, https:\/\/www.sisinternational.com\/wp-content\/uploads\/2025\/08\/CEO-woman-business-woman-1-300x168.jpg 300w, https:\/\/www.sisinternational.com\/wp-content\/uploads\/2025\/08\/CEO-woman-business-woman-1-1024x574.jpg 1024w, https:\/\/www.sisinternational.com\/wp-content\/uploads\/2025\/08\/CEO-woman-business-woman-1-768x430.jpg 768w, https:\/\/www.sisinternational.com\/wp-content\/uploads\/2025\/08\/CEO-woman-business-woman-1-18x10.jpg 18w\" sizes=\"auto, (max-width: 1456px) 100vw, 1456px\"><\/figure>\n\n\n\n<p><\/p>\n\n\n\n<h2 class=\"wp-block-heading\"><strong>Baby boomers<\/strong> Son adultos que nacieron durante un per\u00edodo de 18 a\u00f1os que comenz\u00f3 en 1946.<\/h2>\n\n\n\n<p>Today, they range in age from their mid-50s to their low 70s. Within this market segment, however, there are differences between the younger to the older group.\u00a0Even before reaching their 50s, most baby boomers have seen their hair turn gray, while their skin becomes looser and develops wrinkles. And weight is more of an issue as maintaining or losing pounds becomes more of a challenge. One result of these changes is an increase in their desire for anti-aging products and services.<\/p>\n\n\n\n<h2 class=\"wp-block-heading\">Las mujeres no son las \u00fanicas compradoras de productos de Belleza y Cuerpo.<\/h2>\n\n\n\n<p>A diferencia de la generaci\u00f3n de sus padres, una sorprendente y <u>creciente n\u00famero de hombres baby boomers <\/u>tambi\u00e9n los est\u00e1n abrazando y consumiendo. Es significativo que, si bien tienen aproximadamente el mismo tama\u00f1o de poblaci\u00f3n que el segmento m\u00e1s joven de la generaci\u00f3n del milenio, los baby boomers como grupo tienen m\u00e1s dinero y poder adquisitivo.<\/p>\n\n\n\n<h2 class=\"wp-block-heading\">La importancia de la belleza y el cuidado de la piel<\/h2>\n\n\n\n<p>Beauty is a broad term that refers to the entire look that a person presents to the public.&nbsp;&nbsp;Skincare is how one takes <a href=\"https:\/\/www.sisinternational.com\/es\/pericia\/industrias\/pruebas-de-investigacion-sobre-el-cuidado-de-la-piel\/\" title=\"Investigaci\u00f3n y pruebas sobre el cuidado de la piel\"  data-wpil-monitor-id=\"10764\">care of their skin<\/a> to keep it healthy.&nbsp;Cosmetics or makeup is used to <strong>mejorar<\/strong> la apariencia de uno, a menudo con el objetivo de hacer que la piel se sienta suave, &quot;brillante&quot; o &quot;brillante&quot; para hacerla m\u00e1s bella. La belleza tiene un impacto importante en la salud, la autoestima y la felicidad.<\/p>\n\n\n\n<h2 class=\"wp-block-heading\">Panorama del mercado de belleza Baby Boomer<\/h2>\n\n\n\n<p>Existe una amplia gama de productos que pueden ser <strong>aplicado<\/strong> a todas las partes del cuerpo - literalmente <em>De la cabeza a los pies.\u00a0<\/em>Then some can be <strong>ingerido<\/strong><u>,<\/u> para promover la buena salud desde adentro hacia afuera. El siguiente contenido proporciona una idea del alcance de este mercado y puede ayudarle a llegar a este segmento grande y pr\u00f3spero.<\/p>\n\n\n\n<h2 class=\"wp-block-heading\">Descripci\u00f3n general de productos de belleza<\/h2>\n\n\n\n<p>Para <strong>piel<\/strong>, la cara, los ojos y los labios suelen recibir la mayor atenci\u00f3n y hay muchas capas sobre qu\u00e9 y c\u00f3mo se aplican los productos para maximizar la apariencia. A continuaci\u00f3n se presentan algunos productos clave que ayudan a lograr este objetivo en todo el cuerpo.<\/p>\n\n\n\n<ul class=\"wp-block-list\">\n<li>crema hidratante\/crema<\/li>\n\n\n\n<li>loci\u00f3n<\/li>\n\n\n\n<li>cebador<\/li>\n\n\n\n<li>base<\/li>\n\n\n\n<li>polvo fijador<\/li>\n\n\n\n<li>resaltador<\/li>\n\n\n\n<li>delineador de ojos<\/li>\n\n\n\n<li>pesta\u00f1as<\/li>\n\n\n\n<li>l\u00e1piz labial<\/li>\n\n\n\n<li>brillo<\/li>\n<\/ul>\n\n\n\n<p>Para <strong>cabello<\/strong>, su cuidado y apariencia, la lista incluye, pero no se limita a<\/p>\n\n\n\n<ul class=\"wp-block-list\">\n<li>champ\u00fa<\/li>\n\n\n\n<li>acondicionador<\/li>\n\n\n\n<li>te\u00f1ir<\/li>\n\n\n\n<li>plancha<\/li>\n\n\n\n<li>gel<\/li>\n\n\n\n<li>mousse<\/li>\n\n\n\n<li>promoci\u00f3n del crecimiento, eliminaci\u00f3n\/exfoliaci\u00f3n<\/li>\n\n\n\n<li>maquinillas de afeitar y dispositivos de aseo<\/li>\n\n\n\n<li>pelucas<\/li>\n\n\n\n<li>extensiones<\/li>\n<\/ul>\n\n\n\n<p>Para <strong>manos y pies<\/strong> there is nail polish in addition to creams and lotions.&nbsp;For <strong>adentro<\/strong> En el cuerpo existen productos para bajar de peso, vitaminas espec\u00edficas, suplementos para la salud y bebidas.<\/p>\n\n\n\n<p>Los productos para exteriores incluyen:<\/p>\n\n\n\n<ul class=\"wp-block-list\">\n<li>gafas de sol para proteger los ojos (y hacer una declaraci\u00f3n de moda)<\/li>\n\n\n\n<li>loci\u00f3n bronceadora para proteger la piel<\/li>\n\n\n\n<li>Ropa protectora con capacidad de bloqueo de rayos UV.<\/li>\n<\/ul>\n\n\n\n<h2 class=\"wp-block-heading\">Descripci\u00f3n general de los servicios de belleza<\/h2>\n\n\n\n<p>Hay una variedad de servicios ofrecidos por profesionales capacitados y m\u00e9dicos que poseen muchas especialidades diferentes. Los procedimientos m\u00e9dicos son ofrecidos por cirujanos pl\u00e1sticos, dermat\u00f3logos, pod\u00f3logos, nutricionistas y otros.<\/p>\n\n\n\n<p><strong>Los procedimientos m\u00e9dicos de belleza implican:<\/strong><\/p>\n\n\n\n<ul class=\"wp-block-list\">\n<li>labios, cuello, barbilla, estr\u00edas, brazos ca\u00eddos, etc.\n<ul class=\"wp-block-list\">\n<li>pliegues o reducciones<\/li>\n\n\n\n<li>mejoras (silicona)<\/li>\n<\/ul>\n<\/li>\n\n\n\n<li>restauraci\u00f3n capilar, implantes<\/li>\n\n\n\n<li>eliminaci\u00f3n de grasa y contorno mediante liposucci\u00f3n o CoolSculpting<\/li>\n\n\n\n<li>eliminaci\u00f3n de \u201cmanchas marrones\/hep\u00e1ticas\u201d, ara\u00f1as vasculares, ros\u00e1cea y tatuajes, a menudo con el uso de l\u00e1seres u otras tecnolog\u00edas.<\/li>\n<\/ul>\n\n\n\n<p><strong>Los servicios se pueden realizar en Centros de Belleza como:<\/strong><\/p>\n\n\n\n<ul class=\"wp-block-list\">\n<li>estudios de yoga<\/li>\n\n\n\n<li>Pilates y salas de ejercicios similares.<\/li>\n\n\n\n<li>clubes de fitness y gimnasios<\/li>\n\n\n\n<li>balnearios<\/li>\n\n\n\n<li>estudios de masaje<\/li>\n\n\n\n<li>salones de u\u00f1as donde se realizan manicuras y pedicuras (\u201cmani-pedis\u201d)<\/li>\n<\/ul>\n\n\n\n<h2 class=\"wp-block-heading\">La oportunidad del mercado de belleza de la generaci\u00f3n del baby boom<\/h2>\n\n\n\n<p>El <a href=\"https:\/\/www.sisinternational.com\/es\/soluciones\/estudio-de-mercado-de-productos-de-belleza\/investigacion-de-mercado-de-bienestar-para-los-baby-boomers\/\" title=\"Investigaci\u00f3n de mercado de bienestar de los baby boomers\"  data-wpil-monitor-id=\"10761\">Baby Boomer Beauty market<\/a> represents a large untapped market for beauty companies.&nbsp;Consider the following:<\/p>\n\n\n\n<ul class=\"wp-block-list\">\n<li>Hay aproximadamente 75 millones de Baby Boomers (de 51 a 69 a\u00f1os; nacidos entre 1946 y 1964) en los Estados Unidos.<\/li>\n\n\n\n<li>M\u00e1s de 50% de la poblaci\u00f3n total de EE. UU. tendr\u00e1n m\u00e1s de 50 a\u00f1os este a\u00f1o.<\/li>\n\n\n\n<li>En los pr\u00f3ximos 20 a\u00f1os, se espera que el gasto de las personas mayores de 50 a\u00f1os aumente en 581 TP3T hasta $4,74 billones.<\/li>\n\n\n\n<li>Por el contrario, se espera que el gasto de los estadounidenses m\u00e1s j\u00f3venes de entre 25 y 50 a\u00f1os solo crezca aproximadamente 24%.<\/li>\n\n\n\n<li>Los Baby Boomers tambi\u00e9n heredar\u00e1n aproximadamente $15 billones durante los pr\u00f3ximos 20 a\u00f1os.<\/li>\n<\/ul>\n\n\n\n<p>Ruth Stanat, founder of SIS <a class=\"wpil_keyword_link\" href=\"https:\/\/www.sisinternational.com\/es\/soluciones\/estudio-de-mercado-de-productos-de-belleza\/consultoria-de-innovacion-en-belleza\/\"   title=\"Consultor\u00eda de Innovaci\u00f3n en Belleza\" data-wpil-keyword-link=\"linked\"  data-wpil-monitor-id=\"469\">Consultor\u00eda de Innovaci\u00f3n en Belleza<\/a>, believes Baby Boomers will ignite a consumer spending boom over the next several years.&nbsp; Not only is 70% of U.S. disposable income controlled by Baby Boomers, but they also spend over $3.2 trillion every year. This market is too big to ignore for investors and entrepreneurs alike.<\/p>\n\n\n\n<ul class=\"wp-block-list\">\n<li>En t\u00e9rminos generales, las mujeres Boomer no desean retroceder en el tiempo con productos antienvejecimiento. En cambio, quieren productos que aborden directamente los problemas de salud, cuidado de la piel y el cabello, y al mismo tiempo enfaticen sentirse y verse bien.<\/li>\n\n\n\n<li>La mayor\u00eda busca productos con propiedades hidratantes para tratar la piel seca, mientras que solo un porcentaje menor est\u00e1 interesado en afirmaciones antienvejecimiento.<\/li>\n\n\n\n<li>A diferencia de las mujeres Millennial, a quienes les encanta explorar nuevas marcas y productos, la gran mayor\u00eda de las mujeres Boomer ya tienen un r\u00e9gimen establecido de cuidado de la piel y el cabello.<\/li>\n\n\n\n<li>Las compras impulsivas entre las mujeres Boomer son poco comunes, ya que menos personas dicen que comprar\u00edan un producto de belleza por capricho.<\/li>\n\n\n\n<li>Un peque\u00f1o porcentaje de mujeres Boomer dice que buscar\u00eda activamente nuevos productos en lugar de sus marcas de confianza actuales. Estos consumidores tienen una larga lealtad a la marca, lo que puede ser un desaf\u00edo para las nuevas marcas.<\/li>\n\n\n\n<li>Brands\/products can focus on the <a href=\"https:\/\/www.sisinternational.com\/es\/mystery-shopping-for-beauty-products\/\" title=\"Mystery Shopping for Beauty Products\"  data-wpil-monitor-id=\"10769\">beauty and health benefits of their products<\/a>, as well as offer free trials touting the health benefits are important to Boomers at this stage of their lives.<\/li>\n<\/ul>\n\n\n\n<p>Baby boomers represent an \u201cuntapped\u201d <a href=\"https:\/\/www.sisinternational.com\/es\/beauty-market-research-in-the-us\/\" title=\"Beauty Market Research in the US\"  data-wpil-monitor-id=\"882\">market for beauty<\/a> companies. Understanding the needs and wants of a <a href=\"https:\/\/www.sisinternational.com\/es\/la-principal-empresa-de-generacion-de-demanda-b2b\/\" title=\"Principal empresa de generaci\u00f3n de demanda B2B\"  data-wpil-monitor-id=\"10770\">generation can drive advantage for Beauty companies<\/a>.<\/p>\n\n\n\n<h2 class=\"wp-block-heading\">Descubriendo nuevas oportunidades<\/h2>\n\n\n\n<p>Beauty companies may be limiting their beauty <a href=\"https:\/\/www.sisinternational.com\/es\/\" title=\"Inicio\"  data-wpil-monitor-id=\"10757\">research and strategy<\/a> to consumers between the ages of 21 and 45.\u00a0 \u00a0SIS has also noticed that beauty companies tend to exclude men as potential customers.\u00a0 These segments can be profitable, loyal, and can provide new growth opportunities.\u00a0 Market Research uncovers insights, data and strategies about these segments.<\/p>\n\n\n\n<h2 class=\"wp-block-heading\">Acerca de la investigaci\u00f3n de mercado de belleza Baby Boomer<\/h2>\n\n\n\n<p>With the motivation and desire to look younger and healthier, baby boomers are willing to invest their time and money on an increasing number of <a href=\"https:\/\/www.sisinternational.com\/es\/soluciones\/prueba-de-sabor\/beauty-product-testing\/\" title=\"Beauty Product Testing\"  data-wpil-monitor-id=\"10766\">beauty and skincare products<\/a> and services, including those that are innovative and often utilize new technologies.<\/p>\n\n\n\n<p>If your business is involved with this <a href=\"https:\/\/www.sisinternational.com\/es\/global-beverage-market\/\" title=\"Global Beverage Market: Market Dynamics, Growth Projections &amp; Consumer Insights\"  data-wpil-monitor-id=\"10762\">dynamic and growing market<\/a>, it is critical to constantly monitor the lifestyles and behaviors of this age group towards their well-being.&nbsp;Across the 18 year range of ages for this group, between genders and other variables, there will be differences worth studying that can inform better marketing decisions.<\/p>\n\n\n\n<p>Los m\u00e9todos \u00fatiles de investigaci\u00f3n de mercado incluyen:<\/p>\n\n\n\n<ul class=\"wp-block-list\">\n<li>Grupos focales en persona<\/li>\n\n\n\n<li>Entrevistas con consumidores<\/li>\n\n\n\n<li>Etnograf\u00eda<\/li>\n\n\n\n<li>Encuestas telef\u00f3nicas y m\u00f3viles<\/li>\n\n\n\n<li><a href=\"https:\/\/www.sisinternational.com\/es\/soluciones\/empresa-de-investigacion-de-mercado-comunitaria-en-linea-b2b\/\" title=\"Empresa de estudios de mercado de comunidades en l\u00ednea B2B\"  data-wpil-monitor-id=\"10768\">Comunidades de conocimiento en l\u00ednea<\/a><\/li>\n<\/ul>\n\n\n\n<p><\/p>","protected":false},"excerpt":{"rendered":"<p>Los baby boomers representan un mercado sin explotar para las empresas de belleza. Comprender las necesidades y deseos de una generaci\u00f3n puede generar ventajas para las empresas de belleza.<\/p>","protected":false},"author":1,"featured_media":64871,"parent":14514,"menu_order":36,"comment_status":"closed","ping_status":"closed","template":"","meta":{"footnotes":""},"class_list":["post-27363","page","type-page","status-publish","has-post-thumbnail"],"_links":{"self":[{"href":"https:\/\/www.sisinternational.com\/es\/wp-json\/wp\/v2\/pages\/27363","targetHints":{"allow":["GET"]}}],"collection":[{"href":"https:\/\/www.sisinternational.com\/es\/wp-json\/wp\/v2\/pages"}],"about":[{"href":"https:\/\/www.sisinternational.com\/es\/wp-json\/wp\/v2\/types\/page"}],"author":[{"embeddable":true,"href":"https:\/\/www.sisinternational.com\/es\/wp-json\/wp\/v2\/users\/1"}],"replies":[{"embeddable":true,"href":"https:\/\/www.sisinternational.com\/es\/wp-json\/wp\/v2\/comments?post=27363"}],"version-history":[{"count":7,"href":"https:\/\/www.sisinternational.com\/es\/wp-json\/wp\/v2\/pages\/27363\/revisions"}],"predecessor-version":[{"id":81764,"href":"https:\/\/www.sisinternational.com\/es\/wp-json\/wp\/v2\/pages\/27363\/revisions\/81764"}],"up":[{"embeddable":true,"href":"https:\/\/www.sisinternational.com\/es\/wp-json\/wp\/v2\/pages\/14514"}],"wp:featuredmedia":[{"embeddable":true,"href":"https:\/\/www.sisinternational.com\/es\/wp-json\/wp\/v2\/media\/64871"}],"wp:attachment":[{"href":"https:\/\/www.sisinternational.com\/es\/wp-json\/wp\/v2\/media?parent=27363"}],"curies":[{"name":"wp","href":"https:\/\/api.w.org\/{rel}","templated":true}]}}