{"id":27300,"date":"2018-07-12T03:17:54","date_gmt":"2018-07-12T03:17:54","guid":{"rendered":"https:\/\/www.sisinternational.com\/?page_id=27300"},"modified":"2025-09-11T19:29:46","modified_gmt":"2025-09-11T23:29:46","slug":"investigacion-de-mercado-de-cuidado-de-la-piel-con-superalimentos","status":"publish","type":"page","link":"https:\/\/www.sisinternational.com\/es\/soluciones\/estudio-de-mercado-de-productos-de-belleza\/investigacion-de-mercado-de-cuidado-de-la-piel-con-superalimentos\/","title":{"rendered":"Investigaci\u00f3n de mercado del cuidado de la piel con superalimentos"},"content":{"rendered":"<h1 class=\"wp-block-heading\">Investigaci\u00f3n de mercado del cuidado de la piel con superalimentos<\/h1>\n\n\n\n<figure class=\"gb-block-image gb-block-image-6a53fb24\"><img loading=\"lazy\" decoding=\"async\" width=\"1456\" height=\"816\" class=\"gb-image gb-image-6a53fb24\" src=\"https:\/\/www.sisinternational.com\/wp-content\/uploads\/2025\/08\/Skincare-6-1.jpg\" srcset=\"https:\/\/www.sisinternational.com\/wp-content\/uploads\/2025\/08\/Skincare-6-1.jpg 1456w, https:\/\/www.sisinternational.com\/wp-content\/uploads\/2025\/08\/Skincare-6-1-300x168.jpg 300w, https:\/\/www.sisinternational.com\/wp-content\/uploads\/2025\/08\/Skincare-6-1-1024x574.jpg 1024w, https:\/\/www.sisinternational.com\/wp-content\/uploads\/2025\/08\/Skincare-6-1-768x430.jpg 768w, https:\/\/www.sisinternational.com\/wp-content\/uploads\/2025\/08\/Skincare-6-1-18x10.jpg 18w\" sizes=\"auto, (max-width: 1456px) 100vw, 1456px\" alt=\"Investigaci\u00f3n y estrategia de mercado internacional de SIS\"><\/figure>\n\n\n\n<p><\/p>\n\n\n\n<p><span style=\"font-weight: 400;\">Los superalimentos se basan en plantas, pescado y l\u00e1cteos, tienen un valor nutricional y son buenos para la salud. Estos alimentos no forman parte de ning\u00fan grupo de alimentos en particular. La industria de la salud y el bienestar los comercializa como alimentos ricos en nutrientes y con muchos beneficios para la salud. Los superalimentos contienen cantidades adicionales de vitaminas y minerales. Estos nutrientes ayudan a la capacidad natural del cuerpo para combatir enfermedades como el c\u00e1ncer. Tambi\u00e9n ayudan a controlar enfermedades cr\u00f3nicas como la hipertensi\u00f3n y la diabetes. Los superalimentos permiten a las personas vivir una vida larga y muy saludable.<\/span><\/p>\n\n\n\n<p><span style=\"font-weight: 400;\">Los superalimentos m\u00e1s buscados incluyen los ar\u00e1ndanos y los kiwis. Las nueces, las semillas, los frijoles y los cereales tambi\u00e9n son superalimentos. Las verduras de hojas verdes oscuras como la col rizada y las espinacas tambi\u00e9n entran en la categor\u00eda de superalimentos. Tambi\u00e9n se incluyen pescados ricos en \u00e1cidos omega, batatas y calabazas.<\/span><\/p>\n\n\n\n<p><span style=\"font-weight: 400;\">Other very healthy foods are also beneficial to health. Due to unexplained reasons, the health and wellness <a href=\"https:\/\/www.sisinternational.com\/es\/pericia\/industrias\/investigacion-de-mercado-de-la-industria-fruticola\/\" title=\"Investigaci\u00f3n de mercado de la industria frut\u00edcola\"  data-wpil-monitor-id=\"8476\">industry is not yet touting these fruits<\/a> and vegetables as superfoods. The term &#8220;superfoods&#8221; implies the power and abilities of the foods. Still, people should consume them in moderation like any other food. Too much can prove detrimental to one\u2019s health.<\/span><\/p>\n\n\n\n<h2 class=\"wp-block-heading\">Superalimentos para la piel<\/h2>\n\n\n\n<figure class=\"gb-block-image gb-block-image-61562b35\"><img loading=\"lazy\" decoding=\"async\" width=\"1456\" height=\"816\" class=\"gb-image gb-image-61562b35\" src=\"https:\/\/www.sisinternational.com\/wp-content\/uploads\/2025\/08\/Fruit-7.jpg\" srcset=\"https:\/\/www.sisinternational.com\/wp-content\/uploads\/2025\/08\/Fruit-7.jpg 1456w, https:\/\/www.sisinternational.com\/wp-content\/uploads\/2025\/08\/Fruit-7-300x168.jpg 300w, https:\/\/www.sisinternational.com\/wp-content\/uploads\/2025\/08\/Fruit-7-1024x574.jpg 1024w, https:\/\/www.sisinternational.com\/wp-content\/uploads\/2025\/08\/Fruit-7-768x430.jpg 768w, https:\/\/www.sisinternational.com\/wp-content\/uploads\/2025\/08\/Fruit-7-18x10.jpg 18w\" sizes=\"auto, (max-width: 1456px) 100vw, 1456px\" alt=\"Investigaci\u00f3n y estrategia de mercado internacional de SIS\"><\/figure>\n\n\n\n<p><\/p>\n\n\n\n<p><span style=\"font-weight: 400;\">Cosmetic companies have discovered that superfoods also benefit the skin. These companies are developing skin care products with superfoods as ingredients. Indeed, there has been a shift of focus, so superfoods are now included in skin care regimens.<\/span><\/p>\n\n\n\n<p><span style=\"font-weight: 400;\">Skincare companies are targeting the health and <a href=\"https:\/\/www.sisinternational.com\/es\/soluciones\/estudio-de-mercado-de-productos-de-belleza\/\" title=\"Consultor\u00eda de innovaci\u00f3n en belleza e investigaci\u00f3n del mercado de la belleza\"  data-wpil-monitor-id=\"8466\">beauty conscious segment of the market<\/a>. It is happening as the world becomes more health conscious. People are more cautious about what they put inside their bodies. The idea is that if a type of <a href=\"https:\/\/www.sisinternational.com\/es\/pericia\/industrias\/investigacion-de-mercado-de-alimentos-y-bebidas-con-organismos-geneticamente-modificados\/\" title=\"Investigaci\u00f3n de mercado de alimentos y bebidas de organismos gen\u00e9ticamente modificados\"  data-wpil-monitor-id=\"8478\">food is beneficial to the internal organs<\/a>, then it should do wonders for the outward appearance.<\/span><\/p>\n\n\n\n<p><span style=\"font-weight: 400;\">Algunos ingredientes que se encuentran en productos para el cuidado de la piel en el pasado han demostrado ser t\u00f3xicos. Las empresas de cosm\u00e9ticos utilizan ingredientes m\u00e1s saludables y ricos en vitaminas y nutrientes. La expectativa es que aumenten los ingredientes superalimentarios en el cuidado de la piel.<\/span><\/p>\n\n\n\n<h2 class=\"wp-block-heading\">&nbsp;<\/h2>\n\n\n\n<p><span style=\"font-weight: 400;\">Aloe is one of the superfoods that promote clear and healthy skin. Other skincare superfoods are blackberries and blueberries. <a href=\"https:\/\/www.sisinternational.com\/es\/soluciones\/soluciones-de-branding-e-investigacion-de-clientes\/investigacion-de-mercado-del-cuidado-de-la-piel\/\" title=\"Investigaci\u00f3n de mercado del cuidado de la piel | Consultor\u00eda en la industria de la belleza\"  data-wpil-monitor-id=\"8468\">Skincare companies are marketing<\/a> these superfoods, as nutri-cosmetics.<\/span><\/p>\n\n\n\n<h2 class=\"wp-block-heading\"><span style=\"font-weight: 400;\">Marcas de cuidado de la piel con superalimentos<\/span><\/h2>\n\n\n\n<p><span style=\"font-weight: 400;\">Companies that produce nutri-cosmetics include Avon, Tilvee Super Food Skincare, and Johnson &amp; Johnson. Such companies are now taking a healthier and natural approach to product development. They are selling products at a faster rate with shorter shelf lives, as a result of customer reviews. Even skin capsules are being transformed to include superfoods. Aloe and cucumber skin lotions are a good example. Most of these products smell almost as good, and even better than the actual food from which they are derived.<\/span><\/p>\n\n\n\n<p><span style=\"font-weight: 400;\">La empresa que destaca en el \u00e1mbito del cuidado de la piel con superalimentos es Elemis. Esta empresa obtiene productos bot\u00e1nicos de origen vegetal de todos los rincones del mundo. Combina ingredientes elaborados en laboratorio con s\u00faper bot\u00e1nicos. Estas mezclas producen formulaciones que se someten a exhaustivas pruebas cl\u00ednicas y de consumo. La mayor\u00eda contiene s\u00faper compuestos como antioxidantes y p\u00e9ptidos. Los cient\u00edficos eligen estos productos bot\u00e1nicos por su potencia. Tambi\u00e9n valoran su singularidad, eficacia y propiedades din\u00e1micas.<\/span><\/p>\n\n\n\n<p><span style=\"font-weight: 400;\">Krave es otra marca con la filosof\u00eda de que el cuidado de la piel debe respetar su biolog\u00eda. Basan sus productos en f\u00f3rmulas no irritantes y sin fragancias. Combinan sus f\u00f3rmulas con nutrientes y antioxidantes \u201capto para la piel\u201d. Krave se fabrica en Corea. Sin embargo, la marca tiene claro que no quiere ser parte de la moda del K-Beauty. Krave quiere dejar claro que sus productos pueden valerse por s\u00ed solos.<\/span><\/p>\n\n\n\n<p><span style=\"font-weight: 400;\">Thousands of superfood <a href=\"https:\/\/www.sisinternational.com\/es\/pericia\/curriculums-de-experiencia\/estudio-de-mercado-de-productos-de-cuidado-personal\/\" title=\"Investigaci\u00f3n de mercado de productos de cuidado personal\"  data-wpil-monitor-id=\"8470\">products are already on the market<\/a>. More are under development. The world is becoming health-oriented. The general population is reading labels. People are looking for particular ingredients before buying skin care products. In this age of information, the fine print cannot hide. People are taking better care of their bodies both inside and out.<\/span><\/p>\n\n\n\n<h2 class=\"wp-block-heading\">Cuidado de la piel con col rizada<\/h2>\n\n\n\n<p><span style=\"font-weight: 400;\">The cosmetic <a href=\"https:\/\/www.sisinternational.com\/es\/la-principal-empresa-de-prevision-de-tendencias-de-la-industria-b2b\/\" title=\"Principal empresa de previsi\u00f3n de tendencias de la industria B2B\"  data-wpil-monitor-id=\"8480\">industry has embraced the superfood trend<\/a>. Kale, which was virtually ignored twenty years ago, is now being consumed in copious quantities. It\u2019s only natural that these kale eaters will also see the benefit of using elements of the plant in their skincare. This segment of the population is easy to market to, and the cosmetic industry is enjoying the benefit of this low hanging fruit.<\/span><\/p>\n\n\n\n<h2 class=\"wp-block-heading\">Sobre nosotros<\/h2>\n\n\n\n<p>SIS has over 40+ years experience in conducting <a href=\"https:\/\/www.sisinternational.com\/es\/\" title=\"Inicio\"  data-wpil-monitor-id=\"8461\">Market Research and Strategy<\/a> Consulting projects for Skincare, Health and Wellness companies.&nbsp; We conduct In-Home <a href=\"https:\/\/www.sisinternational.com\/es\/soluciones\/soluciones-de-branding-e-investigacion-de-clientes\/investigacion-de-mercado-de-pruebas-de-productos\/\" title=\"Investigaci\u00f3n de mercado de pruebas de productos\"  data-wpil-monitor-id=\"8473\">Product Usage tests<\/a>, Focus Groups, Ethnography, Influencer research and Customer Interviews.<\/p>\n\n\n\n<p><\/p>","protected":false},"excerpt":{"rendered":"<p>Los superalimentos son elementos vegetales, pescados y l\u00e1cteos que son nutritivos y benefician la piel. Obtenga m\u00e1s informaci\u00f3n sobre la investigaci\u00f3n de mercado del cuidado de la piel con superalimentos.<\/p>","protected":false},"author":1,"featured_media":64540,"parent":27176,"menu_order":0,"comment_status":"closed","ping_status":"closed","template":"","meta":{"_uag_custom_page_level_css":"","footnotes":""},"class_list":["post-27300","page","type-page","status-publish","has-post-thumbnail"],"uagb_featured_image_src":{"full":["https:\/\/www.sisinternational.com\/wp-content\/uploads\/2025\/08\/Skincare-6-1.jpg",1456,816,false],"thumbnail":["https:\/\/www.sisinternational.com\/wp-content\/uploads\/2025\/08\/Skincare-6-1-150x150.jpg",150,150,true],"medium":["https:\/\/www.sisinternational.com\/wp-content\/uploads\/2025\/08\/Skincare-6-1-300x168.jpg",300,168,true],"medium_large":["https:\/\/www.sisinternational.com\/wp-content\/uploads\/2025\/08\/Skincare-6-1-768x430.jpg",768,430,true],"large":["https:\/\/www.sisinternational.com\/wp-content\/uploads\/2025\/08\/Skincare-6-1-1024x574.jpg",1024,574,true],"1536x1536":["https:\/\/www.sisinternational.com\/wp-content\/uploads\/2025\/08\/Skincare-6-1.jpg",1456,816,false],"2048x2048":["https:\/\/www.sisinternational.com\/wp-content\/uploads\/2025\/08\/Skincare-6-1.jpg",1456,816,false],"trp-custom-language-flag":["https:\/\/www.sisinternational.com\/wp-content\/uploads\/2025\/08\/Skincare-6-1-18x10.jpg",18,10,true]},"uagb_author_info":{"display_name":"Ruth Stanat","author_link":"https:\/\/www.sisinternational.com\/es\/author\/expert\/"},"uagb_comment_info":0,"uagb_excerpt":"Superfoods are plant, fish, and dairy elements that are nutritional and benefit the skin. Learn more about Superfood Skincare Market Research.","_links":{"self":[{"href":"https:\/\/www.sisinternational.com\/es\/wp-json\/wp\/v2\/pages\/27300","targetHints":{"allow":["GET"]}}],"collection":[{"href":"https:\/\/www.sisinternational.com\/es\/wp-json\/wp\/v2\/pages"}],"about":[{"href":"https:\/\/www.sisinternational.com\/es\/wp-json\/wp\/v2\/types\/page"}],"author":[{"embeddable":true,"href":"https:\/\/www.sisinternational.com\/es\/wp-json\/wp\/v2\/users\/1"}],"replies":[{"embeddable":true,"href":"https:\/\/www.sisinternational.com\/es\/wp-json\/wp\/v2\/comments?post=27300"}],"version-history":[{"count":4,"href":"https:\/\/www.sisinternational.com\/es\/wp-json\/wp\/v2\/pages\/27300\/revisions"}],"predecessor-version":[{"id":81423,"href":"https:\/\/www.sisinternational.com\/es\/wp-json\/wp\/v2\/pages\/27300\/revisions\/81423"}],"up":[{"embeddable":true,"href":"https:\/\/www.sisinternational.com\/es\/wp-json\/wp\/v2\/pages\/27176"}],"wp:featuredmedia":[{"embeddable":true,"href":"https:\/\/www.sisinternational.com\/es\/wp-json\/wp\/v2\/media\/64540"}],"wp:attachment":[{"href":"https:\/\/www.sisinternational.com\/es\/wp-json\/wp\/v2\/media?parent=27300"}],"curies":[{"name":"wp","href":"https:\/\/api.w.org\/{rel}","templated":true}]}}