{"id":27296,"date":"2018-07-12T03:02:06","date_gmt":"2018-07-12T03:02:06","guid":{"rendered":"https:\/\/www.sisinternational.com\/?page_id=27296"},"modified":"2026-03-06T19:50:17","modified_gmt":"2026-03-07T00:50:17","slug":"korean-beauty-market-research-k-beauty","status":"publish","type":"page","link":"https:\/\/www.sisinternational.com\/es\/coverage\/market-research-asia\/korean-beauty-market-research-k-beauty\/","title":{"rendered":"Investigaci\u00f3n del mercado de belleza coreano | Belleza K"},"content":{"rendered":"<h1 class=\"wp-block-heading\">Investigaci\u00f3n del mercado de belleza coreano | Belleza K<\/h1>\n\n\n\n<figure class=\"gb-block-image gb-block-image-f5840260\"><img loading=\"lazy\" decoding=\"async\" width=\"1456\" height=\"816\" class=\"gb-image gb-image-f5840260\" src=\"https:\/\/www.sisinternational.com\/wp-content\/uploads\/2025\/08\/K-beauty-korean-3.jpg\" srcset=\"https:\/\/www.sisinternational.com\/wp-content\/uploads\/2025\/08\/K-beauty-korean-3.jpg 1456w, https:\/\/www.sisinternational.com\/wp-content\/uploads\/2025\/08\/K-beauty-korean-3-300x168.jpg 300w, https:\/\/www.sisinternational.com\/wp-content\/uploads\/2025\/08\/K-beauty-korean-3-1024x574.jpg 1024w, https:\/\/www.sisinternational.com\/wp-content\/uploads\/2025\/08\/K-beauty-korean-3-768x430.jpg 768w, https:\/\/www.sisinternational.com\/wp-content\/uploads\/2025\/08\/K-beauty-korean-3-18x10.jpg 18w\" sizes=\"auto, (max-width: 1456px) 100vw, 1456px\" alt=\"SIS International Market Research &amp; Strategy\"><\/figure>\n\n\n\n<p><\/p>\n\n\n\n<h2 class=\"wp-block-heading\"><span style=\"font-weight: 400;\">Los productos coreanos de belleza y cuidado de la piel han pasado de ser una nueva tendencia a convertirse en un fen\u00f3meno. <\/span><\/h2>\n\n\n\n<p><span style=\"font-weight: 400;\">Mujeres de todo el mundo est\u00e1n tratando de lograr el brillo luminoso asociado con la &quot;K-beauty&quot;. Una de las tendencias, que existe desde 2016, se centra en el aspecto de \u201cpiel de cristal\u201d, lo que significa un brillo saludable. La idea es tener una piel hidratada, libre de pigmentos y no depender tanto del maquillaje.<\/span><\/p>\n\n\n\n<p><span style=\"font-weight: 400;\">La tendencia \u201cPiel sin nubes\u201d se refiere a una tez clara y perfecta. Tambi\u00e9n se relaciona con un resplandor interior saludable. Entonces, \u00bfc\u00f3mo se puede alcanzar el ideal de una piel sin nubes? Los entusiastas de la belleza K logran una piel sin nubes a trav\u00e9s de h\u00e1bitos de vida saludables. Tambi\u00e9n utilizan productos de belleza K de primera categor\u00eda.<\/span><\/p>\n\n\n\n<h2 class=\"wp-block-heading\"><span style=\"font-weight: 400;\">Marcas coreanas l\u00edderes en el cuidado de la piel<\/span><\/h2>\n\n\n\n<p><span style=\"font-weight: 400;\">Here\u2019s a list of some of the best K-beauty <a href=\"https:\/\/www.sisinternational.com\/es\/expertise\/industries\/brand-market-research\/\" title=\"Investigaci\u00f3n de mercado de marca\"  data-wpil-monitor-id=\"8458\">brands on the market<\/a>:<\/span><\/p>\n\n\n\n<ul class=\"wp-block-list\">\n<li><span style=\"font-weight: 400;\">Esencia de origen calmante Atoclassic Real Tonic: el ginseng, el crisantemo y el regaliz son las tres hierbas tradicionales que hacen de esta una potente esencia calmante para la piel.<\/span><\/li>\n\n\n\n<li><span style=\"font-weight: 400;\">Piedra Cl\u00e1sica Piel Abril. Esta &quot;piedra m\u00e1gica&quot; es muy apreciada en Corea. Contiene carb\u00f3n, que elimina la grasa, la suciedad y otras impurezas de los poros. Tambi\u00e9n contiene \u00e1cido hialur\u00f3nico, que hidrata y desintoxica la piel.<\/span><\/li>\n\n\n\n<li><span style=\"font-weight: 400;\">Klairs: esta marca totalmente natural no tiene alcohol, colorantes, fragancias artificiales ni parabenos. Los usuarios pueden atenuar las manchas oscuras y las cicatrices del acn\u00e9 con su suero diario Freshly Juiced Vitamin Drop, que tambi\u00e9n proporciona nutrientes e hidrataci\u00f3n.<\/span><\/li>\n\n\n\n<li><span style=\"font-weight: 400;\">Son &amp; Park: piel luminosa y h\u00fameda es de lo que se trata esta marca nacional. Se recomienda encarecidamente el Beauty Filter Cream in Glow y el Lip Crayon, favoritos de culto.<\/span><\/li>\n<\/ul>\n\n\n\n<h2 class=\"wp-block-heading\"><span style=\"font-weight: 400;\">Rutina de K-Beauty<\/span><\/h2>\n\n\n\n<p><span style=\"font-weight: 400;\">La rutina de 10 pasos de K-Beauty es una de las m\u00e1s seguidas en el mundo. Es m\u00e1s bien un cambio de estilo de vida que se ha convertido en un fen\u00f3meno global. La rutina comienza con una doble limpieza de la piel. Los usuarios comienzan con un limpiador a base de aceite y contin\u00faan con una soluci\u00f3n a base de agua. Luego viene la exfoliaci\u00f3n y luego la tonificaci\u00f3n.<\/span><\/p>\n\n\n\n<p><span style=\"font-weight: 400;\">El coraz\u00f3n de la rutina K-beauty es el Paso 5: esencia. Essence es un tipo de h\u00edbrido de t\u00f3nico y suero elaborado para ayudar a la renovaci\u00f3n celular y la reparaci\u00f3n de la piel, adem\u00e1s de hidratar. Despu\u00e9s de la esencia vienen los tratamientos, seguidos de las mascarillas. Luego viene la crema para los ojos, seguida de la crema hidratante. El \u00faltimo paso es la protecci\u00f3n solar.<\/span><\/p>\n\n\n\n<p><span style=\"font-weight: 400;\">La industria cosm\u00e9tica convencional est\u00e1 adoptando K-Beauty. Los expertos lo ven como algo m\u00e1s que una moda pasajera. Las ventas de cosm\u00e9ticos en Corea aumentaron m\u00e1s del 50 por ciento con respecto a las cifras de 2014. Empresas estadounidenses como Bain Capital Equity y Goldman Sachs se est\u00e1n quedando con una tajada del pastel. Ambas empresas anunciaron que adquirir\u00edan una participaci\u00f3n mayoritaria en una importante firma de cosm\u00e9ticos coreana. Adem\u00e1s, Amway ha construido su Centro de Innovaci\u00f3n de Belleza en Se\u00fal.<\/span><\/p>\n\n\n\n<h2 class=\"wp-block-heading\"><span style=\"font-weight: 400;\">Rese\u00f1as de K-Beauty<\/span><\/h2>\n\n\n\n<p><span style=\"font-weight: 400;\">Bloggers y entusiastas del cuidado de la piel est\u00e1n dando cr\u00edticas favorables a K-Beauty. Varios blogueros han probado la rutina de 10 pasos y han publicado fotograf\u00edas de antes y despu\u00e9s. Algunos de estos blogueros son influencers. Sus publicaciones generan nuevos entusiastas. Los blogueros tambi\u00e9n est\u00e1n entusiasmados con los productos coreanos. Es f\u00e1cil encontrar listas de los 10 mejores productos de K-Beauty en l\u00ednea.<\/span><\/p>\n\n\n\n<h2 class=\"wp-block-heading\"><span style=\"font-weight: 400;\">El futuro del cuidado de la piel<\/span><\/h2>\n\n\n\n<p><span style=\"font-weight: 400;\">Skincare remains the largest and most profitable <a href=\"https:\/\/www.sisinternational.com\/es\/industry-forecast\/industrial-sector-forecast\/\" title=\"Industrial Sector Forecast\"  data-wpil-monitor-id=\"8460\">sector of the beauty industry<\/a>. South Korea maintains a lofty presence in the field of skin care development. It\u2019s definite that Korea is the future. Western brands are adapting <a href=\"https:\/\/www.sisinternational.com\/es\/expertise\/resumes-of-experience\/personal-care-products-market-research\/\" title=\"Investigaci\u00f3n de mercado de productos de cuidado personal\"  data-wpil-monitor-id=\"8463\">products for the Korean market<\/a>. Korea also has the infrastructure to manufacture beauty products. The developers of these <a href=\"https:\/\/www.sisinternational.com\/es\/solutions\/strategy-consulting\/minimum-viable-product-market-research\/\" title=\"Investigaci\u00f3n de mercado de producto m\u00ednimo viable\"  data-wpil-monitor-id=\"8465\">products have influencer and Internet marketing<\/a> in mind. It\u2019s thus no wonder that K-Beauty is having such an impact on the international market.<\/span><\/p>\n\n\n\n<p><\/p>","protected":false},"excerpt":{"rendered":"<p>Los productos coreanos de belleza y cuidado de la piel han pasado de ser una nueva tendencia a convertirse en un fen\u00f3meno. Mujeres de todo el mundo est\u00e1n tratando de lograr el brillo luminoso asociado con la &quot;K-beauty&quot;. <\/p>","protected":false},"author":1,"featured_media":64727,"parent":14508,"menu_order":8,"comment_status":"closed","ping_status":"closed","template":"","meta":{"footnotes":""},"class_list":["post-27296","page","type-page","status-publish","has-post-thumbnail"],"_links":{"self":[{"href":"https:\/\/www.sisinternational.com\/es\/wp-json\/wp\/v2\/pages\/27296","targetHints":{"allow":["GET"]}}],"collection":[{"href":"https:\/\/www.sisinternational.com\/es\/wp-json\/wp\/v2\/pages"}],"about":[{"href":"https:\/\/www.sisinternational.com\/es\/wp-json\/wp\/v2\/types\/page"}],"author":[{"embeddable":true,"href":"https:\/\/www.sisinternational.com\/es\/wp-json\/wp\/v2\/users\/1"}],"replies":[{"embeddable":true,"href":"https:\/\/www.sisinternational.com\/es\/wp-json\/wp\/v2\/comments?post=27296"}],"version-history":[{"count":5,"href":"https:\/\/www.sisinternational.com\/es\/wp-json\/wp\/v2\/pages\/27296\/revisions"}],"predecessor-version":[{"id":81420,"href":"https:\/\/www.sisinternational.com\/es\/wp-json\/wp\/v2\/pages\/27296\/revisions\/81420"}],"up":[{"embeddable":true,"href":"https:\/\/www.sisinternational.com\/es\/wp-json\/wp\/v2\/pages\/14508"}],"wp:featuredmedia":[{"embeddable":true,"href":"https:\/\/www.sisinternational.com\/es\/wp-json\/wp\/v2\/media\/64727"}],"wp:attachment":[{"href":"https:\/\/www.sisinternational.com\/es\/wp-json\/wp\/v2\/media?parent=27296"}],"curies":[{"name":"wp","href":"https:\/\/api.w.org\/{rel}","templated":true}]}}