{"id":27258,"date":"2018-07-11T06:33:40","date_gmt":"2018-07-11T06:33:40","guid":{"rendered":"https:\/\/www.sisinternational.com\/?page_id=27258"},"modified":"2026-03-06T19:50:29","modified_gmt":"2026-03-07T00:50:29","slug":"investigacion-de-mercado-de-belleza-japonesa-j-belleza","status":"publish","type":"page","link":"https:\/\/www.sisinternational.com\/es\/cobertura\/investigacion-de-mercado-asia\/investigacion-de-mercado-de-belleza-japonesa-j-belleza\/","title":{"rendered":"Investigaci\u00f3n del mercado japon\u00e9s de belleza | J belleza"},"content":{"rendered":"<h1 class=\"wp-block-heading\">Investigaci\u00f3n del mercado japon\u00e9s de belleza | J belleza<\/h1>\n\n\n\n<figure class=\"gb-block-image gb-block-image-3ea2d3e4\"><img loading=\"lazy\" decoding=\"async\" width=\"1456\" height=\"816\" class=\"gb-image gb-image-3ea2d3e4\" src=\"https:\/\/www.sisinternational.com\/wp-content\/uploads\/2025\/09\/Japan-4.jpg\" alt=\"Investigaci\u00f3n y estrategia de mercado internacional de SIS\" title=\"Japan (4)\" srcset=\"https:\/\/www.sisinternational.com\/wp-content\/uploads\/2025\/09\/Japan-4.jpg 1456w, https:\/\/www.sisinternational.com\/wp-content\/uploads\/2025\/09\/Japan-4-300x168.jpg 300w, https:\/\/www.sisinternational.com\/wp-content\/uploads\/2025\/09\/Japan-4-1024x574.jpg 1024w, https:\/\/www.sisinternational.com\/wp-content\/uploads\/2025\/09\/Japan-4-768x430.jpg 768w, https:\/\/www.sisinternational.com\/wp-content\/uploads\/2025\/09\/Japan-4-18x10.jpg 18w\" sizes=\"auto, (max-width: 1456px) 100vw, 1456px\"><\/figure>\n\n\n\n<p><\/p>\n\n\n\n<h2 class=\"wp-block-heading\">Piensa en la ciencia combinada con la naturaleza<\/h2>\n\n\n\n<p>La ciencia y la naturaleza son los or\u00edgenes de ingredientes clave que se han utilizado en los rituales japoneses durante siglos gracias a tecnolog\u00edas innovadoras y una investigaci\u00f3n y desarrollo estelares. La belleza y el bienestar han sido durante mucho tiempo partes importantes de la cultura japonesa. Los productos japoneses de belleza y cuidado de la piel llevan estos ingredientes a todas las etnias y grupos de edad.&nbsp;<span style=\"font-weight: 400;\">Aqu\u00ed hay un vistazo a algunos productos populares de J-beauty:<\/span><\/p>\n\n\n\n<h2 class=\"wp-block-heading\"><span style=\"font-weight: 400;\">Productos de belleza japoneses<\/span><\/h2>\n\n\n\n<p><b>shiseido<\/b><\/p>\n\n\n\n<p><span style=\"font-weight: 400;\">Shiseido es una empresa multinacional japonesa. Fabrican productos para el cabello y el cuidado de la piel, fragancias y cosm\u00e9ticos. Fundada en 1872, Shiseido es una de las empresas de cosm\u00e9tica m\u00e1s antiguas del mundo. Es la empresa de cosm\u00e9ticos m\u00e1s grande de Jap\u00f3n y la quinta del mundo. Sus productos est\u00e1n disponibles s\u00f3lo en grandes almacenes seleccionados.<\/span><\/p>\n\n\n\n<p><b>SK-II<\/b><\/p>\n\n\n\n<p><span style=\"font-weight: 400;\">SK-II es una marca de J-beauty lanzada en 1980. Cient\u00edficos japoneses desarrollaron la marca en la d\u00e9cada de 1970. Estaban explorando el uso de ingredientes m\u00e1s naturales. P&amp;G adquiri\u00f3 la marca en 1991, junto con la compra de Max Factor. Poco despu\u00e9s, SK-II ampli\u00f3 las ventas de Jap\u00f3n a Corea, Taiw\u00e1n y Hong Kong. La marca lleg\u00f3 a las tiendas del Reino Unido en 2000 y lleg\u00f3 a Estados Unidos.<\/span><\/p>\n\n\n\n<h2 class=\"wp-block-heading\">Oportunidades de J-Beauty<\/h2>\n\n\n\n<p><span style=\"font-weight: 400;\">\u201cJ-beauty,\u201d the sleeping giant of the cosmetic industry, has woken up. Its key competitor is \u201cK-beauty\u201d or Korean beauty. The latter has the advantages of efficiency and manufacturing speed. However, K-beauty can\u2019t contend with Japan\u2019s far more elaborate and delicate beauty routines. It also cannot compete with their long-term <a href=\"https:\/\/www.sisinternational.com\/es\/soluciones\/investigacion-de-consultoria-estrategica-fintech\/investigacion-de-mercado-de-tecnologia-de-inversion\/\" title=\"Investigaci\u00f3n de mercado de tecnolog\u00eda de inversi\u00f3n\"  data-wpil-monitor-id=\"10755\">investment in technology<\/a>. Japan&#8217;s obsession with beauty also makes it difficult for K-beauty to compete.<\/span><\/p>\n\n\n\n<p><span style=\"font-weight: 400;\">La industria de la belleza japonesa se remonta al siglo VI. Elementos como el labio rojo original son japoneses. Otro factor japon\u00e9s son las brochas de maquillaje estilo caligraf\u00eda. El uso de polvo de arroz como matificante y fijador del maquillaje tambi\u00e9n es de origen japon\u00e9s. Gran parte de lo interesante de la K-beauty provino de Jap\u00f3n. La belleza japonesa logra unir lo viejo y lo nuevo con facilidad.<\/span><\/p>\n\n\n\n<p><span style=\"font-weight: 400;\">Japan has had a foothold in the US market for decades. The hunger for their products remains. Brands like Shiseido have invested in innovation, and Japan\u2019s R&amp;D is estimated to be two years ahead of that of the US. &nbsp;One of the innovations under development is <a href=\"https:\/\/www.sisinternational.com\/es\/soluciones\/investigacion-de-mercado-de-ia-y-consultoria-estrategica\/tecnologia-industria-automatizacion-inteligencia-artificial-consultoria\/\" title=\"Consultor\u00eda en Inteligencia Artificial y Automatizaci\u00f3n de la Industria Tecnol\u00f3gica\"  data-wpil-monitor-id=\"10758\">artificial skin technology<\/a>. This second skin, made from a durable elastic polymer, sits under makeup or UV. Users dab it on like a lotion, and it makes wrinkles disappear.<\/span><\/p>\n\n\n\n<p><span style=\"font-weight: 400;\">Entonces, \u00bfqu\u00e9 diferencia a las marcas J de sus competidores occidentales? La ciencia y la tecnolog\u00eda japonesas permiten la eficacia de sus productos. Sus texturas tambi\u00e9n son de mayor calidad. Esto es especialmente cierto en el caso de las cremas, los productos SPF y las bases de maquillaje. Los productos japoneses tambi\u00e9n se pueden utilizar junto con los occidentales. Por lo tanto, los adictos a la belleza en Occidente pueden agregar uno o dos productos japoneses a sus reg\u00edmenes de cuidado de la piel existentes si no est\u00e1n listos para lanzarse a la belleza japonesa.<\/span><\/p>\n\n\n\n<h2 class=\"wp-block-heading\">Sobre nosotros<\/h2>\n\n\n\n<p>SIS has in-depth experience in conducting <a href=\"https:\/\/www.sisinternational.com\/es\/beauty-market-research-in-the-us\/\" title=\"Beauty Market Research in the US\"  data-wpil-monitor-id=\"880\">market research and strategy consulting for J<\/a> Beauty brands entering the US American, European and Asian markets.&nbsp; The following are our highlights:<\/p>\n\n\n\n<ul class=\"wp-block-list\">\n<li><a href=\"https:\/\/www.sisinternational.com\/es\/soluciones\/grupos-de-enfoque\/grupos-de-discusion-en-nueva-york-para-probar-productos-para-personas-mayores\/\" title=\"Aprovechar los grupos de discusi\u00f3n de la ciudad de Nueva York para probar productos para personas mayores \u00a0\"  data-wpil-monitor-id=\"10750\">Focus Group and Product Testing<\/a> center in New York City<\/li>\n\n\n\n<li>Coast-to-Coast Qualitative and Quantitative <a href=\"https:\/\/www.sisinternational.com\/es\/cobertura\/las-americas\/cobertura-de-estados-unidos\/\" title=\"Investigaci\u00f3n de mercado en Estados Unidos\"  data-wpil-monitor-id=\"10752\">Research capabilities in the United States<\/a><\/li>\n\n\n\n<li>Full-Service Research capabilities in the United Kingdom and <a href=\"https:\/\/www.sisinternational.com\/es\/tendencias-en-el-mercado-del-bienestar-y-la-salud-en-europa\/\" title=\"Investigaci\u00f3n de mercado de atenci\u00f3n sanitaria y bienestar en Europa\"  data-wpil-monitor-id=\"10748\">Europa<\/a><\/li>\n\n\n\n<li>Expertos en belleza en plantilla<\/li>\n\n\n\n<li>Personal biling\u00fce que habla ingl\u00e9s-japon\u00e9s.<\/li>\n\n\n\n<li>Over 40+ years experience in Global <a class=\"wpil_keyword_link\" href=\"https:\/\/www.sisinternational.com\/es\/beauty-market-research-2\/\"   title=\"Beauty Market Research\" data-wpil-keyword-link=\"linked\"  data-wpil-monitor-id=\"471\">Beauty Market Research<\/a><\/li>\n<\/ul>","protected":false},"excerpt":{"rendered":"<p>La belleza japonesa conocida como J Beauty es un sector en ascenso en el mercado mundial de la belleza. Obtenga m\u00e1s informaci\u00f3n sobre las tendencias y oportunidades crecientes que ofrece J Beauty Market Research.<\/p>","protected":false},"author":1,"featured_media":65779,"parent":14508,"menu_order":7,"comment_status":"closed","ping_status":"closed","template":"","meta":{"footnotes":""},"class_list":["post-27258","page","type-page","status-publish","has-post-thumbnail"],"_links":{"self":[{"href":"https:\/\/www.sisinternational.com\/es\/wp-json\/wp\/v2\/pages\/27258","targetHints":{"allow":["GET"]}}],"collection":[{"href":"https:\/\/www.sisinternational.com\/es\/wp-json\/wp\/v2\/pages"}],"about":[{"href":"https:\/\/www.sisinternational.com\/es\/wp-json\/wp\/v2\/types\/page"}],"author":[{"embeddable":true,"href":"https:\/\/www.sisinternational.com\/es\/wp-json\/wp\/v2\/users\/1"}],"replies":[{"embeddable":true,"href":"https:\/\/www.sisinternational.com\/es\/wp-json\/wp\/v2\/comments?post=27258"}],"version-history":[{"count":7,"href":"https:\/\/www.sisinternational.com\/es\/wp-json\/wp\/v2\/pages\/27258\/revisions"}],"predecessor-version":[{"id":81761,"href":"https:\/\/www.sisinternational.com\/es\/wp-json\/wp\/v2\/pages\/27258\/revisions\/81761"}],"up":[{"embeddable":true,"href":"https:\/\/www.sisinternational.com\/es\/wp-json\/wp\/v2\/pages\/14508"}],"wp:featuredmedia":[{"embeddable":true,"href":"https:\/\/www.sisinternational.com\/es\/wp-json\/wp\/v2\/media\/65779"}],"wp:attachment":[{"href":"https:\/\/www.sisinternational.com\/es\/wp-json\/wp\/v2\/media?parent=27258"}],"curies":[{"name":"wp","href":"https:\/\/api.w.org\/{rel}","templated":true}]}}