{"id":27253,"date":"2018-07-11T05:44:08","date_gmt":"2018-07-11T05:44:08","guid":{"rendered":"https:\/\/www.sisinternational.com\/?page_id=27253"},"modified":"2025-09-11T18:28:29","modified_gmt":"2025-09-11T22:28:29","slug":"investigacion-de-mercado-farmaceutico","status":"publish","type":"page","link":"https:\/\/www.sisinternational.com\/es\/pericia\/investigacion-de-mercado-farmaceutico\/","title":{"rendered":"Investigaci\u00f3n de mercado farmac\u00e9utico"},"content":{"rendered":"<h1 class=\"wp-block-heading\"><span style=\"font-weight: 400;\"><strong>Investigaci\u00f3n de mercado farmac\u00e9utico<\/strong><\/span><\/h1>\n\n\n\n<figure class=\"gb-block-image gb-block-image-1dcaaec4\"><img loading=\"lazy\" decoding=\"async\" width=\"1456\" height=\"816\" class=\"gb-image gb-image-1dcaaec4\" src=\"https:\/\/www.sisinternational.com\/wp-content\/uploads\/2025\/08\/Pharmaceutical-8.jpg\" alt=\"Investigaci\u00f3n y estrategia de mercado internacional de SIS\" title=\"Pharmaceutical (8)\" srcset=\"https:\/\/www.sisinternational.com\/wp-content\/uploads\/2025\/08\/Pharmaceutical-8.jpg 1456w, https:\/\/www.sisinternational.com\/wp-content\/uploads\/2025\/08\/Pharmaceutical-8-300x168.jpg 300w, https:\/\/www.sisinternational.com\/wp-content\/uploads\/2025\/08\/Pharmaceutical-8-1024x574.jpg 1024w, https:\/\/www.sisinternational.com\/wp-content\/uploads\/2025\/08\/Pharmaceutical-8-768x430.jpg 768w, https:\/\/www.sisinternational.com\/wp-content\/uploads\/2025\/08\/Pharmaceutical-8-18x10.jpg 18w\" sizes=\"auto, (max-width: 1456px) 100vw, 1456px\"><\/figure>\n\n\n\n<p><\/p>\n\n\n\n<h2 class=\"wp-block-heading\"><span style=\"font-weight: 400;\"><strong>La salud y el bienestar son una parte importante de la vida. \u00a0<\/strong><\/span><\/h2>\n\n\n\n<p><span style=\"font-weight: 400;\">These sectors relate to the development, manufacture, and marketing of medicines. &nbsp;The global revenue of the pharmaceutical industry is more than $1 trillion. Almost half of this figure comes from two countries: the US and Canada. It is by far the most profitable industry of all. The primary and generic pharmaceutical companies lead the way in the industry.<\/span><\/p>\n\n\n\n<p><span style=\"font-weight: 400;\">Algunos de los avances en la industria provienen de compa\u00f1\u00edas farmac\u00e9uticas especializadas. Algunas de estas empresas tienen menos empleados que un solo departamento de una de las empresas m\u00e1s grandes. Estos peque\u00f1os establecimientos est\u00e1n teniendo un impacto inmenso en los pacientes. Se concentran en \u00e1reas terap\u00e9uticas y nichos de mercado. Estas empresas est\u00e1n demostrando c\u00f3mo un enfoque espec\u00edfico puede dar resultados. Algunas empresas se centran exclusivamente en una enfermedad. Otros tratan dolencias que afectan s\u00f3lo a una minor\u00eda de la poblaci\u00f3n. <\/span><\/p>\n\n\n\n<p><span style=\"font-weight: 400;\">The US pharmaceutical market dominates the rest of the world. The US is an <a href=\"https:\/\/www.sisinternational.com\/es\/sis-lanza-nuevas-soluciones-de-investigacion-digital\/\" title=\"SIS lanza nuevas soluciones de Investigaci\u00f3n Digital\"  data-wpil-monitor-id=\"9628\">innovator<\/a> and a booster in the field of medical research and development. Their R&amp;D benefits the international pharmaceutical industry. Still, one of the top conditions affecting US patients is diabetes. Oncology and autoimmune diseases are also the focus of much research in the US. Pfizer, Johnson &amp; Johnson, and Merck &amp; Co. are the largest <a href=\"https:\/\/www.sisinternational.com\/es\/soluciones\/consultoria-de-hosteleria-y-turismo-en-viajes\/investigacion-de-mercado-de-la-empresa-de-guias-turisticos\/\" title=\"Investigaci\u00f3n de mercado de la empresa de gu\u00edas tur\u00edsticos\"  data-wpil-monitor-id=\"9634\">companies on the US market<\/a>.<\/span><\/p>\n\n\n\n<h2 class=\"wp-block-heading\">Tendencias del mercado farmac\u00e9utico<\/h2>\n\n\n\n<p><span style=\"font-weight: 400;\">Public Relations (PR) and Advertising are powerful for Pharma companies.&nbsp; One of the most prominent is the <a href=\"https:\/\/www.sisinternational.com\/es\/analisis-de-satisfaccion-del-cliente\/\" title=\"Ocho formas de aumentar la satisfacci\u00f3n del cliente en el comercio minorista\"  data-wpil-monitor-id=\"9626\">consumer as customer<\/a>. Biotech stories are starting to proliferate. One such story involves the use of gene therapy to regrow the skin of a little boy.&nbsp; As drugs get personalized, stories such as these are capturing imaginations. They are also piquing people\u2019s interest in the sector.&nbsp;&nbsp;<\/span><\/p>\n\n\n\n<p><span style=\"font-weight: 400;\">Patient stories can be powerful.&nbsp; Negative publicity can also be influential.&nbsp; One pharma company made headline news for charging $1,000 per day to treat hepatitis, creating a slew of negative publicity.&nbsp; It\u2019s a brave \u2013 and complex new world for biotech and pharmaceutical companies.<\/span><\/p>\n\n\n\n<p><span style=\"font-weight: 400;\">There are several challenges in the pharmaceutical industry. These include policy reforms. For example, healthcare officials are likely to overhaul the Affordable Care Act soon. Another problem is the impact of new technologies. Industry players are still doubtful about the effects of these technologies. It is unclear how they will affect drug development and commercialization.&nbsp;&nbsp;Gene therapy and Gene editing are also gaining more headlines on opportunities and challenges in those sectors.<\/span><\/p>\n\n\n\n<h2 class=\"wp-block-heading\">Oportunidades farmac\u00e9uticas globales<\/h2>\n\n\n\n<p><span style=\"font-weight: 400;\">Pharmaceutical sales are the largest in the US and Europe.\u00a0Developed markets for pharmaceuticals comprise the United States and Western <a href=\"https:\/\/www.sisinternational.com\/es\/tendencias-en-el-mercado-del-bienestar-y-la-salud-en-europa\/\" title=\"Investigaci\u00f3n de mercado de atenci\u00f3n sanitaria y bienestar en Europa\"  data-wpil-monitor-id=\"9630\">Europa<\/a>. Canada, Japan, and Australia are also part of this market.\u00a0 The United States sells approximately 33%, Western Europe, 22%, and China, 10%. Japan accounts for 9% Latin America, 7%, and Russia, 4%. South Korea, India, Indonesia, and Australia are below 3%.\u00a0<\/span><\/p>\n\n\n\n<h2 class=\"wp-block-heading\">Marketing de influencers farmac\u00e9uticos<\/h2>\n\n\n\n<p><span style=\"font-weight: 400;\">One of the <a href=\"https:\/\/www.sisinternational.com\/es\/soluciones\/investigacion-de-consultoria-estrategica-fintech\/investigacion-digital\/\" title=\"Investigaci\u00f3n de mercados digitales\"  data-wpil-monitor-id=\"9636\">digital trends in pharma is influencer marketing<\/a>. An influencer is one who is active in one or more of the social channels, with a large follower base. Pharma companies have been using influencers. These influencers have been reporting on their use of certain drugs and devices. They are also influencing people&#8217;s behavior in the area of disease prevention. Influencers can also encourage adherence to treatment protocols.&nbsp; Support groups can be highly influential in treatment and patient behavior.<\/span><\/p>\n\n\n\n<h2 class=\"wp-block-heading\">Poblaciones que envejecen<\/h2>\n\n\n\n<p><span style=\"font-weight: 400;\">Uno de los motores del crecimiento de la industria farmac\u00e9utica es el envejecimiento de la poblaci\u00f3n en Estados Unidos y en la mayor\u00eda de las econom\u00edas avanzadas. Otro factor de crecimiento es el aumento de personas que llevan estilos de vida poco saludables. Estas malas decisiones incluyen la falta de ejercicio diario y h\u00e1bitos alimentarios poco saludables. <\/span><\/p>\n\n\n\n<p><span style=\"font-weight: 400;\">The USA and Europe are leaders in pharmaceutical development and use. Other areas like India and China have seen growth in recent years in the <a href=\"https:\/\/www.sisinternational.com\/es\/pericia\/industrias\/investigacion-de-mercado-de-ciencias-de-la-vida\/\" title=\"Investigaci\u00f3n de mercado de ciencias biol\u00f3gicas\"  data-wpil-monitor-id=\"9632\">life science markets<\/a>. The cause of this growth is an increasing demand for <a href=\"https:\/\/www.sisinternational.com\/es\/soluciones\/soluciones-de-branding-e-investigacion-de-clientes\/investigacion-de-mercado-de-pruebas-de-productos\/product-testing-for-consumer-products\/medical-device-product-testing-in-nyc\/\" title=\"Medical Device Product Testing in NYC\"  data-wpil-monitor-id=\"9639\">devices and products<\/a>. It is also because of substantial capital opportunities.&nbsp;<\/span><\/p>\n\n\n\n<h2 class=\"wp-block-heading\">Soluciones de investigaci\u00f3n de mercado farmac\u00e9utico<\/h2>\n\n\n\n<p>SIS International Research has over 40+ years of experience in <a href=\"https:\/\/www.sisinternational.com\/es\/pericia\/industrias\/investigacion-de-mercado-de-productos-farmaceuticos\/\" title=\"Investigaci\u00f3n de mercado farmac\u00e9utico\"  data-wpil-monitor-id=\"3453\">Mercado<\/a> Research and Strategy Consulting in the Pharmaceutical industry.\u00a0 We conduct research with patients, caretakers, physicians, payors, influencers, regulators, and other stakeholders.<\/p>\n\n\n\n<p>Proporcionamos:<\/p>\n\n\n\n<ul class=\"wp-block-list\">\n<li>Grupos de discusi\u00f3n<\/li>\n\n\n\n<li><a href=\"https:\/\/www.sisinternational.com\/es\/soluciones\/empresa-de-investigacion-de-mercado-comunitaria-en-linea-b2b\/\" title=\"Empresa de estudios de mercado de comunidades en l\u00ednea B2B\"  data-wpil-monitor-id=\"9638\">Comunidades de conocimiento en l\u00ednea<\/a><\/li>\n\n\n\n<li>Entrevistas en profundidad<\/li>\n\n\n\n<li>Encuestas en l\u00ednea<\/li>\n\n\n\n<li>Investigaci\u00f3n de mercado multinacional e internacional<\/li>\n\n\n\n<li>Market Entry, Sizing, and Opportunity<\/li>\n\n\n\n<li>An\u00e1lisis Estrat\u00e9gico y Competitivo<\/li>\n<\/ul>\n\n\n\n<p><\/p>","protected":false},"excerpt":{"rendered":"<p>La investigaci\u00f3n de mercado proporciona informaci\u00f3n, datos y soluciones para las empresas farmac\u00e9uticas. Obtenga m\u00e1s informaci\u00f3n sobre la investigaci\u00f3n de mercado farmac\u00e9utico.<\/p>","protected":false},"author":1,"featured_media":62953,"parent":14514,"menu_order":34,"comment_status":"closed","ping_status":"closed","template":"","meta":{"footnotes":""},"class_list":["post-27253","page","type-page","status-publish","has-post-thumbnail"],"_links":{"self":[{"href":"https:\/\/www.sisinternational.com\/es\/wp-json\/wp\/v2\/pages\/27253","targetHints":{"allow":["GET"]}}],"collection":[{"href":"https:\/\/www.sisinternational.com\/es\/wp-json\/wp\/v2\/pages"}],"about":[{"href":"https:\/\/www.sisinternational.com\/es\/wp-json\/wp\/v2\/types\/page"}],"author":[{"embeddable":true,"href":"https:\/\/www.sisinternational.com\/es\/wp-json\/wp\/v2\/users\/1"}],"replies":[{"embeddable":true,"href":"https:\/\/www.sisinternational.com\/es\/wp-json\/wp\/v2\/comments?post=27253"}],"version-history":[{"count":6,"href":"https:\/\/www.sisinternational.com\/es\/wp-json\/wp\/v2\/pages\/27253\/revisions"}],"predecessor-version":[{"id":81606,"href":"https:\/\/www.sisinternational.com\/es\/wp-json\/wp\/v2\/pages\/27253\/revisions\/81606"}],"up":[{"embeddable":true,"href":"https:\/\/www.sisinternational.com\/es\/wp-json\/wp\/v2\/pages\/14514"}],"wp:featuredmedia":[{"embeddable":true,"href":"https:\/\/www.sisinternational.com\/es\/wp-json\/wp\/v2\/media\/62953"}],"wp:attachment":[{"href":"https:\/\/www.sisinternational.com\/es\/wp-json\/wp\/v2\/media?parent=27253"}],"curies":[{"name":"wp","href":"https:\/\/api.w.org\/{rel}","templated":true}]}}