{"id":26512,"date":"2018-04-29T09:39:35","date_gmt":"2018-04-29T09:39:35","guid":{"rendered":"https:\/\/www.sisinternational.com\/?page_id=26512"},"modified":"2026-01-26T14:18:18","modified_gmt":"2026-01-26T19:18:18","slug":"investigacion-de-consumo-internacional","status":"publish","type":"page","link":"https:\/\/www.sisinternational.com\/es\/soluciones\/investigacion-de-consumo-internacional\/","title":{"rendered":"Investigaci\u00f3n internacional sobre el consumo"},"content":{"rendered":"<h1 class=\"wp-block-heading p1\"><span class=\"s1\">Investigaci\u00f3n internacional sobre el consumo<\/span><\/h1>\n\n\n\n<figure class=\"gb-block-image gb-block-image-78c1b756\"><img loading=\"lazy\" decoding=\"async\" width=\"1456\" height=\"816\" class=\"gb-image gb-image-78c1b756\" src=\"https:\/\/www.sisinternational.com\/wp-content\/uploads\/2025\/08\/Retail-26.jpg\" alt=\"Investigaci\u00f3n y estrategia de mercado internacional de SIS\" title=\"Retail (26)\" srcset=\"https:\/\/www.sisinternational.com\/wp-content\/uploads\/2025\/08\/Retail-26.jpg 1456w, https:\/\/www.sisinternational.com\/wp-content\/uploads\/2025\/08\/Retail-26-300x168.jpg 300w, https:\/\/www.sisinternational.com\/wp-content\/uploads\/2025\/08\/Retail-26-1024x574.jpg 1024w, https:\/\/www.sisinternational.com\/wp-content\/uploads\/2025\/08\/Retail-26-768x430.jpg 768w, https:\/\/www.sisinternational.com\/wp-content\/uploads\/2025\/08\/Retail-26-18x10.jpg 18w\" sizes=\"auto, (max-width: 1456px) 100vw, 1456px\"><\/figure>\n\n\n\n<h2 class=\"wp-block-heading p2\"><span class=\"s1\">La econom\u00eda global est\u00e1 cambiando r\u00e1pidamente, presentando nuevas oportunidades para las empresas.&nbsp; &nbsp;<\/span><\/h2>\n\n\n\n<p class=\"p2\"><span class=\"s1\">With technology and transportation, it is easier than ever to build brands in multiple markets overseas.&nbsp; Emerging markets are growing and providing new customer bases.&nbsp; Yet, challenges exist with language, culture, norms and rules.&nbsp; SIS helps companies understand their strategic opportunities and challenges.&nbsp; &nbsp;<\/span><\/p>\n\n\n\n<h2 class=\"wp-block-heading p4\"><span class=\"s1\">Mercados emergentes<\/span><\/h2>\n\n\n\n<p class=\"p2\"><span class=\"s1\">El comportamiento del consumidor var\u00eda de un mercado a otro. Brasil, Rusia, India y China, conocidos como los pa\u00edses \u201cBRIC\u201d, albergan a dos tercios de la poblaci\u00f3n mundial. Juntos contribuyen con una suma considerable al producto interno bruto mundial. Pa\u00edses como M\u00e9xico, Sud\u00e1frica y Turqu\u00eda tambi\u00e9n entran en este grupo.<\/span><\/p>\n\n\n\n<p class=\"p2\"><span class=\"s1\">Emerging markets have become the engines of economic growth, rapidly gaining share of the world economy. These markets also continue to have fast-growing &#8220;new rich&#8221; sectors existing alongside large &#8220;poor&#8221; populations.&nbsp;&nbsp;Also relevant are the developing and developed <a href=\"https:\/\/www.sisinternational.com\/es\/cobertura\/investigacion-de-mercado-africa\/investigacion-de-mercado-en-sudafrica\/\" title=\"Investigaci\u00f3n de mercado en Sud\u00e1frica\"  data-wpil-monitor-id=\"5873\">markets such as South<\/a> Korea, Taiwan, Singapore, and those Eastern European nations that recently changed from centrally planned to market economies.&nbsp;&nbsp;<span class=\"s1\">Proporcionamos un conocimiento profundo de estos mercados.&nbsp; <\/span><\/p>\n\n\n\n<p class=\"p2\">When <a href=\"https:\/\/www.sisinternational.com\/es\/cobertura\/investigacion-de-mercado-asia\/investigacion-de-mercado-nauru\/\" title=\"Investigaci\u00f3n de mercado en Nauru\"  data-wpil-monitor-id=\"5731\">researching emerging markets<\/a>, companies gain vital knowledge to ensure they do not waste time \u2013 or worse, make poor decisions based on incorrect analysis or misinformation. Businesses should research and heed the do&#8217;s and don&#8217;ts of every market. Some methodologies that work in certain markets will not work in other markets.&nbsp; We provide that insight.<\/p>\n\n\n\n<h2 class=\"wp-block-heading p4\"><span class=\"s1\">Tendencias en la investigaci\u00f3n del consumidor<\/span><\/h2>\n\n\n\n<p class=\"p2\"><span class=\"s1\">La inteligencia artificial (IA), junto con el aprendizaje autom\u00e1tico, puede tener una influencia significativa en la industria de la investigaci\u00f3n de mercado. La IA ya ha entrado en el panorama del consumidor gracias a Amazon Echo y Google Home. Es un elemento de cambio que est\u00e1 alterando los procesos y permitiendo a los investigadores ofrecer conocimientos m\u00e1s rentables y m\u00e1s r\u00e1pidos.<\/span><\/p>\n\n\n\n<p class=\"p2\"><span class=\"s1\">La mayor\u00eda de los usuarios de Internet ya poseen un tel\u00e9fono inteligente y habr\u00e1 m\u00e1s. Cuando los encuestados reciben una invitaci\u00f3n para participar en una encuesta, es com\u00fan que la completen en un tel\u00e9fono inteligente. Por lo tanto, los investigadores de mercado deben adaptar su enfoque a los tel\u00e9fonos inteligentes. La alternativa, prohibir la participaci\u00f3n de estos dispositivos en primer lugar, generalmente no es deseable.<\/span><\/p>\n\n\n\n<p class=\"p6\"><span class=\"s1\">El muestreo de datos en l\u00ednea se ha convertido ahora en un foco vital de la industria de la investigaci\u00f3n de mercados. En l\u00ednea suele ser m\u00e1s r\u00e1pido que todos los dem\u00e1s m\u00e9todos de recopilaci\u00f3n de datos, especialmente para muestras de gran tama\u00f1o, ya que los encuestados ahorran tiempo al leer y responder las preguntas r\u00e1pidamente por s\u00ed mismos.<\/span><\/p>\n\n\n\n<h2 class=\"wp-block-heading p4\"><span class=\"s1\">Herramientas de investigaci\u00f3n<\/span><\/h2>\n\n\n\n<ul class=\"wp-block-list\">\n<li><span class=\"s1\"><b>El auge de las metodolog\u00edas online. <\/b>The prominence of the Internet and other, similar technologies, have given us more innovation and flexibility to improve research design, to link up with millions of people, and to communicate with them much faster. <a class=\"wpil_keyword_link\" href=\"https:\/\/www.sisinternational.com\/es\/investigacion-de-mercado-en-linea\/\"   title=\"\u00bfQu\u00e9 es la investigaci\u00f3n de mercado en l\u00ednea?\" data-wpil-keyword-link=\"linked\"  data-wpil-monitor-id=\"476\">Online market research<\/a> is less expensive than offline analysis. It is also faster than offline, and subject matters are more flexible. <\/span><\/li>\n\n\n\n<li><span class=\"s1\"><b>El auge del marketing digital.<\/b> China lidera el n\u00famero de usuarios de Internet m\u00f3vil, con m\u00e1s del triple que Estados Unidos. Los consumidores chinos han adoptado s\u00faper aplicaciones, que incorporan muchos aspectos de su vida en una \u00fanica plataforma m\u00f3vil. El conocimiento de estas y otras tendencias similares presenta a los especialistas en marketing oportunidades \u00fanicas para llegar a diferentes mercados.<\/span><\/li>\n<\/ul>\n\n\n\n<ul class=\"wp-block-list\">\n<li><span class=\"s1\"><b>New designs for in-store <\/b><a href=\"https:\/\/www.sisinternational.com\/es\/pericia\/industrias\/investigacion-de-mercado-ciso\/\" title=\"CISO Investigaci\u00f3n de Mercado\"  data-wpil-monitor-id=\"5744\">research. In-store market<\/a> research has several benefits, for example, it impacts product placement and that of advertising and promotions, and it provides insights into consumers\u2019 behavior. It also gives the store owner an idea of daily, weekly, or monthly traffic, and it helps determine product pricing.<\/span><\/li>\n\n\n\n<li><strong>Metodolog\u00edas Presenciales.&nbsp;<\/strong>&nbsp;Dependiendo del mercado, empleamos muchas otras metodolog\u00edas como Focus Groups, Entrevistas, Encuestas, Entrevistas Telef\u00f3nicas, Etnograf\u00eda e Intercepts.<\/li>\n<\/ul>\n\n\n\n<h2 class=\"wp-block-heading p4\"><span class=\"s1\">Es una econom\u00eda global<\/span><\/h2>\n\n\n\n<p class=\"p2\"><span class=\"s1\">Las empresas a menudo toman la decisi\u00f3n de internacionalizar una empresa por necesidad, pero las empresas pueden sufrir si no hay informaci\u00f3n suficiente sobre un mercado o si las previsiones sobre la demanda son err\u00f3neas. Necesitan conocer sus propias fortalezas y debilidades y las de sus competidores para aprovechar cuidadosamente las oportunidades y avanzar a trav\u00e9s de las r\u00e1pidas transformaciones de la econom\u00eda global.<\/span><\/p>\n\n\n\n<p>SIS is widely recognized as a world leader in International Market Research.&nbsp; We provide over 40+ years experience, extensive market coverage, our best practices and many other advantages.<\/p>\n\n\n\n<h2 class=\"wp-block-heading\">&nbsp;<\/h2>","protected":false},"excerpt":{"rendered":"<p>La econom\u00eda mundial est\u00e1 cambiando r\u00e1pidamente y ofrece oportunidades a las organizaciones.  SIS ayuda a las empresas a comprender sus oportunidades y retos estrat\u00e9gicos en todo el mundo.\u00a0<\/p>","protected":false},"author":1,"featured_media":62501,"parent":14457,"menu_order":15,"comment_status":"closed","ping_status":"closed","template":"","meta":{"footnotes":""},"class_list":["post-26512","page","type-page","status-publish","has-post-thumbnail"],"_links":{"self":[{"href":"https:\/\/www.sisinternational.com\/es\/wp-json\/wp\/v2\/pages\/26512","targetHints":{"allow":["GET"]}}],"collection":[{"href":"https:\/\/www.sisinternational.com\/es\/wp-json\/wp\/v2\/pages"}],"about":[{"href":"https:\/\/www.sisinternational.com\/es\/wp-json\/wp\/v2\/types\/page"}],"author":[{"embeddable":true,"href":"https:\/\/www.sisinternational.com\/es\/wp-json\/wp\/v2\/users\/1"}],"replies":[{"embeddable":true,"href":"https:\/\/www.sisinternational.com\/es\/wp-json\/wp\/v2\/comments?post=26512"}],"version-history":[{"count":7,"href":"https:\/\/www.sisinternational.com\/es\/wp-json\/wp\/v2\/pages\/26512\/revisions"}],"predecessor-version":[{"id":79562,"href":"https:\/\/www.sisinternational.com\/es\/wp-json\/wp\/v2\/pages\/26512\/revisions\/79562"}],"up":[{"embeddable":true,"href":"https:\/\/www.sisinternational.com\/es\/wp-json\/wp\/v2\/pages\/14457"}],"wp:featuredmedia":[{"embeddable":true,"href":"https:\/\/www.sisinternational.com\/es\/wp-json\/wp\/v2\/media\/62501"}],"wp:attachment":[{"href":"https:\/\/www.sisinternational.com\/es\/wp-json\/wp\/v2\/media?parent=26512"}],"curies":[{"name":"wp","href":"https:\/\/api.w.org\/{rel}","templated":true}]}}