{"id":24277,"date":"2018-02-23T04:40:47","date_gmt":"2018-02-23T04:40:47","guid":{"rendered":"https:\/\/www.sisinternational.com\/?page_id=24277"},"modified":"2025-09-10T18:40:00","modified_gmt":"2025-09-10T22:40:00","slug":"consultoria-de-crecimiento","status":"publish","type":"page","link":"https:\/\/www.sisinternational.com\/es\/soluciones\/si-crecimiento-global\/consultoria-de-crecimiento\/","title":{"rendered":"Consultor\u00eda de crecimiento"},"content":{"rendered":"<h1 class=\"wp-block-heading\">Consultor\u00eda de crecimiento<\/h1>\n\n\n\n<figure class=\"gb-block-image gb-block-image-475b955b\"><img loading=\"lazy\" decoding=\"async\" width=\"1456\" height=\"816\" class=\"gb-image gb-image-475b955b\" src=\"https:\/\/www.sisinternational.com\/wp-content\/uploads\/2025\/08\/Sustainability-7.jpg\" alt=\"Investigaci\u00f3n y estrategia de mercado internacional de SIS\" title=\"Sustainability (7)\" srcset=\"https:\/\/www.sisinternational.com\/wp-content\/uploads\/2025\/08\/Sustainability-7.jpg 1456w, https:\/\/www.sisinternational.com\/wp-content\/uploads\/2025\/08\/Sustainability-7-300x168.jpg 300w, https:\/\/www.sisinternational.com\/wp-content\/uploads\/2025\/08\/Sustainability-7-1024x574.jpg 1024w, https:\/\/www.sisinternational.com\/wp-content\/uploads\/2025\/08\/Sustainability-7-768x430.jpg 768w, https:\/\/www.sisinternational.com\/wp-content\/uploads\/2025\/08\/Sustainability-7-18x10.jpg 18w\" sizes=\"auto, (max-width: 1456px) 100vw, 1456px\"><\/figure>\n\n\n\n<p><\/p>\n\n\n\n<h2 class=\"wp-block-heading\">La consultor\u00eda de crecimiento se centra en los aspectos de primera l\u00ednea de una empresa, por ejemplo, ventas y marketing, liderazgo y estrategia. Las empresas de consultor\u00eda de crecimiento tambi\u00e9n responden a las realidades que existen en el mercado y a la naturaleza del entorno empresarial actual.<\/h2>\n\n\n\n<hr class=\"wp-block-separator has-alpha-channel-opacity is-style-dots\"\/>\n\n\n\n<p>La mayor\u00eda de las empresas de los clientes pueden beneficiarse de una combinaci\u00f3n de tres recursos que ofrecen las empresas de consultor\u00eda de crecimiento:<\/p>\n\n\n\n<ul class=\"wp-block-list\">\n<li><strong>Consultor\u00eda de crecimiento: <\/strong>esto se centra en el ejercicio de evaluar empresas desde un punto de vista externo y brindar recomendaciones y conocimientos estrat\u00e9gicos que pueden utilizarse para mejorar un negocio.<\/li>\n\n\n\n<li><strong>Entrenamiento de crecimiento:<\/strong> members of the executive team can benefit significantly from this service. Here the <a href=\"https:\/\/www.sisinternational.com\/es\/soluciones\/investigacion-de-mercado-de-ia-y-consultoria-estrategica\/consultoria-de-inteligencia-artificial-en-automatizacion-de-productos-de-cuidado-personal\/\" title=\"Automatizaci\u00f3n de productos de cuidado personal y consultor\u00eda de inteligencia artificial\"  data-wpil-monitor-id=\"10999\">consulting firm gets intimate and personal<\/a> with company heads, providing training and upgrading their leadership and communication skills.<\/li>\n\n\n\n<li><strong>Contrataci\u00f3n:<\/strong> aqu\u00ed es donde las firmas de consultor\u00eda de crecimiento brindan servicios subcontratados que permiten a las empresas escalar r\u00e1pidamente sin la necesidad de emplear una variedad de miembros del personal a tiempo completo para estimular el crecimiento.<\/li>\n<\/ul>\n\n\n\n<h2 class=\"wp-block-heading\">Consultante<\/h2>\n\n\n\n<p>El <a href=\"https:\/\/www.sisinternational.com\/es\/soluciones\/consultoria-de-hosteleria-y-turismo-en-viajes\/consultoria-de-cambio-de-marca-de-hotel-de-negocios\/\" title=\"Consultor\u00eda de cambio de marca de hotel empresarial\"  data-wpil-monitor-id=\"10997\">consulting function is critical to business<\/a> success and includes assignments such as identifying growth opportunities, advising on growth challenges, and developing new business models. Consulting firms also work with clients to make <a href=\"https:\/\/www.sisinternational.com\/es\/soluciones\/si-crecimiento-global\/consultoria-de-planificacion-estrategica\/\" title=\"Consultor\u00eda de Planificaci\u00f3n Estrat\u00e9gica\"  data-wpil-monitor-id=\"10998\">strategic<\/a> decisions and make detailed action plans, and they will recommend alternative approaches as well.<\/p>\n\n\n\n<p>Las empresas de consultor\u00eda de crecimiento suelen ser conscientes de las \u201cmejores pr\u00e1cticas\u201d de la industria debido a su exposici\u00f3n y asociaciones con diversas organizaciones, y pueden asesorar a sus empresas clientes en consecuencia.<\/p>\n\n\n\n<p>When selecting a growth consulting firm, clients usually use specific selection criteria. These criteria include the firm&#8217;s knowledge of the client company&#8217;s <a href=\"https:\/\/www.sisinternational.com\/es\/soluciones\/soluciones-de-branding-e-investigacion-de-clientes\/investigacion-de-mercado-del-cuidado-de-la-piel\/\" title=\"Investigaci\u00f3n de mercado del cuidado de la piel | Consultor\u00eda en la industria de la belleza\"  data-wpil-monitor-id=\"10993\">industry and the expertise of the consulting<\/a> team. They look for companies that know about their pain points, nuances of their industries, trends, strengths, weaknesses and opportunities for growth.<\/p>\n\n\n\n<h2 class=\"wp-block-heading\">Entrenamiento<\/h2>\n\n\n\n<p>Managers are all too often thrown into the deep end and left to sink or swim, with no plan for their development. &nbsp;Growth Consulting firms solve that problem by offering developmental sessions that are tailored to be relevant and appropriate to the industries with which they work. Some firms also provide courses to team leaders and supervisors.<\/p>\n\n\n\n<p>Adem\u00e1s de brindar capacitaci\u00f3n a los altos ejecutivos y mandos intermedios, una empresa de consultor\u00eda de crecimiento tambi\u00e9n trabajar\u00e1 con el personal de ventas y otros trabajadores para garantizar que todos los empleados comprendan la marca y la cultura corporativa de su empresa. Las ventas cruzadas y las ventas adicionales suelen formar parte importante de esta formaci\u00f3n, lo que garantiza la promoci\u00f3n de la marca de la empresa cliente.<\/p>\n\n\n\n<h2 class=\"wp-block-heading\">Contrataci\u00f3n<\/h2>\n\n\n\n<p>Otra forma en que las empresas de consultor\u00eda de crecimiento apoyan a las empresas es mediante la contrataci\u00f3n en \u00e1reas como tecnolog\u00eda de la informaci\u00f3n y servicios relacionados, y marketing. La contrataci\u00f3n reduce significativamente los costos porque las empresas clientes ahora pueden pagar estos servicios s\u00f3lo cuando surge la necesidad, en lugar de contratar a un trabajador y tener que pagarle un salario mensual o semanal.<\/p>\n\n\n\n<p>Otro beneficio de subcontratar tareas espec\u00edficas es que garantiza un trabajo de alta calidad. Las empresas de consultor\u00eda de crecimiento suelen tener acceso a excelentes recursos y contratistas especializados. Las empresas clientes tambi\u00e9n se benefician de la contrataci\u00f3n cuando necesitan realizar un trabajo que requiere conocimientos especializados o herramientas especiales.<\/p>\n\n\n\n<h2 class=\"wp-block-heading\">C\u00f3mo la consultor\u00eda de crecimiento a\u00f1ade valor<\/h2>\n\n\n\n<p>Large companies employ in-house analysts to perform the functions traditionally carried out by consulting firms. Midsize and small companies realize the value in building strategic advantages and rapidly scaling up <a href=\"https:\/\/www.sisinternational.com\/es\/soluciones\/investigacion-de-mercado-de-ventas-empresariales-b2b\/\" title=\"Estudio de mercado de ventas a empresas B2B\"  data-wpil-monitor-id=\"10996\">sales and marketing<\/a> initiatives .&nbsp; As businesses recognize the importance of this service, more and more small companies are opting to hire these firms.<\/p>\n\n\n\n<p>Growth Consulting firms are essential because they make processes more efficient and profitable.&nbsp; They streamline workflows and increase productivity.&nbsp; Efficient sales, <a href=\"https:\/\/www.sisinternational.com\/es\/pericia\/industrias\/investigacion-de-mercado-de-recursos-naturales\/\" title=\"Investigaci\u00f3n de Mercado de Recursos Naturales\"  data-wpil-monitor-id=\"10995\">marketing and operations allow resources<\/a> to be deployed to high value priorities.&nbsp; They provide much-needed business analysis services, which are critical for <a href=\"https:\/\/www.sisinternational.com\/es\/pericia\/curriculums-de-experiencia\/estudio-de-mercado-de-productos-de-cuidado-personal\/\" title=\"Investigaci\u00f3n de mercado de productos de cuidado personal\"  data-wpil-monitor-id=\"10994\">product development and directing marketing<\/a> efforts.<\/p>\n\n\n<h2>Nuestra ubicaci\u00f3n de instalaciones en Nueva York<\/h2>\n<p><iframe loading=\"lazy\" src=\"https:\/\/www.google.com\/maps\/embed?pb=!1m18!1m12!1m3!1d3022.976188376966!2d-73.99130312499956!3d40.740549471389315!2m3!1f0!2f0!3f0!3m2!1i1024!2i768!4f13.1!3m3!1m2!1s0x89c259a15798c731%3A0xd695d09bdd495f25!2s11%20E%2022nd%20St%20FL%202%2C%20New%20York%2C%20NY%2010010%2C%20USA!5e0!3m2!1sen!2spe!4v1726171763526!5m2!1sen!2spe\" width=\"600\" height=\"450\" allowfullscreen=\"allowfullscreen\" data-mce-fragment=\"1\"><\/iframe><\/p>\n<h3 class=\"wp-block-heading\">11 E 22nd Street, Piso 2, Nueva York, NY 10010 T: +1(212) 505-6805<\/h3>\n<hr \/>\n<h2><span style=\"font-weight: 400;\">Acerca de SIS Internacional<\/span><\/h2>\n<p><a href=\"https:\/\/www.sisinternational.com\/es\/\"><span style=\"font-weight: 400;\">SIS Internacional<\/span><\/a><span style=\"font-weight: 400;\">\u00a0offers Quantitative, Qualitative, and Strategy Research. We provide data, tools, strategies, reports, and insights for decision-making. We also conduct interviews, surveys, focus groups, and other <a href=\"https:\/\/www.sisinternational.com\/es\/quantitative-market-research-methods-and-techniques\/\" title=\"Quantitative Market Research Methods and Techniques\"  data-wpil-monitor-id=\"10992\">Market Research methods<\/a> and approaches.<\/span><a href=\"https:\/\/www.sisinternational.com\/es\/sobre-la-investigacion-internacional-de-sis\/contact-sis-international-market-research\/\"><span style=\"font-weight: 400;\">\u00a0P\u00f3ngase en contacto con nosotros<\/span><\/a><span style=\"font-weight: 400;\">\u00a0para su pr\u00f3ximo proyecto de Investigaci\u00f3n de Mercado.<\/span><\/p>\n<\/p>\n\n\n<p><\/p>","protected":false},"excerpt":{"rendered":"<p>SIS International ofrece soluciones de consultor\u00eda de crecimiento. Brindamos soluciones de Ventas y Marketing. Obtenga m\u00e1s informaci\u00f3n sobre c\u00f3mo descubrir nuevas oportunidades de crecimiento.<\/p>","protected":false},"author":1,"featured_media":62861,"parent":22092,"menu_order":7,"comment_status":"closed","ping_status":"closed","template":"","meta":{"footnotes":""},"class_list":["post-24277","page","type-page","status-publish","has-post-thumbnail"],"_links":{"self":[{"href":"https:\/\/www.sisinternational.com\/es\/wp-json\/wp\/v2\/pages\/24277","targetHints":{"allow":["GET"]}}],"collection":[{"href":"https:\/\/www.sisinternational.com\/es\/wp-json\/wp\/v2\/pages"}],"about":[{"href":"https:\/\/www.sisinternational.com\/es\/wp-json\/wp\/v2\/types\/page"}],"author":[{"embeddable":true,"href":"https:\/\/www.sisinternational.com\/es\/wp-json\/wp\/v2\/users\/1"}],"replies":[{"embeddable":true,"href":"https:\/\/www.sisinternational.com\/es\/wp-json\/wp\/v2\/comments?post=24277"}],"version-history":[{"count":4,"href":"https:\/\/www.sisinternational.com\/es\/wp-json\/wp\/v2\/pages\/24277\/revisions"}],"predecessor-version":[{"id":81800,"href":"https:\/\/www.sisinternational.com\/es\/wp-json\/wp\/v2\/pages\/24277\/revisions\/81800"}],"up":[{"embeddable":true,"href":"https:\/\/www.sisinternational.com\/es\/wp-json\/wp\/v2\/pages\/22092"}],"wp:featuredmedia":[{"embeddable":true,"href":"https:\/\/www.sisinternational.com\/es\/wp-json\/wp\/v2\/media\/62861"}],"wp:attachment":[{"href":"https:\/\/www.sisinternational.com\/es\/wp-json\/wp\/v2\/media?parent=24277"}],"curies":[{"name":"wp","href":"https:\/\/api.w.org\/{rel}","templated":true}]}}