{"id":24018,"date":"2018-02-17T21:45:24","date_gmt":"2018-02-17T21:45:24","guid":{"rendered":"https:\/\/www.sisinternational.com\/?page_id=24018"},"modified":"2026-01-25T17:15:00","modified_gmt":"2026-01-25T22:15:00","slug":"empresa-de-investigacion-de-mercado-atlanta","status":"publish","type":"page","link":"https:\/\/www.sisinternational.com\/es\/cobertura\/north-america\/cobertura-de-estados-unidos\/empresa-de-investigacion-de-mercado-atlanta\/","title":{"rendered":"Empresa de investigaci\u00f3n de mercado en Atlanta"},"content":{"rendered":"<h1 class=\"wp-block-heading\">Investigaci\u00f3n de mercado en Atlanta<\/h1>\n\n\n\n<figure class=\"gb-block-image gb-block-image-15aebe26\"><img loading=\"lazy\" decoding=\"async\" width=\"1456\" height=\"816\" class=\"gb-image gb-image-15aebe26\" src=\"https:\/\/www.sisinternational.com\/wp-content\/uploads\/2025\/09\/Atlantaa-5.jpg\" alt=\"Investigaci\u00f3n y estrategia de mercado internacional de SIS\" title=\"Atlantaa (5)\" srcset=\"https:\/\/www.sisinternational.com\/wp-content\/uploads\/2025\/09\/Atlantaa-5.jpg 1456w, https:\/\/www.sisinternational.com\/wp-content\/uploads\/2025\/09\/Atlantaa-5-300x168.jpg 300w, https:\/\/www.sisinternational.com\/wp-content\/uploads\/2025\/09\/Atlantaa-5-1024x574.jpg 1024w, https:\/\/www.sisinternational.com\/wp-content\/uploads\/2025\/09\/Atlantaa-5-768x430.jpg 768w, https:\/\/www.sisinternational.com\/wp-content\/uploads\/2025\/09\/Atlantaa-5-18x10.jpg 18w\" sizes=\"auto, (max-width: 1456px) 100vw, 1456px\"><\/figure>\n\n\n\n<p><\/p>\n\n\n\n<h2 class=\"wp-block-heading\"><span style=\"font-weight: 400;\">Atlanta es la ciudad m\u00e1s grande de Georgia y una de las ciudades m\u00e1s grandes de Estados Unidos. &nbsp;<\/span><\/h2>\n\n\n\n<p><span style=\"font-weight: 400;\">The metropolitan area has approximately 6 million people and its GDP is the eighth largest in the country.&nbsp; SIS provides full-service Market Research and strategy solutions in Atlanta with a highly skilled fieldwork team.<\/span><\/p>\n\n\n\n<p><span style=\"font-weight: 400;\">Atlanta benefits from an educated workforce and a low cost of living relative to other global cities. Many major companies have operations in Atlanta, including over 75% of the Fortune 500.<\/span><\/p>\n\n\n\n<p><span style=\"font-weight: 400;\">El centro de Atlanta tiene la mayor densidad de poblaci\u00f3n.&nbsp;&nbsp;<\/span><span style=\"font-weight: 400;\">Buckhead is a suburban affluent area and has stylish upscale shopping areas. This area which is easily accessible to respondents can be useful in <a href=\"https:\/\/www.sisinternational.com\/es\/soluciones\/investigacion-de-mercado-de-grupo-focal\/como-realizar-un-grupo-focal\/\" title=\"C\u00f3mo realizar un grupo focal\"  data-wpil-monitor-id=\"10416\">conducting Focus Groups<\/a>. &nbsp;Marietta is another suburban area with major companies such as Lockheed Martin.<\/span><\/p>\n\n\n\n<h2 class=\"wp-block-heading\">Pr\u00f3spero centro econ\u00f3mico<\/h2>\n\n\n\n<p><span style=\"font-weight: 400;\">Atlanta is home to many of the world\u2019s leading companies \u2014-CNN, Coca Cola and Delta airlines. &nbsp;It is a gateway to the South USA. <\/span><\/p>\n\n\n\n<p><span style=\"font-weight: 400;\">El <a href=\"https:\/\/www.sisinternational.com\/es\/cobertura\/investigacion-de-mercado-oriente-medio\/best-cities-for-real-estate-investment-in-saudi-arabia\/\" title=\"Best Cities for Real Estate Investment in Saudi Arabia\"  data-wpil-monitor-id=\"10426\">city is vying for investment<\/a> and competing with other global cities for investment, sporting events and corporate headquarters locations. &nbsp;Atlanta received international recognition when it was chosen as a location for the Olympics in 1996.<\/span><\/p>\n\n\n\n<p><span style=\"font-weight: 400;\">It is a major regional transportation hub. &nbsp;The Atlanta Hartsfield Airport is one of the largest airports in the world. &nbsp;It is also a logistics hub that has a major impact on global operations and logistics.<\/span><\/p>\n\n\n\n<p><span style=\"font-weight: 400;\">Media, broadcasting and entertainment are important industries. Turner Broadcasting, which owns CNN, is headquartered in Atlanta. The weather channel is also in the metro area. The population makes the region a major DMA <a href=\"https:\/\/www.sisinternational.com\/es\/pericia\/curriculums-de-experiencia\/estudio-de-mercado-de-productos-de-cuidado-personal\/\" title=\"Investigaci\u00f3n de mercado de productos de cuidado personal\"  data-wpil-monitor-id=\"10422\">market in which to promote products<\/a> and to advertise to consumers. Increasingly, the city is working to attract <a href=\"https:\/\/www.sisinternational.com\/es\/pericia\/industrias\/television-pelicula-investigacion-de-mercado-cinematografico\/\" title=\"Investigaci\u00f3n de mercado de cine, televisi\u00f3n y cine\"  data-wpil-monitor-id=\"10420\">film and movie<\/a> companies to film movies there.<\/span><\/p>\n\n\n\n<h2 class=\"wp-block-heading\">Gran mercado de consumo<\/h2>\n\n\n\n<p><span style=\"font-weight: 400;\">Atlanta has a large consumer base that benefits from a high standard of living and an educated workforce. &nbsp;The area has leading universities, such as Emory University and the University of Georgia.&nbsp;<\/span><\/p>\n\n\n\n<p><span style=\"font-weight: 400;\">The city is considered multicultural with a large representation of different ethnic groups and languages spoken. This diversity can make Atlanta a strong test <a href=\"https:\/\/www.sisinternational.com\/es\/pericia\/industrias\/estudio-de-mercado-del-poliuretano\/\" title=\"Investigaci\u00f3n de mercado de poliuretano\"  data-wpil-monitor-id=\"4120\">Market for research<\/a> projects.<\/span><\/p>\n\n\n\n<p>Buckhead, pictured, is an ideal place for Focus Groups.&nbsp; The area hosts trendy restaurants, large businesses, and beautiful scenic streets.<\/p>\n\n\n\n<h2 class=\"wp-block-heading\">Industria tecnol\u00f3gica en ascenso<\/h2>\n\n\n\n<figure class=\"gb-block-image gb-block-image-b540ce25\"><img loading=\"lazy\" decoding=\"async\" width=\"1456\" height=\"816\" class=\"gb-image gb-image-b540ce25\" src=\"https:\/\/www.sisinternational.com\/wp-content\/uploads\/2025\/09\/Atlantaa-3.jpg\" alt=\"Investigaci\u00f3n y estrategia de mercado internacional de SIS\" title=\"Atlantaa (3)\" srcset=\"https:\/\/www.sisinternational.com\/wp-content\/uploads\/2025\/09\/Atlantaa-3.jpg 1456w, https:\/\/www.sisinternational.com\/wp-content\/uploads\/2025\/09\/Atlantaa-3-300x168.jpg 300w, https:\/\/www.sisinternational.com\/wp-content\/uploads\/2025\/09\/Atlantaa-3-1024x574.jpg 1024w, https:\/\/www.sisinternational.com\/wp-content\/uploads\/2025\/09\/Atlantaa-3-768x430.jpg 768w, https:\/\/www.sisinternational.com\/wp-content\/uploads\/2025\/09\/Atlantaa-3-18x10.jpg 18w\" sizes=\"auto, (max-width: 1456px) 100vw, 1456px\"><\/figure>\n\n\n\n<p><\/p>\n\n\n\n<p><span style=\"font-weight: 400;\">The technology industry is growing in Atlanta. \u00a0Also known as \u201cSilicon Peach\u201d, the city has attracted many tech startups. Atlanta\u2019s lower cost of living has been accelerating growth in the IT industry there.\u00a0 AT&amp;T Mobility<\/span> is headquartered there as well as a growing number of startups. SIS provides executive interviews, market entry &amp; sizing, customer research, <a href=\"https:\/\/www.sisinternational.com\/es\/soluciones\/soluciones-de-investigacion-cualitativa-cuantitativa\/b2b-focus-group-market-research\/\" title=\"Investigaci\u00f3n de mercado de grupos focales B2B\"  data-wpil-monitor-id=\"10414\">B2B focus groups<\/a>, competitive intelligence, branding insights and employee surveys in Atlanta.<\/span><\/p>\n\n\n\n<h2 class=\"wp-block-heading\">Acerca de la investigaci\u00f3n de mercado en Atlanta<\/h2>\n\n\n\n<p><span style=\"font-weight: 400;\">Proporcionamos <a class=\"wpil_keyword_link\" href=\"https:\/\/www.sisinternational.com\/es\/soluciones\/investigacion-de-mercado-de-grupo-focal\/\"   title=\"Investigaci\u00f3n de mercado con grupos focales\" data-wpil-keyword-link=\"linked\"  data-wpil-monitor-id=\"772\">Reclutamiento de grupos focales<\/a>, moderation, survey interviewing, data collection, translation and transcription. \u00a0Our Strategy Research Group provides Reporting, Analysis, and On-The-Ground Consulting.\u00a0 Some recent projects include:<\/span><\/p>\n\n\n\n<ul class=\"wp-block-list\">\n<li><span style=\"font-weight: 400;\">SIS conducted <a href=\"https:\/\/www.sisinternational.com\/es\/soluciones\/soluciones-de-investigacion-cualitativa-cuantitativa\/pruebas-de-ubicacion-central-vs-grupos-focales\/\" title=\"Pruebas de ubicaci\u00f3n central vs. grupos focales\"  data-wpil-monitor-id=\"10418\">grupos de enfoque<\/a> among call center professionals to test and understand opinions towards new headphones.<\/span><\/li>\n\n\n\n<li><span style=\"font-weight: 400;\">SIS <a href=\"https:\/\/www.sisinternational.com\/es\/how-to-conduct-in-depth-interviews-for-market-insights\/\" title=\"C\u00f3mo realizar entrevistas exhaustivas para obtener informaci\u00f3n sobre el mercado\"  data-wpil-monitor-id=\"10412\">conducted in-depth interviews<\/a> (IDIs) among Food and Beverage executives.<\/span><\/li>\n\n\n\n<li><span style=\"font-weight: 400;\">SIS conducted Focus Groups with Fleet Managers, Fleet Operators, and Senior Trucking <a href=\"https:\/\/www.sisinternational.com\/es\/pericia\/industrias\/toma-de-decisiones-empresariales-investigacion-de-mercado\/\" title=\"Investigaci\u00f3n de mercado para tomadores de decisiones empresariales\"  data-wpil-monitor-id=\"10424\">Business decision makers<\/a>, given Atlanta\u2019s national importance in the trucking and transportation industries.<\/span><\/li>\n<\/ul>\n\n\n\n<p><\/p>\n\n\n\n<h2 class=\"wp-block-heading\">&nbsp;<\/h2>","protected":false},"excerpt":{"rendered":"<p>Atlanta es la ciudad m\u00e1s grande de Georgia y una de las ciudades m\u00e1s grandes de Estados Unidos. Aprende m\u00e1s.<\/p>","protected":false},"author":1,"featured_media":66620,"parent":19303,"menu_order":8,"comment_status":"closed","ping_status":"closed","template":"","meta":{"footnotes":""},"class_list":["post-24018","page","type-page","status-publish","has-post-thumbnail"],"_links":{"self":[{"href":"https:\/\/www.sisinternational.com\/es\/wp-json\/wp\/v2\/pages\/24018","targetHints":{"allow":["GET"]}}],"collection":[{"href":"https:\/\/www.sisinternational.com\/es\/wp-json\/wp\/v2\/pages"}],"about":[{"href":"https:\/\/www.sisinternational.com\/es\/wp-json\/wp\/v2\/types\/page"}],"author":[{"embeddable":true,"href":"https:\/\/www.sisinternational.com\/es\/wp-json\/wp\/v2\/users\/1"}],"replies":[{"embeddable":true,"href":"https:\/\/www.sisinternational.com\/es\/wp-json\/wp\/v2\/comments?post=24018"}],"version-history":[{"count":5,"href":"https:\/\/www.sisinternational.com\/es\/wp-json\/wp\/v2\/pages\/24018\/revisions"}],"predecessor-version":[{"id":81715,"href":"https:\/\/www.sisinternational.com\/es\/wp-json\/wp\/v2\/pages\/24018\/revisions\/81715"}],"up":[{"embeddable":true,"href":"https:\/\/www.sisinternational.com\/es\/wp-json\/wp\/v2\/pages\/19303"}],"wp:featuredmedia":[{"embeddable":true,"href":"https:\/\/www.sisinternational.com\/es\/wp-json\/wp\/v2\/media\/66620"}],"wp:attachment":[{"href":"https:\/\/www.sisinternational.com\/es\/wp-json\/wp\/v2\/media?parent=24018"}],"curies":[{"name":"wp","href":"https:\/\/api.w.org\/{rel}","templated":true}]}}