{"id":24010,"date":"2018-02-17T21:19:28","date_gmt":"2018-02-17T21:19:28","guid":{"rendered":"https:\/\/www.sisinternational.com\/?page_id=24010"},"modified":"2026-01-25T16:52:27","modified_gmt":"2026-01-25T21:52:27","slug":"investigacion_de_mercado_en_nueva_jersey","status":"publish","type":"page","link":"https:\/\/www.sisinternational.com\/es\/cobertura\/north-america\/cobertura-de-estados-unidos\/investigacion_de_mercado_en_nueva_jersey\/","title":{"rendered":"Investigaci\u00f3n de mercado en Nueva Jersey"},"content":{"rendered":"<h1 class=\"wp-block-heading\">Investigaci\u00f3n de mercado en Nueva Jersey<\/h1>\n\n\n\n<figure class=\"gb-block-image gb-block-image-954f35b5\"><img loading=\"lazy\" decoding=\"async\" width=\"1456\" height=\"816\" class=\"gb-image gb-image-954f35b5\" src=\"https:\/\/www.sisinternational.com\/wp-content\/uploads\/2025\/09\/New-Jersey-2.jpg\" alt=\"Investigaci\u00f3n y estrategia de mercado internacional de SIS\" title=\"New Jersey (2)\" srcset=\"https:\/\/www.sisinternational.com\/wp-content\/uploads\/2025\/09\/New-Jersey-2.jpg 1456w, https:\/\/www.sisinternational.com\/wp-content\/uploads\/2025\/09\/New-Jersey-2-300x168.jpg 300w, https:\/\/www.sisinternational.com\/wp-content\/uploads\/2025\/09\/New-Jersey-2-1024x574.jpg 1024w, https:\/\/www.sisinternational.com\/wp-content\/uploads\/2025\/09\/New-Jersey-2-768x430.jpg 768w, https:\/\/www.sisinternational.com\/wp-content\/uploads\/2025\/09\/New-Jersey-2-18x10.jpg 18w\" sizes=\"auto, (max-width: 1456px) 100vw, 1456px\"><\/figure>\n\n\n\n<p><\/p>\n\n\n\n<hr class=\"wp-block-separator has-alpha-channel-opacity is-style-dots\"\/>\n\n\n\n<h2 class=\"wp-block-heading\"><span style=\"font-weight: 400;\">La investigaci\u00f3n de mercado en Nueva Jersey es una herramienta vital para las empresas que buscan navegar en este panorama competitivo, descubrir oportunidades e impulsar el crecimiento. <\/span><\/h2>\n\n\n\n<p><span style=\"font-weight: 400;\">La investigaci\u00f3n de mercado en Nueva Jersey es un componente crucial de cualquier estrategia empresarial\u2026 \u00bfPero qu\u00e9 implica exactamente y por qu\u00e9 es tan importante? Las empresas pueden obtener informaci\u00f3n \u00fatil que informe sus estrategias e impulsen el crecimiento al comprender el mercado local, incluidas las preferencias de los consumidores, el comportamiento de compra y el panorama competitivo.<\/span><span style=\"font-weight: 400;\">&nbsp;<\/span><\/p>\n\n\n\n<h2 class=\"wp-block-heading\"><span style=\"font-weight: 400;\">\u00bfQu\u00e9 es la investigaci\u00f3n de mercado en Nueva Jersey? \u00bfPor qu\u00e9 es importante?<\/span><\/h2>\n\n\n\n<p><span style=\"font-weight: 400;\"><a href=\"https:\/\/www.sisinternational.com\/es\/cobertura\/europa\/investigacion-de-mercado-jersey-europa\/\" title=\"Investigaci\u00f3n de mercado en Jersey, Europa\"  data-wpil-monitor-id=\"3764\">Investigaci\u00f3n de mercado en Nueva Jersey<\/a> encompasses a range of methodologies and strategies aimed at understanding the unique dynamics of the state&#8217;s diverse market. This process involves collecting and analyzing data about consumer behaviors, market trends, and competitive landscapes. <\/span><\/p>\n\n\n\n<h2 class=\"wp-block-heading\"><span style=\"font-weight: 400;\">Beneficios de la investigaci\u00f3n de mercado en Nueva Jersey<\/span><\/h2>\n\n\n\n<p><span style=\"font-weight: 400;\">La investigaci\u00f3n de mercado en Nueva Jersey ofrece numerosos beneficios que pueden impactar significativamente el \u00e9xito de una empresa. Antes de profundizar en las ventajas espec\u00edficas, es fundamental comprender que estos beneficios se derivan de los conocimientos integrales y la orientaci\u00f3n estrat\u00e9gica de la investigaci\u00f3n de mercado.<\/span><\/p>\n\n\n\n<ul class=\"wp-block-list\">\n<li><b>Toma de decisiones informada:<\/b><span style=\"font-weight: 400;\"> La investigaci\u00f3n de mercado en Nueva Jersey brinda a las empresas informaci\u00f3n basada en datos, lo que les permite tomar decisiones informadas sobre sus estrategias y operaciones.<\/span><\/li>\n\n\n\n<li><b>Ventaja competitiva:<\/b><span style=\"font-weight: 400;\"> Al comprender el panorama competitivo, las empresas pueden desarrollar estrategias que las diferencien de sus competidores.<\/span><\/li>\n\n\n\n<li><b>Informaci\u00f3n del cliente:<\/b><span style=\"font-weight: 400;\"> La investigaci\u00f3n de mercado en Nueva Jersey proporciona informaci\u00f3n detallada sobre las preferencias y comportamientos de los clientes, lo que ayuda a las empresas a adaptar sus ofertas para satisfacer la demanda del mercado.<\/span><\/li>\n\n\n\n<li><b>Mitigaci\u00f3n de riesgos:<\/b><span style=\"font-weight: 400;\"> El an\u00e1lisis de las tendencias del mercado y los riesgos potenciales permite a las empresas desarrollar estrategias para mitigar estos riesgos y evitar errores costosos.<\/span><\/li>\n\n\n\n<li><b>Oportunidades de mercado:<\/b> Identificar tendencias y oportunidades emergentes permite a las empresas capitalizar nuevos segmentos de mercado e impulsar el crecimiento.<\/li>\n<\/ul>\n\n\n\n<h2 class=\"wp-block-heading\"><span style=\"font-weight: 400;\">\u00bfQui\u00e9n utiliza la investigaci\u00f3n de mercado en Nueva Jersey?<\/span><\/h2>\n\n\n\n<p><b>Grandes corporaciones<\/b><span style=\"font-weight: 400;\"> a menudo dependen de la investigaci\u00f3n de mercado para obtener informaci\u00f3n sobre el comportamiento del consumidor, la din\u00e1mica competitiva y las tendencias emergentes, lo que les permite mantenerse por delante de la competencia.&nbsp;<\/span><\/p>\n\n\n\n<p><b>Peque\u00f1as y medianas empresas (PYMES)<\/b><span style=\"font-weight: 400;\"> Tambi\u00e9n se beneficiar\u00e1 enormemente de la investigaci\u00f3n de mercado en Nueva Jersey. Para estas empresas, la investigaci\u00f3n de mercado proporciona datos cruciales que les ayudan a comprender a su p\u00fablico objetivo, optimizar sus esfuerzos de marketing e identificar nuevas oportunidades de crecimiento.<\/span><\/p>\n\n\n\n<p><b>Organizaciones sin \u00e1nimo de lucro<\/b><span style=\"font-weight: 400;\"> y <\/span><b>agencias gubernamentales<\/b><span style=\"font-weight: 400;\"> en Nueva Jersey utilizan la investigaci\u00f3n de mercado para comprender mejor las comunidades a las que sirven y desarrollar programas y pol\u00edticas que aborden las necesidades y preferencias de sus poblaciones objetivo.&nbsp;<\/span><\/p>\n\n\n\n<h2 class=\"wp-block-heading\"><span style=\"font-weight: 400;\">Nuestra revisi\u00f3n del mercado actual y recomendaciones<\/span><\/h2>\n\n\n\n<p><span style=\"font-weight: 400;\">We believe that New Jersey&#8217;s market is rapidly evolving. Trends such as the increasing adoption of technology, changing consumer preferences, and the rise of e-commerce are shaping the business landscape.\u00a0<\/span><\/p>\n\n\n\n<p><span style=\"font-weight: 400;\">Las perspectivas futuras para el mercado de Nueva Jersey son prometedoras y se espera un crecimiento econ\u00f3mico y una innovaci\u00f3n continuos. Las empresas que inviertan en comprender la din\u00e1mica del mercado y adaptarse a los cambios estar\u00e1n bien posicionadas para prosperar. Anticipamos una mayor competencia, lo que hace que sea fundamental que las empresas se diferencien a trav\u00e9s de productos y servicios innovadores.<\/span><\/p>\n\n\n\n<h2 class=\"wp-block-heading\"><span style=\"font-weight: 400;\">Resultados esperados de la investigaci\u00f3n de mercado de SIS en Nueva Jersey<\/span><\/h2>\n\n\n\n<figure class=\"gb-block-image gb-block-image-06debd50\"><img loading=\"lazy\" decoding=\"async\" width=\"1456\" height=\"816\" class=\"gb-image gb-image-06debd50\" src=\"https:\/\/www.sisinternational.com\/wp-content\/uploads\/2025\/09\/New-Jersey-3.jpg\" alt=\"Investigaci\u00f3n y estrategia de mercado internacional de SIS\" title=\"New Jersey (3)\" srcset=\"https:\/\/www.sisinternational.com\/wp-content\/uploads\/2025\/09\/New-Jersey-3.jpg 1456w, https:\/\/www.sisinternational.com\/wp-content\/uploads\/2025\/09\/New-Jersey-3-300x168.jpg 300w, https:\/\/www.sisinternational.com\/wp-content\/uploads\/2025\/09\/New-Jersey-3-1024x574.jpg 1024w, https:\/\/www.sisinternational.com\/wp-content\/uploads\/2025\/09\/New-Jersey-3-768x430.jpg 768w, https:\/\/www.sisinternational.com\/wp-content\/uploads\/2025\/09\/New-Jersey-3-18x10.jpg 18w\" sizes=\"auto, (max-width: 1456px) 100vw, 1456px\"><\/figure>\n\n\n\n<p><\/p>\n\n\n\n<p><span style=\"font-weight: 400;\">Participar en investigaciones de mercado con SIS International genera varios beneficios clave, que incluyen:<\/span><\/p>\n\n\n\n<ul class=\"wp-block-list\">\n<li><b>Toma de decisiones mejorada:<\/b><span style=\"font-weight: 400;\"> La investigaci\u00f3n de mercado en Nueva Jersey proporciona a las empresas informaci\u00f3n y datos s\u00f3lidos que les permiten tomar decisiones bien informadas.<\/span><\/li>\n\n\n\n<li><b>Posici\u00f3n competitiva mejorada:<\/b><span style=\"font-weight: 400;\"> Al comprender el panorama competitivo, las empresas pueden desarrollar estrategias que las distingan.<\/span><\/li>\n\n\n\n<li><b>Mayor satisfacci\u00f3n del cliente:<\/b><span style=\"font-weight: 400;\"> Los conocimientos sobre las preferencias y comportamientos de los clientes permiten a las empresas adaptar sus ofertas para satisfacer la demanda del mercado.<\/span><\/li>\n\n\n\n<li><b>Gesti\u00f3n de riesgos:<\/b><span style=\"font-weight: 400;\"> Identificar riesgos y desaf\u00edos potenciales ayuda a las empresas a desarrollar estrategias para mitigarlos de manera efectiva.<\/span><\/li>\n\n\n\n<li><b>Expansi\u00f3n de mercado:<\/b><span style=\"font-weight: 400;\"> Comprender las tendencias y oportunidades del mercado permite a las empresas explorar nuevos segmentos de mercado e impulsar el crecimiento.<\/span><\/li>\n\n\n\n<li><b>Innovaci\u00f3n:<\/b><span style=\"font-weight: 400;\"> La investigaci\u00f3n de mercado fomenta la innovaci\u00f3n al resaltar las necesidades no satisfechas y las tendencias emergentes, guiando el desarrollo de nuevos productos y servicios.<\/span><\/li>\n<\/ul>\n\n\n\n<h2 class=\"wp-block-heading\"><span style=\"font-weight: 400;\">Principales atracciones tur\u00edsticas de Nueva Jersey<\/span><\/h2>\n\n\n\n<p><span style=\"font-weight: 400;\">Nueva Jersey tiene varias atracciones tur\u00edsticas que atraen a visitantes de todo el mundo. Estas atracciones resaltan la rica historia y el patrimonio cultural del estado y contribuyen significativamente a su econom\u00eda.<\/span><\/p>\n\n\n\n<ul class=\"wp-block-list\">\n<li><b>Ciudad Atl\u00e1ntica:<\/b><span style=\"font-weight: 400;\"> Conocida por su bullicioso paseo mar\u00edtimo, su vibrante vida nocturna y sus casinos de clase mundial, Atlantic City es un importante destino tur\u00edstico que ofrece entretenimiento y actividades de ocio.<\/span><\/li>\n\n\n\n<li><b>Parque Estatal Libertad:<\/b><span style=\"font-weight: 400;\"> Situado en Jersey City, este parque ofrece impresionantes vistas de la Estatua de la Libertad y la Isla Ellis. Es un lugar popular para hacer picnics, pescar y explorar lugares hist\u00f3ricos.<\/span><\/li>\n\n\n\n<li><b>Cabo Mayo:<\/b><span style=\"font-weight: 400;\"> Esta ciudad costera es famosa por su arquitectura victoriana, sus playas v\u00edrgenes y su vibrante escena art\u00edstica. Atrae visitantes durante todo el a\u00f1o con su combinaci\u00f3n \u00fanica de historia y belleza natural.<\/span><\/li>\n\n\n\n<li><b>Gran Aventura de Six Flags:<\/b><span style=\"font-weight: 400;\"> Ubicado en Jackson, este parque de diversiones alberga emocionantes atracciones, un parque safari y atracciones para familias, lo que lo convierte en el destino favorito de los buscadores de aventuras.<\/span><\/li>\n\n\n\n<li><b>Universidad de Princeton:<\/b><span style=\"font-weight: 400;\"> Como una de las universidades m\u00e1s antiguas y prestigiosas de los Estados Unidos, la Universidad de Princeton ofrece visitas guiadas a su campus hist\u00f3rico, incluido el emblem\u00e1tico Nassau Hall y el Museo de Arte de la Universidad de Princeton.<\/span><\/li>\n<\/ul>\n\n\n\n<h2 class=\"wp-block-heading\"><span style=\"font-weight: 400;\">Indicadores de mercado<\/span><\/h2>\n\n\n\n<p><span style=\"font-weight: 400;\">Uno de los principales impulsores del mercado en Nueva Jersey es su <\/span><b>ubicaci\u00f3n estrat\u00e9gica<\/b><span style=\"font-weight: 400;\">. La proximidad a las principales \u00e1reas metropolitanas como la ciudad de Nueva York y Filadelfia brinda a las empresas acceso a grandes mercados de consumo, mano de obra calificada y una excelente infraestructura de transporte. Esta ventajosa ubicaci\u00f3n fomenta la actividad econ\u00f3mica y atrae inversiones.<\/span><\/p>\n\n\n\n<p><span style=\"font-weight: 400;\">Otro factor clave es <\/span><b>innovaci\u00f3n y tecnolog\u00eda<\/b><span style=\"font-weight: 400;\">. Nueva Jersey cuenta con numerosos centros tecnol\u00f3gicos e instituciones de investigaci\u00f3n que impulsan avances en diversos sectores, incluidos los farmac\u00e9uticos, la biotecnolog\u00eda y la tecnolog\u00eda de la informaci\u00f3n. Las empresas que aprovechan estas innovaciones pueden obtener una ventaja competitiva e impulsar el crecimiento.<\/span><\/p>\n\n\n\n<p><b>Una fuerza laboral diversa y capacitada<\/b><span style=\"font-weight: 400;\"> tambi\u00e9n es un importante impulsor del mercado. La fuerza laboral de Nueva Jersey es conocida por sus altos niveles de educaci\u00f3n y experiencia en diversas industrias. Este grupo de talentos permite a las empresas mantener altos est\u00e1ndares de productividad e innovaci\u00f3n.<\/span><\/p>\n\n\n\n<p><span style=\"font-weight: 400;\">Finalmente, <\/span><b>incentivos y apoyo del gobierno<\/b><span style=\"font-weight: 400;\"> son cruciales para impulsar el mercado. Nueva Jersey ofrece varios incentivos fiscales, subvenciones y programas de apoyo para atraer y retener empresas. Estos incentivos ayudan a reducir los costos operativos y fomentar el crecimiento y la expansi\u00f3n empresarial.<\/span><\/p>\n\n\n\n<h2 class=\"wp-block-heading\"><span style=\"font-weight: 400;\">Restricciones del mercado<\/span><\/h2>\n\n\n\n<p><span style=\"font-weight: 400;\">El <\/span><b>El alto costo de vida y de hacer negocios es una restricci\u00f3n. <\/b>La proximidad del estado a las principales \u00e1reas metropolitanas contribuye a una mayor <span style=\"font-weight: 400;\">bienes ra\u00edces, mano de obra y otros gastos operativos. Las empresas deben gestionar cuidadosamente sus recursos y optimizar sus operaciones para seguir siendo competitivas a pesar de estos mayores costos.<\/span><\/p>\n\n\n\n<p><b>Desaf\u00edos regulatorios<\/b><span style=\"font-weight: 400;\"> Tambi\u00e9n representan una restricci\u00f3n para las empresas en Nueva Jersey. El estado tiene un entorno regulatorio complejo, con varias leyes y regulaciones que las empresas deben cumplir. Navegar por estas regulaciones puede llevar mucho tiempo y ser costoso, especialmente para las empresas m\u00e1s peque\u00f1as que pueden carecer de los recursos para manejar requisitos de cumplimiento extensos.<\/span><\/p>\n\n\n\n<p><b>Competencia<\/b><span style=\"font-weight: 400;\"> es otra restricci\u00f3n importante. La ubicaci\u00f3n estrat\u00e9gica y las oportunidades econ\u00f3micas de Nueva Jersey atraen a muchas empresas, lo que genera un mercado altamente competitivo.<\/span><\/p>\n\n\n\n<h2 class=\"wp-block-heading\"><span style=\"font-weight: 400;\">Investigaci\u00f3n de mercado en Nueva Jersey: an\u00e1lisis FODA&nbsp;<\/span><\/h2>\n\n\n\n<figure class=\"gb-block-image gb-block-image-849fcc4c\"><img loading=\"lazy\" decoding=\"async\" width=\"1456\" height=\"816\" class=\"gb-image gb-image-849fcc4c\" src=\"https:\/\/www.sisinternational.com\/wp-content\/uploads\/2025\/09\/New-Jersey-1.jpg\" alt=\"Investigaci\u00f3n y estrategia de mercado internacional de SIS\" title=\"New Jersey (1)\" srcset=\"https:\/\/www.sisinternational.com\/wp-content\/uploads\/2025\/09\/New-Jersey-1.jpg 1456w, https:\/\/www.sisinternational.com\/wp-content\/uploads\/2025\/09\/New-Jersey-1-300x168.jpg 300w, https:\/\/www.sisinternational.com\/wp-content\/uploads\/2025\/09\/New-Jersey-1-1024x574.jpg 1024w, https:\/\/www.sisinternational.com\/wp-content\/uploads\/2025\/09\/New-Jersey-1-768x430.jpg 768w, https:\/\/www.sisinternational.com\/wp-content\/uploads\/2025\/09\/New-Jersey-1-18x10.jpg 18w\" sizes=\"auto, (max-width: 1456px) 100vw, 1456px\"><\/figure>\n\n\n\n<p><\/p>\n\n\n\n<p><span style=\"font-weight: 400;\">Realizar un an\u00e1lisis FODA ayuda a las empresas a evaluar el atractivo del mercado de Nueva Jersey identificando sus fortalezas, debilidades, oportunidades y amenazas. Este an\u00e1lisis proporciona una visi\u00f3n general completa del entorno del mercado y orienta la planificaci\u00f3n estrat\u00e9gica.<\/span><\/p>\n\n\n\n<p><strong>Fortalezas:<\/strong><\/p>\n\n\n\n<p><span style=\"font-weight: 400;\">La ubicaci\u00f3n estrat\u00e9gica de Nueva Jersey, su fuerza laboral calificada y su s\u00f3lida infraestructura son fortalezas importantes que hacen que el mercado sea atractivo para las empresas. La proximidad del estado a las principales ciudades, las amplias redes de transporte y el acceso a un grupo diverso de talentos brindan a las empresas una ventaja competitiva. Adem\u00e1s, los centros de innovaci\u00f3n y las instituciones de investigaci\u00f3n de Nueva Jersey impulsan avances tecnol\u00f3gicos y fomentan una cultura de innovaci\u00f3n.<\/span><\/p>\n\n\n\n<p><strong>Debilidades:<\/strong><\/p>\n\n\n\n<p><span style=\"font-weight: 400;\">The high cost of living and doing business, and regulatory challenges are notable weaknesses. These factors can increase operational costs and create barriers to entry for new businesses. Companies must develop strategies to manage these costs and navigate the regulatory landscape effectively.<\/span><\/p>\n\n\n\n<p><strong>Oportunidades:<\/strong><\/p>\n\n\n\n<p><span style=\"font-weight: 400;\">Nueva Jersey ofrece numerosas oportunidades de crecimiento, particularmente en tecnolog\u00eda, atenci\u00f3n m\u00e9dica y productos farmac\u00e9uticos. Las tendencias emergentes en estas industrias, combinadas con incentivos gubernamentales y programas de apoyo, crean un entorno favorable para la expansi\u00f3n empresarial y la innovaci\u00f3n. Las empresas tambi\u00e9n pueden explorar nuevos segmentos de mercado y aprovechar la diversa base de consumidores del estado para impulsar el crecimiento.<\/span><\/p>\n\n\n\n<p><strong>Amenazas:<\/strong><\/p>\n\n\n\n<p><span style=\"font-weight: 400;\">La intensa competencia y las fluctuaciones econ\u00f3micas plantean amenazas importantes para las empresas de Nueva Jersey. Las empresas deben permanecer vigilantes y adaptables para adelantarse a sus competidores y mitigar el impacto de las crisis econ\u00f3micas. Adem\u00e1s, los cambios regulatorios y las condiciones cambiantes del mercado pueden crear incertidumbre y desaf\u00edos que las empresas deben afrontar.<\/span><\/p>\n\n\n\n<h2 class=\"wp-block-heading\"><span style=\"font-weight: 400;\">C\u00f3mo la investigaci\u00f3n de mercado de SIS International en Nueva Jersey ayuda a las empresas<\/span><\/h2>\n\n\n\n<p><span style=\"font-weight: 400;\">Los servicios de investigaci\u00f3n de mercado de SIS International en Nueva Jersey ofrecen apoyo integral a las empresas, ayud\u00e1ndolas a navegar por las complejidades del mercado de Nueva Jersey y lograr sus objetivos estrat\u00e9gicos. Nuestra experiencia en investigaci\u00f3n de mercado proporciona a las empresas informaci\u00f3n valiosa que impulsa el crecimiento y la innovaci\u00f3n.<\/span><\/p>\n\n\n\n<p><b>La reducci\u00f3n de riesgos:<\/b><span style=\"font-weight: 400;\">&nbsp;<\/span><\/p>\n\n\n\n<p><span style=\"font-weight: 400;\">Realizar una exhaustiva investigaci\u00f3n de mercado, <\/span><a href=\"https:\/\/twitter.com\/SISIntlResearch\" target=\"_blank\" rel=\"noopener\"><span style=\"font-weight: 400;\">SIS<\/span><\/a><span style=\"font-weight: 400;\"> ayuda a las empresas a identificar riesgos potenciales y desarrollar estrategias de mitigaci\u00f3n. Comprender la din\u00e1mica del mercado y el comportamiento del consumidor permite a las empresas tomar decisiones informadas que minimizan las incertidumbres y mejoran la estabilidad.<\/span><\/p>\n\n\n\n<p><b>Aumento de ingresos:<\/b><span style=\"font-weight: 400;\">&nbsp;<\/span><\/p>\n\n\n\n<p><span style=\"font-weight: 400;\">Nuestros servicios de investigaci\u00f3n de mercado en Nueva Jersey permiten a las empresas descubrir nuevas oportunidades y optimizar sus estrategias para aumentar los ingresos. Al analizar las tendencias del mercado y las preferencias de los clientes, brindamos informaci\u00f3n \u00fatil que ayuda a las empresas a desarrollar productos y servicios que satisfagan la demanda del mercado.<\/span><\/p>\n\n\n\n<p><b>Ahorro de costes:<\/b><span style=\"font-weight: 400;\">&nbsp;<\/span><\/p>\n\n\n\n<p><span style=\"font-weight: 400;\">La investigaci\u00f3n de mercado ayuda a las empresas a optimizar sus operaciones y asignar recursos de manera m\u00e1s eficiente. Al comprender las condiciones del mercado y la din\u00e1mica competitiva, las empresas pueden evitar errores costosos y centrarse en iniciativas de alto impacto que impulsen el crecimiento.<\/span><\/p>\n\n\n\n<p><b>Ahorro de tiempo:<\/b><span style=\"font-weight: 400;\">&nbsp;<\/span><\/p>\n\n\n\n<p><span style=\"font-weight: 400;\"><a href=\"https:\/\/www.linkedin.com\/company\/sisinternationalresearch\/\" target=\"_blank\" rel=\"noopener\">SIS Internacional<\/a>La experiencia y los recursos de permiten a las empresas realizar investigaciones de mercado de manera m\u00e1s eficiente. Nuestros an\u00e1lisis integrales y recomendaciones estrat\u00e9gicas ahorran tiempo y esfuerzo a las empresas, permiti\u00e9ndoles centrarse en operaciones centrales e iniciativas estrat\u00e9gicas.<\/span><\/p>\n\n\n\n<p><b>Crecimiento acelerado e innovaci\u00f3n:<\/b><span style=\"font-weight: 400;\">&nbsp;<\/span><\/p>\n\n\n\n<p><span style=\"font-weight: 400;\">Al aprovechar nuestros servicios de investigaci\u00f3n de mercado, las empresas pueden adelantarse a las tendencias del mercado e impulsar la innovaci\u00f3n. Nuestros conocimientos sobre las oportunidades emergentes y las necesidades de los consumidores gu\u00edan el desarrollo de nuevos productos y servicios que impulsan el crecimiento y mejoran la competitividad.<\/span><\/p>\n\n\n\n<p><b>Retorno de la inversi\u00f3n mejorado:<\/b><span style=\"font-weight: 400;\">&nbsp;<\/span><\/p>\n\n\n\n<p><span style=\"font-weight: 400;\">Brindamos a las empresas un alto retorno de la inversi\u00f3n al brindarles conocimientos pr\u00e1cticos que impulsan la toma de decisiones estrat\u00e9gicas. Las empresas pueden optimizar sus estrategias operativas, de marketing y de desarrollo de productos para obtener mejores resultados y una mayor rentabilidad.<\/span><\/p>\n\n\n\n<h2 class=\"wp-block-heading\"><span style=\"font-weight: 400;\">Acerca de SIS Internacional<\/span><\/h2>\n\n\n\n<p><a href=\"https:\/\/www.sisinternational.com\/es\/\"><span style=\"font-weight: 400;\">SIS Internacional<\/span><\/a><span style=\"font-weight: 400;\"> ofrece investigaci\u00f3n cuantitativa, cualitativa y estrat\u00e9gica. Proporcionamos datos, herramientas, estrategias, informes y conocimientos para la toma de decisiones. Tambi\u00e9n realizamos entrevistas, encuestas, grupos focales y otros m\u00e9todos y enfoques de investigaci\u00f3n de mercado.<\/span><a href=\"https:\/\/www.sisinternational.com\/es\/sobre-la-investigacion-internacional-de-sis\/contact-sis-international-market-research\/\"><span style=\"font-weight: 400;\"> P\u00f3ngase en contacto con nosotros<\/span><\/a><span style=\"font-weight: 400;\"> para su pr\u00f3ximo proyecto de Investigaci\u00f3n de Mercado.<\/span><\/p>\n\n\n\n<h2 class=\"wp-block-heading\">&nbsp;<\/h2>","protected":false},"excerpt":{"rendered":"<p>SIS proporciona investigaci\u00f3n de mercado y grupos focales en Nueva Jersey con un s\u00f3lido equipo, instalaciones y recursos de trabajo de campo y recopilaci\u00f3n de datos.<\/p>","protected":false},"author":1,"featured_media":66952,"parent":19303,"menu_order":6,"comment_status":"closed","ping_status":"closed","template":"","meta":{"footnotes":""},"class_list":["post-24010","page","type-page","status-publish","has-post-thumbnail"],"_links":{"self":[{"href":"https:\/\/www.sisinternational.com\/es\/wp-json\/wp\/v2\/pages\/24010","targetHints":{"allow":["GET"]}}],"collection":[{"href":"https:\/\/www.sisinternational.com\/es\/wp-json\/wp\/v2\/pages"}],"about":[{"href":"https:\/\/www.sisinternational.com\/es\/wp-json\/wp\/v2\/types\/page"}],"author":[{"embeddable":true,"href":"https:\/\/www.sisinternational.com\/es\/wp-json\/wp\/v2\/users\/1"}],"replies":[{"embeddable":true,"href":"https:\/\/www.sisinternational.com\/es\/wp-json\/wp\/v2\/comments?post=24010"}],"version-history":[{"count":26,"href":"https:\/\/www.sisinternational.com\/es\/wp-json\/wp\/v2\/pages\/24010\/revisions"}],"predecessor-version":[{"id":77956,"href":"https:\/\/www.sisinternational.com\/es\/wp-json\/wp\/v2\/pages\/24010\/revisions\/77956"}],"up":[{"embeddable":true,"href":"https:\/\/www.sisinternational.com\/es\/wp-json\/wp\/v2\/pages\/19303"}],"wp:featuredmedia":[{"embeddable":true,"href":"https:\/\/www.sisinternational.com\/es\/wp-json\/wp\/v2\/media\/66952"}],"wp:attachment":[{"href":"https:\/\/www.sisinternational.com\/es\/wp-json\/wp\/v2\/media?parent=24010"}],"curies":[{"name":"wp","href":"https:\/\/api.w.org\/{rel}","templated":true}]}}